{"id":3322,"date":"2022-09-09T12:13:09","date_gmt":"2022-09-09T10:13:09","guid":{"rendered":"https:\/\/hotel-gaedi.ch\/hotel\/packages\/"},"modified":"2022-11-24T13:52:02","modified_gmt":"2022-11-24T12:52:02","slug":"packages","status":"publish","type":"page","link":"https:\/\/hotel-gaedi.ch\/en\/hotel\/packages\/","title":{"rendered":"Packages"},"content":{"rendered":"\n<div class=\"wp-block-group container-fluid header-teaser\"><div class=\"wp-block-group__inner-container is-layout-flow wp-block-group-is-layout-flow\">\n<div class=\"wp-block-columns row is-layout-flex wp-container-core-columns-is-layout-9d6595d7 wp-block-columns-is-layout-flex\">\n<div class=\"wp-block-column col-12 is-layout-flow wp-block-column-is-layout-flow\">\n<div class=\"wp-block-group container\"><div class=\"wp-block-group__inner-container is-layout-flow wp-block-group-is-layout-flow\">\n<div class=\"wp-block-columns row is-layout-flex wp-container-core-columns-is-layout-9d6595d7 wp-block-columns-is-layout-flex\">\n<div class=\"wp-block-column col-md-12 col-lg-6 order-2 order-lg-1 is-layout-flow wp-block-column-is-layout-flow\">\n<div class=\"wp-block-group\"><div class=\"wp-block-group__inner-container is-layout-flow wp-block-group-is-layout-flow\">\n<h1 class=\"wp-block-heading\">The G\u00e4di Packages<\/h1>\n\n\n\n<p>Discover the G\u00e4di offers for winter and summer. The location of the hotel directly at the gondola Hannigalp is a guarantee for experiences in nature, our hotel offers comfort including wellness &amp; spa.  <\/p>\n<\/div><\/div>\n<\/div>\n\n\n\n<div class=\"wp-block-column col-md-12 col-lg-6 order-1 order-lg-2 is-layout-flow wp-block-column-is-layout-flow\">\n<figure class=\"wp-block-image size-large\"><img loading=\"lazy\" decoding=\"async\" width=\"1024\" height=\"1024\" src=\"https:\/\/hotel-gaedi.ch\/wp-content\/uploads\/2022\/09\/doppelzimmer-happy-hotel-graechen-wallis-zimmer-03-quadratisch-1024x1024.jpg\" alt=\"\" class=\"wp-image-591\" srcset=\"https:\/\/hotel-gaedi.ch\/wp-content\/uploads\/2022\/09\/doppelzimmer-happy-hotel-graechen-wallis-zimmer-03-quadratisch-1024x1024.jpg 1024w, https:\/\/hotel-gaedi.ch\/wp-content\/uploads\/2022\/09\/doppelzimmer-happy-hotel-graechen-wallis-zimmer-03-quadratisch-500x500.jpg 500w, https:\/\/hotel-gaedi.ch\/wp-content\/uploads\/2022\/09\/doppelzimmer-happy-hotel-graechen-wallis-zimmer-03-quadratisch-400x400.jpg 400w, https:\/\/hotel-gaedi.ch\/wp-content\/uploads\/2022\/09\/doppelzimmer-happy-hotel-graechen-wallis-zimmer-03-quadratisch-768x768.jpg 768w, https:\/\/hotel-gaedi.ch\/wp-content\/uploads\/2022\/09\/doppelzimmer-happy-hotel-graechen-wallis-zimmer-03-quadratisch.jpg 1065w\" sizes=\"auto, (max-width: 1024px) 100vw, 1024px\" \/><\/figure><\/div>\n<\/div>\n<\/div><\/div>\n<\/div>\n<\/div>\n<\/div><\/div>\n\n<div class=\"wp-block-group container custom-posttype-filtered-list\"><div class=\"wp-block-group__inner-container is-layout-flow wp-block-group-is-layout-flow\">\n<div class=\"wp-block-columns row is-layout-flex wp-container-core-columns-is-layout-9d6595d7 wp-block-columns-is-layout-flex\">\n<div class=\"wp-block-column col-12 is-layout-flow wp-block-column-is-layout-flow\">\n<div class=\"wp-block-query is-layout-flow wp-block-query-is-layout-flow\">\n\n<div class=\"wp-block-query-no-results\">\n\n<p>No rooms found<\/p>\n\n<\/div><\/div>\n<\/div>\n<\/div>\n<\/div><\/div>\n","protected":false},"excerpt":{"rendered":"<p>The G\u00e4di Packages Discover the G\u00e4di offers for winter and summer. The location of the hotel directly at the gondola Hannigalp is a guarantee for experiences in nature, our hotel offers comfort including wellness &amp; spa.<\/p>\n","protected":false},"author":1,"featured_media":0,"parent":3318,"menu_order":0,"comment_status":"closed","ping_status":"closed","template":"","meta":{"_acf_changed":false,"inline_featured_image":false,"footnotes":""},"class_list":["post-3322","page","type-page","status-publish","hentry"],"acf":[],"yoast_head":"<!-- This site is optimized with the Yoast SEO plugin v27.4 - https:\/\/yoast.com\/product\/yoast-seo-wordpress\/ -->\n<title>Our G\u00e4di Packages | Hotel G\u00e4di Gr\u00e4chen<\/title>\n<meta name=\"description\" content=\"Discover our hotel, wellness area and restaurant with the attractive G\u00e4di Packages for summer and winter.\" \/>\n<meta name=\"robots\" content=\"index, follow, max-snippet:-1, max-image-preview:large, max-video-preview:-1\" \/>\n<link rel=\"canonical\" href=\"https:\/\/hotel-gaedi.ch\/en\/hotel\/packages\/\" \/>\n<meta property=\"og:locale\" content=\"en_US\" \/>\n<meta property=\"og:type\" content=\"article\" \/>\n<meta property=\"og:title\" content=\"Our G\u00e4di Packages | Hotel G\u00e4di Gr\u00e4chen\" \/>\n<meta property=\"og:description\" content=\"Discover our hotel, wellness area and restaurant with the attractive G\u00e4di Packages for summer and winter.\" \/>\n<meta property=\"og:url\" content=\"https:\/\/hotel-gaedi.ch\/en\/hotel\/packages\/\" \/>\n<meta property=\"og:site_name\" content=\"Hotel G\u00e4di\" \/>\n<meta property=\"article:modified_time\" content=\"2022-11-24T12:52:02+00:00\" \/>\n<meta property=\"og:image\" content=\"https:\/\/hotel-gaedi.ch\/wp-content\/uploads\/2022\/09\/doppelzimmer-happy-hotel-graechen-wallis-zimmer-03-quadratisch-1024x1024.jpg\" \/>\n<meta name=\"twitter:card\" content=\"summary_large_image\" \/>\n<script type=\"application\/ld+json\" class=\"yoast-schema-graph\">{\"@context\":\"https:\\\/\\\/schema.org\",\"@graph\":[{\"@type\":\"WebPage\",\"@id\":\"https:\\\/\\\/hotel-gaedi.ch\\\/en\\\/hotel\\\/packages\\\/\",\"url\":\"https:\\\/\\\/hotel-gaedi.ch\\\/en\\\/hotel\\\/packages\\\/\",\"name\":\"Our G\u00e4di Packages | Hotel G\u00e4di Gr\u00e4chen\",\"isPartOf\":{\"@id\":\"https:\\\/\\\/hotel-gaedi.ch\\\/#website\"},\"primaryImageOfPage\":{\"@id\":\"https:\\\/\\\/hotel-gaedi.ch\\\/en\\\/hotel\\\/packages\\\/#primaryimage\"},\"image\":{\"@id\":\"https:\\\/\\\/hotel-gaedi.ch\\\/en\\\/hotel\\\/packages\\\/#primaryimage\"},\"thumbnailUrl\":\"https:\\\/\\\/hotel-gaedi.ch\\\/wp-content\\\/uploads\\\/2022\\\/09\\\/doppelzimmer-happy-hotel-graechen-wallis-zimmer-03-quadratisch-1024x1024.jpg\",\"datePublished\":\"2022-09-09T10:13:09+00:00\",\"dateModified\":\"2022-11-24T12:52:02+00:00\",\"description\":\"Discover our hotel, wellness area and restaurant with the attractive G\u00e4di Packages for summer and winter.\",\"breadcrumb\":{\"@id\":\"https:\\\/\\\/hotel-gaedi.ch\\\/en\\\/hotel\\\/packages\\\/#breadcrumb\"},\"inLanguage\":\"en-US\",\"potentialAction\":[{\"@type\":\"ReadAction\",\"target\":[\"https:\\\/\\\/hotel-gaedi.ch\\\/en\\\/hotel\\\/packages\\\/\"]}]},{\"@type\":\"ImageObject\",\"inLanguage\":\"en-US\",\"@id\":\"https:\\\/\\\/hotel-gaedi.ch\\\/en\\\/hotel\\\/packages\\\/#primaryimage\",\"url\":\"https:\\\/\\\/hotel-gaedi.ch\\\/wp-content\\\/uploads\\\/2022\\\/09\\\/doppelzimmer-happy-hotel-graechen-wallis-zimmer-03-quadratisch-1024x1024.jpg\",\"contentUrl\":\"https:\\\/\\\/hotel-gaedi.ch\\\/wp-content\\\/uploads\\\/2022\\\/09\\\/doppelzimmer-happy-hotel-graechen-wallis-zimmer-03-quadratisch-1024x1024.jpg\"},{\"@type\":\"BreadcrumbList\",\"@id\":\"https:\\\/\\\/hotel-gaedi.ch\\\/en\\\/hotel\\\/packages\\\/#breadcrumb\",\"itemListElement\":[{\"@type\":\"ListItem\",\"position\":1,\"name\":\"Home\",\"item\":\"https:\\\/\\\/hotel-gaedi.ch\\\/en\\\/\"},{\"@type\":\"ListItem\",\"position\":2,\"name\":\"Hotel\",\"item\":\"https:\\\/\\\/hotel-gaedi.ch\\\/en\\\/\"},{\"@type\":\"ListItem\",\"position\":3,\"name\":\"Packages\"}]},{\"@type\":\"WebSite\",\"@id\":\"https:\\\/\\\/hotel-gaedi.ch\\\/#website\",\"url\":\"https:\\\/\\\/hotel-gaedi.ch\\\/\",\"name\":\"Hotel G\u00e4di\",\"description\":\"Ferien im Hotel G\u00e4di - Gr\u00e4chen\",\"potentialAction\":[{\"@type\":\"SearchAction\",\"target\":{\"@type\":\"EntryPoint\",\"urlTemplate\":\"https:\\\/\\\/hotel-gaedi.ch\\\/?s={search_term_string}\"},\"query-input\":{\"@type\":\"PropertyValueSpecification\",\"valueRequired\":true,\"valueName\":\"search_term_string\"}}],\"inLanguage\":\"en-US\"}]}<\/script>\n<!-- \/ Yoast SEO plugin. -->","yoast_head_json":{"title":"Our G\u00e4di Packages | Hotel G\u00e4di Gr\u00e4chen","description":"Discover our hotel, wellness area and restaurant with the attractive G\u00e4di Packages for summer and winter.","robots":{"index":"index","follow":"follow","max-snippet":"max-snippet:-1","max-image-preview":"max-image-preview:large","max-video-preview":"max-video-preview:-1"},"canonical":"https:\/\/hotel-gaedi.ch\/en\/hotel\/packages\/","og_locale":"en_US","og_type":"article","og_title":"Our G\u00e4di Packages | Hotel G\u00e4di Gr\u00e4chen","og_description":"Discover our hotel, wellness area and restaurant with the attractive G\u00e4di Packages for summer and winter.","og_url":"https:\/\/hotel-gaedi.ch\/en\/hotel\/packages\/","og_site_name":"Hotel G\u00e4di","article_modified_time":"2022-11-24T12:52:02+00:00","og_image":[{"url":"https:\/\/hotel-gaedi.ch\/wp-content\/uploads\/2022\/09\/doppelzimmer-happy-hotel-graechen-wallis-zimmer-03-quadratisch-1024x1024.jpg","type":"","width":"","height":""}],"twitter_card":"summary_large_image","schema":{"@context":"https:\/\/schema.org","@graph":[{"@type":"WebPage","@id":"https:\/\/hotel-gaedi.ch\/en\/hotel\/packages\/","url":"https:\/\/hotel-gaedi.ch\/en\/hotel\/packages\/","name":"Our G\u00e4di Packages | Hotel G\u00e4di Gr\u00e4chen","isPartOf":{"@id":"https:\/\/hotel-gaedi.ch\/#website"},"primaryImageOfPage":{"@id":"https:\/\/hotel-gaedi.ch\/en\/hotel\/packages\/#primaryimage"},"image":{"@id":"https:\/\/hotel-gaedi.ch\/en\/hotel\/packages\/#primaryimage"},"thumbnailUrl":"https:\/\/hotel-gaedi.ch\/wp-content\/uploads\/2022\/09\/doppelzimmer-happy-hotel-graechen-wallis-zimmer-03-quadratisch-1024x1024.jpg","datePublished":"2022-09-09T10:13:09+00:00","dateModified":"2022-11-24T12:52:02+00:00","description":"Discover our hotel, wellness area and restaurant with the attractive G\u00e4di Packages for summer and winter.","breadcrumb":{"@id":"https:\/\/hotel-gaedi.ch\/en\/hotel\/packages\/#breadcrumb"},"inLanguage":"en-US","potentialAction":[{"@type":"ReadAction","target":["https:\/\/hotel-gaedi.ch\/en\/hotel\/packages\/"]}]},{"@type":"ImageObject","inLanguage":"en-US","@id":"https:\/\/hotel-gaedi.ch\/en\/hotel\/packages\/#primaryimage","url":"https:\/\/hotel-gaedi.ch\/wp-content\/uploads\/2022\/09\/doppelzimmer-happy-hotel-graechen-wallis-zimmer-03-quadratisch-1024x1024.jpg","contentUrl":"https:\/\/hotel-gaedi.ch\/wp-content\/uploads\/2022\/09\/doppelzimmer-happy-hotel-graechen-wallis-zimmer-03-quadratisch-1024x1024.jpg"},{"@type":"BreadcrumbList","@id":"https:\/\/hotel-gaedi.ch\/en\/hotel\/packages\/#breadcrumb","itemListElement":[{"@type":"ListItem","position":1,"name":"Home","item":"https:\/\/hotel-gaedi.ch\/en\/"},{"@type":"ListItem","position":2,"name":"Hotel","item":"https:\/\/hotel-gaedi.ch\/en\/"},{"@type":"ListItem","position":3,"name":"Packages"}]},{"@type":"WebSite","@id":"https:\/\/hotel-gaedi.ch\/#website","url":"https:\/\/hotel-gaedi.ch\/","name":"Hotel G\u00e4di","description":"Ferien im Hotel G\u00e4di - Gr\u00e4chen","potentialAction":[{"@type":"SearchAction","target":{"@type":"EntryPoint","urlTemplate":"https:\/\/hotel-gaedi.ch\/?s={search_term_string}"},"query-input":{"@type":"PropertyValueSpecification","valueRequired":true,"valueName":"search_term_string"}}],"inLanguage":"en-US"}]}},"_links":{"self":[{"href":"https:\/\/hotel-gaedi.ch\/en\/wp-json\/wp\/v2\/pages\/3322","targetHints":{"allow":["GET"]}}],"collection":[{"href":"https:\/\/hotel-gaedi.ch\/en\/wp-json\/wp\/v2\/pages"}],"about":[{"href":"https:\/\/hotel-gaedi.ch\/en\/wp-json\/wp\/v2\/types\/page"}],"author":[{"embeddable":true,"href":"https:\/\/hotel-gaedi.ch\/en\/wp-json\/wp\/v2\/users\/1"}],"replies":[{"embeddable":true,"href":"https:\/\/hotel-gaedi.ch\/en\/wp-json\/wp\/v2\/comments?post=3322"}],"version-history":[{"count":1,"href":"https:\/\/hotel-gaedi.ch\/en\/wp-json\/wp\/v2\/pages\/3322\/revisions"}],"predecessor-version":[{"id":3323,"href":"https:\/\/hotel-gaedi.ch\/en\/wp-json\/wp\/v2\/pages\/3322\/revisions\/3323"}],"up":[{"embeddable":true,"href":"https:\/\/hotel-gaedi.ch\/en\/wp-json\/wp\/v2\/pages\/3318"}],"wp:attachment":[{"href":"https:\/\/hotel-gaedi.ch\/en\/wp-json\/wp\/v2\/media?parent=3322"}],"curies":[{"name":"wp","href":"https:\/\/api.w.org\/{rel}","templated":true}]}}