{"id":3330,"date":"2022-09-09T12:12:52","date_gmt":"2022-09-09T10:12:52","guid":{"rendered":"https:\/\/hotel-gaedi.ch\/hotel\/services\/"},"modified":"2022-11-29T16:16:02","modified_gmt":"2022-11-29T15:16:02","slug":"services","status":"publish","type":"page","link":"https:\/\/hotel-gaedi.ch\/en\/hotel\/services\/","title":{"rendered":"Services"},"content":{"rendered":"\n<div class=\"wp-block-group container-fluid header-teaser\"><div class=\"wp-block-group__inner-container is-layout-flow wp-block-group-is-layout-flow\">\n<div class=\"wp-block-columns row is-layout-flex wp-container-core-columns-is-layout-9d6595d7 wp-block-columns-is-layout-flex\">\n<div class=\"wp-block-column col-12 is-layout-flow wp-block-column-is-layout-flow\">\n<div class=\"wp-block-group container\"><div class=\"wp-block-group__inner-container is-layout-flow wp-block-group-is-layout-flow\">\n<div class=\"wp-block-columns row is-layout-flex wp-container-core-columns-is-layout-9d6595d7 wp-block-columns-is-layout-flex\">\n<div class=\"wp-block-column col-md-12 col-lg-6 order-2 order-lg-1 is-layout-flow wp-block-column-is-layout-flow\">\n<div class=\"wp-block-group\"><div class=\"wp-block-group__inner-container is-layout-flow wp-block-group-is-layout-flow\">\n<h1 class=\"wp-block-heading\">Our services<\/h1>\n\n\n\n<p>At Hotel G\u00e4di Gr\u00e4chen, the Gl\u00fccks Halbpension offer is so popular that all our guests rave about it. Host Martin serves a selected 4-course menu daily. The warmest hospitality in the restaurant is provided by M\u00e9lanie and her team. The entrance to the newly designed Wellness &amp; Spa is exclusive for hotel guests.<\/p>\n<\/div><\/div>\n<\/div>\n\n\n\n<div class=\"wp-block-column col-md-12 col-lg-6 order-1 order-lg-2 is-layout-flow wp-block-column-is-layout-flow\">\n<figure class=\"wp-block-image size-large\"><img loading=\"lazy\" decoding=\"async\" width=\"1024\" height=\"1024\" src=\"https:\/\/hotel-gaedi.ch\/wp-content\/uploads\/2022\/09\/doppelzimmer-happy-hotel-graechen-wallis-zimmer-03-quadratisch-1024x1024.jpg\" alt=\"\" class=\"wp-image-591\" srcset=\"https:\/\/hotel-gaedi.ch\/wp-content\/uploads\/2022\/09\/doppelzimmer-happy-hotel-graechen-wallis-zimmer-03-quadratisch-1024x1024.jpg 1024w, https:\/\/hotel-gaedi.ch\/wp-content\/uploads\/2022\/09\/doppelzimmer-happy-hotel-graechen-wallis-zimmer-03-quadratisch-500x500.jpg 500w, https:\/\/hotel-gaedi.ch\/wp-content\/uploads\/2022\/09\/doppelzimmer-happy-hotel-graechen-wallis-zimmer-03-quadratisch-400x400.jpg 400w, https:\/\/hotel-gaedi.ch\/wp-content\/uploads\/2022\/09\/doppelzimmer-happy-hotel-graechen-wallis-zimmer-03-quadratisch-768x768.jpg 768w, https:\/\/hotel-gaedi.ch\/wp-content\/uploads\/2022\/09\/doppelzimmer-happy-hotel-graechen-wallis-zimmer-03-quadratisch.jpg 1065w\" sizes=\"auto, (max-width: 1024px) 100vw, 1024px\" \/><\/figure>\n<\/div>\n<\/div>\n<\/div><\/div>\n<\/div>\n<\/div>\n<\/div><\/div>\n\n\n\n<div class=\"wp-block-group container teaser-2col-image-text even\"><div class=\"wp-block-group__inner-container is-layout-flow wp-block-group-is-layout-flow\">\n<div class=\"wp-block-columns row is-layout-flex wp-container-core-columns-is-layout-9d6595d7 wp-block-columns-is-layout-flex\">\n<div class=\"wp-block-column col-lg-12 col-xl-5 is-layout-flow wp-block-column-is-layout-flow\">\n<figure class=\"wp-block-image size-medium\"><img decoding=\"async\" src=\"https:\/\/hotel-gaedi.ch\/wp-content\/uploads\/2022\/09\/sonne-logo.svg\" alt=\"\" class=\"wp-image-155\"><\/figure>\n<\/div>\n\n\n\n<div class=\"wp-block-column col-lg-12 col-xl-7 is-layout-flow wp-block-column-is-layout-flow\">\n<blockquote class=\"wp-block-quote is-layout-flow wp-block-quote-is-layout-flow\">\n<p>&#8220;A real pleasure to relax bubbling in the wellness area after fantastic hikes over hill and dale and in the evening to be surprised by the versatile culinary creations from the kitchen.&#8221;&nbsp;<\/p>\n<\/blockquote>\n<\/div>\n<\/div>\n<\/div><\/div>\n\n\n\n<div class=\"wp-block-group container gaedi-carousel teaser-image-text\"><div class=\"wp-block-group__inner-container is-layout-flow wp-block-group-is-layout-flow\">\n<div class=\"wp-block-columns row is-layout-flex wp-container-core-columns-is-layout-9d6595d7 wp-block-columns-is-layout-flex\">\n<div class=\"wp-block-column col-12 is-layout-flow wp-block-column-is-layout-flow\">\n<h2 class=\"wp-block-heading\">Offers and services for you at Hotel G\u00e4di Gr\u00e4chen | Valais<\/h2>\n<\/div>\n<\/div>\n\n\n\n<div class=\"wp-block-columns row is-layout-flex wp-container-core-columns-is-layout-9d6595d7 wp-block-columns-is-layout-flex\">\n<div class=\"wp-block-column col-12 carousel slide is-layout-flow wp-block-column-is-layout-flow\" id=\"serviceVorortCarousel\" data-perSlideItems=\"5\" data-bs-ride=\"carousel\" data-bs-interval=\"false\">\n<div class=\"wp-block-group carousel-inner\" role=\"listbox\"><div class=\"wp-block-group__inner-container is-layout-flow wp-block-group-is-layout-flow\">\n<div class=\"wp-block-group carousel-item active\"><div class=\"wp-block-group__inner-container is-layout-flow wp-block-group-is-layout-flow\">\n<figure class=\"wp-block-image size-full\"><img loading=\"lazy\" decoding=\"async\" width=\"798\" height=\"528\" src=\"https:\/\/hotel-gaedi.ch\/wp-content\/uploads\/2022\/10\/sauna.jpg\" alt=\"\" class=\"wp-image-1141\" srcset=\"https:\/\/hotel-gaedi.ch\/wp-content\/uploads\/2022\/10\/sauna.jpg 798w, https:\/\/hotel-gaedi.ch\/wp-content\/uploads\/2022\/10\/sauna-500x331.jpg 500w, https:\/\/hotel-gaedi.ch\/wp-content\/uploads\/2022\/10\/sauna-768x508.jpg 768w\" sizes=\"auto, (max-width: 798px) 100vw, 798px\" \/><figcaption class=\"wp-element-caption\"><strong>Wellness<\/strong><br>Simply a feel-good oasis! The new, small, very fine pool landscape in the wellness area at Hotel G\u00e4di will inspire you.<\/figcaption><\/figure>\n<\/div><\/div>\n\n\n\n<div class=\"wp-block-group carousel-item\"><div class=\"wp-block-group__inner-container is-layout-flow wp-block-group-is-layout-flow\">\n<figure class=\"wp-block-image size-full\"><img loading=\"lazy\" decoding=\"async\" width=\"798\" height=\"528\" src=\"https:\/\/hotel-gaedi.ch\/wp-content\/uploads\/2022\/10\/Restaurant-wallis.jpg\" alt=\"\" class=\"wp-image-1181\" srcset=\"https:\/\/hotel-gaedi.ch\/wp-content\/uploads\/2022\/10\/Restaurant-wallis.jpg 798w, https:\/\/hotel-gaedi.ch\/wp-content\/uploads\/2022\/10\/Restaurant-wallis-500x331.jpg 500w, https:\/\/hotel-gaedi.ch\/wp-content\/uploads\/2022\/10\/Restaurant-wallis-768x508.jpg 768w\" sizes=\"auto, (max-width: 798px) 100vw, 798px\" \/><figcaption class=\"wp-element-caption\"><strong>Restaurant<\/strong><br>Happiness half board and \u00e0-la-carte meals in the restaurant G\u00e4di. Cooked with love by Martin and served up with all the rules of hospitality.<\/figcaption><\/figure>\n<\/div><\/div>\n\n\n\n<div class=\"wp-block-group carousel-item\"><div class=\"wp-block-group__inner-container is-layout-flow wp-block-group-is-layout-flow\">\n<figure class=\"wp-block-image size-full\"><img loading=\"lazy\" decoding=\"async\" width=\"798\" height=\"528\" src=\"https:\/\/hotel-gaedi.ch\/wp-content\/uploads\/2022\/10\/geschenke-gaedi.jpg\" alt=\"\" class=\"wp-image-1185\" srcset=\"https:\/\/hotel-gaedi.ch\/wp-content\/uploads\/2022\/10\/geschenke-gaedi.jpg 798w, https:\/\/hotel-gaedi.ch\/wp-content\/uploads\/2022\/10\/geschenke-gaedi-500x331.jpg 500w, https:\/\/hotel-gaedi.ch\/wp-content\/uploads\/2022\/10\/geschenke-gaedi-768x508.jpg 768w\" sizes=\"auto, (max-width: 798px) 100vw, 798px\" \/><figcaption class=\"wp-element-caption\"><strong>Gifts &#8211; Homemade souvenirs<\/strong><br>Preserves to buy. Jams, salad herbs, meat and fish seasonings.&nbsp; These delicacies are available in the small store.<\/figcaption><\/figure>\n<\/div><\/div>\n\n\n\n<div class=\"wp-block-group carousel-item\"><div class=\"wp-block-group__inner-container is-layout-flow wp-block-group-is-layout-flow\">\n<figure class=\"wp-block-image size-full\"><img loading=\"lazy\" decoding=\"async\" width=\"798\" height=\"528\" src=\"https:\/\/hotel-gaedi.ch\/wp-content\/uploads\/2022\/10\/gaedi-aktivitaeten.jpg\" alt=\"\" class=\"wp-image-1130\" srcset=\"https:\/\/hotel-gaedi.ch\/wp-content\/uploads\/2022\/10\/gaedi-aktivitaeten.jpg 798w, https:\/\/hotel-gaedi.ch\/wp-content\/uploads\/2022\/10\/gaedi-aktivitaeten-500x331.jpg 500w, https:\/\/hotel-gaedi.ch\/wp-content\/uploads\/2022\/10\/gaedi-aktivitaeten-768x508.jpg 768w\" sizes=\"auto, (max-width: 798px) 100vw, 798px\" \/><figcaption class=\"wp-element-caption\"><strong>Activities<\/strong><br>The gondola Hannigalp directly in front of the hotel G\u00e4di. The best conditions for active vacations in summer and winter.<\/figcaption><\/figure>\n<\/div><\/div>\n\n\n\n<div class=\"wp-block-group carousel-item\"><div class=\"wp-block-group__inner-container is-layout-flow wp-block-group-is-layout-flow\">\n<figure class=\"wp-block-image size-full\"><img loading=\"lazy\" decoding=\"async\" width=\"798\" height=\"528\" src=\"https:\/\/hotel-gaedi.ch\/wp-content\/uploads\/2022\/10\/chemiee-zimmer-hotel-gaedi.jpg\" alt=\"\" class=\"wp-image-1135\" srcset=\"https:\/\/hotel-gaedi.ch\/wp-content\/uploads\/2022\/10\/chemiee-zimmer-hotel-gaedi.jpg 798w, https:\/\/hotel-gaedi.ch\/wp-content\/uploads\/2022\/10\/chemiee-zimmer-hotel-gaedi-500x331.jpg 500w, https:\/\/hotel-gaedi.ch\/wp-content\/uploads\/2022\/10\/chemiee-zimmer-hotel-gaedi-768x508.jpg 768w\" sizes=\"auto, (max-width: 798px) 100vw, 798px\" \/><figcaption class=\"wp-element-caption\"><strong>Fireplace room<\/strong><br>Linger and enjoy. Take a seat in the fireplace room with the open fireplace. Here you can enjoy a coffee, a glass of Valais wine or a game for the whole family.<\/figcaption><\/figure>\n<\/div><\/div>\n<\/div><\/div>\n<\/div>\n<\/div>\n<\/div><\/div>\n\n\n\n<div id=\"HomeHeader\" class=\"wp-block-group container-fluid fullwidth-bg-image-overlay-text flowtext\"><div class=\"wp-block-group__inner-container is-layout-flow wp-block-group-is-layout-flow\">\n<div class=\"wp-block-columns row is-layout-flex wp-container-core-columns-is-layout-9d6595d7 wp-block-columns-is-layout-flex\">\n<div class=\"wp-block-column col-12 is-layout-flow wp-block-column-is-layout-flow\">\n<div class=\"wp-block-cover is-light\" style=\"min-height:772px;aspect-ratio:unset;\"><span aria-hidden=\"true\" class=\"wp-block-cover__background has-background-dim-0 has-background-dim\"><\/span><img loading=\"lazy\" decoding=\"async\" width=\"800\" height=\"600\" class=\"wp-block-cover__image-background wp-image-550\" alt=\"\" src=\"https:\/\/hotel-gaedi.ch\/wp-content\/uploads\/2022\/09\/feinschmecker-kueche-graechen-hotel-gaedi-4.jpeg\" style=\"object-position:48% 56%\" data-object-fit=\"cover\" data-object-position=\"48% 56%\" srcset=\"https:\/\/hotel-gaedi.ch\/wp-content\/uploads\/2022\/09\/feinschmecker-kueche-graechen-hotel-gaedi-4.jpeg 800w, https:\/\/hotel-gaedi.ch\/wp-content\/uploads\/2022\/09\/feinschmecker-kueche-graechen-hotel-gaedi-4-500x375.jpeg 500w, https:\/\/hotel-gaedi.ch\/wp-content\/uploads\/2022\/09\/feinschmecker-kueche-graechen-hotel-gaedi-4-768x576.jpeg 768w\" sizes=\"auto, (max-width: 800px) 100vw, 800px\" \/><div class=\"wp-block-cover__inner-container is-layout-flow wp-block-cover-is-layout-flow\">\n<div class=\"wp-block-group container\"><div class=\"wp-block-group__inner-container is-layout-flow wp-block-group-is-layout-flow\">\n<div class=\"wp-block-columns row is-layout-flex wp-container-core-columns-is-layout-9d6595d7 wp-block-columns-is-layout-flex\">\n<div class=\"wp-block-column col-12 col-lg-7 is-layout-flow wp-block-column-is-layout-flow\">\n<p>Gift vouchers<\/p>\n\n\n\n<p>Give away moments of happiness? You have come to the right place. Simply select the appropriate voucher and let us personalize it. Whether for a birthday or Valentine&#8217;s Day, Christmas or Easter. With a value voucher for the Hotel G\u00e4di in Gr\u00e4chen you are spot on.<\/p>\n\n\n\n<div class=\"wp-block-buttons is-layout-flex wp-block-buttons-is-layout-flex\">\n<div class=\"wp-block-button\"><a class=\"wp-block-button__link wp-element-button\" href=\"https:\/\/hotel-gaedi.ch\/en\/vouchers\/\">Learn more<\/a><\/div>\n<\/div>\n<\/div>\n<\/div>\n<\/div><\/div>\n<\/div><\/div>\n<\/div>\n<\/div>\n<\/div><\/div>\n","protected":false},"excerpt":{"rendered":"<p>Our services At Hotel G\u00e4di Gr\u00e4chen, the Gl\u00fccks Halbpension offer is so popular that all our guests rave about it. Host Martin serves a selected 4-course menu daily. The warmest hospitality in the restaurant is provided by M\u00e9lanie and her team. The entrance to the newly designed Wellness &amp; Spa is exclusive for hotel guests. [&hellip;]<\/p>\n","protected":false},"author":1,"featured_media":0,"parent":3318,"menu_order":0,"comment_status":"closed","ping_status":"closed","template":"","meta":{"_acf_changed":false,"inline_featured_image":false,"footnotes":""},"class_list":["post-3330","page","type-page","status-publish","hentry"],"acf":[],"yoast_head":"<!-- This site is optimized with the Yoast SEO plugin v27.4 - https:\/\/yoast.com\/product\/yoast-seo-wordpress\/ -->\n<title>Our services | Hotel G\u00e4di Gr\u00e4chen<\/title>\n<meta name=\"description\" content=\"Hotel G\u00e4di is the ideal base for your vacation in Valais. Discover our offers and services such as wellness and restaurant.\" \/>\n<meta name=\"robots\" content=\"index, follow, max-snippet:-1, max-image-preview:large, max-video-preview:-1\" \/>\n<link rel=\"canonical\" href=\"https:\/\/hotel-gaedi.ch\/en\/hotel\/services\/\" \/>\n<meta property=\"og:locale\" content=\"en_US\" \/>\n<meta property=\"og:type\" content=\"article\" \/>\n<meta property=\"og:title\" content=\"Our services | Hotel G\u00e4di Gr\u00e4chen\" \/>\n<meta property=\"og:description\" content=\"Hotel G\u00e4di is the ideal base for your vacation in Valais. Discover our offers and services such as wellness and restaurant.\" \/>\n<meta property=\"og:url\" content=\"https:\/\/hotel-gaedi.ch\/en\/hotel\/services\/\" \/>\n<meta property=\"og:site_name\" content=\"Hotel G\u00e4di\" \/>\n<meta property=\"article:modified_time\" content=\"2022-11-29T15:16:02+00:00\" \/>\n<meta property=\"og:image\" content=\"https:\/\/hotel-gaedi.ch\/wp-content\/uploads\/2022\/09\/doppelzimmer-happy-hotel-graechen-wallis-zimmer-03-quadratisch-1024x1024.jpg\" \/>\n<meta name=\"twitter:card\" content=\"summary_large_image\" \/>\n<meta name=\"twitter:label1\" content=\"Est. reading time\" \/>\n\t<meta name=\"twitter:data1\" content=\"1 minute\" \/>\n<script type=\"application\/ld+json\" class=\"yoast-schema-graph\">{\"@context\":\"https:\\\/\\\/schema.org\",\"@graph\":[{\"@type\":\"WebPage\",\"@id\":\"https:\\\/\\\/hotel-gaedi.ch\\\/en\\\/hotel\\\/services\\\/\",\"url\":\"https:\\\/\\\/hotel-gaedi.ch\\\/en\\\/hotel\\\/services\\\/\",\"name\":\"Our services | Hotel G\u00e4di Gr\u00e4chen\",\"isPartOf\":{\"@id\":\"https:\\\/\\\/hotel-gaedi.ch\\\/#website\"},\"primaryImageOfPage\":{\"@id\":\"https:\\\/\\\/hotel-gaedi.ch\\\/en\\\/hotel\\\/services\\\/#primaryimage\"},\"image\":{\"@id\":\"https:\\\/\\\/hotel-gaedi.ch\\\/en\\\/hotel\\\/services\\\/#primaryimage\"},\"thumbnailUrl\":\"https:\\\/\\\/hotel-gaedi.ch\\\/wp-content\\\/uploads\\\/2022\\\/09\\\/doppelzimmer-happy-hotel-graechen-wallis-zimmer-03-quadratisch-1024x1024.jpg\",\"datePublished\":\"2022-09-09T10:12:52+00:00\",\"dateModified\":\"2022-11-29T15:16:02+00:00\",\"description\":\"Hotel G\u00e4di is the ideal base for your vacation in Valais. Discover our offers and services such as wellness and restaurant.\",\"breadcrumb\":{\"@id\":\"https:\\\/\\\/hotel-gaedi.ch\\\/en\\\/hotel\\\/services\\\/#breadcrumb\"},\"inLanguage\":\"en-US\",\"potentialAction\":[{\"@type\":\"ReadAction\",\"target\":[\"https:\\\/\\\/hotel-gaedi.ch\\\/en\\\/hotel\\\/services\\\/\"]}]},{\"@type\":\"ImageObject\",\"inLanguage\":\"en-US\",\"@id\":\"https:\\\/\\\/hotel-gaedi.ch\\\/en\\\/hotel\\\/services\\\/#primaryimage\",\"url\":\"https:\\\/\\\/hotel-gaedi.ch\\\/wp-content\\\/uploads\\\/2022\\\/09\\\/doppelzimmer-happy-hotel-graechen-wallis-zimmer-03-quadratisch-1024x1024.jpg\",\"contentUrl\":\"https:\\\/\\\/hotel-gaedi.ch\\\/wp-content\\\/uploads\\\/2022\\\/09\\\/doppelzimmer-happy-hotel-graechen-wallis-zimmer-03-quadratisch-1024x1024.jpg\"},{\"@type\":\"BreadcrumbList\",\"@id\":\"https:\\\/\\\/hotel-gaedi.ch\\\/en\\\/hotel\\\/services\\\/#breadcrumb\",\"itemListElement\":[{\"@type\":\"ListItem\",\"position\":1,\"name\":\"Home\",\"item\":\"https:\\\/\\\/hotel-gaedi.ch\\\/en\\\/\"},{\"@type\":\"ListItem\",\"position\":2,\"name\":\"Hotel\",\"item\":\"https:\\\/\\\/hotel-gaedi.ch\\\/en\\\/\"},{\"@type\":\"ListItem\",\"position\":3,\"name\":\"Services\"}]},{\"@type\":\"WebSite\",\"@id\":\"https:\\\/\\\/hotel-gaedi.ch\\\/#website\",\"url\":\"https:\\\/\\\/hotel-gaedi.ch\\\/\",\"name\":\"Hotel G\u00e4di\",\"description\":\"Ferien im Hotel G\u00e4di - Gr\u00e4chen\",\"potentialAction\":[{\"@type\":\"SearchAction\",\"target\":{\"@type\":\"EntryPoint\",\"urlTemplate\":\"https:\\\/\\\/hotel-gaedi.ch\\\/?s={search_term_string}\"},\"query-input\":{\"@type\":\"PropertyValueSpecification\",\"valueRequired\":true,\"valueName\":\"search_term_string\"}}],\"inLanguage\":\"en-US\"}]}<\/script>\n<!-- \/ Yoast SEO plugin. -->","yoast_head_json":{"title":"Our services | Hotel G\u00e4di Gr\u00e4chen","description":"Hotel G\u00e4di is the ideal base for your vacation in Valais. Discover our offers and services such as wellness and restaurant.","robots":{"index":"index","follow":"follow","max-snippet":"max-snippet:-1","max-image-preview":"max-image-preview:large","max-video-preview":"max-video-preview:-1"},"canonical":"https:\/\/hotel-gaedi.ch\/en\/hotel\/services\/","og_locale":"en_US","og_type":"article","og_title":"Our services | Hotel G\u00e4di Gr\u00e4chen","og_description":"Hotel G\u00e4di is the ideal base for your vacation in Valais. Discover our offers and services such as wellness and restaurant.","og_url":"https:\/\/hotel-gaedi.ch\/en\/hotel\/services\/","og_site_name":"Hotel G\u00e4di","article_modified_time":"2022-11-29T15:16:02+00:00","og_image":[{"url":"https:\/\/hotel-gaedi.ch\/wp-content\/uploads\/2022\/09\/doppelzimmer-happy-hotel-graechen-wallis-zimmer-03-quadratisch-1024x1024.jpg","type":"","width":"","height":""}],"twitter_card":"summary_large_image","twitter_misc":{"Est. reading time":"1 minute"},"schema":{"@context":"https:\/\/schema.org","@graph":[{"@type":"WebPage","@id":"https:\/\/hotel-gaedi.ch\/en\/hotel\/services\/","url":"https:\/\/hotel-gaedi.ch\/en\/hotel\/services\/","name":"Our services | Hotel G\u00e4di Gr\u00e4chen","isPartOf":{"@id":"https:\/\/hotel-gaedi.ch\/#website"},"primaryImageOfPage":{"@id":"https:\/\/hotel-gaedi.ch\/en\/hotel\/services\/#primaryimage"},"image":{"@id":"https:\/\/hotel-gaedi.ch\/en\/hotel\/services\/#primaryimage"},"thumbnailUrl":"https:\/\/hotel-gaedi.ch\/wp-content\/uploads\/2022\/09\/doppelzimmer-happy-hotel-graechen-wallis-zimmer-03-quadratisch-1024x1024.jpg","datePublished":"2022-09-09T10:12:52+00:00","dateModified":"2022-11-29T15:16:02+00:00","description":"Hotel G\u00e4di is the ideal base for your vacation in Valais. Discover our offers and services such as wellness and restaurant.","breadcrumb":{"@id":"https:\/\/hotel-gaedi.ch\/en\/hotel\/services\/#breadcrumb"},"inLanguage":"en-US","potentialAction":[{"@type":"ReadAction","target":["https:\/\/hotel-gaedi.ch\/en\/hotel\/services\/"]}]},{"@type":"ImageObject","inLanguage":"en-US","@id":"https:\/\/hotel-gaedi.ch\/en\/hotel\/services\/#primaryimage","url":"https:\/\/hotel-gaedi.ch\/wp-content\/uploads\/2022\/09\/doppelzimmer-happy-hotel-graechen-wallis-zimmer-03-quadratisch-1024x1024.jpg","contentUrl":"https:\/\/hotel-gaedi.ch\/wp-content\/uploads\/2022\/09\/doppelzimmer-happy-hotel-graechen-wallis-zimmer-03-quadratisch-1024x1024.jpg"},{"@type":"BreadcrumbList","@id":"https:\/\/hotel-gaedi.ch\/en\/hotel\/services\/#breadcrumb","itemListElement":[{"@type":"ListItem","position":1,"name":"Home","item":"https:\/\/hotel-gaedi.ch\/en\/"},{"@type":"ListItem","position":2,"name":"Hotel","item":"https:\/\/hotel-gaedi.ch\/en\/"},{"@type":"ListItem","position":3,"name":"Services"}]},{"@type":"WebSite","@id":"https:\/\/hotel-gaedi.ch\/#website","url":"https:\/\/hotel-gaedi.ch\/","name":"Hotel G\u00e4di","description":"Ferien im Hotel G\u00e4di - Gr\u00e4chen","potentialAction":[{"@type":"SearchAction","target":{"@type":"EntryPoint","urlTemplate":"https:\/\/hotel-gaedi.ch\/?s={search_term_string}"},"query-input":{"@type":"PropertyValueSpecification","valueRequired":true,"valueName":"search_term_string"}}],"inLanguage":"en-US"}]}},"_links":{"self":[{"href":"https:\/\/hotel-gaedi.ch\/en\/wp-json\/wp\/v2\/pages\/3330","targetHints":{"allow":["GET"]}}],"collection":[{"href":"https:\/\/hotel-gaedi.ch\/en\/wp-json\/wp\/v2\/pages"}],"about":[{"href":"https:\/\/hotel-gaedi.ch\/en\/wp-json\/wp\/v2\/types\/page"}],"author":[{"embeddable":true,"href":"https:\/\/hotel-gaedi.ch\/en\/wp-json\/wp\/v2\/users\/1"}],"replies":[{"embeddable":true,"href":"https:\/\/hotel-gaedi.ch\/en\/wp-json\/wp\/v2\/comments?post=3330"}],"version-history":[{"count":1,"href":"https:\/\/hotel-gaedi.ch\/en\/wp-json\/wp\/v2\/pages\/3330\/revisions"}],"predecessor-version":[{"id":3331,"href":"https:\/\/hotel-gaedi.ch\/en\/wp-json\/wp\/v2\/pages\/3330\/revisions\/3331"}],"up":[{"embeddable":true,"href":"https:\/\/hotel-gaedi.ch\/en\/wp-json\/wp\/v2\/pages\/3318"}],"wp:attachment":[{"href":"https:\/\/hotel-gaedi.ch\/en\/wp-json\/wp\/v2\/media?parent=3330"}],"curies":[{"name":"wp","href":"https:\/\/api.w.org\/{rel}","templated":true}]}}