{"id":3358,"date":"2022-10-06T09:46:43","date_gmt":"2022-10-06T07:46:43","guid":{"rendered":"https:\/\/hotel-gaedi.ch\/restaurant\/banquets-celebrations\/"},"modified":"2025-11-20T19:01:32","modified_gmt":"2025-11-20T18:01:32","slug":"banquets-celebrations","status":"publish","type":"page","link":"https:\/\/hotel-gaedi.ch\/en\/restaurant\/banquets-celebrations\/","title":{"rendered":"Banquets \/ Celebrations"},"content":{"rendered":"\n<div class=\"wp-block-group container introtext-centered-sun-icon-title\"><div class=\"wp-block-group__inner-container is-layout-flow wp-block-group-is-layout-flow\">\n<div class=\"wp-block-columns row is-layout-flex wp-container-core-columns-is-layout-9d6595d7 wp-block-columns-is-layout-flex\">\n<div class=\"wp-block-column col-12 is-layout-flow wp-block-column-is-layout-flow\">\n<h1 class=\"wp-block-heading\">Celebrate banquets and parties in G\u00e4di Style<\/h1>\n\n\n\n<p>In the family hotel G\u00e4di in Gr\u00e4chen | Valais can be celebrated weddings, family celebrations and corporate events. The bright hall can accommodate up to 120 people for banquets.<\/p>\n\n\n\n<p>We respond to your wishes and will be happy to advise you. Our passion is to prepare the right setting for you and your guests with a delicious meal. Including beautiful place setting, decoration and if desired musical supporting program.<br\/><br\/>We are looking forward to your <a href=\"tel:0041279561828\">\n  <strong>Call<\/strong>\n<\/a> or your <strong><a href=\"mailto:info@hotel-gaedi.ch\">e-mail<\/a><\/strong>.<\/p>\n\n\n\n<div class=\"wp-block-buttons is-layout-flex wp-block-buttons-is-layout-flex\"><\/div>\n<\/div>\n<\/div>\n<\/div><\/div>\n\n<div class=\"wp-block-group container-fluid gaedi-carousel three-items-fullwidth\"><div class=\"wp-block-group__inner-container is-layout-flow wp-block-group-is-layout-flow\">\n<div class=\"wp-block-columns row is-layout-flex wp-container-core-columns-is-layout-9d6595d7 wp-block-columns-is-layout-flex\">\n<div class=\"wp-block-column col-12 carousel slide is-layout-flow wp-block-column-is-layout-flow\" id=\"imagesCarousel\" data-pause=\"true\" data-wrap=\"false\" data-keyboard=\"true\" data-perSlideItems=\"3\" data-bs-ride=\"carousel\" data-bs-interval=\"false\">\n<div class=\"wp-block-group carousel-inner\" role=\"listbox\"><div class=\"wp-block-group__inner-container is-layout-flow wp-block-group-is-layout-flow\">\n<div class=\"wp-block-group carousel-item active\"><div class=\"wp-block-group__inner-container is-layout-flow wp-block-group-is-layout-flow\">\n<figure class=\"wp-block-image size-full\"><img loading=\"lazy\" decoding=\"async\" width=\"1024\" height=\"682\" src=\"https:\/\/hotel-gaedi.ch\/wp-content\/uploads\/2024\/03\/event-2.jpg\" alt=\"Hotel G&#xE4;di - Banquets and parties\" class=\"wp-image-4155\" srcset=\"https:\/\/hotel-gaedi.ch\/wp-content\/uploads\/2024\/03\/event-2.jpg 1024w, https:\/\/hotel-gaedi.ch\/wp-content\/uploads\/2024\/03\/event-2-500x333.jpg 500w, https:\/\/hotel-gaedi.ch\/wp-content\/uploads\/2024\/03\/event-2-768x512.jpg 768w\" sizes=\"auto, (max-width: 1024px) 100vw, 1024px\" \/><\/figure>\n<\/div><\/div>\n\n\n\n<div class=\"wp-block-group carousel-item\"><div class=\"wp-block-group__inner-container is-layout-flow wp-block-group-is-layout-flow\">\n<figure class=\"wp-block-image size-full\"><img loading=\"lazy\" decoding=\"async\" width=\"1024\" height=\"682\" src=\"https:\/\/hotel-gaedi.ch\/wp-content\/uploads\/2024\/03\/event-3.jpg\" alt=\"Hotel G&#xE4;di - Banquets and parties\" class=\"wp-image-4158\" srcset=\"https:\/\/hotel-gaedi.ch\/wp-content\/uploads\/2024\/03\/event-3.jpg 1024w, https:\/\/hotel-gaedi.ch\/wp-content\/uploads\/2024\/03\/event-3-500x333.jpg 500w, https:\/\/hotel-gaedi.ch\/wp-content\/uploads\/2024\/03\/event-3-768x512.jpg 768w\" sizes=\"auto, (max-width: 1024px) 100vw, 1024px\" \/><\/figure>\n<\/div><\/div>\n\n\n\n<div class=\"wp-block-group carousel-item\"><div class=\"wp-block-group__inner-container is-layout-flow wp-block-group-is-layout-flow\">\n<figure class=\"wp-block-image size-large\"><img loading=\"lazy\" decoding=\"async\" width=\"1024\" height=\"682\" src=\"https:\/\/hotel-gaedi.ch\/wp-content\/uploads\/2025\/11\/bankette-hotel-gaedi-2025-02-1024x682.jpg\" alt=\"\" class=\"wp-image-4648\" srcset=\"https:\/\/hotel-gaedi.ch\/wp-content\/uploads\/2025\/11\/bankette-hotel-gaedi-2025-02-1024x682.jpg 1024w, https:\/\/hotel-gaedi.ch\/wp-content\/uploads\/2025\/11\/bankette-hotel-gaedi-2025-02-500x333.jpg 500w, https:\/\/hotel-gaedi.ch\/wp-content\/uploads\/2025\/11\/bankette-hotel-gaedi-2025-02-768x511.jpg 768w, https:\/\/hotel-gaedi.ch\/wp-content\/uploads\/2025\/11\/bankette-hotel-gaedi-2025-02-1536x1022.jpg 1536w, https:\/\/hotel-gaedi.ch\/wp-content\/uploads\/2025\/11\/bankette-hotel-gaedi-2025-02.jpg 1920w\" sizes=\"auto, (max-width: 1024px) 100vw, 1024px\" \/><\/figure>\n<\/div><\/div>\n\n\n\n<div class=\"wp-block-group carousel-item\"><div class=\"wp-block-group__inner-container is-layout-flow wp-block-group-is-layout-flow\">\n<figure class=\"wp-block-image size-large\"><img loading=\"lazy\" decoding=\"async\" width=\"1024\" height=\"682\" src=\"https:\/\/hotel-gaedi.ch\/wp-content\/uploads\/2025\/11\/bankette-hotel-gaedi-2025-01-1024x682.jpg\" alt=\"\" class=\"wp-image-4649\" srcset=\"https:\/\/hotel-gaedi.ch\/wp-content\/uploads\/2025\/11\/bankette-hotel-gaedi-2025-01-1024x682.jpg 1024w, https:\/\/hotel-gaedi.ch\/wp-content\/uploads\/2025\/11\/bankette-hotel-gaedi-2025-01-500x333.jpg 500w, https:\/\/hotel-gaedi.ch\/wp-content\/uploads\/2025\/11\/bankette-hotel-gaedi-2025-01-768x511.jpg 768w, https:\/\/hotel-gaedi.ch\/wp-content\/uploads\/2025\/11\/bankette-hotel-gaedi-2025-01-1536x1022.jpg 1536w, https:\/\/hotel-gaedi.ch\/wp-content\/uploads\/2025\/11\/bankette-hotel-gaedi-2025-01.jpg 1920w\" sizes=\"auto, (max-width: 1024px) 100vw, 1024px\" \/><\/figure>\n<\/div><\/div>\n\n\n\n<div class=\"wp-block-group carousel-item\"><div class=\"wp-block-group__inner-container is-layout-flow wp-block-group-is-layout-flow\">\n<figure class=\"wp-block-image size-full\"><img loading=\"lazy\" decoding=\"async\" width=\"1024\" height=\"682\" src=\"https:\/\/hotel-gaedi.ch\/wp-content\/uploads\/2024\/03\/event-1.jpg\" alt=\"Hotel G&#xE4;di - Banquets and parties\" class=\"wp-image-4151\" srcset=\"https:\/\/hotel-gaedi.ch\/wp-content\/uploads\/2024\/03\/event-1.jpg 1024w, https:\/\/hotel-gaedi.ch\/wp-content\/uploads\/2024\/03\/event-1-500x333.jpg 500w, https:\/\/hotel-gaedi.ch\/wp-content\/uploads\/2024\/03\/event-1-768x512.jpg 768w\" sizes=\"auto, (max-width: 1024px) 100vw, 1024px\" \/><\/figure>\n<\/div><\/div>\n\n\n\n<div class=\"wp-block-group carousel-item\"><div class=\"wp-block-group__inner-container is-layout-flow wp-block-group-is-layout-flow\">\n<figure class=\"wp-block-image size-full\"><img loading=\"lazy\" decoding=\"async\" width=\"1024\" height=\"682\" src=\"https:\/\/hotel-gaedi.ch\/wp-content\/uploads\/2022\/11\/event-3.jpg\" alt=\"\" class=\"wp-image-2296\" srcset=\"https:\/\/hotel-gaedi.ch\/wp-content\/uploads\/2022\/11\/event-3.jpg 1024w, https:\/\/hotel-gaedi.ch\/wp-content\/uploads\/2022\/11\/event-3-500x333.jpg 500w, https:\/\/hotel-gaedi.ch\/wp-content\/uploads\/2022\/11\/event-3-768x512.jpg 768w\" sizes=\"auto, (max-width: 1024px) 100vw, 1024px\" \/><\/figure>\n<\/div><\/div>\n<\/div><\/div>\n<\/div>\n<\/div>\n<\/div><\/div>\n\n<div class=\"wp-block-group container introtext-centered-sun-icon-title\"><div class=\"wp-block-group__inner-container is-layout-flow wp-block-group-is-layout-flow\">\n<div class=\"wp-block-columns row is-layout-flex wp-container-core-columns-is-layout-9d6595d7 wp-block-columns-is-layout-flex\">\n<div class=\"wp-block-column col-12 is-layout-flow wp-block-column-is-layout-flow\">\n<figure class=\"wp-block-image size-large is-resized\"><img decoding=\"async\" src=\"https:\/\/hotel-gaedi.ch\/wp-content\/uploads\/2022\/09\/sonne-logo.svg\" alt=\"\" class=\"wp-image-155\" style=\"width:100px\"\/><\/figure>\n\n\n\n<blockquote class=\"wp-block-quote is-layout-flow wp-block-quote-is-layout-flow\">\n<p>&#8220;Heavenly tastes what Martin keeps serving us.&#8221;<\/p>\n<\/blockquote>\n<\/div>\n<\/div>\n<\/div><\/div>\n","protected":false},"excerpt":{"rendered":"<p>Celebrate banquets and parties in G\u00e4di Style In the family hotel G\u00e4di in Gr\u00e4chen | Valais can be celebrated weddings, family celebrations and corporate events. The bright hall can accommodate up to 120 people for banquets. We respond to your wishes and will be happy to advise you. Our passion is to prepare the right [&hellip;]<\/p>\n","protected":false},"author":2,"featured_media":0,"parent":3356,"menu_order":0,"comment_status":"closed","ping_status":"closed","template":"","meta":{"_acf_changed":false,"inline_featured_image":false,"footnotes":""},"class_list":["post-3358","page","type-page","status-publish","hentry"],"acf":[],"yoast_head":"<!-- This site is optimized with the Yoast SEO plugin v27.4 - https:\/\/yoast.com\/product\/yoast-seo-wordpress\/ -->\n<title>Banquets &amp; celebrations | Hotel G\u00e4di Gr\u00e4chen<\/title>\n<meta name=\"description\" content=\"Hotel G\u00e4di is a great place to celebrate weddings, family celebrations and company parties. The bright hall can accommodate up to 120 people for banquets.\" \/>\n<meta name=\"robots\" content=\"index, follow, max-snippet:-1, max-image-preview:large, max-video-preview:-1\" \/>\n<link rel=\"canonical\" href=\"https:\/\/hotel-gaedi.ch\/en\/restaurant\/banquets-celebrations\/\" \/>\n<meta property=\"og:locale\" content=\"en_US\" \/>\n<meta property=\"og:type\" content=\"article\" \/>\n<meta property=\"og:title\" content=\"Banquets &amp; celebrations | Hotel G\u00e4di Gr\u00e4chen\" \/>\n<meta property=\"og:description\" content=\"Hotel G\u00e4di is a great place to celebrate weddings, family celebrations and company parties. The bright hall can accommodate up to 120 people for banquets.\" \/>\n<meta property=\"og:url\" content=\"https:\/\/hotel-gaedi.ch\/en\/restaurant\/banquets-celebrations\/\" \/>\n<meta property=\"og:site_name\" content=\"Hotel G\u00e4di\" \/>\n<meta property=\"article:modified_time\" content=\"2025-11-20T18:01:32+00:00\" \/>\n<meta property=\"og:image\" content=\"https:\/\/hotel-gaedi.ch\/wp-content\/uploads\/2024\/03\/event-2.jpg\" \/>\n\t<meta property=\"og:image:width\" content=\"1024\" \/>\n\t<meta property=\"og:image:height\" content=\"682\" \/>\n\t<meta property=\"og:image:type\" content=\"image\/jpeg\" \/>\n<meta name=\"twitter:card\" content=\"summary_large_image\" \/>\n<script type=\"application\/ld+json\" class=\"yoast-schema-graph\">{\"@context\":\"https:\\\/\\\/schema.org\",\"@graph\":[{\"@type\":\"WebPage\",\"@id\":\"https:\\\/\\\/hotel-gaedi.ch\\\/en\\\/restaurant\\\/banquets-celebrations\\\/\",\"url\":\"https:\\\/\\\/hotel-gaedi.ch\\\/en\\\/restaurant\\\/banquets-celebrations\\\/\",\"name\":\"Banquets & celebrations | Hotel G\u00e4di Gr\u00e4chen\",\"isPartOf\":{\"@id\":\"https:\\\/\\\/hotel-gaedi.ch\\\/#website\"},\"primaryImageOfPage\":{\"@id\":\"https:\\\/\\\/hotel-gaedi.ch\\\/en\\\/restaurant\\\/banquets-celebrations\\\/#primaryimage\"},\"image\":{\"@id\":\"https:\\\/\\\/hotel-gaedi.ch\\\/en\\\/restaurant\\\/banquets-celebrations\\\/#primaryimage\"},\"thumbnailUrl\":\"https:\\\/\\\/hotel-gaedi.ch\\\/wp-content\\\/uploads\\\/2024\\\/03\\\/event-2.jpg\",\"datePublished\":\"2022-10-06T07:46:43+00:00\",\"dateModified\":\"2025-11-20T18:01:32+00:00\",\"description\":\"Hotel G\u00e4di is a great place to celebrate weddings, family celebrations and company parties. The bright hall can accommodate up to 120 people for banquets.\",\"breadcrumb\":{\"@id\":\"https:\\\/\\\/hotel-gaedi.ch\\\/en\\\/restaurant\\\/banquets-celebrations\\\/#breadcrumb\"},\"inLanguage\":\"en-US\",\"potentialAction\":[{\"@type\":\"ReadAction\",\"target\":[\"https:\\\/\\\/hotel-gaedi.ch\\\/en\\\/restaurant\\\/banquets-celebrations\\\/\"]}]},{\"@type\":\"ImageObject\",\"inLanguage\":\"en-US\",\"@id\":\"https:\\\/\\\/hotel-gaedi.ch\\\/en\\\/restaurant\\\/banquets-celebrations\\\/#primaryimage\",\"url\":\"https:\\\/\\\/hotel-gaedi.ch\\\/wp-content\\\/uploads\\\/2024\\\/03\\\/event-2.jpg\",\"contentUrl\":\"https:\\\/\\\/hotel-gaedi.ch\\\/wp-content\\\/uploads\\\/2024\\\/03\\\/event-2.jpg\"},{\"@type\":\"BreadcrumbList\",\"@id\":\"https:\\\/\\\/hotel-gaedi.ch\\\/en\\\/restaurant\\\/banquets-celebrations\\\/#breadcrumb\",\"itemListElement\":[{\"@type\":\"ListItem\",\"position\":1,\"name\":\"Home\",\"item\":\"https:\\\/\\\/hotel-gaedi.ch\\\/en\\\/\"},{\"@type\":\"ListItem\",\"position\":2,\"name\":\"Restaurant\",\"item\":\"https:\\\/\\\/hotel-gaedi.ch\\\/en\\\/restaurant\\\/\"},{\"@type\":\"ListItem\",\"position\":3,\"name\":\"Banquets \\\/ Celebrations\"}]},{\"@type\":\"WebSite\",\"@id\":\"https:\\\/\\\/hotel-gaedi.ch\\\/#website\",\"url\":\"https:\\\/\\\/hotel-gaedi.ch\\\/\",\"name\":\"Hotel G\u00e4di\",\"description\":\"Ferien im Hotel G\u00e4di - Gr\u00e4chen\",\"potentialAction\":[{\"@type\":\"SearchAction\",\"target\":{\"@type\":\"EntryPoint\",\"urlTemplate\":\"https:\\\/\\\/hotel-gaedi.ch\\\/?s={search_term_string}\"},\"query-input\":{\"@type\":\"PropertyValueSpecification\",\"valueRequired\":true,\"valueName\":\"search_term_string\"}}],\"inLanguage\":\"en-US\"}]}<\/script>\n<!-- \/ Yoast SEO plugin. -->","yoast_head_json":{"title":"Banquets & celebrations | Hotel G\u00e4di Gr\u00e4chen","description":"Hotel G\u00e4di is a great place to celebrate weddings, family celebrations and company parties. The bright hall can accommodate up to 120 people for banquets.","robots":{"index":"index","follow":"follow","max-snippet":"max-snippet:-1","max-image-preview":"max-image-preview:large","max-video-preview":"max-video-preview:-1"},"canonical":"https:\/\/hotel-gaedi.ch\/en\/restaurant\/banquets-celebrations\/","og_locale":"en_US","og_type":"article","og_title":"Banquets & celebrations | Hotel G\u00e4di Gr\u00e4chen","og_description":"Hotel G\u00e4di is a great place to celebrate weddings, family celebrations and company parties. The bright hall can accommodate up to 120 people for banquets.","og_url":"https:\/\/hotel-gaedi.ch\/en\/restaurant\/banquets-celebrations\/","og_site_name":"Hotel G\u00e4di","article_modified_time":"2025-11-20T18:01:32+00:00","og_image":[{"width":1024,"height":682,"url":"https:\/\/hotel-gaedi.ch\/wp-content\/uploads\/2024\/03\/event-2.jpg","type":"image\/jpeg"}],"twitter_card":"summary_large_image","schema":{"@context":"https:\/\/schema.org","@graph":[{"@type":"WebPage","@id":"https:\/\/hotel-gaedi.ch\/en\/restaurant\/banquets-celebrations\/","url":"https:\/\/hotel-gaedi.ch\/en\/restaurant\/banquets-celebrations\/","name":"Banquets & celebrations | Hotel G\u00e4di Gr\u00e4chen","isPartOf":{"@id":"https:\/\/hotel-gaedi.ch\/#website"},"primaryImageOfPage":{"@id":"https:\/\/hotel-gaedi.ch\/en\/restaurant\/banquets-celebrations\/#primaryimage"},"image":{"@id":"https:\/\/hotel-gaedi.ch\/en\/restaurant\/banquets-celebrations\/#primaryimage"},"thumbnailUrl":"https:\/\/hotel-gaedi.ch\/wp-content\/uploads\/2024\/03\/event-2.jpg","datePublished":"2022-10-06T07:46:43+00:00","dateModified":"2025-11-20T18:01:32+00:00","description":"Hotel G\u00e4di is a great place to celebrate weddings, family celebrations and company parties. The bright hall can accommodate up to 120 people for banquets.","breadcrumb":{"@id":"https:\/\/hotel-gaedi.ch\/en\/restaurant\/banquets-celebrations\/#breadcrumb"},"inLanguage":"en-US","potentialAction":[{"@type":"ReadAction","target":["https:\/\/hotel-gaedi.ch\/en\/restaurant\/banquets-celebrations\/"]}]},{"@type":"ImageObject","inLanguage":"en-US","@id":"https:\/\/hotel-gaedi.ch\/en\/restaurant\/banquets-celebrations\/#primaryimage","url":"https:\/\/hotel-gaedi.ch\/wp-content\/uploads\/2024\/03\/event-2.jpg","contentUrl":"https:\/\/hotel-gaedi.ch\/wp-content\/uploads\/2024\/03\/event-2.jpg"},{"@type":"BreadcrumbList","@id":"https:\/\/hotel-gaedi.ch\/en\/restaurant\/banquets-celebrations\/#breadcrumb","itemListElement":[{"@type":"ListItem","position":1,"name":"Home","item":"https:\/\/hotel-gaedi.ch\/en\/"},{"@type":"ListItem","position":2,"name":"Restaurant","item":"https:\/\/hotel-gaedi.ch\/en\/restaurant\/"},{"@type":"ListItem","position":3,"name":"Banquets \/ Celebrations"}]},{"@type":"WebSite","@id":"https:\/\/hotel-gaedi.ch\/#website","url":"https:\/\/hotel-gaedi.ch\/","name":"Hotel G\u00e4di","description":"Ferien im Hotel G\u00e4di - Gr\u00e4chen","potentialAction":[{"@type":"SearchAction","target":{"@type":"EntryPoint","urlTemplate":"https:\/\/hotel-gaedi.ch\/?s={search_term_string}"},"query-input":{"@type":"PropertyValueSpecification","valueRequired":true,"valueName":"search_term_string"}}],"inLanguage":"en-US"}]}},"_links":{"self":[{"href":"https:\/\/hotel-gaedi.ch\/en\/wp-json\/wp\/v2\/pages\/3358","targetHints":{"allow":["GET"]}}],"collection":[{"href":"https:\/\/hotel-gaedi.ch\/en\/wp-json\/wp\/v2\/pages"}],"about":[{"href":"https:\/\/hotel-gaedi.ch\/en\/wp-json\/wp\/v2\/types\/page"}],"author":[{"embeddable":true,"href":"https:\/\/hotel-gaedi.ch\/en\/wp-json\/wp\/v2\/users\/2"}],"replies":[{"embeddable":true,"href":"https:\/\/hotel-gaedi.ch\/en\/wp-json\/wp\/v2\/comments?post=3358"}],"version-history":[{"count":5,"href":"https:\/\/hotel-gaedi.ch\/en\/wp-json\/wp\/v2\/pages\/3358\/revisions"}],"predecessor-version":[{"id":4653,"href":"https:\/\/hotel-gaedi.ch\/en\/wp-json\/wp\/v2\/pages\/3358\/revisions\/4653"}],"up":[{"embeddable":true,"href":"https:\/\/hotel-gaedi.ch\/en\/wp-json\/wp\/v2\/pages\/3356"}],"wp:attachment":[{"href":"https:\/\/hotel-gaedi.ch\/en\/wp-json\/wp\/v2\/media?parent=3358"}],"curies":[{"name":"wp","href":"https:\/\/api.w.org\/{rel}","templated":true}]}}