{"id":3360,"date":"2022-09-09T12:15:02","date_gmt":"2022-09-09T10:15:02","guid":{"rendered":"https:\/\/hotel-gaedi.ch\/restaurant\/table-reservation\/"},"modified":"2022-11-29T16:39:34","modified_gmt":"2022-11-29T15:39:34","slug":"table-reservation","status":"publish","type":"page","link":"https:\/\/hotel-gaedi.ch\/en\/restaurant\/table-reservation\/","title":{"rendered":"Table reservation"},"content":{"rendered":"\n<div class=\"wp-block-group container introtext-centered-sun-icon-title\"><div class=\"wp-block-group__inner-container is-layout-flow wp-block-group-is-layout-flow\">\n<div class=\"wp-block-columns row is-layout-flex wp-container-core-columns-is-layout-9d6595d7 wp-block-columns-is-layout-flex\">\n<div class=\"wp-block-column col-12 is-layout-flow wp-block-column-is-layout-flow\">\n<h1 class=\"wp-block-heading\">Restaurant G\u00e4di table reservation<\/h1>\n\n\n\n<p>The a la carte offer seduces with classics, freshly prepared by host and chef Martin.&nbsp;The ambiance prudently cultivated by hostess M\u00e9lanie delights the many guests at Restaurant G\u00e4di Gr\u00e4chen. As soon as you enter, you feel the warm atmosphere. This is the best prerequisite for an enjoyable, relaxed evening.&nbsp;<\/p>\n\n\n\n<h4 class=\"wp-block-heading\"><br><strong><a href=\"tel:0041279561828\">+41 27 956 18 28<\/a><\/strong><\/h4>\n<\/div>\n<\/div>\n<\/div><\/div>\n\n\n\n<div class=\"wp-block-group container teaser-2col-image-text even multiple-images-horizontal\"><div class=\"wp-block-group__inner-container is-layout-flow wp-block-group-is-layout-flow\">\n<div class=\"wp-block-columns row is-layout-flex wp-container-core-columns-is-layout-9d6595d7 wp-block-columns-is-layout-flex\">\n<div class=\"wp-block-column col-lg-12 col-xl-7 is-layout-flow wp-block-column-is-layout-flow\">\n<div class=\"wp-block-columns row is-layout-flex wp-container-core-columns-is-layout-9d6595d7 wp-block-columns-is-layout-flex\">\n<div class=\"wp-block-column col-12 col-sm-6 is-layout-flow wp-block-column-is-layout-flow\">\n<figure class=\"wp-block-image size-full\"><img loading=\"lazy\" decoding=\"async\" width=\"835\" height=\"1024\" src=\"https:\/\/hotel-gaedi.ch\/wp-content\/uploads\/2022\/11\/kueche.jpg\" alt=\"\" class=\"wp-image-2308\" srcset=\"https:\/\/hotel-gaedi.ch\/wp-content\/uploads\/2022\/11\/kueche.jpg 835w, https:\/\/hotel-gaedi.ch\/wp-content\/uploads\/2022\/11\/kueche-408x500.jpg 408w, https:\/\/hotel-gaedi.ch\/wp-content\/uploads\/2022\/11\/kueche-768x942.jpg 768w\" sizes=\"auto, (max-width: 835px) 100vw, 835px\" \/><\/figure>\n<\/div>\n\n\n\n<div class=\"wp-block-column col-12 col-sm-6 is-layout-flow wp-block-column-is-layout-flow\">\n<figure class=\"wp-block-image size-full\"><img loading=\"lazy\" decoding=\"async\" width=\"835\" height=\"1024\" src=\"https:\/\/hotel-gaedi.ch\/wp-content\/uploads\/2022\/10\/koch-hotel-gaedi.jpg\" alt=\"\" class=\"wp-image-1552\" srcset=\"https:\/\/hotel-gaedi.ch\/wp-content\/uploads\/2022\/10\/koch-hotel-gaedi.jpg 835w, https:\/\/hotel-gaedi.ch\/wp-content\/uploads\/2022\/10\/koch-hotel-gaedi-408x500.jpg 408w, https:\/\/hotel-gaedi.ch\/wp-content\/uploads\/2022\/10\/koch-hotel-gaedi-768x942.jpg 768w\" sizes=\"auto, (max-width: 835px) 100vw, 835px\" \/><\/figure>\n<\/div>\n<\/div>\n<\/div>\n\n\n\n<div class=\"wp-block-column col-lg-12 col-xl-5 is-layout-flow wp-block-column-is-layout-flow\">\n<h2 class=\"wp-block-heading\">The G\u00e4di kitchen<\/h2>\n\n\n\n<p>Martin&#8217;s cooking skills are known far and wide; so it is not surprising that guests from the village and the region also find their way to the Restaurant G\u00e4di Gr\u00e4chen near the Hannigalp cable car. Martin finds inspiration in the region or on his travels; the menu features popular classics, while the half-board evening menu surprises with seasonal dishes every day. Valais specialties are a natural part of this.<\/p>\n\n\n\n<div class=\"wp-block-buttons is-layout-flex wp-block-buttons-is-layout-flex\">\n<div class=\"wp-block-button\"><a class=\"wp-block-button__link wp-element-button\" href=\"https:\/\/hotel-gaedi.ch\/en\/restaurant\/menu\/\">A la carte menu<\/a><\/div>\n<\/div>\n<\/div>\n<\/div>\n<\/div><\/div>\n","protected":false},"excerpt":{"rendered":"<p>Restaurant G\u00e4di table reservation The a la carte offer seduces with classics, freshly prepared by host and chef Martin.&nbsp;The ambiance prudently cultivated by hostess M\u00e9lanie delights the many guests at Restaurant G\u00e4di Gr\u00e4chen. As soon as you enter, you feel the warm atmosphere. This is the best prerequisite for an enjoyable, relaxed evening.&nbsp; +41 27 [&hellip;]<\/p>\n","protected":false},"author":1,"featured_media":0,"parent":3356,"menu_order":0,"comment_status":"closed","ping_status":"closed","template":"","meta":{"_acf_changed":false,"inline_featured_image":false,"footnotes":""},"class_list":["post-3360","page","type-page","status-publish","hentry"],"acf":[],"yoast_head":"<!-- This site is optimized with the Yoast SEO plugin v27.4 - https:\/\/yoast.com\/product\/yoast-seo-wordpress\/ -->\n<title>Table reservation at Restaurant G\u00e4di | Hotel G\u00e4di Gr\u00e4chen<\/title>\n<meta name=\"description\" content=\"Fancy some Valais specialties? Restaurant G\u00e4di Chef Martin conjures up the finest dishes on the plate. Reserve your table now.\" \/>\n<meta name=\"robots\" content=\"index, follow, max-snippet:-1, max-image-preview:large, max-video-preview:-1\" \/>\n<link rel=\"canonical\" href=\"https:\/\/hotel-gaedi.ch\/en\/restaurant\/table-reservation\/\" \/>\n<meta property=\"og:locale\" content=\"en_US\" \/>\n<meta property=\"og:type\" content=\"article\" \/>\n<meta property=\"og:title\" content=\"Table reservation at Restaurant G\u00e4di | Hotel G\u00e4di Gr\u00e4chen\" \/>\n<meta property=\"og:description\" content=\"Fancy some Valais specialties? Restaurant G\u00e4di Chef Martin conjures up the finest dishes on the plate. Reserve your table now.\" \/>\n<meta property=\"og:url\" content=\"https:\/\/hotel-gaedi.ch\/en\/restaurant\/table-reservation\/\" \/>\n<meta property=\"og:site_name\" content=\"Hotel G\u00e4di\" \/>\n<meta property=\"article:modified_time\" content=\"2022-11-29T15:39:34+00:00\" \/>\n<meta property=\"og:image\" content=\"https:\/\/hotel-gaedi.ch\/wp-content\/uploads\/2022\/11\/kueche.jpg\" \/>\n<meta name=\"twitter:card\" content=\"summary_large_image\" \/>\n<meta name=\"twitter:label1\" content=\"Est. reading time\" \/>\n\t<meta name=\"twitter:data1\" content=\"1 minute\" \/>\n<script type=\"application\/ld+json\" class=\"yoast-schema-graph\">{\"@context\":\"https:\\\/\\\/schema.org\",\"@graph\":[{\"@type\":\"WebPage\",\"@id\":\"https:\\\/\\\/hotel-gaedi.ch\\\/en\\\/restaurant\\\/table-reservation\\\/\",\"url\":\"https:\\\/\\\/hotel-gaedi.ch\\\/en\\\/restaurant\\\/table-reservation\\\/\",\"name\":\"Table reservation at Restaurant G\u00e4di | Hotel G\u00e4di Gr\u00e4chen\",\"isPartOf\":{\"@id\":\"https:\\\/\\\/hotel-gaedi.ch\\\/#website\"},\"primaryImageOfPage\":{\"@id\":\"https:\\\/\\\/hotel-gaedi.ch\\\/en\\\/restaurant\\\/table-reservation\\\/#primaryimage\"},\"image\":{\"@id\":\"https:\\\/\\\/hotel-gaedi.ch\\\/en\\\/restaurant\\\/table-reservation\\\/#primaryimage\"},\"thumbnailUrl\":\"https:\\\/\\\/hotel-gaedi.ch\\\/wp-content\\\/uploads\\\/2022\\\/11\\\/kueche.jpg\",\"datePublished\":\"2022-09-09T10:15:02+00:00\",\"dateModified\":\"2022-11-29T15:39:34+00:00\",\"description\":\"Fancy some Valais specialties? Restaurant G\u00e4di Chef Martin conjures up the finest dishes on the plate. Reserve your table now.\",\"breadcrumb\":{\"@id\":\"https:\\\/\\\/hotel-gaedi.ch\\\/en\\\/restaurant\\\/table-reservation\\\/#breadcrumb\"},\"inLanguage\":\"en-US\",\"potentialAction\":[{\"@type\":\"ReadAction\",\"target\":[\"https:\\\/\\\/hotel-gaedi.ch\\\/en\\\/restaurant\\\/table-reservation\\\/\"]}]},{\"@type\":\"ImageObject\",\"inLanguage\":\"en-US\",\"@id\":\"https:\\\/\\\/hotel-gaedi.ch\\\/en\\\/restaurant\\\/table-reservation\\\/#primaryimage\",\"url\":\"https:\\\/\\\/hotel-gaedi.ch\\\/wp-content\\\/uploads\\\/2022\\\/11\\\/kueche.jpg\",\"contentUrl\":\"https:\\\/\\\/hotel-gaedi.ch\\\/wp-content\\\/uploads\\\/2022\\\/11\\\/kueche.jpg\"},{\"@type\":\"BreadcrumbList\",\"@id\":\"https:\\\/\\\/hotel-gaedi.ch\\\/en\\\/restaurant\\\/table-reservation\\\/#breadcrumb\",\"itemListElement\":[{\"@type\":\"ListItem\",\"position\":1,\"name\":\"Home\",\"item\":\"https:\\\/\\\/hotel-gaedi.ch\\\/en\\\/\"},{\"@type\":\"ListItem\",\"position\":2,\"name\":\"Restaurant\",\"item\":\"https:\\\/\\\/hotel-gaedi.ch\\\/en\\\/restaurant\\\/\"},{\"@type\":\"ListItem\",\"position\":3,\"name\":\"Table reservation\"}]},{\"@type\":\"WebSite\",\"@id\":\"https:\\\/\\\/hotel-gaedi.ch\\\/#website\",\"url\":\"https:\\\/\\\/hotel-gaedi.ch\\\/\",\"name\":\"Hotel G\u00e4di\",\"description\":\"Ferien im Hotel G\u00e4di - Gr\u00e4chen\",\"potentialAction\":[{\"@type\":\"SearchAction\",\"target\":{\"@type\":\"EntryPoint\",\"urlTemplate\":\"https:\\\/\\\/hotel-gaedi.ch\\\/?s={search_term_string}\"},\"query-input\":{\"@type\":\"PropertyValueSpecification\",\"valueRequired\":true,\"valueName\":\"search_term_string\"}}],\"inLanguage\":\"en-US\"}]}<\/script>\n<!-- \/ Yoast SEO plugin. -->","yoast_head_json":{"title":"Table reservation at Restaurant G\u00e4di | Hotel G\u00e4di Gr\u00e4chen","description":"Fancy some Valais specialties? Restaurant G\u00e4di Chef Martin conjures up the finest dishes on the plate. Reserve your table now.","robots":{"index":"index","follow":"follow","max-snippet":"max-snippet:-1","max-image-preview":"max-image-preview:large","max-video-preview":"max-video-preview:-1"},"canonical":"https:\/\/hotel-gaedi.ch\/en\/restaurant\/table-reservation\/","og_locale":"en_US","og_type":"article","og_title":"Table reservation at Restaurant G\u00e4di | Hotel G\u00e4di Gr\u00e4chen","og_description":"Fancy some Valais specialties? Restaurant G\u00e4di Chef Martin conjures up the finest dishes on the plate. Reserve your table now.","og_url":"https:\/\/hotel-gaedi.ch\/en\/restaurant\/table-reservation\/","og_site_name":"Hotel G\u00e4di","article_modified_time":"2022-11-29T15:39:34+00:00","og_image":[{"url":"https:\/\/hotel-gaedi.ch\/wp-content\/uploads\/2022\/11\/kueche.jpg","type":"","width":"","height":""}],"twitter_card":"summary_large_image","twitter_misc":{"Est. reading time":"1 minute"},"schema":{"@context":"https:\/\/schema.org","@graph":[{"@type":"WebPage","@id":"https:\/\/hotel-gaedi.ch\/en\/restaurant\/table-reservation\/","url":"https:\/\/hotel-gaedi.ch\/en\/restaurant\/table-reservation\/","name":"Table reservation at Restaurant G\u00e4di | Hotel G\u00e4di Gr\u00e4chen","isPartOf":{"@id":"https:\/\/hotel-gaedi.ch\/#website"},"primaryImageOfPage":{"@id":"https:\/\/hotel-gaedi.ch\/en\/restaurant\/table-reservation\/#primaryimage"},"image":{"@id":"https:\/\/hotel-gaedi.ch\/en\/restaurant\/table-reservation\/#primaryimage"},"thumbnailUrl":"https:\/\/hotel-gaedi.ch\/wp-content\/uploads\/2022\/11\/kueche.jpg","datePublished":"2022-09-09T10:15:02+00:00","dateModified":"2022-11-29T15:39:34+00:00","description":"Fancy some Valais specialties? Restaurant G\u00e4di Chef Martin conjures up the finest dishes on the plate. Reserve your table now.","breadcrumb":{"@id":"https:\/\/hotel-gaedi.ch\/en\/restaurant\/table-reservation\/#breadcrumb"},"inLanguage":"en-US","potentialAction":[{"@type":"ReadAction","target":["https:\/\/hotel-gaedi.ch\/en\/restaurant\/table-reservation\/"]}]},{"@type":"ImageObject","inLanguage":"en-US","@id":"https:\/\/hotel-gaedi.ch\/en\/restaurant\/table-reservation\/#primaryimage","url":"https:\/\/hotel-gaedi.ch\/wp-content\/uploads\/2022\/11\/kueche.jpg","contentUrl":"https:\/\/hotel-gaedi.ch\/wp-content\/uploads\/2022\/11\/kueche.jpg"},{"@type":"BreadcrumbList","@id":"https:\/\/hotel-gaedi.ch\/en\/restaurant\/table-reservation\/#breadcrumb","itemListElement":[{"@type":"ListItem","position":1,"name":"Home","item":"https:\/\/hotel-gaedi.ch\/en\/"},{"@type":"ListItem","position":2,"name":"Restaurant","item":"https:\/\/hotel-gaedi.ch\/en\/restaurant\/"},{"@type":"ListItem","position":3,"name":"Table reservation"}]},{"@type":"WebSite","@id":"https:\/\/hotel-gaedi.ch\/#website","url":"https:\/\/hotel-gaedi.ch\/","name":"Hotel G\u00e4di","description":"Ferien im Hotel G\u00e4di - Gr\u00e4chen","potentialAction":[{"@type":"SearchAction","target":{"@type":"EntryPoint","urlTemplate":"https:\/\/hotel-gaedi.ch\/?s={search_term_string}"},"query-input":{"@type":"PropertyValueSpecification","valueRequired":true,"valueName":"search_term_string"}}],"inLanguage":"en-US"}]}},"_links":{"self":[{"href":"https:\/\/hotel-gaedi.ch\/en\/wp-json\/wp\/v2\/pages\/3360","targetHints":{"allow":["GET"]}}],"collection":[{"href":"https:\/\/hotel-gaedi.ch\/en\/wp-json\/wp\/v2\/pages"}],"about":[{"href":"https:\/\/hotel-gaedi.ch\/en\/wp-json\/wp\/v2\/types\/page"}],"author":[{"embeddable":true,"href":"https:\/\/hotel-gaedi.ch\/en\/wp-json\/wp\/v2\/users\/1"}],"replies":[{"embeddable":true,"href":"https:\/\/hotel-gaedi.ch\/en\/wp-json\/wp\/v2\/comments?post=3360"}],"version-history":[{"count":1,"href":"https:\/\/hotel-gaedi.ch\/en\/wp-json\/wp\/v2\/pages\/3360\/revisions"}],"predecessor-version":[{"id":3361,"href":"https:\/\/hotel-gaedi.ch\/en\/wp-json\/wp\/v2\/pages\/3360\/revisions\/3361"}],"up":[{"embeddable":true,"href":"https:\/\/hotel-gaedi.ch\/en\/wp-json\/wp\/v2\/pages\/3356"}],"wp:attachment":[{"href":"https:\/\/hotel-gaedi.ch\/en\/wp-json\/wp\/v2\/media?parent=3360"}],"curies":[{"name":"wp","href":"https:\/\/api.w.org\/{rel}","templated":true}]}}