{"id":3362,"date":"2022-09-09T12:14:03","date_gmt":"2022-09-09T10:14:03","guid":{"rendered":"https:\/\/hotel-gaedi.ch\/restaurant\/happiness-half-board\/"},"modified":"2026-04-16T19:49:04","modified_gmt":"2026-04-16T17:49:04","slug":"happiness-half-board","status":"publish","type":"page","link":"https:\/\/hotel-gaedi.ch\/en\/restaurant\/happiness-half-board\/","title":{"rendered":"Happiness half board"},"content":{"rendered":"\n<div class=\"wp-block-group container introtext-centered-sun-icon-title\"><div class=\"wp-block-group__inner-container is-layout-flow wp-block-group-is-layout-flow\">\n<div class=\"wp-block-columns row is-layout-flex wp-container-core-columns-is-layout-9d6595d7 wp-block-columns-is-layout-flex\">\n<div class=\"wp-block-column col-12 is-layout-flow wp-block-column-is-layout-flow\">\n<h1 class=\"wp-block-heading\">Happiness half board<\/h1>\n\n\n\n<p>Look forward to a warm atmosphere in our stylish dining room. We will prepare a delicious 4-course menu for you&#8230;<br\/>Here, the chef cooks himself! Martin, your host, and his small team conjure up for you every evening anew the finest and lightest dishes from our wonderful region and from the wide world. Children receive a discount. We book the dinner as part of the Gl\u00fccks half board for you for your entire stay, not for individual evenings.<\/p>\n\n\n\n<p>Price in summer per person:<br\/>for 1 overnight stay CHF 49.00<br\/>From 2 nights CHF 40.00<br\/><\/p>\n\n\n\n<p>Price in winter per person:<br\/>for 1 night: CHF 56.00<br\/>2 nights: CHF 50.00<br\/>From 3 nights: CHF 45.00<br\/><\/p>\n\n\n\n<p>Children receive a discount.<br\/>We book the dinner as part of the Gl\u00fccks half-board for your entire stay, not for individual evenings.<\/p>\n\n\n\n<div class=\"wp-block-buttons is-layout-flex wp-block-buttons-is-layout-flex\">\n<div class=\"wp-block-button\"><a class=\"wp-block-button__link wp-element-button\" href=\"https:\/\/hotel-gaedi.ch\/en\/hotel\/rooms-prices\/\">Our rooms<\/a><\/div>\n<\/div>\n<\/div>\n<\/div>\n<\/div><\/div>\n\n<div class=\"wp-block-group container-fluid gaedi-carousel three-items-fullwidth\"><div class=\"wp-block-group__inner-container is-layout-flow wp-block-group-is-layout-flow\">\n<div class=\"wp-block-columns row is-layout-flex wp-container-core-columns-is-layout-9d6595d7 wp-block-columns-is-layout-flex\">\n<div class=\"wp-block-column col-12 carousel slide is-layout-flow wp-block-column-is-layout-flow\" id=\"imagesCarousel\" data-pause=\"true\" data-wrap=\"false\" data-keyboard=\"true\" data-perSlideItems=\"3\" data-bs-ride=\"carousel\" data-bs-interval=\"false\">\n<div class=\"wp-block-group carousel-inner\" role=\"listbox\"><div class=\"wp-block-group__inner-container is-layout-flow wp-block-group-is-layout-flow\">\n<div class=\"wp-block-group carousel-item active\"><div class=\"wp-block-group__inner-container is-layout-flow wp-block-group-is-layout-flow\">\n<figure class=\"wp-block-image size-full\"><img loading=\"lazy\" decoding=\"async\" width=\"1770\" height=\"1180\" src=\"https:\/\/hotel-gaedi.ch\/wp-content\/uploads\/2023\/03\/hotel-gaedi-halbpension-01.jpg\" alt=\"Hotel G&#xE4;di half board\" class=\"wp-image-3656\" srcset=\"https:\/\/hotel-gaedi.ch\/wp-content\/uploads\/2023\/03\/hotel-gaedi-halbpension-01.jpg 1770w, https:\/\/hotel-gaedi.ch\/wp-content\/uploads\/2023\/03\/hotel-gaedi-halbpension-01-500x333.jpg 500w, https:\/\/hotel-gaedi.ch\/wp-content\/uploads\/2023\/03\/hotel-gaedi-halbpension-01-1024x683.jpg 1024w, https:\/\/hotel-gaedi.ch\/wp-content\/uploads\/2023\/03\/hotel-gaedi-halbpension-01-768x512.jpg 768w, https:\/\/hotel-gaedi.ch\/wp-content\/uploads\/2023\/03\/hotel-gaedi-halbpension-01-1536x1024.jpg 1536w\" sizes=\"auto, (max-width: 1770px) 100vw, 1770px\" \/><\/figure>\n<\/div><\/div>\n\n\n\n<div class=\"wp-block-group carousel-item\"><div class=\"wp-block-group__inner-container is-layout-flow wp-block-group-is-layout-flow\">\n<figure class=\"wp-block-image size-full\"><img loading=\"lazy\" decoding=\"async\" width=\"1770\" height=\"1180\" src=\"https:\/\/hotel-gaedi.ch\/wp-content\/uploads\/2023\/03\/hotel-gaedi-halbpension-02.jpg\" alt=\"\" class=\"wp-image-3659\" srcset=\"https:\/\/hotel-gaedi.ch\/wp-content\/uploads\/2023\/03\/hotel-gaedi-halbpension-02.jpg 1770w, https:\/\/hotel-gaedi.ch\/wp-content\/uploads\/2023\/03\/hotel-gaedi-halbpension-02-500x333.jpg 500w, https:\/\/hotel-gaedi.ch\/wp-content\/uploads\/2023\/03\/hotel-gaedi-halbpension-02-1024x683.jpg 1024w, https:\/\/hotel-gaedi.ch\/wp-content\/uploads\/2023\/03\/hotel-gaedi-halbpension-02-768x512.jpg 768w, https:\/\/hotel-gaedi.ch\/wp-content\/uploads\/2023\/03\/hotel-gaedi-halbpension-02-1536x1024.jpg 1536w\" sizes=\"auto, (max-width: 1770px) 100vw, 1770px\" \/><\/figure>\n<\/div><\/div>\n\n\n\n<div class=\"wp-block-group carousel-item\"><div class=\"wp-block-group__inner-container is-layout-flow wp-block-group-is-layout-flow\">\n<figure class=\"wp-block-image size-full\"><img loading=\"lazy\" decoding=\"async\" width=\"1770\" height=\"1180\" src=\"https:\/\/hotel-gaedi.ch\/wp-content\/uploads\/2023\/03\/hotel-gaedi-halbpension-03.jpg\" alt=\"Restaurant G&#xE4;di Gr&#xE4;chen - Happiness half board\" class=\"wp-image-3663\" srcset=\"https:\/\/hotel-gaedi.ch\/wp-content\/uploads\/2023\/03\/hotel-gaedi-halbpension-03.jpg 1770w, https:\/\/hotel-gaedi.ch\/wp-content\/uploads\/2023\/03\/hotel-gaedi-halbpension-03-500x333.jpg 500w, https:\/\/hotel-gaedi.ch\/wp-content\/uploads\/2023\/03\/hotel-gaedi-halbpension-03-1024x683.jpg 1024w, https:\/\/hotel-gaedi.ch\/wp-content\/uploads\/2023\/03\/hotel-gaedi-halbpension-03-768x512.jpg 768w, https:\/\/hotel-gaedi.ch\/wp-content\/uploads\/2023\/03\/hotel-gaedi-halbpension-03-1536x1024.jpg 1536w\" sizes=\"auto, (max-width: 1770px) 100vw, 1770px\" \/><\/figure>\n<\/div><\/div>\n\n\n\n<div class=\"wp-block-group carousel-item\"><div class=\"wp-block-group__inner-container is-layout-flow wp-block-group-is-layout-flow\">\n<figure class=\"wp-block-image size-full\"><img loading=\"lazy\" decoding=\"async\" width=\"1770\" height=\"1180\" src=\"https:\/\/hotel-gaedi.ch\/wp-content\/uploads\/2023\/03\/hotel-gaedi-halbpension-04.jpg\" alt=\"Restaurant G&#xE4;di Gr&#xE4;chen - Happiness half board\" class=\"wp-image-3670\" srcset=\"https:\/\/hotel-gaedi.ch\/wp-content\/uploads\/2023\/03\/hotel-gaedi-halbpension-04.jpg 1770w, https:\/\/hotel-gaedi.ch\/wp-content\/uploads\/2023\/03\/hotel-gaedi-halbpension-04-500x333.jpg 500w, https:\/\/hotel-gaedi.ch\/wp-content\/uploads\/2023\/03\/hotel-gaedi-halbpension-04-1024x683.jpg 1024w, https:\/\/hotel-gaedi.ch\/wp-content\/uploads\/2023\/03\/hotel-gaedi-halbpension-04-768x512.jpg 768w, https:\/\/hotel-gaedi.ch\/wp-content\/uploads\/2023\/03\/hotel-gaedi-halbpension-04-1536x1024.jpg 1536w\" sizes=\"auto, (max-width: 1770px) 100vw, 1770px\" \/><\/figure>\n<\/div><\/div>\n\n\n\n<div class=\"wp-block-group carousel-item\"><div class=\"wp-block-group__inner-container is-layout-flow wp-block-group-is-layout-flow\">\n<figure class=\"wp-block-image size-full\"><img loading=\"lazy\" decoding=\"async\" width=\"1770\" height=\"1180\" src=\"https:\/\/hotel-gaedi.ch\/wp-content\/uploads\/2023\/03\/hotel-gaedi-halbpension-05.jpg\" alt=\"\" class=\"wp-image-3673\" srcset=\"https:\/\/hotel-gaedi.ch\/wp-content\/uploads\/2023\/03\/hotel-gaedi-halbpension-05.jpg 1770w, https:\/\/hotel-gaedi.ch\/wp-content\/uploads\/2023\/03\/hotel-gaedi-halbpension-05-500x333.jpg 500w, https:\/\/hotel-gaedi.ch\/wp-content\/uploads\/2023\/03\/hotel-gaedi-halbpension-05-1024x683.jpg 1024w, https:\/\/hotel-gaedi.ch\/wp-content\/uploads\/2023\/03\/hotel-gaedi-halbpension-05-768x512.jpg 768w, https:\/\/hotel-gaedi.ch\/wp-content\/uploads\/2023\/03\/hotel-gaedi-halbpension-05-1536x1024.jpg 1536w\" sizes=\"auto, (max-width: 1770px) 100vw, 1770px\" \/><\/figure>\n<\/div><\/div>\n\n\n\n<div class=\"wp-block-group carousel-item\"><div class=\"wp-block-group__inner-container is-layout-flow wp-block-group-is-layout-flow\">\n<figure class=\"wp-block-image size-full\"><img loading=\"lazy\" decoding=\"async\" width=\"1770\" height=\"1180\" src=\"https:\/\/hotel-gaedi.ch\/wp-content\/uploads\/2023\/03\/hotel-gaedi-halbpension-06.jpg\" alt=\"Restaurant G&#xE4;di Gr&#xE4;chen - Happiness half board\" class=\"wp-image-3676\" srcset=\"https:\/\/hotel-gaedi.ch\/wp-content\/uploads\/2023\/03\/hotel-gaedi-halbpension-06.jpg 1770w, https:\/\/hotel-gaedi.ch\/wp-content\/uploads\/2023\/03\/hotel-gaedi-halbpension-06-500x333.jpg 500w, https:\/\/hotel-gaedi.ch\/wp-content\/uploads\/2023\/03\/hotel-gaedi-halbpension-06-1024x683.jpg 1024w, https:\/\/hotel-gaedi.ch\/wp-content\/uploads\/2023\/03\/hotel-gaedi-halbpension-06-768x512.jpg 768w, https:\/\/hotel-gaedi.ch\/wp-content\/uploads\/2023\/03\/hotel-gaedi-halbpension-06-1536x1024.jpg 1536w\" sizes=\"auto, (max-width: 1770px) 100vw, 1770px\" \/><\/figure>\n<\/div><\/div>\n\n\n\n<div class=\"wp-block-group carousel-item\"><div class=\"wp-block-group__inner-container is-layout-flow wp-block-group-is-layout-flow\">\n<figure class=\"wp-block-image size-full\"><img loading=\"lazy\" decoding=\"async\" width=\"1770\" height=\"1180\" src=\"https:\/\/hotel-gaedi.ch\/wp-content\/uploads\/2023\/03\/hotel-gaedi-halbpension-07.jpg\" alt=\"Restaurant G&#xE4;di Gr&#xE4;chen - Happiness half board\" class=\"wp-image-3679\" srcset=\"https:\/\/hotel-gaedi.ch\/wp-content\/uploads\/2023\/03\/hotel-gaedi-halbpension-07.jpg 1770w, https:\/\/hotel-gaedi.ch\/wp-content\/uploads\/2023\/03\/hotel-gaedi-halbpension-07-500x333.jpg 500w, https:\/\/hotel-gaedi.ch\/wp-content\/uploads\/2023\/03\/hotel-gaedi-halbpension-07-1024x683.jpg 1024w, https:\/\/hotel-gaedi.ch\/wp-content\/uploads\/2023\/03\/hotel-gaedi-halbpension-07-768x512.jpg 768w, https:\/\/hotel-gaedi.ch\/wp-content\/uploads\/2023\/03\/hotel-gaedi-halbpension-07-1536x1024.jpg 1536w\" sizes=\"auto, (max-width: 1770px) 100vw, 1770px\" \/><\/figure>\n<\/div><\/div>\n\n\n\n<div class=\"wp-block-group carousel-item\"><div class=\"wp-block-group__inner-container is-layout-flow wp-block-group-is-layout-flow\">\n<figure class=\"wp-block-image size-full\"><img loading=\"lazy\" decoding=\"async\" width=\"1770\" height=\"1180\" src=\"https:\/\/hotel-gaedi.ch\/wp-content\/uploads\/2023\/03\/hotel-gaedi-halbpension-08.jpg\" alt=\"Restaurant G&#xE4;di Gr&#xE4;chen - Happiness half board\" class=\"wp-image-3682\" srcset=\"https:\/\/hotel-gaedi.ch\/wp-content\/uploads\/2023\/03\/hotel-gaedi-halbpension-08.jpg 1770w, https:\/\/hotel-gaedi.ch\/wp-content\/uploads\/2023\/03\/hotel-gaedi-halbpension-08-500x333.jpg 500w, https:\/\/hotel-gaedi.ch\/wp-content\/uploads\/2023\/03\/hotel-gaedi-halbpension-08-1024x683.jpg 1024w, https:\/\/hotel-gaedi.ch\/wp-content\/uploads\/2023\/03\/hotel-gaedi-halbpension-08-768x512.jpg 768w, https:\/\/hotel-gaedi.ch\/wp-content\/uploads\/2023\/03\/hotel-gaedi-halbpension-08-1536x1024.jpg 1536w\" sizes=\"auto, (max-width: 1770px) 100vw, 1770px\" \/><\/figure>\n<\/div><\/div>\n\n\n\n<div class=\"wp-block-group carousel-item\"><div class=\"wp-block-group__inner-container is-layout-flow wp-block-group-is-layout-flow\">\n<figure class=\"wp-block-image size-full\"><img loading=\"lazy\" decoding=\"async\" width=\"1770\" height=\"1180\" src=\"https:\/\/hotel-gaedi.ch\/wp-content\/uploads\/2023\/03\/hotel-gaedi-halbpension-09.jpg\" alt=\"Restaurant G&#xE4;di Gr&#xE4;chen - Happiness half board\" class=\"wp-image-3685\" srcset=\"https:\/\/hotel-gaedi.ch\/wp-content\/uploads\/2023\/03\/hotel-gaedi-halbpension-09.jpg 1770w, https:\/\/hotel-gaedi.ch\/wp-content\/uploads\/2023\/03\/hotel-gaedi-halbpension-09-500x333.jpg 500w, https:\/\/hotel-gaedi.ch\/wp-content\/uploads\/2023\/03\/hotel-gaedi-halbpension-09-1024x683.jpg 1024w, https:\/\/hotel-gaedi.ch\/wp-content\/uploads\/2023\/03\/hotel-gaedi-halbpension-09-768x512.jpg 768w, https:\/\/hotel-gaedi.ch\/wp-content\/uploads\/2023\/03\/hotel-gaedi-halbpension-09-1536x1024.jpg 1536w\" sizes=\"auto, (max-width: 1770px) 100vw, 1770px\" \/><\/figure>\n<\/div><\/div>\n\n\n\n<div class=\"wp-block-group carousel-item\"><div class=\"wp-block-group__inner-container is-layout-flow wp-block-group-is-layout-flow\">\n<figure class=\"wp-block-image size-full\"><img loading=\"lazy\" decoding=\"async\" width=\"1770\" height=\"1180\" src=\"https:\/\/hotel-gaedi.ch\/wp-content\/uploads\/2023\/03\/hotel-gaedi-halbpension-10.jpg\" alt=\"Restaurant G&#xE4;di Gr&#xE4;chen - Happiness half board\" class=\"wp-image-3688\" srcset=\"https:\/\/hotel-gaedi.ch\/wp-content\/uploads\/2023\/03\/hotel-gaedi-halbpension-10.jpg 1770w, https:\/\/hotel-gaedi.ch\/wp-content\/uploads\/2023\/03\/hotel-gaedi-halbpension-10-500x333.jpg 500w, https:\/\/hotel-gaedi.ch\/wp-content\/uploads\/2023\/03\/hotel-gaedi-halbpension-10-1024x683.jpg 1024w, https:\/\/hotel-gaedi.ch\/wp-content\/uploads\/2023\/03\/hotel-gaedi-halbpension-10-768x512.jpg 768w, https:\/\/hotel-gaedi.ch\/wp-content\/uploads\/2023\/03\/hotel-gaedi-halbpension-10-1536x1024.jpg 1536w\" sizes=\"auto, (max-width: 1770px) 100vw, 1770px\" \/><\/figure>\n<\/div><\/div>\n<\/div><\/div>\n<\/div>\n<\/div>\n<\/div><\/div>\n\n<div class=\"wp-block-group container introtext-centered-sun-icon-title\"><div class=\"wp-block-group__inner-container is-layout-flow wp-block-group-is-layout-flow\">\n<div class=\"wp-block-columns row is-layout-flex wp-container-core-columns-is-layout-9d6595d7 wp-block-columns-is-layout-flex\">\n<div class=\"wp-block-column col-12 is-layout-flow wp-block-column-is-layout-flow\">\n<figure class=\"wp-block-image size-large is-resized\"><img decoding=\"async\" src=\"https:\/\/hotel-gaedi.ch\/wp-content\/uploads\/2022\/09\/sonne-logo.svg\" alt=\"\" class=\"wp-image-155\" style=\"width:100px\"\/><\/figure>\n\n\n\n<blockquote class=\"wp-block-quote is-layout-flow wp-block-quote-is-layout-flow\">\n<p>&#8220;Dinner is a culinary flight of fancy. Efficient and attentive service, the choice of dishes compelling, and the meals top-notch in taste.&#8221;<\/p>\n<\/blockquote>\n<\/div>\n<\/div>\n<\/div><\/div>\n","protected":false},"excerpt":{"rendered":"<p>Happiness half board Look forward to a warm atmosphere in our stylish dining room. We will prepare a delicious 4-course menu for you&#8230;Here, the chef cooks himself! Martin, your host, and his small team conjure up for you every evening anew the finest and lightest dishes from our wonderful region and from the wide world. [&hellip;]<\/p>\n","protected":false},"author":1,"featured_media":0,"parent":3356,"menu_order":0,"comment_status":"closed","ping_status":"closed","template":"","meta":{"_acf_changed":false,"inline_featured_image":false,"footnotes":""},"class_list":["post-3362","page","type-page","status-publish","hentry"],"acf":[],"yoast_head":"<!-- This site is optimized with the Yoast SEO plugin v27.4 - https:\/\/yoast.com\/product\/yoast-seo-wordpress\/ -->\n<title>Half board in Restaurant G\u00e4di | Hotel G\u00e4di Gr\u00e4chen<\/title>\n<meta name=\"description\" content=\"Chef Martin &amp; his team conjure up a 4-course menu on the plate for you every evening. Book your stay with Gl\u00fccks half board.\" \/>\n<meta name=\"robots\" content=\"index, follow, max-snippet:-1, max-image-preview:large, max-video-preview:-1\" \/>\n<link rel=\"canonical\" href=\"https:\/\/hotel-gaedi.ch\/en\/restaurant\/happiness-half-board\/\" \/>\n<meta property=\"og:locale\" content=\"en_US\" \/>\n<meta property=\"og:type\" content=\"article\" \/>\n<meta property=\"og:title\" content=\"Half board in Restaurant G\u00e4di | Hotel G\u00e4di Gr\u00e4chen\" \/>\n<meta property=\"og:description\" content=\"Chef Martin &amp; his team conjure up a 4-course menu on the plate for you every evening. Book your stay with Gl\u00fccks half board.\" \/>\n<meta property=\"og:url\" content=\"https:\/\/hotel-gaedi.ch\/en\/restaurant\/happiness-half-board\/\" \/>\n<meta property=\"og:site_name\" content=\"Hotel G\u00e4di\" \/>\n<meta property=\"article:modified_time\" content=\"2026-04-16T17:49:04+00:00\" \/>\n<meta property=\"og:image\" content=\"https:\/\/hotel-gaedi.ch\/wp-content\/uploads\/2023\/03\/hotel-gaedi-halbpension-01.jpg\" \/>\n\t<meta property=\"og:image:width\" content=\"1770\" \/>\n\t<meta property=\"og:image:height\" content=\"1180\" \/>\n\t<meta property=\"og:image:type\" content=\"image\/jpeg\" \/>\n<meta name=\"twitter:card\" content=\"summary_large_image\" \/>\n<meta name=\"twitter:label1\" content=\"Est. reading time\" \/>\n\t<meta name=\"twitter:data1\" content=\"1 minute\" \/>\n<script type=\"application\/ld+json\" class=\"yoast-schema-graph\">{\"@context\":\"https:\\\/\\\/schema.org\",\"@graph\":[{\"@type\":\"WebPage\",\"@id\":\"https:\\\/\\\/hotel-gaedi.ch\\\/en\\\/restaurant\\\/happiness-half-board\\\/\",\"url\":\"https:\\\/\\\/hotel-gaedi.ch\\\/en\\\/restaurant\\\/happiness-half-board\\\/\",\"name\":\"Half board in Restaurant G\u00e4di | Hotel G\u00e4di Gr\u00e4chen\",\"isPartOf\":{\"@id\":\"https:\\\/\\\/hotel-gaedi.ch\\\/#website\"},\"primaryImageOfPage\":{\"@id\":\"https:\\\/\\\/hotel-gaedi.ch\\\/en\\\/restaurant\\\/happiness-half-board\\\/#primaryimage\"},\"image\":{\"@id\":\"https:\\\/\\\/hotel-gaedi.ch\\\/en\\\/restaurant\\\/happiness-half-board\\\/#primaryimage\"},\"thumbnailUrl\":\"https:\\\/\\\/hotel-gaedi.ch\\\/wp-content\\\/uploads\\\/2023\\\/03\\\/hotel-gaedi-halbpension-01.jpg\",\"datePublished\":\"2022-09-09T10:14:03+00:00\",\"dateModified\":\"2026-04-16T17:49:04+00:00\",\"description\":\"Chef Martin & his team conjure up a 4-course menu on the plate for you every evening. Book your stay with Gl\u00fccks half board.\",\"breadcrumb\":{\"@id\":\"https:\\\/\\\/hotel-gaedi.ch\\\/en\\\/restaurant\\\/happiness-half-board\\\/#breadcrumb\"},\"inLanguage\":\"en-US\",\"potentialAction\":[{\"@type\":\"ReadAction\",\"target\":[\"https:\\\/\\\/hotel-gaedi.ch\\\/en\\\/restaurant\\\/happiness-half-board\\\/\"]}]},{\"@type\":\"ImageObject\",\"inLanguage\":\"en-US\",\"@id\":\"https:\\\/\\\/hotel-gaedi.ch\\\/en\\\/restaurant\\\/happiness-half-board\\\/#primaryimage\",\"url\":\"https:\\\/\\\/hotel-gaedi.ch\\\/wp-content\\\/uploads\\\/2023\\\/03\\\/hotel-gaedi-halbpension-01.jpg\",\"contentUrl\":\"https:\\\/\\\/hotel-gaedi.ch\\\/wp-content\\\/uploads\\\/2023\\\/03\\\/hotel-gaedi-halbpension-01.jpg\"},{\"@type\":\"BreadcrumbList\",\"@id\":\"https:\\\/\\\/hotel-gaedi.ch\\\/en\\\/restaurant\\\/happiness-half-board\\\/#breadcrumb\",\"itemListElement\":[{\"@type\":\"ListItem\",\"position\":1,\"name\":\"Home\",\"item\":\"https:\\\/\\\/hotel-gaedi.ch\\\/en\\\/\"},{\"@type\":\"ListItem\",\"position\":2,\"name\":\"Restaurant\",\"item\":\"https:\\\/\\\/hotel-gaedi.ch\\\/en\\\/restaurant\\\/\"},{\"@type\":\"ListItem\",\"position\":3,\"name\":\"Happiness half board\"}]},{\"@type\":\"WebSite\",\"@id\":\"https:\\\/\\\/hotel-gaedi.ch\\\/#website\",\"url\":\"https:\\\/\\\/hotel-gaedi.ch\\\/\",\"name\":\"Hotel G\u00e4di\",\"description\":\"Ferien im Hotel G\u00e4di - Gr\u00e4chen\",\"potentialAction\":[{\"@type\":\"SearchAction\",\"target\":{\"@type\":\"EntryPoint\",\"urlTemplate\":\"https:\\\/\\\/hotel-gaedi.ch\\\/?s={search_term_string}\"},\"query-input\":{\"@type\":\"PropertyValueSpecification\",\"valueRequired\":true,\"valueName\":\"search_term_string\"}}],\"inLanguage\":\"en-US\"}]}<\/script>\n<!-- \/ Yoast SEO plugin. -->","yoast_head_json":{"title":"Half board in Restaurant G\u00e4di | Hotel G\u00e4di Gr\u00e4chen","description":"Chef Martin & his team conjure up a 4-course menu on the plate for you every evening. Book your stay with Gl\u00fccks half board.","robots":{"index":"index","follow":"follow","max-snippet":"max-snippet:-1","max-image-preview":"max-image-preview:large","max-video-preview":"max-video-preview:-1"},"canonical":"https:\/\/hotel-gaedi.ch\/en\/restaurant\/happiness-half-board\/","og_locale":"en_US","og_type":"article","og_title":"Half board in Restaurant G\u00e4di | Hotel G\u00e4di Gr\u00e4chen","og_description":"Chef Martin & his team conjure up a 4-course menu on the plate for you every evening. Book your stay with Gl\u00fccks half board.","og_url":"https:\/\/hotel-gaedi.ch\/en\/restaurant\/happiness-half-board\/","og_site_name":"Hotel G\u00e4di","article_modified_time":"2026-04-16T17:49:04+00:00","og_image":[{"width":1770,"height":1180,"url":"https:\/\/hotel-gaedi.ch\/wp-content\/uploads\/2023\/03\/hotel-gaedi-halbpension-01.jpg","type":"image\/jpeg"}],"twitter_card":"summary_large_image","twitter_misc":{"Est. reading time":"1 minute"},"schema":{"@context":"https:\/\/schema.org","@graph":[{"@type":"WebPage","@id":"https:\/\/hotel-gaedi.ch\/en\/restaurant\/happiness-half-board\/","url":"https:\/\/hotel-gaedi.ch\/en\/restaurant\/happiness-half-board\/","name":"Half board in Restaurant G\u00e4di | Hotel G\u00e4di Gr\u00e4chen","isPartOf":{"@id":"https:\/\/hotel-gaedi.ch\/#website"},"primaryImageOfPage":{"@id":"https:\/\/hotel-gaedi.ch\/en\/restaurant\/happiness-half-board\/#primaryimage"},"image":{"@id":"https:\/\/hotel-gaedi.ch\/en\/restaurant\/happiness-half-board\/#primaryimage"},"thumbnailUrl":"https:\/\/hotel-gaedi.ch\/wp-content\/uploads\/2023\/03\/hotel-gaedi-halbpension-01.jpg","datePublished":"2022-09-09T10:14:03+00:00","dateModified":"2026-04-16T17:49:04+00:00","description":"Chef Martin & his team conjure up a 4-course menu on the plate for you every evening. Book your stay with Gl\u00fccks half board.","breadcrumb":{"@id":"https:\/\/hotel-gaedi.ch\/en\/restaurant\/happiness-half-board\/#breadcrumb"},"inLanguage":"en-US","potentialAction":[{"@type":"ReadAction","target":["https:\/\/hotel-gaedi.ch\/en\/restaurant\/happiness-half-board\/"]}]},{"@type":"ImageObject","inLanguage":"en-US","@id":"https:\/\/hotel-gaedi.ch\/en\/restaurant\/happiness-half-board\/#primaryimage","url":"https:\/\/hotel-gaedi.ch\/wp-content\/uploads\/2023\/03\/hotel-gaedi-halbpension-01.jpg","contentUrl":"https:\/\/hotel-gaedi.ch\/wp-content\/uploads\/2023\/03\/hotel-gaedi-halbpension-01.jpg"},{"@type":"BreadcrumbList","@id":"https:\/\/hotel-gaedi.ch\/en\/restaurant\/happiness-half-board\/#breadcrumb","itemListElement":[{"@type":"ListItem","position":1,"name":"Home","item":"https:\/\/hotel-gaedi.ch\/en\/"},{"@type":"ListItem","position":2,"name":"Restaurant","item":"https:\/\/hotel-gaedi.ch\/en\/restaurant\/"},{"@type":"ListItem","position":3,"name":"Happiness half board"}]},{"@type":"WebSite","@id":"https:\/\/hotel-gaedi.ch\/#website","url":"https:\/\/hotel-gaedi.ch\/","name":"Hotel G\u00e4di","description":"Ferien im Hotel G\u00e4di - Gr\u00e4chen","potentialAction":[{"@type":"SearchAction","target":{"@type":"EntryPoint","urlTemplate":"https:\/\/hotel-gaedi.ch\/?s={search_term_string}"},"query-input":{"@type":"PropertyValueSpecification","valueRequired":true,"valueName":"search_term_string"}}],"inLanguage":"en-US"}]}},"_links":{"self":[{"href":"https:\/\/hotel-gaedi.ch\/en\/wp-json\/wp\/v2\/pages\/3362","targetHints":{"allow":["GET"]}}],"collection":[{"href":"https:\/\/hotel-gaedi.ch\/en\/wp-json\/wp\/v2\/pages"}],"about":[{"href":"https:\/\/hotel-gaedi.ch\/en\/wp-json\/wp\/v2\/types\/page"}],"author":[{"embeddable":true,"href":"https:\/\/hotel-gaedi.ch\/en\/wp-json\/wp\/v2\/users\/1"}],"replies":[{"embeddable":true,"href":"https:\/\/hotel-gaedi.ch\/en\/wp-json\/wp\/v2\/comments?post=3362"}],"version-history":[{"count":10,"href":"https:\/\/hotel-gaedi.ch\/en\/wp-json\/wp\/v2\/pages\/3362\/revisions"}],"predecessor-version":[{"id":4713,"href":"https:\/\/hotel-gaedi.ch\/en\/wp-json\/wp\/v2\/pages\/3362\/revisions\/4713"}],"up":[{"embeddable":true,"href":"https:\/\/hotel-gaedi.ch\/en\/wp-json\/wp\/v2\/pages\/3356"}],"wp:attachment":[{"href":"https:\/\/hotel-gaedi.ch\/en\/wp-json\/wp\/v2\/media?parent=3362"}],"curies":[{"name":"wp","href":"https:\/\/api.w.org\/{rel}","templated":true}]}}