{"id":3364,"date":"2022-09-09T12:13:34","date_gmt":"2022-09-09T10:13:34","guid":{"rendered":"https:\/\/hotel-gaedi.ch\/restaurant\/menu\/"},"modified":"2026-04-16T19:49:26","modified_gmt":"2026-04-16T17:49:26","slug":"menu","status":"publish","type":"page","link":"https:\/\/hotel-gaedi.ch\/en\/restaurant\/menu\/","title":{"rendered":"Menu"},"content":{"rendered":"\n<div class=\"wp-block-group container introtext-centered-sun-icon-title\"><div class=\"wp-block-group__inner-container is-layout-flow wp-block-group-is-layout-flow\">\n<div class=\"wp-block-columns row is-layout-flex wp-container-core-columns-is-layout-9d6595d7 wp-block-columns-is-layout-flex\">\n<div class=\"wp-block-column col-12 is-layout-flow wp-block-column-is-layout-flow\">\n<h1 class=\"wp-block-heading\">Menu Hotel G\u00e4di Gr\u00e4chen<\/h1>\n\n\n\n<p>Host and chef Martin creates the finest dishes every day for the half-board dinner <br\/>in the Restaurant G\u00e4di Gr\u00e4chen. The 4-course menu is a veritable delight. The dishes are light, prepared with a fine refinement and pure pleasure for the eye. The a la carte offer seduces with classics, freshly prepared from A to Z. <br\/><br\/>Guests from Gr\u00e4chen or further afield are welcome to enjoy the Gl\u00fccks-Menu or dishes from the a la carte menu with us. In the evening, from 18.30, please reserve table early.  <br\/><a href=\"tel:+41279561828\"><\/a><strong><a href=\"tel:0041279561828\">+41 27 956 18 28<\/a><\/strong><br\/><\/p>\n\n\n\n<div class=\"wp-block-buttons is-layout-flex wp-block-buttons-is-layout-flex\">\n<div class=\"wp-block-button\"><a class=\"wp-block-button__link wp-element-button\" href=\"https:\/\/hotel-gaedi.ch\/en\/restaurant\/table-reservation\/\">reserve table<\/a><\/div>\n<\/div>\n<\/div>\n<\/div>\n<\/div><\/div>\n\n<div class=\"wp-block-group container download-list\"><div class=\"wp-block-group__inner-container is-layout-flow wp-block-group-is-layout-flow\">\n<div class=\"wp-block-columns row is-layout-flex wp-container-core-columns-is-layout-9d6595d7 wp-block-columns-is-layout-flex\">\n<div class=\"wp-block-column col-12 is-layout-flow wp-block-column-is-layout-flow\">\n<div class=\"wp-block-group\"><div class=\"wp-block-group__inner-container is-layout-flow wp-block-group-is-layout-flow\">\n<h4 class=\"wp-block-heading\">Menu follows&#8230;<\/h4>\n<\/div><\/div>\n<\/div>\n<\/div>\n<\/div><\/div>\n\n<div class=\"wp-block-group container-fluid gaedi-carousel three-items-fullwidth\"><div class=\"wp-block-group__inner-container is-layout-flow wp-block-group-is-layout-flow\">\n<div class=\"wp-block-columns row is-layout-flex wp-container-core-columns-is-layout-9d6595d7 wp-block-columns-is-layout-flex\">\n<div class=\"wp-block-column col-12 carousel slide is-layout-flow wp-block-column-is-layout-flow\" id=\"imagesCarousel\" data-pause=\"true\" data-wrap=\"false\" data-keyboard=\"true\" data-perSlideItems=\"3\" data-bs-ride=\"carousel\" data-bs-interval=\"false\">\n<div class=\"wp-block-group carousel-inner\" role=\"listbox\"><div class=\"wp-block-group__inner-container is-layout-flow wp-block-group-is-layout-flow\">\n<div class=\"wp-block-group carousel-item active\"><div class=\"wp-block-group__inner-container is-layout-flow wp-block-group-is-layout-flow\">\n<figure class=\"wp-block-image size-full\"><img loading=\"lazy\" decoding=\"async\" width=\"1770\" height=\"1180\" src=\"https:\/\/hotel-gaedi.ch\/wp-content\/uploads\/2023\/03\/hotel-gaedi-a-la-carte-01.jpg\" alt=\"A la carte dinner Hotel G&#xE4;di\" class=\"wp-image-3700\" srcset=\"https:\/\/hotel-gaedi.ch\/wp-content\/uploads\/2023\/03\/hotel-gaedi-a-la-carte-01.jpg 1770w, https:\/\/hotel-gaedi.ch\/wp-content\/uploads\/2023\/03\/hotel-gaedi-a-la-carte-01-500x333.jpg 500w, https:\/\/hotel-gaedi.ch\/wp-content\/uploads\/2023\/03\/hotel-gaedi-a-la-carte-01-1024x683.jpg 1024w, https:\/\/hotel-gaedi.ch\/wp-content\/uploads\/2023\/03\/hotel-gaedi-a-la-carte-01-768x512.jpg 768w, https:\/\/hotel-gaedi.ch\/wp-content\/uploads\/2023\/03\/hotel-gaedi-a-la-carte-01-1536x1024.jpg 1536w\" sizes=\"auto, (max-width: 1770px) 100vw, 1770px\" \/><\/figure>\n<\/div><\/div>\n\n\n\n<div class=\"wp-block-group carousel-item\"><div class=\"wp-block-group__inner-container is-layout-flow wp-block-group-is-layout-flow\">\n<figure class=\"wp-block-image size-full\"><img loading=\"lazy\" decoding=\"async\" width=\"1770\" height=\"1180\" src=\"https:\/\/hotel-gaedi.ch\/wp-content\/uploads\/2023\/03\/hotel-gaedi-a-la-carte-02.jpg\" alt=\"A la carte dinner Hotel G&#xE4;di\" class=\"wp-image-3703\" srcset=\"https:\/\/hotel-gaedi.ch\/wp-content\/uploads\/2023\/03\/hotel-gaedi-a-la-carte-02.jpg 1770w, https:\/\/hotel-gaedi.ch\/wp-content\/uploads\/2023\/03\/hotel-gaedi-a-la-carte-02-500x333.jpg 500w, https:\/\/hotel-gaedi.ch\/wp-content\/uploads\/2023\/03\/hotel-gaedi-a-la-carte-02-1024x683.jpg 1024w, https:\/\/hotel-gaedi.ch\/wp-content\/uploads\/2023\/03\/hotel-gaedi-a-la-carte-02-768x512.jpg 768w, https:\/\/hotel-gaedi.ch\/wp-content\/uploads\/2023\/03\/hotel-gaedi-a-la-carte-02-1536x1024.jpg 1536w\" sizes=\"auto, (max-width: 1770px) 100vw, 1770px\" \/><\/figure>\n<\/div><\/div>\n\n\n\n<div class=\"wp-block-group carousel-item\"><div class=\"wp-block-group__inner-container is-layout-flow wp-block-group-is-layout-flow\">\n<figure class=\"wp-block-image size-full\"><img loading=\"lazy\" decoding=\"async\" width=\"1770\" height=\"1180\" src=\"https:\/\/hotel-gaedi.ch\/wp-content\/uploads\/2023\/03\/hotel-gaedi-a-la-carte-02b.jpg\" alt=\"A la carte dinner Hotel G&#xE4;di\" class=\"wp-image-3706\" srcset=\"https:\/\/hotel-gaedi.ch\/wp-content\/uploads\/2023\/03\/hotel-gaedi-a-la-carte-02b.jpg 1770w, https:\/\/hotel-gaedi.ch\/wp-content\/uploads\/2023\/03\/hotel-gaedi-a-la-carte-02b-500x333.jpg 500w, https:\/\/hotel-gaedi.ch\/wp-content\/uploads\/2023\/03\/hotel-gaedi-a-la-carte-02b-1024x683.jpg 1024w, https:\/\/hotel-gaedi.ch\/wp-content\/uploads\/2023\/03\/hotel-gaedi-a-la-carte-02b-768x512.jpg 768w, https:\/\/hotel-gaedi.ch\/wp-content\/uploads\/2023\/03\/hotel-gaedi-a-la-carte-02b-1536x1024.jpg 1536w\" sizes=\"auto, (max-width: 1770px) 100vw, 1770px\" \/><\/figure>\n<\/div><\/div>\n\n\n\n<div class=\"wp-block-group carousel-item\"><div class=\"wp-block-group__inner-container is-layout-flow wp-block-group-is-layout-flow\">\n<figure class=\"wp-block-image size-full\"><img loading=\"lazy\" decoding=\"async\" width=\"1770\" height=\"1180\" src=\"https:\/\/hotel-gaedi.ch\/wp-content\/uploads\/2023\/03\/hotel-gaedi-a-la-carte-03.jpg\" alt=\"A la carte dinner Hotel G&#xE4;di\" class=\"wp-image-3709\" srcset=\"https:\/\/hotel-gaedi.ch\/wp-content\/uploads\/2023\/03\/hotel-gaedi-a-la-carte-03.jpg 1770w, https:\/\/hotel-gaedi.ch\/wp-content\/uploads\/2023\/03\/hotel-gaedi-a-la-carte-03-500x333.jpg 500w, https:\/\/hotel-gaedi.ch\/wp-content\/uploads\/2023\/03\/hotel-gaedi-a-la-carte-03-1024x683.jpg 1024w, https:\/\/hotel-gaedi.ch\/wp-content\/uploads\/2023\/03\/hotel-gaedi-a-la-carte-03-768x512.jpg 768w, https:\/\/hotel-gaedi.ch\/wp-content\/uploads\/2023\/03\/hotel-gaedi-a-la-carte-03-1536x1024.jpg 1536w\" sizes=\"auto, (max-width: 1770px) 100vw, 1770px\" \/><\/figure>\n<\/div><\/div>\n\n\n\n<div class=\"wp-block-group carousel-item\"><div class=\"wp-block-group__inner-container is-layout-flow wp-block-group-is-layout-flow\">\n<figure class=\"wp-block-image size-full\"><img loading=\"lazy\" decoding=\"async\" width=\"1770\" height=\"1180\" src=\"https:\/\/hotel-gaedi.ch\/wp-content\/uploads\/2023\/03\/hotel-gaedi-a-la-carte-04.jpg\" alt=\"A la carte dinner Hotel G&#xE4;di\" class=\"wp-image-3712\" srcset=\"https:\/\/hotel-gaedi.ch\/wp-content\/uploads\/2023\/03\/hotel-gaedi-a-la-carte-04.jpg 1770w, https:\/\/hotel-gaedi.ch\/wp-content\/uploads\/2023\/03\/hotel-gaedi-a-la-carte-04-500x333.jpg 500w, https:\/\/hotel-gaedi.ch\/wp-content\/uploads\/2023\/03\/hotel-gaedi-a-la-carte-04-1024x683.jpg 1024w, https:\/\/hotel-gaedi.ch\/wp-content\/uploads\/2023\/03\/hotel-gaedi-a-la-carte-04-768x512.jpg 768w, https:\/\/hotel-gaedi.ch\/wp-content\/uploads\/2023\/03\/hotel-gaedi-a-la-carte-04-1536x1024.jpg 1536w\" sizes=\"auto, (max-width: 1770px) 100vw, 1770px\" \/><\/figure>\n<\/div><\/div>\n\n\n\n<div class=\"wp-block-group carousel-item\"><div class=\"wp-block-group__inner-container is-layout-flow wp-block-group-is-layout-flow\">\n<figure class=\"wp-block-image size-full\"><img loading=\"lazy\" decoding=\"async\" width=\"1770\" height=\"1180\" src=\"https:\/\/hotel-gaedi.ch\/wp-content\/uploads\/2023\/03\/hotel-gaedi-a-la-carte-05.jpg\" alt=\"A la carte dinner Hotel G&#xE4;di\" class=\"wp-image-3715\" srcset=\"https:\/\/hotel-gaedi.ch\/wp-content\/uploads\/2023\/03\/hotel-gaedi-a-la-carte-05.jpg 1770w, https:\/\/hotel-gaedi.ch\/wp-content\/uploads\/2023\/03\/hotel-gaedi-a-la-carte-05-500x333.jpg 500w, https:\/\/hotel-gaedi.ch\/wp-content\/uploads\/2023\/03\/hotel-gaedi-a-la-carte-05-1024x683.jpg 1024w, https:\/\/hotel-gaedi.ch\/wp-content\/uploads\/2023\/03\/hotel-gaedi-a-la-carte-05-768x512.jpg 768w, https:\/\/hotel-gaedi.ch\/wp-content\/uploads\/2023\/03\/hotel-gaedi-a-la-carte-05-1536x1024.jpg 1536w\" sizes=\"auto, (max-width: 1770px) 100vw, 1770px\" \/><\/figure>\n<\/div><\/div>\n\n\n\n<div class=\"wp-block-group carousel-item\"><div class=\"wp-block-group__inner-container is-layout-flow wp-block-group-is-layout-flow\">\n<figure class=\"wp-block-image size-full\"><img loading=\"lazy\" decoding=\"async\" width=\"1770\" height=\"1180\" src=\"https:\/\/hotel-gaedi.ch\/wp-content\/uploads\/2023\/03\/hotel-gaedi-a-la-carte-06.jpg\" alt=\"A la carte dinner Hotel G&#xE4;di\" class=\"wp-image-3718\" srcset=\"https:\/\/hotel-gaedi.ch\/wp-content\/uploads\/2023\/03\/hotel-gaedi-a-la-carte-06.jpg 1770w, https:\/\/hotel-gaedi.ch\/wp-content\/uploads\/2023\/03\/hotel-gaedi-a-la-carte-06-500x333.jpg 500w, https:\/\/hotel-gaedi.ch\/wp-content\/uploads\/2023\/03\/hotel-gaedi-a-la-carte-06-1024x683.jpg 1024w, https:\/\/hotel-gaedi.ch\/wp-content\/uploads\/2023\/03\/hotel-gaedi-a-la-carte-06-768x512.jpg 768w, https:\/\/hotel-gaedi.ch\/wp-content\/uploads\/2023\/03\/hotel-gaedi-a-la-carte-06-1536x1024.jpg 1536w\" sizes=\"auto, (max-width: 1770px) 100vw, 1770px\" \/><\/figure>\n<\/div><\/div>\n\n\n\n<div class=\"wp-block-group carousel-item\"><div class=\"wp-block-group__inner-container is-layout-flow wp-block-group-is-layout-flow\">\n<figure class=\"wp-block-image size-full\"><img loading=\"lazy\" decoding=\"async\" width=\"1770\" height=\"1180\" src=\"https:\/\/hotel-gaedi.ch\/wp-content\/uploads\/2023\/03\/hotel-gaedi-a-la-carte-07.jpg\" alt=\"A la carte dinner Hotel G&#xE4;di\" class=\"wp-image-3721\" srcset=\"https:\/\/hotel-gaedi.ch\/wp-content\/uploads\/2023\/03\/hotel-gaedi-a-la-carte-07.jpg 1770w, https:\/\/hotel-gaedi.ch\/wp-content\/uploads\/2023\/03\/hotel-gaedi-a-la-carte-07-500x333.jpg 500w, https:\/\/hotel-gaedi.ch\/wp-content\/uploads\/2023\/03\/hotel-gaedi-a-la-carte-07-1024x683.jpg 1024w, https:\/\/hotel-gaedi.ch\/wp-content\/uploads\/2023\/03\/hotel-gaedi-a-la-carte-07-768x512.jpg 768w, https:\/\/hotel-gaedi.ch\/wp-content\/uploads\/2023\/03\/hotel-gaedi-a-la-carte-07-1536x1024.jpg 1536w\" sizes=\"auto, (max-width: 1770px) 100vw, 1770px\" \/><\/figure>\n<\/div><\/div>\n\n\n\n<div class=\"wp-block-group carousel-item\"><div class=\"wp-block-group__inner-container is-layout-flow wp-block-group-is-layout-flow\">\n<figure class=\"wp-block-image size-full\"><img loading=\"lazy\" decoding=\"async\" width=\"1770\" height=\"1180\" src=\"https:\/\/hotel-gaedi.ch\/wp-content\/uploads\/2023\/03\/hotel-gaedi-a-la-carte-08.jpg\" alt=\"A la carte dinner Hotel G&#xE4;di\" class=\"wp-image-3724\" srcset=\"https:\/\/hotel-gaedi.ch\/wp-content\/uploads\/2023\/03\/hotel-gaedi-a-la-carte-08.jpg 1770w, https:\/\/hotel-gaedi.ch\/wp-content\/uploads\/2023\/03\/hotel-gaedi-a-la-carte-08-500x333.jpg 500w, https:\/\/hotel-gaedi.ch\/wp-content\/uploads\/2023\/03\/hotel-gaedi-a-la-carte-08-1024x683.jpg 1024w, https:\/\/hotel-gaedi.ch\/wp-content\/uploads\/2023\/03\/hotel-gaedi-a-la-carte-08-768x512.jpg 768w, https:\/\/hotel-gaedi.ch\/wp-content\/uploads\/2023\/03\/hotel-gaedi-a-la-carte-08-1536x1024.jpg 1536w\" sizes=\"auto, (max-width: 1770px) 100vw, 1770px\" \/><\/figure>\n<\/div><\/div>\n\n\n\n<div class=\"wp-block-group carousel-item\"><div class=\"wp-block-group__inner-container is-layout-flow wp-block-group-is-layout-flow\">\n<figure class=\"wp-block-image size-full\"><img loading=\"lazy\" decoding=\"async\" width=\"1770\" height=\"1180\" src=\"https:\/\/hotel-gaedi.ch\/wp-content\/uploads\/2023\/03\/hotel-gaedi-a-la-carte-09.jpg\" alt=\"A la carte dinner Hotel G&#xE4;di\" class=\"wp-image-3727\" srcset=\"https:\/\/hotel-gaedi.ch\/wp-content\/uploads\/2023\/03\/hotel-gaedi-a-la-carte-09.jpg 1770w, https:\/\/hotel-gaedi.ch\/wp-content\/uploads\/2023\/03\/hotel-gaedi-a-la-carte-09-500x333.jpg 500w, https:\/\/hotel-gaedi.ch\/wp-content\/uploads\/2023\/03\/hotel-gaedi-a-la-carte-09-1024x683.jpg 1024w, https:\/\/hotel-gaedi.ch\/wp-content\/uploads\/2023\/03\/hotel-gaedi-a-la-carte-09-768x512.jpg 768w, https:\/\/hotel-gaedi.ch\/wp-content\/uploads\/2023\/03\/hotel-gaedi-a-la-carte-09-1536x1024.jpg 1536w\" sizes=\"auto, (max-width: 1770px) 100vw, 1770px\" \/><\/figure>\n<\/div><\/div>\n<\/div><\/div>\n<\/div>\n<\/div>\n<\/div><\/div>\n","protected":false},"excerpt":{"rendered":"<p>Menu Hotel G\u00e4di Gr\u00e4chen Host and chef Martin creates the finest dishes every day for the half-board dinner in the Restaurant G\u00e4di Gr\u00e4chen. The 4-course menu is a veritable delight. The dishes are light, prepared with a fine refinement and pure pleasure for the eye. The a la carte offer seduces with classics, freshly prepared [&hellip;]<\/p>\n","protected":false},"author":1,"featured_media":0,"parent":3356,"menu_order":0,"comment_status":"closed","ping_status":"closed","template":"","meta":{"_acf_changed":false,"inline_featured_image":false,"footnotes":""},"class_list":["post-3364","page","type-page","status-publish","hentry"],"acf":[],"yoast_head":"<!-- This site is optimized with the Yoast SEO plugin v27.4 - https:\/\/yoast.com\/product\/yoast-seo-wordpress\/ -->\n<title>Menu Restaurant G\u00e4di | Hotel G\u00e4di Gr\u00e4chen<\/title>\n<meta name=\"description\" content=\"Restaurant G\u00e4di Chef Martin &amp; his team conjure up the finest Valais specialties on the plate. Here you can find our menus.\" \/>\n<meta name=\"robots\" content=\"index, follow, max-snippet:-1, max-image-preview:large, max-video-preview:-1\" \/>\n<link rel=\"canonical\" href=\"https:\/\/hotel-gaedi.ch\/en\/restaurant\/menu\/\" \/>\n<meta property=\"og:locale\" content=\"en_US\" \/>\n<meta property=\"og:type\" content=\"article\" \/>\n<meta property=\"og:title\" content=\"Menu Restaurant G\u00e4di | Hotel G\u00e4di Gr\u00e4chen\" \/>\n<meta property=\"og:description\" content=\"Restaurant G\u00e4di Chef Martin &amp; his team conjure up the finest Valais specialties on the plate. Here you can find our menus.\" \/>\n<meta property=\"og:url\" content=\"https:\/\/hotel-gaedi.ch\/en\/restaurant\/menu\/\" \/>\n<meta property=\"og:site_name\" content=\"Hotel G\u00e4di\" \/>\n<meta property=\"article:modified_time\" content=\"2026-04-16T17:49:26+00:00\" \/>\n<meta property=\"og:image\" content=\"https:\/\/hotel-gaedi.ch\/wp-content\/uploads\/2023\/03\/hotel-gaedi-a-la-carte-01.jpg\" \/>\n\t<meta property=\"og:image:width\" content=\"1770\" \/>\n\t<meta property=\"og:image:height\" content=\"1180\" \/>\n\t<meta property=\"og:image:type\" content=\"image\/jpeg\" \/>\n<meta name=\"twitter:card\" content=\"summary_large_image\" \/>\n<script type=\"application\/ld+json\" class=\"yoast-schema-graph\">{\"@context\":\"https:\\\/\\\/schema.org\",\"@graph\":[{\"@type\":\"WebPage\",\"@id\":\"https:\\\/\\\/hotel-gaedi.ch\\\/en\\\/restaurant\\\/menu\\\/\",\"url\":\"https:\\\/\\\/hotel-gaedi.ch\\\/en\\\/restaurant\\\/menu\\\/\",\"name\":\"Menu Restaurant G\u00e4di | Hotel G\u00e4di Gr\u00e4chen\",\"isPartOf\":{\"@id\":\"https:\\\/\\\/hotel-gaedi.ch\\\/#website\"},\"primaryImageOfPage\":{\"@id\":\"https:\\\/\\\/hotel-gaedi.ch\\\/en\\\/restaurant\\\/menu\\\/#primaryimage\"},\"image\":{\"@id\":\"https:\\\/\\\/hotel-gaedi.ch\\\/en\\\/restaurant\\\/menu\\\/#primaryimage\"},\"thumbnailUrl\":\"https:\\\/\\\/hotel-gaedi.ch\\\/wp-content\\\/uploads\\\/2023\\\/03\\\/hotel-gaedi-a-la-carte-01.jpg\",\"datePublished\":\"2022-09-09T10:13:34+00:00\",\"dateModified\":\"2026-04-16T17:49:26+00:00\",\"description\":\"Restaurant G\u00e4di Chef Martin & his team conjure up the finest Valais specialties on the plate. Here you can find our menus.\",\"breadcrumb\":{\"@id\":\"https:\\\/\\\/hotel-gaedi.ch\\\/en\\\/restaurant\\\/menu\\\/#breadcrumb\"},\"inLanguage\":\"en-US\",\"potentialAction\":[{\"@type\":\"ReadAction\",\"target\":[\"https:\\\/\\\/hotel-gaedi.ch\\\/en\\\/restaurant\\\/menu\\\/\"]}]},{\"@type\":\"ImageObject\",\"inLanguage\":\"en-US\",\"@id\":\"https:\\\/\\\/hotel-gaedi.ch\\\/en\\\/restaurant\\\/menu\\\/#primaryimage\",\"url\":\"https:\\\/\\\/hotel-gaedi.ch\\\/wp-content\\\/uploads\\\/2023\\\/03\\\/hotel-gaedi-a-la-carte-01.jpg\",\"contentUrl\":\"https:\\\/\\\/hotel-gaedi.ch\\\/wp-content\\\/uploads\\\/2023\\\/03\\\/hotel-gaedi-a-la-carte-01.jpg\"},{\"@type\":\"BreadcrumbList\",\"@id\":\"https:\\\/\\\/hotel-gaedi.ch\\\/en\\\/restaurant\\\/menu\\\/#breadcrumb\",\"itemListElement\":[{\"@type\":\"ListItem\",\"position\":1,\"name\":\"Home\",\"item\":\"https:\\\/\\\/hotel-gaedi.ch\\\/en\\\/\"},{\"@type\":\"ListItem\",\"position\":2,\"name\":\"Restaurant\",\"item\":\"https:\\\/\\\/hotel-gaedi.ch\\\/en\\\/restaurant\\\/\"},{\"@type\":\"ListItem\",\"position\":3,\"name\":\"Menu\"}]},{\"@type\":\"WebSite\",\"@id\":\"https:\\\/\\\/hotel-gaedi.ch\\\/#website\",\"url\":\"https:\\\/\\\/hotel-gaedi.ch\\\/\",\"name\":\"Hotel G\u00e4di\",\"description\":\"Ferien im Hotel G\u00e4di - Gr\u00e4chen\",\"potentialAction\":[{\"@type\":\"SearchAction\",\"target\":{\"@type\":\"EntryPoint\",\"urlTemplate\":\"https:\\\/\\\/hotel-gaedi.ch\\\/?s={search_term_string}\"},\"query-input\":{\"@type\":\"PropertyValueSpecification\",\"valueRequired\":true,\"valueName\":\"search_term_string\"}}],\"inLanguage\":\"en-US\"}]}<\/script>\n<!-- \/ Yoast SEO plugin. -->","yoast_head_json":{"title":"Menu Restaurant G\u00e4di | Hotel G\u00e4di Gr\u00e4chen","description":"Restaurant G\u00e4di Chef Martin & his team conjure up the finest Valais specialties on the plate. Here you can find our menus.","robots":{"index":"index","follow":"follow","max-snippet":"max-snippet:-1","max-image-preview":"max-image-preview:large","max-video-preview":"max-video-preview:-1"},"canonical":"https:\/\/hotel-gaedi.ch\/en\/restaurant\/menu\/","og_locale":"en_US","og_type":"article","og_title":"Menu Restaurant G\u00e4di | Hotel G\u00e4di Gr\u00e4chen","og_description":"Restaurant G\u00e4di Chef Martin & his team conjure up the finest Valais specialties on the plate. Here you can find our menus.","og_url":"https:\/\/hotel-gaedi.ch\/en\/restaurant\/menu\/","og_site_name":"Hotel G\u00e4di","article_modified_time":"2026-04-16T17:49:26+00:00","og_image":[{"width":1770,"height":1180,"url":"https:\/\/hotel-gaedi.ch\/wp-content\/uploads\/2023\/03\/hotel-gaedi-a-la-carte-01.jpg","type":"image\/jpeg"}],"twitter_card":"summary_large_image","schema":{"@context":"https:\/\/schema.org","@graph":[{"@type":"WebPage","@id":"https:\/\/hotel-gaedi.ch\/en\/restaurant\/menu\/","url":"https:\/\/hotel-gaedi.ch\/en\/restaurant\/menu\/","name":"Menu Restaurant G\u00e4di | Hotel G\u00e4di Gr\u00e4chen","isPartOf":{"@id":"https:\/\/hotel-gaedi.ch\/#website"},"primaryImageOfPage":{"@id":"https:\/\/hotel-gaedi.ch\/en\/restaurant\/menu\/#primaryimage"},"image":{"@id":"https:\/\/hotel-gaedi.ch\/en\/restaurant\/menu\/#primaryimage"},"thumbnailUrl":"https:\/\/hotel-gaedi.ch\/wp-content\/uploads\/2023\/03\/hotel-gaedi-a-la-carte-01.jpg","datePublished":"2022-09-09T10:13:34+00:00","dateModified":"2026-04-16T17:49:26+00:00","description":"Restaurant G\u00e4di Chef Martin & his team conjure up the finest Valais specialties on the plate. Here you can find our menus.","breadcrumb":{"@id":"https:\/\/hotel-gaedi.ch\/en\/restaurant\/menu\/#breadcrumb"},"inLanguage":"en-US","potentialAction":[{"@type":"ReadAction","target":["https:\/\/hotel-gaedi.ch\/en\/restaurant\/menu\/"]}]},{"@type":"ImageObject","inLanguage":"en-US","@id":"https:\/\/hotel-gaedi.ch\/en\/restaurant\/menu\/#primaryimage","url":"https:\/\/hotel-gaedi.ch\/wp-content\/uploads\/2023\/03\/hotel-gaedi-a-la-carte-01.jpg","contentUrl":"https:\/\/hotel-gaedi.ch\/wp-content\/uploads\/2023\/03\/hotel-gaedi-a-la-carte-01.jpg"},{"@type":"BreadcrumbList","@id":"https:\/\/hotel-gaedi.ch\/en\/restaurant\/menu\/#breadcrumb","itemListElement":[{"@type":"ListItem","position":1,"name":"Home","item":"https:\/\/hotel-gaedi.ch\/en\/"},{"@type":"ListItem","position":2,"name":"Restaurant","item":"https:\/\/hotel-gaedi.ch\/en\/restaurant\/"},{"@type":"ListItem","position":3,"name":"Menu"}]},{"@type":"WebSite","@id":"https:\/\/hotel-gaedi.ch\/#website","url":"https:\/\/hotel-gaedi.ch\/","name":"Hotel G\u00e4di","description":"Ferien im Hotel G\u00e4di - Gr\u00e4chen","potentialAction":[{"@type":"SearchAction","target":{"@type":"EntryPoint","urlTemplate":"https:\/\/hotel-gaedi.ch\/?s={search_term_string}"},"query-input":{"@type":"PropertyValueSpecification","valueRequired":true,"valueName":"search_term_string"}}],"inLanguage":"en-US"}]}},"_links":{"self":[{"href":"https:\/\/hotel-gaedi.ch\/en\/wp-json\/wp\/v2\/pages\/3364","targetHints":{"allow":["GET"]}}],"collection":[{"href":"https:\/\/hotel-gaedi.ch\/en\/wp-json\/wp\/v2\/pages"}],"about":[{"href":"https:\/\/hotel-gaedi.ch\/en\/wp-json\/wp\/v2\/types\/page"}],"author":[{"embeddable":true,"href":"https:\/\/hotel-gaedi.ch\/en\/wp-json\/wp\/v2\/users\/1"}],"replies":[{"embeddable":true,"href":"https:\/\/hotel-gaedi.ch\/en\/wp-json\/wp\/v2\/comments?post=3364"}],"version-history":[{"count":25,"href":"https:\/\/hotel-gaedi.ch\/en\/wp-json\/wp\/v2\/pages\/3364\/revisions"}],"predecessor-version":[{"id":4735,"href":"https:\/\/hotel-gaedi.ch\/en\/wp-json\/wp\/v2\/pages\/3364\/revisions\/4735"}],"up":[{"embeddable":true,"href":"https:\/\/hotel-gaedi.ch\/en\/wp-json\/wp\/v2\/pages\/3356"}],"wp:attachment":[{"href":"https:\/\/hotel-gaedi.ch\/en\/wp-json\/wp\/v2\/media?parent=3364"}],"curies":[{"name":"wp","href":"https:\/\/api.w.org\/{rel}","templated":true}]}}