{"id":3368,"date":"2022-09-09T12:18:44","date_gmt":"2022-09-09T10:18:44","guid":{"rendered":"https:\/\/hotel-gaedi.ch\/jobs\/"},"modified":"2023-04-28T13:49:53","modified_gmt":"2023-04-28T11:49:53","slug":"jobs","status":"publish","type":"page","link":"https:\/\/hotel-gaedi.ch\/en\/about-us\/jobs\/","title":{"rendered":"Jobs"},"content":{"rendered":"\n<div class=\"wp-block-group container introtext-centered-sun-icon-title\"><div class=\"wp-block-group__inner-container is-layout-flow wp-block-group-is-layout-flow\">\n<div class=\"wp-block-columns row is-layout-flex wp-container-core-columns-is-layout-9d6595d7 wp-block-columns-is-layout-flex\">\n<div class=\"wp-block-column col-12 is-layout-flow wp-block-column-is-layout-flow\">\n<h1 class=\"wp-block-heading\">Your job at Hotel G\u00e4di<\/h1>\n\n\n\n<p>Become part of the G\u00e4di family! In 1971, Martin&#8217;s parents opened the Hotel G\u00e4di in Gr\u00e4chen. Later, we both, M\u00e9lanie and Martin, were allowed to take over the hotel and continue to run it with the same family spirit. At the same time, decision-making paths are short, employees feel comfortable with us and are well involved in operations. Once G\u00e4di, always G\u00e4di, because we actually have many longstanding employees. You see, with us you can grow old \u263a<\/p>\n\n\n\n<p>Besides work, Gr\u00e4chen offers fantastic leisure activities in the middle of the Valais mountains. This includes a variety of sports activities, the thermal bath or shopping in Brig. In addition, we belong to the <a href=\"https:\/\/best3starhotels.ch\/\" target=\"_blank\" rel=\"noreferrer noopener\">BEST 3 STAR HOTELS of Switzerland<\/a>, which will also be exciting for you and brings goodies.<\/p>\n<\/div>\n<\/div>\n<\/div><\/div>\n\n<div class=\"wp-block-group container accordion-items\"><div class=\"wp-block-group__inner-container is-layout-flow wp-block-group-is-layout-flow\">\n<div class=\"wp-block-columns row is-layout-flex wp-container-core-columns-is-layout-9d6595d7 wp-block-columns-is-layout-flex\">\n<div class=\"wp-block-column col-12 is-layout-flow wp-block-column-is-layout-flow\">\n<div class=\"wp-block-pb-accordion-item c-accordion__item js-accordion-item no-js\" data-initially-open=\"false\" data-click-to-close=\"true\" data-auto-close=\"true\" data-scroll=\"false\" data-scroll-offset=\"0\"><h4 id=\"at-810\" class=\"c-accordion__title js-accordion-controller\" role=\"button\">Restaurantfach Frau, Mann oder divers Gelernt und\/oder mit Erfahrung<\/h4><div id=\"ac-810\" class=\"c-accordion__content\">\n<p>You have the service under control and are happy when the guests are happy with the food<br\/>and drinking, but also with the ambience in our restaurant.<br\/>Here we serve every evening our half board lucky menu or the popular \u00e0-la-carte<br\/>Courts.<br\/><br\/>We are proud of our many regular guests who like us as much as we like them.<br\/>Would you like to help us continue to be one of the friendliest hotels in the world?<br\/>Switzerland to belong?<br\/><br\/>The Hotel G\u00e4di is located directly at the valley station of the gondola Hannigalp; so the best<br\/>Conditions to explore the great hiking trails during your free time.<br\/><br\/>Are you ready to put in the work and have fun when everything is running smoothly?<br\/>Yes! Then we look forward to receiving your complete written application by e-mail.<\/p>\n\n\n\n<p><br\/>M\u00e9lanie Williner<br\/>Host and co-owner<br\/>Hotel G\u00e4di Gr\u00e4chen<br\/>B\u00e4rgjistrasse 466<br\/>CH- 3925 Gr\u00e4chen<br\/>+41 27 956 18 28<br\/><a href=\"mailto:info@hotel-gaedi.ch\">info@hotel-gaedi.ch<br\/><\/a><a href=\"https:\/\/www.hotel-gaedi.ch\/sites\/de\/\" target=\"_blank\" rel=\"noreferrer noopener\">www.hotel-gaedi.ch<\/a><\/p>\n<\/div><\/div>\n\n\n\n<div class=\"wp-block-pb-accordion-item c-accordion__item js-accordion-item no-js\" data-initially-open=\"false\" data-click-to-close=\"true\" data-auto-close=\"true\" data-scroll=\"false\" data-scroll-offset=\"0\"><h4 id=\"at-811\" class=\"c-accordion__title js-accordion-controller\" role=\"button\">Zimmer Frau, Mann oder divers Gelernt und\/oder mit Erfahrung \u2013 mit einem Putzfimmel<\/h4><div id=\"ac-811\" class=\"c-accordion__content\">\n<p>You care about cleanliness down to every crevice. You love it when it shines and glows? Then tick<br\/>you much like us. Because it is a matter of the heart to us that our guests have spotlessly clean rooms.<br\/>and baths encounter.<br\/><br\/>We know this is exhausting work. That&#8217;s why we&#8217;re looking for you. You are happy when you<br\/>you discovered a speck of dust there and a piece of lint there and wiped it away.<br\/><br\/>We are proud of our many regular guests who like us as much as we like them. Do you want to,<br\/>to help us to remain one of the friendliest hotels in Switzerland in the future?<br\/><br\/>The Hotel G\u00e4di Gr\u00e4chen is located directly at the valley station of the gondola Hannigalp; so the best<br\/>Conditions to go off to the slopes during your free time.<br\/><br\/>Are you ready to put in the work and have fun when everything is running smoothly?<br\/>Yes! Then we look forward to receiving your complete written application by e-mail.<br\/><br\/>M\u00e9lanie Williner<br\/>Host and co-owner<br\/>Hotel G\u00e4di Gr\u00e4chen<br\/>B\u00e4rgjistrasse 466<br\/>CH- 3925 Gr\u00e4chen<br\/>+41 27 956 18 28<br\/><a href=\"mailto:info@hotel-gaedi.ch\">info@hotel-gaedi.ch<br\/><\/a><a href=\"https:\/\/www.hotel-gaedi.ch\/sites\/de\/\" target=\"_blank\" rel=\"noreferrer noopener\">www.hotel-gaedi.ch<\/a><\/p>\n<\/div><\/div>\n<\/div>\n<\/div>\n<\/div><\/div>\n","protected":false},"excerpt":{"rendered":"<p>Your job at Hotel G\u00e4di Become part of the G\u00e4di family! In 1971, Martin&#8217;s parents opened the Hotel G\u00e4di in Gr\u00e4chen. Later, we both, M\u00e9lanie and Martin, were allowed to take over the hotel and continue to run it with the same family spirit. At the same time, decision-making paths are short, employees feel comfortable [&hellip;]<\/p>\n","protected":false},"author":1,"featured_media":0,"parent":3372,"menu_order":0,"comment_status":"closed","ping_status":"closed","template":"","meta":{"_acf_changed":false,"inline_featured_image":false,"footnotes":""},"class_list":["post-3368","page","type-page","status-publish","hentry"],"acf":[],"yoast_head":"<!-- This site is optimized with the Yoast SEO plugin v27.4 - https:\/\/yoast.com\/product\/yoast-seo-wordpress\/ -->\n<title>Jobs | Hotel G\u00e4di Gr\u00e4chen<\/title>\n<meta name=\"description\" content=\"Become part of the G\u00e4di family. In addition to work, Gr\u00e4chen offers fantastic leisure activities in the midst of the Valais mountains.\" \/>\n<meta name=\"robots\" content=\"index, follow, max-snippet:-1, max-image-preview:large, max-video-preview:-1\" \/>\n<link rel=\"canonical\" href=\"https:\/\/hotel-gaedi.ch\/en\/about-us\/jobs\/\" \/>\n<meta property=\"og:locale\" content=\"en_US\" \/>\n<meta property=\"og:type\" content=\"article\" \/>\n<meta property=\"og:title\" content=\"Jobs | Hotel G\u00e4di Gr\u00e4chen\" \/>\n<meta property=\"og:description\" content=\"Become part of the G\u00e4di family. In addition to work, Gr\u00e4chen offers fantastic leisure activities in the midst of the Valais mountains.\" \/>\n<meta property=\"og:url\" content=\"https:\/\/hotel-gaedi.ch\/en\/about-us\/jobs\/\" \/>\n<meta property=\"og:site_name\" content=\"Hotel G\u00e4di\" \/>\n<meta property=\"article:modified_time\" content=\"2023-04-28T11:49:53+00:00\" \/>\n<meta name=\"twitter:card\" content=\"summary_large_image\" \/>\n<meta name=\"twitter:label1\" content=\"Est. reading time\" \/>\n\t<meta name=\"twitter:data1\" content=\"3 minutes\" \/>\n<script type=\"application\/ld+json\" class=\"yoast-schema-graph\">{\"@context\":\"https:\\\/\\\/schema.org\",\"@graph\":[{\"@type\":\"WebPage\",\"@id\":\"https:\\\/\\\/hotel-gaedi.ch\\\/en\\\/about-us\\\/jobs\\\/\",\"url\":\"https:\\\/\\\/hotel-gaedi.ch\\\/en\\\/about-us\\\/jobs\\\/\",\"name\":\"Jobs | Hotel G\u00e4di Gr\u00e4chen\",\"isPartOf\":{\"@id\":\"https:\\\/\\\/hotel-gaedi.ch\\\/#website\"},\"datePublished\":\"2022-09-09T10:18:44+00:00\",\"dateModified\":\"2023-04-28T11:49:53+00:00\",\"description\":\"Become part of the G\u00e4di family. In addition to work, Gr\u00e4chen offers fantastic leisure activities in the midst of the Valais mountains.\",\"breadcrumb\":{\"@id\":\"https:\\\/\\\/hotel-gaedi.ch\\\/en\\\/about-us\\\/jobs\\\/#breadcrumb\"},\"inLanguage\":\"en-US\",\"potentialAction\":[{\"@type\":\"ReadAction\",\"target\":[\"https:\\\/\\\/hotel-gaedi.ch\\\/en\\\/about-us\\\/jobs\\\/\"]}]},{\"@type\":\"BreadcrumbList\",\"@id\":\"https:\\\/\\\/hotel-gaedi.ch\\\/en\\\/about-us\\\/jobs\\\/#breadcrumb\",\"itemListElement\":[{\"@type\":\"ListItem\",\"position\":1,\"name\":\"Home\",\"item\":\"https:\\\/\\\/hotel-gaedi.ch\\\/en\\\/\"},{\"@type\":\"ListItem\",\"position\":2,\"name\":\"About us\",\"item\":\"https:\\\/\\\/hotel-gaedi.ch\\\/en\\\/about-us\\\/\"},{\"@type\":\"ListItem\",\"position\":3,\"name\":\"Jobs\"}]},{\"@type\":\"WebSite\",\"@id\":\"https:\\\/\\\/hotel-gaedi.ch\\\/#website\",\"url\":\"https:\\\/\\\/hotel-gaedi.ch\\\/\",\"name\":\"Hotel G\u00e4di\",\"description\":\"Ferien im Hotel G\u00e4di - Gr\u00e4chen\",\"potentialAction\":[{\"@type\":\"SearchAction\",\"target\":{\"@type\":\"EntryPoint\",\"urlTemplate\":\"https:\\\/\\\/hotel-gaedi.ch\\\/?s={search_term_string}\"},\"query-input\":{\"@type\":\"PropertyValueSpecification\",\"valueRequired\":true,\"valueName\":\"search_term_string\"}}],\"inLanguage\":\"en-US\"}]}<\/script>\n<!-- \/ Yoast SEO plugin. -->","yoast_head_json":{"title":"Jobs | Hotel G\u00e4di Gr\u00e4chen","description":"Become part of the G\u00e4di family. In addition to work, Gr\u00e4chen offers fantastic leisure activities in the midst of the Valais mountains.","robots":{"index":"index","follow":"follow","max-snippet":"max-snippet:-1","max-image-preview":"max-image-preview:large","max-video-preview":"max-video-preview:-1"},"canonical":"https:\/\/hotel-gaedi.ch\/en\/about-us\/jobs\/","og_locale":"en_US","og_type":"article","og_title":"Jobs | Hotel G\u00e4di Gr\u00e4chen","og_description":"Become part of the G\u00e4di family. In addition to work, Gr\u00e4chen offers fantastic leisure activities in the midst of the Valais mountains.","og_url":"https:\/\/hotel-gaedi.ch\/en\/about-us\/jobs\/","og_site_name":"Hotel G\u00e4di","article_modified_time":"2023-04-28T11:49:53+00:00","twitter_card":"summary_large_image","twitter_misc":{"Est. reading time":"3 minutes"},"schema":{"@context":"https:\/\/schema.org","@graph":[{"@type":"WebPage","@id":"https:\/\/hotel-gaedi.ch\/en\/about-us\/jobs\/","url":"https:\/\/hotel-gaedi.ch\/en\/about-us\/jobs\/","name":"Jobs | Hotel G\u00e4di Gr\u00e4chen","isPartOf":{"@id":"https:\/\/hotel-gaedi.ch\/#website"},"datePublished":"2022-09-09T10:18:44+00:00","dateModified":"2023-04-28T11:49:53+00:00","description":"Become part of the G\u00e4di family. In addition to work, Gr\u00e4chen offers fantastic leisure activities in the midst of the Valais mountains.","breadcrumb":{"@id":"https:\/\/hotel-gaedi.ch\/en\/about-us\/jobs\/#breadcrumb"},"inLanguage":"en-US","potentialAction":[{"@type":"ReadAction","target":["https:\/\/hotel-gaedi.ch\/en\/about-us\/jobs\/"]}]},{"@type":"BreadcrumbList","@id":"https:\/\/hotel-gaedi.ch\/en\/about-us\/jobs\/#breadcrumb","itemListElement":[{"@type":"ListItem","position":1,"name":"Home","item":"https:\/\/hotel-gaedi.ch\/en\/"},{"@type":"ListItem","position":2,"name":"About us","item":"https:\/\/hotel-gaedi.ch\/en\/about-us\/"},{"@type":"ListItem","position":3,"name":"Jobs"}]},{"@type":"WebSite","@id":"https:\/\/hotel-gaedi.ch\/#website","url":"https:\/\/hotel-gaedi.ch\/","name":"Hotel G\u00e4di","description":"Ferien im Hotel G\u00e4di - Gr\u00e4chen","potentialAction":[{"@type":"SearchAction","target":{"@type":"EntryPoint","urlTemplate":"https:\/\/hotel-gaedi.ch\/?s={search_term_string}"},"query-input":{"@type":"PropertyValueSpecification","valueRequired":true,"valueName":"search_term_string"}}],"inLanguage":"en-US"}]}},"_links":{"self":[{"href":"https:\/\/hotel-gaedi.ch\/en\/wp-json\/wp\/v2\/pages\/3368","targetHints":{"allow":["GET"]}}],"collection":[{"href":"https:\/\/hotel-gaedi.ch\/en\/wp-json\/wp\/v2\/pages"}],"about":[{"href":"https:\/\/hotel-gaedi.ch\/en\/wp-json\/wp\/v2\/types\/page"}],"author":[{"embeddable":true,"href":"https:\/\/hotel-gaedi.ch\/en\/wp-json\/wp\/v2\/users\/1"}],"replies":[{"embeddable":true,"href":"https:\/\/hotel-gaedi.ch\/en\/wp-json\/wp\/v2\/comments?post=3368"}],"version-history":[{"count":2,"href":"https:\/\/hotel-gaedi.ch\/en\/wp-json\/wp\/v2\/pages\/3368\/revisions"}],"predecessor-version":[{"id":3840,"href":"https:\/\/hotel-gaedi.ch\/en\/wp-json\/wp\/v2\/pages\/3368\/revisions\/3840"}],"up":[{"embeddable":true,"href":"https:\/\/hotel-gaedi.ch\/en\/wp-json\/wp\/v2\/pages\/3372"}],"wp:attachment":[{"href":"https:\/\/hotel-gaedi.ch\/en\/wp-json\/wp\/v2\/media?parent=3368"}],"curies":[{"name":"wp","href":"https:\/\/api.w.org\/{rel}","templated":true}]}}