{"id":3370,"date":"2022-10-06T11:32:20","date_gmt":"2022-10-06T09:32:20","guid":{"rendered":"https:\/\/hotel-gaedi.ch\/team\/"},"modified":"2026-04-16T19:48:59","modified_gmt":"2026-04-16T17:48:59","slug":"team","status":"publish","type":"page","link":"https:\/\/hotel-gaedi.ch\/en\/about-us\/team\/","title":{"rendered":"Team"},"content":{"rendered":"\n<div class=\"wp-block-group container introtext-centered-sun-icon-title\"><div class=\"wp-block-group__inner-container is-layout-flow wp-block-group-is-layout-flow\">\n<div class=\"wp-block-columns row is-layout-flex wp-container-core-columns-is-layout-9d6595d7 wp-block-columns-is-layout-flex\">\n<div class=\"wp-block-column col-12 is-layout-flow wp-block-column-is-layout-flow\">\n<h1 class=\"wp-block-heading\">The G\u00e4di Team<\/h1>\n\n\n\n<p>If you don&#8217;t know the Hotel G\u00e4di Gr\u00e4chen | Valais yet; let the numerous wonderful guest comments convince you. This, together with the award received in 2017 as the friendliest hotel in Switzerland as well as that as the most popular alpine hotel Gold, are an incentive and motivation for us to become even <em>\u00e4s <em>bitzji <\/em>better<\/em>.<\/p>\n<\/div>\n<\/div>\n<\/div><\/div>\n\n<div class=\"wp-block-group container-fluid section-75percent-image-text-white-bg\"><div class=\"wp-block-group__inner-container is-layout-flow wp-block-group-is-layout-flow\">\n<div class=\"wp-block-columns row is-layout-flex wp-container-core-columns-is-layout-9d6595d7 wp-block-columns-is-layout-flex\">\n<div class=\"wp-block-column col-12 is-layout-flow wp-block-column-is-layout-flow\">\n<div class=\"wp-block-group container\"><div class=\"wp-block-group__inner-container is-layout-flow wp-block-group-is-layout-flow\">\n<div class=\"wp-block-columns row is-layout-flex wp-container-core-columns-is-layout-9d6595d7 wp-block-columns-is-layout-flex\">\n<div class=\"wp-block-column col-md-12 col-lg-8 is-layout-flow wp-block-column-is-layout-flow\">\n<figure class=\"wp-block-image size-large\"><img loading=\"lazy\" decoding=\"async\" width=\"1024\" height=\"683\" src=\"https:\/\/hotel-gaedi.ch\/wp-content\/uploads\/2022\/10\/gastgeber-hotel-gaedi-1024x683.jpg\" alt=\"\" class=\"wp-image-1340\" srcset=\"https:\/\/hotel-gaedi.ch\/wp-content\/uploads\/2022\/10\/gastgeber-hotel-gaedi-1024x683.jpg 1024w, https:\/\/hotel-gaedi.ch\/wp-content\/uploads\/2022\/10\/gastgeber-hotel-gaedi-500x333.jpg 500w, https:\/\/hotel-gaedi.ch\/wp-content\/uploads\/2022\/10\/gastgeber-hotel-gaedi-768x512.jpg 768w, https:\/\/hotel-gaedi.ch\/wp-content\/uploads\/2022\/10\/gastgeber-hotel-gaedi-1536x1024.jpg 1536w, https:\/\/hotel-gaedi.ch\/wp-content\/uploads\/2022\/10\/gastgeber-hotel-gaedi.jpg 1920w\" sizes=\"auto, (max-width: 1024px) 100vw, 1024px\" \/><\/figure>\n<\/div>\n\n\n\n<div class=\"wp-block-column col-md-12 col-lg-4 is-layout-flow wp-block-column-is-layout-flow\">\n<div class=\"wp-block-group\"><div class=\"wp-block-group__inner-container is-layout-flow wp-block-group-is-layout-flow\">\n<h2 class=\"wp-block-heading\">The host couple<\/h2>\n\n\n\n<p>Away from the daily routine, into the Hotel G\u00e4di. Do yourself good and spend time with us in Gr\u00e4chen. Whether biking, hiking or simply doing nothing, we guarantee you a carefree time with the G\u00e4di Gl\u00fccks half board and the enchanting wellness and spa.<\/p>\n\n\n\n<p>In anticipation of welcoming you with us,<\/p>\n\n\n\n<p>Yours M\u00e9lanie and Martin<\/p>\n\n\n\n<p><\/p>\n<\/div><\/div>\n<\/div>\n<\/div>\n<\/div><\/div>\n<\/div>\n<\/div>\n<\/div><\/div>\n\n<div class=\"wp-block-group container image-text-grid-3-col\"><div class=\"wp-block-group__inner-container is-layout-flow wp-block-group-is-layout-flow\">\n<div class=\"wp-block-columns row is-layout-flex wp-container-core-columns-is-layout-9d6595d7 wp-block-columns-is-layout-flex\">\n<div class=\"wp-block-column col-12 col-md-4 is-layout-flow wp-block-column-is-layout-flow\">\n<figure class=\"wp-block-image size-large\"><img decoding=\"async\" src=\"https:\/\/hotel-gaedi.ch\/wp-content\/uploads\/2022\/10\/Ga&#x308;di_106-1024x682.jpg\" alt=\"\" class=\"wp-image-1933\"\/><\/figure>\n\n\n\n<h4 class=\"wp-block-heading\">Martin<\/h4>\n\n\n\n<p>Host &#8211; Enchants you with his cooking skills<\/p>\n<\/div>\n\n\n\n<div class=\"wp-block-column col-12 col-md-4 is-layout-flow wp-block-column-is-layout-flow\">\n<figure class=\"wp-block-image size-large\"><img decoding=\"async\" src=\"https:\/\/hotel-gaedi.ch\/wp-content\/uploads\/2022\/10\/Ga&#x308;di_25-1024x682.jpg\" alt=\"\" class=\"wp-image-1932\"\/><\/figure>\n\n\n\n<h4 class=\"wp-block-heading\">M\u00e9lanie<\/h4>\n\n\n\n<p>Hostess &#8211; With the love of detail per Du.<\/p>\n<\/div>\n\n\n\n<div class=\"wp-block-column col-12 col-md-4 is-layout-flow wp-block-column-is-layout-flow\">\n<figure class=\"wp-block-image size-full\"><img loading=\"lazy\" decoding=\"async\" width=\"1024\" height=\"683\" src=\"https:\/\/hotel-gaedi.ch\/wp-content\/uploads\/2025\/12\/angela.jpg\" alt=\"\" class=\"wp-image-4658\" srcset=\"https:\/\/hotel-gaedi.ch\/wp-content\/uploads\/2025\/12\/angela.jpg 1024w, https:\/\/hotel-gaedi.ch\/wp-content\/uploads\/2025\/12\/angela-500x333.jpg 500w, https:\/\/hotel-gaedi.ch\/wp-content\/uploads\/2025\/12\/angela-768x512.jpg 768w\" sizes=\"auto, (max-width: 1024px) 100vw, 1024px\" \/><\/figure>\n\n\n\n<h4 class=\"wp-block-heading\">Angela<\/h4>\n\n\n\n<p>Service team &#8211; She loves the contact with guests<\/p>\n<\/div>\n<\/div>\n\n\n\n<div class=\"wp-block-columns row is-layout-flex wp-container-core-columns-is-layout-9d6595d7 wp-block-columns-is-layout-flex\">\n<div class=\"wp-block-column col-12 col-md-4 is-layout-flow wp-block-column-is-layout-flow\">\n<figure class=\"wp-block-image size-large\"><img decoding=\"async\" src=\"https:\/\/hotel-gaedi.ch\/wp-content\/uploads\/2022\/10\/Ga&#x308;di_128-1024x682.jpg\" alt=\"\" class=\"wp-image-1927\"\/><\/figure>\n\n\n\n<h4 class=\"wp-block-heading\">Franz<\/h4>\n\n\n\n<p>Kitchen team &#8211; Leaves no stone unturned<\/p>\n<\/div>\n\n\n\n<div class=\"wp-block-column col-12 col-md-4 is-layout-flow wp-block-column-is-layout-flow\">\n<figure class=\"wp-block-image size-large\"><img decoding=\"async\" src=\"https:\/\/hotel-gaedi.ch\/wp-content\/uploads\/2022\/10\/Ga&#x308;di_135-1024x682.jpg\" alt=\"\" class=\"wp-image-1928\"\/><\/figure>\n\n\n\n<h4 class=\"wp-block-heading\">Franziska<\/h4>\n\n\n\n<p>Service and kitchen team &#8211; always there with spirit<\/p>\n<\/div>\n\n\n\n<div class=\"wp-block-column col-12 col-md-4 is-layout-flow wp-block-column-is-layout-flow\">\n<figure class=\"wp-block-image size-full\"><img loading=\"lazy\" decoding=\"async\" width=\"1024\" height=\"683\" src=\"https:\/\/hotel-gaedi.ch\/wp-content\/uploads\/2025\/12\/elisabetta.jpg\" alt=\"\" class=\"wp-image-4660\" srcset=\"https:\/\/hotel-gaedi.ch\/wp-content\/uploads\/2025\/12\/elisabetta.jpg 1024w, https:\/\/hotel-gaedi.ch\/wp-content\/uploads\/2025\/12\/elisabetta-500x333.jpg 500w, https:\/\/hotel-gaedi.ch\/wp-content\/uploads\/2025\/12\/elisabetta-768x512.jpg 768w\" sizes=\"auto, (max-width: 1024px) 100vw, 1024px\" \/><\/figure>\n\n\n\n<h4 class=\"wp-block-heading\">Elisabetta<\/h4>\n\n\n\n<p>Service team &#8211; always has a smile for our guests<\/p>\n<\/div>\n<\/div>\n\n\n\n<div class=\"wp-block-columns row is-layout-flex wp-container-core-columns-is-layout-9d6595d7 wp-block-columns-is-layout-flex\">\n<div class=\"wp-block-column col-12 col-md-4 is-layout-flow wp-block-column-is-layout-flow\">\n<figure class=\"wp-block-image size-full\"><img loading=\"lazy\" decoding=\"async\" width=\"1024\" height=\"681\" src=\"https:\/\/hotel-gaedi.ch\/wp-content\/uploads\/2024\/12\/Jasmin.jpg\" alt=\"\" class=\"wp-image-4510\" srcset=\"https:\/\/hotel-gaedi.ch\/wp-content\/uploads\/2024\/12\/Jasmin.jpg 1024w, https:\/\/hotel-gaedi.ch\/wp-content\/uploads\/2024\/12\/Jasmin-500x333.jpg 500w, https:\/\/hotel-gaedi.ch\/wp-content\/uploads\/2024\/12\/Jasmin-768x511.jpg 768w\" sizes=\"auto, (max-width: 1024px) 100vw, 1024px\" \/><\/figure>\n\n\n\n<h4 class=\"wp-block-heading\">Jasmine<\/h4>\n\n\n\n<p>Rooms and kitchen team &#8211; The cheerful nature with a great sense of humor<\/p>\n<\/div>\n\n\n\n<div class=\"wp-block-column col-12 col-md-4 is-layout-flow wp-block-column-is-layout-flow\">\n<figure class=\"wp-block-image size-large\"><img loading=\"lazy\" decoding=\"async\" width=\"1024\" height=\"683\" src=\"https:\/\/hotel-gaedi.ch\/wp-content\/uploads\/2022\/10\/Gaedi_image_129-1024x683.jpg\" alt=\"\" class=\"wp-image-1362\" srcset=\"https:\/\/hotel-gaedi.ch\/wp-content\/uploads\/2022\/10\/Gaedi_image_129-1024x683.jpg 1024w, https:\/\/hotel-gaedi.ch\/wp-content\/uploads\/2022\/10\/Gaedi_image_129-500x333.jpg 500w, https:\/\/hotel-gaedi.ch\/wp-content\/uploads\/2022\/10\/Gaedi_image_129-768x512.jpg 768w, https:\/\/hotel-gaedi.ch\/wp-content\/uploads\/2022\/10\/Gaedi_image_129-1536x1024.jpg 1536w, https:\/\/hotel-gaedi.ch\/wp-content\/uploads\/2022\/10\/Gaedi_image_129.jpg 1920w\" sizes=\"auto, (max-width: 1024px) 100vw, 1024px\" \/><\/figure>\n\n\n\n<h4 class=\"wp-block-heading\">Malene<\/h4>\n\n\n\n<p>Serviceteam &#8211; Brings her Danish cheerfulness to Wallis<\/p>\n<\/div>\n\n\n\n<div class=\"wp-block-column col-12 col-md-4 is-layout-flow wp-block-column-is-layout-flow\">\n<figure class=\"wp-block-image size-large\"><img decoding=\"async\" src=\"https:\/\/hotel-gaedi.ch\/wp-content\/uploads\/2022\/10\/Ga&#x308;di_97-1024x682.jpg\" alt=\"\" class=\"wp-image-1363\"\/><\/figure>\n\n\n\n<h4 class=\"wp-block-heading\">Michaela<\/h4>\n\n\n\n<p>Service and room team &#8211; boredom is a foreign word for them<\/p>\n<\/div>\n<\/div>\n\n\n\n<div class=\"wp-block-columns row is-layout-flex wp-container-core-columns-is-layout-9d6595d7 wp-block-columns-is-layout-flex\">\n<div class=\"wp-block-column col-12 col-md-4 is-layout-flow wp-block-column-is-layout-flow\">\n<figure class=\"wp-block-image size-large\"><img decoding=\"async\" src=\"https:\/\/hotel-gaedi.ch\/wp-content\/uploads\/2022\/10\/Ga&#x308;di_75-1024x682.jpg\" alt=\"\" class=\"wp-image-1359\"\/><\/figure>\n\n\n\n<h4 class=\"wp-block-heading\">Susanne<\/h4>\n\n\n\n<p>Service team &#8211; Finds variety exciting<\/p>\n<\/div>\n\n\n\n<div class=\"wp-block-column col-12 col-md-4 is-layout-flow wp-block-column-is-layout-flow\">\n<figure class=\"wp-block-image size-full\"><img loading=\"lazy\" decoding=\"async\" width=\"1024\" height=\"681\" src=\"https:\/\/hotel-gaedi.ch\/wp-content\/uploads\/2022\/11\/michi.jpg\" alt=\"\" class=\"wp-image-2525\" srcset=\"https:\/\/hotel-gaedi.ch\/wp-content\/uploads\/2022\/11\/michi.jpg 1024w, https:\/\/hotel-gaedi.ch\/wp-content\/uploads\/2022\/11\/michi-500x333.jpg 500w, https:\/\/hotel-gaedi.ch\/wp-content\/uploads\/2022\/11\/michi-768x511.jpg 768w\" sizes=\"auto, (max-width: 1024px) 100vw, 1024px\" \/><\/figure>\n\n\n\n<h4 class=\"wp-block-heading\">Michel<\/h4>\n\n\n\n<p>The man for all cases &#8211; Nobody caresses the raclette cheese like him<\/p>\n<\/div>\n\n\n\n<div class=\"wp-block-column col-12 col-md-4 is-layout-flow wp-block-column-is-layout-flow\">\n<figure class=\"wp-block-image size-large\"><img decoding=\"async\" src=\"https:\/\/hotel-gaedi.ch\/wp-content\/uploads\/2022\/10\/Ga&#x308;di_88-1024x682.jpg\" alt=\"\" class=\"wp-image-1364\"\/><\/figure>\n\n\n\n<h4 class=\"wp-block-heading\">Anna<\/h4>\n\n\n\n<p>In use everywhere &#8211; flexibility is the be-all and end-all<\/p>\n<\/div>\n<\/div>\n\n\n\n<div class=\"wp-block-columns row is-layout-flex wp-container-core-columns-is-layout-9d6595d7 wp-block-columns-is-layout-flex\">\n<div class=\"wp-block-column col-12 col-md-4 is-layout-flow wp-block-column-is-layout-flow\">\n<figure class=\"wp-block-image size-large\"><img decoding=\"async\" src=\"https:\/\/hotel-gaedi.ch\/wp-content\/uploads\/2022\/10\/Ga&#x308;di_51-1024x682.jpg\" alt=\"\" class=\"wp-image-1361\"\/><\/figure>\n\n\n\n<h4 class=\"wp-block-heading\">Maria<\/h4>\n\n\n\n<p>Room and kitchen team &#8211; Always keeps the peace<\/p>\n<\/div>\n\n\n\n<div class=\"wp-block-column col-12 col-md-4 is-layout-flow wp-block-column-is-layout-flow\">\n<figure class=\"wp-block-image size-full\"><img loading=\"lazy\" decoding=\"async\" width=\"1024\" height=\"683\" src=\"https:\/\/hotel-gaedi.ch\/wp-content\/uploads\/2025\/12\/chayanit.jpg\" alt=\"\" class=\"wp-image-4659\" srcset=\"https:\/\/hotel-gaedi.ch\/wp-content\/uploads\/2025\/12\/chayanit.jpg 1024w, https:\/\/hotel-gaedi.ch\/wp-content\/uploads\/2025\/12\/chayanit-500x333.jpg 500w, https:\/\/hotel-gaedi.ch\/wp-content\/uploads\/2025\/12\/chayanit-768x512.jpg 768w\" sizes=\"auto, (max-width: 1024px) 100vw, 1024px\" \/><\/figure>\n\n\n\n<h4 class=\"wp-block-heading\">Chayanite<\/h4>\n\n\n\n<p>Zimmer &#8211; is as nimble as a weasel<\/p>\n<\/div>\n\n\n\n<div class=\"wp-block-column col-12 col-md-4 is-layout-flow wp-block-column-is-layout-flow\">\n<figure class=\"wp-block-image size-full\"><img loading=\"lazy\" decoding=\"async\" width=\"1024\" height=\"683\" src=\"https:\/\/hotel-gaedi.ch\/wp-content\/uploads\/2025\/12\/roberta.jpg\" alt=\"\" class=\"wp-image-4661\" srcset=\"https:\/\/hotel-gaedi.ch\/wp-content\/uploads\/2025\/12\/roberta.jpg 1024w, https:\/\/hotel-gaedi.ch\/wp-content\/uploads\/2025\/12\/roberta-500x333.jpg 500w, https:\/\/hotel-gaedi.ch\/wp-content\/uploads\/2025\/12\/roberta-768x512.jpg 768w\" sizes=\"auto, (max-width: 1024px) 100vw, 1024px\" \/><\/figure>\n\n\n\n<h4 class=\"wp-block-heading\">Roberta<\/h4>\n\n\n\n<p>Room and kitchen team &#8211; She loves to cook for life &amp; makes sure the rooms are clean<\/p>\n<\/div>\n<\/div>\n<\/div><\/div>\n\n<div id=\"HomeHeader\" class=\"wp-block-group container-fluid fullwidth-bg-image-overlay-text flowtext\"><div class=\"wp-block-group__inner-container is-layout-flow wp-block-group-is-layout-flow\">\n<div class=\"wp-block-columns row is-layout-flex wp-container-core-columns-is-layout-9d6595d7 wp-block-columns-is-layout-flex\">\n<div class=\"wp-block-column col-12 is-layout-flow wp-block-column-is-layout-flow\">\n<div class=\"wp-block-cover\" style=\"min-height:772px;aspect-ratio:unset;\"><img loading=\"lazy\" decoding=\"async\" width=\"1920\" height=\"1280\" class=\"wp-block-cover__image-background wp-image-2045\" alt=\"\" src=\"https:\/\/hotel-gaedi.ch\/wp-content\/uploads\/2022\/10\/unsere-zimmer-anshcauen.jpg\" style=\"object-position:48% 56%\" data-object-fit=\"cover\" data-object-position=\"48% 56%\" srcset=\"https:\/\/hotel-gaedi.ch\/wp-content\/uploads\/2022\/10\/unsere-zimmer-anshcauen.jpg 1920w, https:\/\/hotel-gaedi.ch\/wp-content\/uploads\/2022\/10\/unsere-zimmer-anshcauen-500x333.jpg 500w, https:\/\/hotel-gaedi.ch\/wp-content\/uploads\/2022\/10\/unsere-zimmer-anshcauen-1024x683.jpg 1024w, https:\/\/hotel-gaedi.ch\/wp-content\/uploads\/2022\/10\/unsere-zimmer-anshcauen-768x512.jpg 768w, https:\/\/hotel-gaedi.ch\/wp-content\/uploads\/2022\/10\/unsere-zimmer-anshcauen-1536x1024.jpg 1536w\" sizes=\"auto, (max-width: 1920px) 100vw, 1920px\" \/><span aria-hidden=\"true\" class=\"wp-block-cover__background has-background-dim-0 has-background-dim\"><\/span><div class=\"wp-block-cover__inner-container is-layout-flow wp-block-cover-is-layout-flow\">\n<div class=\"wp-block-group container\"><div class=\"wp-block-group__inner-container is-layout-flow wp-block-group-is-layout-flow\">\n<div class=\"wp-block-columns row is-layout-flex wp-container-core-columns-is-layout-9d6595d7 wp-block-columns-is-layout-flex\">\n<div class=\"wp-block-column col-12 col-lg-7 is-layout-flow wp-block-column-is-layout-flow\">\n<p>Our rooms<\/p>\n\n\n\n<p>Our guests love our rooms. Everything they are bright, spacious and friendly, partially newly renovated. Thanks to the wonderful southern exposure flooded with light and with a view of the magnificent Valais mountains. <\/p>\n\n\n\n<div class=\"wp-block-buttons is-layout-flex wp-block-buttons-is-layout-flex\">\n<div class=\"wp-block-button\"><a class=\"wp-block-button__link wp-element-button\" href=\"https:\/\/hotel-gaedi.ch\/en\/hotel\/rooms-prices\/\">Our rooms<\/a><\/div>\n<\/div>\n<\/div>\n<\/div>\n<\/div><\/div>\n<\/div><\/div>\n<\/div>\n<\/div>\n<\/div><\/div>\n\n<div class=\"wp-block-group container introtext-centered-sun-icon-title\"><div class=\"wp-block-group__inner-container is-layout-flow wp-block-group-is-layout-flow\">\n<div class=\"wp-block-columns row is-layout-flex wp-container-core-columns-is-layout-9d6595d7 wp-block-columns-is-layout-flex\">\n<div class=\"wp-block-column col-12 is-layout-flow wp-block-column-is-layout-flow\">\n<blockquote class=\"wp-block-quote is-layout-flow wp-block-quote-is-layout-flow\">\n<p>&#8220;Such a beautiful place and such a friendly family. The food is so fine. Everyone is so helpful. The rooms are so cozy. I love going to Hotel G\u00e4di.&#8221;<\/p>\n<\/blockquote>\n<\/div>\n<\/div>\n<\/div><\/div>\n","protected":false},"excerpt":{"rendered":"<p>The G\u00e4di Team If you don&#8217;t know the Hotel G\u00e4di Gr\u00e4chen | Valais yet; let the numerous wonderful guest comments convince you. This, together with the award received in 2017 as the friendliest hotel in Switzerland as well as that as the most popular alpine hotel Gold, are an incentive and motivation for us to [&hellip;]<\/p>\n","protected":false},"author":2,"featured_media":0,"parent":3372,"menu_order":0,"comment_status":"closed","ping_status":"closed","template":"","meta":{"_acf_changed":false,"inline_featured_image":false,"footnotes":""},"class_list":["post-3370","page","type-page","status-publish","hentry"],"acf":[],"yoast_head":"<!-- This site is optimized with the Yoast SEO plugin v27.4 - https:\/\/yoast.com\/product\/yoast-seo-wordpress\/ -->\n<title>Our Team | Hotel G\u00e4di Gr\u00e4chen<\/title>\n<meta name=\"description\" content=\"Our whole Hotel G\u00e4di team welcomes you in Gr\u00e4chen in the Valais Alps and fulfills your wishes and needs.\" \/>\n<meta name=\"robots\" content=\"index, follow, max-snippet:-1, max-image-preview:large, max-video-preview:-1\" \/>\n<link rel=\"canonical\" href=\"https:\/\/hotel-gaedi.ch\/en\/about-us\/team\/\" \/>\n<meta property=\"og:locale\" content=\"en_US\" \/>\n<meta property=\"og:type\" content=\"article\" \/>\n<meta property=\"og:title\" content=\"Our Team | Hotel G\u00e4di Gr\u00e4chen\" \/>\n<meta property=\"og:description\" content=\"Our whole Hotel G\u00e4di team welcomes you in Gr\u00e4chen in the Valais Alps and fulfills your wishes and needs.\" \/>\n<meta property=\"og:url\" content=\"https:\/\/hotel-gaedi.ch\/en\/about-us\/team\/\" \/>\n<meta property=\"og:site_name\" content=\"Hotel G\u00e4di\" \/>\n<meta property=\"article:modified_time\" content=\"2026-04-16T17:48:59+00:00\" \/>\n<meta property=\"og:image\" content=\"https:\/\/hotel-gaedi.ch\/wp-content\/uploads\/2022\/10\/gastgeber-hotel-gaedi.jpg\" \/>\n\t<meta property=\"og:image:width\" content=\"1920\" \/>\n\t<meta property=\"og:image:height\" content=\"1280\" \/>\n\t<meta property=\"og:image:type\" content=\"image\/jpeg\" \/>\n<meta name=\"twitter:card\" content=\"summary_large_image\" \/>\n<meta name=\"twitter:label1\" content=\"Est. reading time\" \/>\n\t<meta name=\"twitter:data1\" content=\"2 minutes\" \/>\n<script type=\"application\/ld+json\" class=\"yoast-schema-graph\">{\"@context\":\"https:\\\/\\\/schema.org\",\"@graph\":[{\"@type\":\"WebPage\",\"@id\":\"https:\\\/\\\/hotel-gaedi.ch\\\/en\\\/about-us\\\/team\\\/\",\"url\":\"https:\\\/\\\/hotel-gaedi.ch\\\/en\\\/about-us\\\/team\\\/\",\"name\":\"Our Team | Hotel G\u00e4di Gr\u00e4chen\",\"isPartOf\":{\"@id\":\"https:\\\/\\\/hotel-gaedi.ch\\\/#website\"},\"primaryImageOfPage\":{\"@id\":\"https:\\\/\\\/hotel-gaedi.ch\\\/en\\\/about-us\\\/team\\\/#primaryimage\"},\"image\":{\"@id\":\"https:\\\/\\\/hotel-gaedi.ch\\\/en\\\/about-us\\\/team\\\/#primaryimage\"},\"thumbnailUrl\":\"https:\\\/\\\/hotel-gaedi.ch\\\/wp-content\\\/uploads\\\/2022\\\/10\\\/gastgeber-hotel-gaedi-1024x683.jpg\",\"datePublished\":\"2022-10-06T09:32:20+00:00\",\"dateModified\":\"2026-04-16T17:48:59+00:00\",\"description\":\"Our whole Hotel G\u00e4di team welcomes you in Gr\u00e4chen in the Valais Alps and fulfills your wishes and needs.\",\"breadcrumb\":{\"@id\":\"https:\\\/\\\/hotel-gaedi.ch\\\/en\\\/about-us\\\/team\\\/#breadcrumb\"},\"inLanguage\":\"en-US\",\"potentialAction\":[{\"@type\":\"ReadAction\",\"target\":[\"https:\\\/\\\/hotel-gaedi.ch\\\/en\\\/about-us\\\/team\\\/\"]}]},{\"@type\":\"ImageObject\",\"inLanguage\":\"en-US\",\"@id\":\"https:\\\/\\\/hotel-gaedi.ch\\\/en\\\/about-us\\\/team\\\/#primaryimage\",\"url\":\"https:\\\/\\\/hotel-gaedi.ch\\\/wp-content\\\/uploads\\\/2022\\\/10\\\/gastgeber-hotel-gaedi-1024x683.jpg\",\"contentUrl\":\"https:\\\/\\\/hotel-gaedi.ch\\\/wp-content\\\/uploads\\\/2022\\\/10\\\/gastgeber-hotel-gaedi-1024x683.jpg\"},{\"@type\":\"BreadcrumbList\",\"@id\":\"https:\\\/\\\/hotel-gaedi.ch\\\/en\\\/about-us\\\/team\\\/#breadcrumb\",\"itemListElement\":[{\"@type\":\"ListItem\",\"position\":1,\"name\":\"Home\",\"item\":\"https:\\\/\\\/hotel-gaedi.ch\\\/en\\\/\"},{\"@type\":\"ListItem\",\"position\":2,\"name\":\"About us\",\"item\":\"https:\\\/\\\/hotel-gaedi.ch\\\/en\\\/about-us\\\/\"},{\"@type\":\"ListItem\",\"position\":3,\"name\":\"Team\"}]},{\"@type\":\"WebSite\",\"@id\":\"https:\\\/\\\/hotel-gaedi.ch\\\/#website\",\"url\":\"https:\\\/\\\/hotel-gaedi.ch\\\/\",\"name\":\"Hotel G\u00e4di\",\"description\":\"Ferien im Hotel G\u00e4di - Gr\u00e4chen\",\"potentialAction\":[{\"@type\":\"SearchAction\",\"target\":{\"@type\":\"EntryPoint\",\"urlTemplate\":\"https:\\\/\\\/hotel-gaedi.ch\\\/?s={search_term_string}\"},\"query-input\":{\"@type\":\"PropertyValueSpecification\",\"valueRequired\":true,\"valueName\":\"search_term_string\"}}],\"inLanguage\":\"en-US\"}]}<\/script>\n<!-- \/ Yoast SEO plugin. -->","yoast_head_json":{"title":"Our Team | Hotel G\u00e4di Gr\u00e4chen","description":"Our whole Hotel G\u00e4di team welcomes you in Gr\u00e4chen in the Valais Alps and fulfills your wishes and needs.","robots":{"index":"index","follow":"follow","max-snippet":"max-snippet:-1","max-image-preview":"max-image-preview:large","max-video-preview":"max-video-preview:-1"},"canonical":"https:\/\/hotel-gaedi.ch\/en\/about-us\/team\/","og_locale":"en_US","og_type":"article","og_title":"Our Team | Hotel G\u00e4di Gr\u00e4chen","og_description":"Our whole Hotel G\u00e4di team welcomes you in Gr\u00e4chen in the Valais Alps and fulfills your wishes and needs.","og_url":"https:\/\/hotel-gaedi.ch\/en\/about-us\/team\/","og_site_name":"Hotel G\u00e4di","article_modified_time":"2026-04-16T17:48:59+00:00","og_image":[{"width":1920,"height":1280,"url":"https:\/\/hotel-gaedi.ch\/wp-content\/uploads\/2022\/10\/gastgeber-hotel-gaedi.jpg","type":"image\/jpeg"}],"twitter_card":"summary_large_image","twitter_misc":{"Est. reading time":"2 minutes"},"schema":{"@context":"https:\/\/schema.org","@graph":[{"@type":"WebPage","@id":"https:\/\/hotel-gaedi.ch\/en\/about-us\/team\/","url":"https:\/\/hotel-gaedi.ch\/en\/about-us\/team\/","name":"Our Team | Hotel G\u00e4di Gr\u00e4chen","isPartOf":{"@id":"https:\/\/hotel-gaedi.ch\/#website"},"primaryImageOfPage":{"@id":"https:\/\/hotel-gaedi.ch\/en\/about-us\/team\/#primaryimage"},"image":{"@id":"https:\/\/hotel-gaedi.ch\/en\/about-us\/team\/#primaryimage"},"thumbnailUrl":"https:\/\/hotel-gaedi.ch\/wp-content\/uploads\/2022\/10\/gastgeber-hotel-gaedi-1024x683.jpg","datePublished":"2022-10-06T09:32:20+00:00","dateModified":"2026-04-16T17:48:59+00:00","description":"Our whole Hotel G\u00e4di team welcomes you in Gr\u00e4chen in the Valais Alps and fulfills your wishes and needs.","breadcrumb":{"@id":"https:\/\/hotel-gaedi.ch\/en\/about-us\/team\/#breadcrumb"},"inLanguage":"en-US","potentialAction":[{"@type":"ReadAction","target":["https:\/\/hotel-gaedi.ch\/en\/about-us\/team\/"]}]},{"@type":"ImageObject","inLanguage":"en-US","@id":"https:\/\/hotel-gaedi.ch\/en\/about-us\/team\/#primaryimage","url":"https:\/\/hotel-gaedi.ch\/wp-content\/uploads\/2022\/10\/gastgeber-hotel-gaedi-1024x683.jpg","contentUrl":"https:\/\/hotel-gaedi.ch\/wp-content\/uploads\/2022\/10\/gastgeber-hotel-gaedi-1024x683.jpg"},{"@type":"BreadcrumbList","@id":"https:\/\/hotel-gaedi.ch\/en\/about-us\/team\/#breadcrumb","itemListElement":[{"@type":"ListItem","position":1,"name":"Home","item":"https:\/\/hotel-gaedi.ch\/en\/"},{"@type":"ListItem","position":2,"name":"About us","item":"https:\/\/hotel-gaedi.ch\/en\/about-us\/"},{"@type":"ListItem","position":3,"name":"Team"}]},{"@type":"WebSite","@id":"https:\/\/hotel-gaedi.ch\/#website","url":"https:\/\/hotel-gaedi.ch\/","name":"Hotel G\u00e4di","description":"Ferien im Hotel G\u00e4di - Gr\u00e4chen","potentialAction":[{"@type":"SearchAction","target":{"@type":"EntryPoint","urlTemplate":"https:\/\/hotel-gaedi.ch\/?s={search_term_string}"},"query-input":{"@type":"PropertyValueSpecification","valueRequired":true,"valueName":"search_term_string"}}],"inLanguage":"en-US"}]}},"_links":{"self":[{"href":"https:\/\/hotel-gaedi.ch\/en\/wp-json\/wp\/v2\/pages\/3370","targetHints":{"allow":["GET"]}}],"collection":[{"href":"https:\/\/hotel-gaedi.ch\/en\/wp-json\/wp\/v2\/pages"}],"about":[{"href":"https:\/\/hotel-gaedi.ch\/en\/wp-json\/wp\/v2\/types\/page"}],"author":[{"embeddable":true,"href":"https:\/\/hotel-gaedi.ch\/en\/wp-json\/wp\/v2\/users\/2"}],"replies":[{"embeddable":true,"href":"https:\/\/hotel-gaedi.ch\/en\/wp-json\/wp\/v2\/comments?post=3370"}],"version-history":[{"count":15,"href":"https:\/\/hotel-gaedi.ch\/en\/wp-json\/wp\/v2\/pages\/3370\/revisions"}],"predecessor-version":[{"id":4710,"href":"https:\/\/hotel-gaedi.ch\/en\/wp-json\/wp\/v2\/pages\/3370\/revisions\/4710"}],"up":[{"embeddable":true,"href":"https:\/\/hotel-gaedi.ch\/en\/wp-json\/wp\/v2\/pages\/3372"}],"wp:attachment":[{"href":"https:\/\/hotel-gaedi.ch\/en\/wp-json\/wp\/v2\/media?parent=3370"}],"curies":[{"name":"wp","href":"https:\/\/api.w.org\/{rel}","templated":true}]}}