{"id":3376,"date":"2022-09-09T11:56:42","date_gmt":"2022-09-09T09:56:42","guid":{"rendered":"https:\/\/hotel-gaedi.ch\/room-request\/"},"modified":"2022-11-29T16:43:10","modified_gmt":"2022-11-29T15:43:10","slug":"room-request","status":"publish","type":"page","link":"https:\/\/hotel-gaedi.ch\/en\/room-request\/","title":{"rendered":"Room request"},"content":{"rendered":"\n<div class=\"wp-block-group container-fluid header-teaser\"><div class=\"wp-block-group__inner-container is-layout-flow wp-block-group-is-layout-flow\">\n<div class=\"wp-block-columns row is-layout-flex wp-container-core-columns-is-layout-9d6595d7 wp-block-columns-is-layout-flex\">\n<div class=\"wp-block-column col-12 is-layout-flow wp-block-column-is-layout-flow\">\n<div class=\"wp-block-group container\"><div class=\"wp-block-group__inner-container is-layout-flow wp-block-group-is-layout-flow\">\n<div class=\"wp-block-columns row is-layout-flex wp-container-core-columns-is-layout-9d6595d7 wp-block-columns-is-layout-flex\">\n<div class=\"wp-block-column col-md-12 col-lg-6 order-2 order-lg-1 is-layout-flow wp-block-column-is-layout-flow\">\n<div class=\"wp-block-group\"><div class=\"wp-block-group__inner-container is-layout-flow wp-block-group-is-layout-flow\">\n<h1 class=\"wp-block-heading\">Direct booking gives you the best price&nbsp;<\/h1>\n\n\n\n<p>We guarantee the best room rates and offers and packages if you book directly on our website. Your stay will be additionally attractive with the use of our Wellness &amp; Spa, free W-LAN Internet access and of course our rich breakfast buffet with Valais specialties.<\/p>\n<\/div><\/div>\n<\/div>\n\n\n\n<div class=\"wp-block-column col-md-12 col-lg-6 order-1 order-lg-2 is-layout-flow wp-block-column-is-layout-flow\">\n<figure class=\"wp-block-image size-large\"><img loading=\"lazy\" decoding=\"async\" width=\"1024\" height=\"1024\" src=\"https:\/\/hotel-gaedi.ch\/wp-content\/uploads\/2022\/10\/zimmer-anfragen-1024x1024.jpg\" alt=\"\" class=\"wp-image-1439\" srcset=\"https:\/\/hotel-gaedi.ch\/wp-content\/uploads\/2022\/10\/zimmer-anfragen.jpg 1024w, https:\/\/hotel-gaedi.ch\/wp-content\/uploads\/2022\/10\/zimmer-anfragen-500x500.jpg 500w, https:\/\/hotel-gaedi.ch\/wp-content\/uploads\/2022\/10\/zimmer-anfragen-400x400.jpg 400w, https:\/\/hotel-gaedi.ch\/wp-content\/uploads\/2022\/10\/zimmer-anfragen-768x768.jpg 768w\" sizes=\"auto, (max-width: 1024px) 100vw, 1024px\" \/><\/figure>\n<\/div>\n<\/div>\n<\/div><\/div>\n<\/div>\n<\/div>\n<\/div><\/div>\n\n\n\n<div class=\"wp-block-group container gaedi-forms\"><div class=\"wp-block-group__inner-container is-layout-flow wp-block-group-is-layout-flow\">\n<div class=\"wp-block-columns row is-layout-flex wp-container-core-columns-is-layout-9d6595d7 wp-block-columns-is-layout-flex\">\n<div class=\"wp-block-column col-12 is-layout-flow wp-block-column-is-layout-flow\">\n<h2 class=\"wp-block-heading\">We are looking forward to your inquiry<\/h2>\n<\/div>\n<\/div>\n\n\n\n<div class=\"wp-block-columns row is-layout-flex wp-container-core-columns-is-layout-9d6595d7 wp-block-columns-is-layout-flex\">\n<div class=\"wp-block-column col-12 is-layout-flow wp-block-column-is-layout-flow\">\n<div class=\"wp-block-contact-form-7-contact-form-selector\">\n<div class=\"wpcf7 no-js\" id=\"wpcf7-f3396-o1\" lang=\"en-US\" dir=\"ltr\" data-wpcf7-id=\"3396\">\n<div class=\"screen-reader-response\"><p role=\"status\" aria-live=\"polite\" aria-atomic=\"true\"><\/p> <ul><\/ul><\/div>\n<form action=\"\/en\/wp-json\/wp\/v2\/pages\/3376#wpcf7-f3396-o1\" method=\"post\" class=\"wpcf7-form init\" aria-label=\"Contact form\" novalidate=\"novalidate\" data-status=\"init\">\n<fieldset class=\"hidden-fields-container\"><input type=\"hidden\" name=\"_wpcf7\" value=\"3396\" \/><input type=\"hidden\" name=\"_wpcf7_version\" value=\"6.1.5\" \/><input type=\"hidden\" name=\"_wpcf7_locale\" value=\"en_US\" \/><input type=\"hidden\" name=\"_wpcf7_unit_tag\" value=\"wpcf7-f3396-o1\" \/><input type=\"hidden\" name=\"_wpcf7_container_post\" value=\"0\" \/><input type=\"hidden\" name=\"_wpcf7_posted_data_hash\" value=\"\" \/><input type=\"hidden\" name=\"_wpcf7_recaptcha_response\" value=\"\" \/>\n<\/fieldset>\n<div class=\"row\">\n\t<div class=\"col-12 col-md-6\">\n\t\t<div id=\"datepicker-anreise\" class=\"datepicker\" data-td-target-input=\"nearest\" data-td-target-toggle=\"nearest\">\n\t\t\t<p><span class=\"wpcf7-form-control-wrap\" data-name=\"datepickerInputAnreise\"><input size=\"40\" maxlength=\"400\" class=\"wpcf7-form-control wpcf7-text wpcf7-validates-as-required\" id=\"datepickerInputAnreise\" aria-required=\"true\" aria-invalid=\"false\" placeholder=\"Arrival*\" value=\"\" type=\"text\" name=\"datepickerInputAnreise\" \/><\/span><br \/>\n<span class=\"input-group-text\" data-td-target=\"#datepicker-anreise\" data-td-toggle=\"datetimepicker\">\u00a0<\/span>\n\t\t\t<\/p>\n\t\t<\/div>\n\t<\/div>\n\t<div class=\"col-12 col-md-6\">\n\t\t<div id=\"datepicker-abreise\" class=\"datepicker\" data-td-target-input=\"nearest\" data-td-target-toggle=\"nearest\">\n\t\t\t<p><span class=\"wpcf7-form-control-wrap\" data-name=\"datepickerInputAbreise\"><input size=\"40\" maxlength=\"400\" class=\"wpcf7-form-control wpcf7-text wpcf7-validates-as-required\" id=\"datepickerInputAbreise\" aria-required=\"true\" aria-invalid=\"false\" placeholder=\"Departure*\" value=\"\" type=\"text\" name=\"datepickerInputAbreise\" \/><\/span><br \/>\n<span class=\"input-group-text\" data-td-target=\"#datepicker-abreise\" data-td-toggle=\"datetimepicker\">\u00a0<\/span>\n\t\t\t<\/p>\n\t\t<\/div>\n\t<\/div>\n<\/div>\n<p><span class=\"wpcf7-form-control-wrap\" data-name=\"selectRoom\"><select class=\"wpcf7-form-control wpcf7-select wpcf7-validates-as-required\" aria-required=\"true\" aria-invalid=\"false\" name=\"selectRoom\"><option value=\"Select room*\">Select room*<\/option><option value=\"Double room Cozy\">Double room Cozy<\/option><option value=\"Double room Happy\">Double room Happy<\/option><option value=\"Double Room Superior Plus\">Double Room Superior Plus<\/option><option value=\"Corner room\">Corner room<\/option><option value=\"Suite\">Suite<\/option><option value=\"Single room Grand Lit\">Single room Grand Lit<\/option><option value=\"Cozy as a single room\">Cozy as a single room<\/option><option value=\"3 bed room\">3 bed room<\/option><option value=\"Family room for 4\">Family room for 4<\/option><option value=\"Family room for 5\">Family room for 5<\/option><option value=\"Family Suite for 4\">Family Suite for 4<\/option><option value=\"Family suite for 5\">Family suite for 5<\/option><option value=\"Triple room for 4\">Triple room for 4<\/option><option value=\"Suite for 3\">Suite for 3<\/option><\/select><\/span>\n<\/p>\n<div class=\"row\">\n\t<div class=\"col-12 col-md-4\">\n\t\t<p><span class=\"wpcf7-form-control-wrap\" data-name=\"erwachsene\"><input size=\"40\" maxlength=\"400\" class=\"wpcf7-form-control wpcf7-text wpcf7-validates-as-required\" aria-required=\"true\" aria-invalid=\"false\" placeholder=\"Adults*\" value=\"\" type=\"text\" name=\"erwachsene\" \/><\/span>\n\t\t<\/p>\n\t<\/div>\n\t<div class=\"col-12 col-md-4\">\n\t\t<p><span class=\"wpcf7-form-control-wrap\" data-name=\"kinder\"><input size=\"40\" maxlength=\"400\" class=\"wpcf7-form-control wpcf7-text\" aria-invalid=\"false\" placeholder=\"Children\" value=\"\" type=\"text\" name=\"kinder\" \/><\/span>\n\t\t<\/p>\n\t<\/div>\n\t<div class=\"col-12 col-md-4\">\n\t\t<p><span class=\"wpcf7-form-control-wrap\" data-name=\"alterKinder\"><input size=\"40\" maxlength=\"400\" class=\"wpcf7-form-control wpcf7-text\" aria-invalid=\"false\" placeholder=\"Age children\" value=\"\" type=\"text\" name=\"alterKinder\" \/><\/span>\n\t\t<\/p>\n\t<\/div>\n<\/div>\n<div class=\"spacerBig\">\n<\/div>\n<div class=\"row\">\n\t<div class=\"col-12 col-md-6\">\n\t\t<p><span class=\"wpcf7-form-control-wrap\" data-name=\"vorname-nachname\"><input size=\"40\" maxlength=\"400\" class=\"wpcf7-form-control wpcf7-text wpcf7-validates-as-required\" aria-required=\"true\" aria-invalid=\"false\" placeholder=\"First name \/ Surname*\" value=\"\" type=\"text\" name=\"vorname-nachname\" \/><\/span>\n\t\t<\/p>\n\t<\/div>\n\t<div class=\"col-12 col-md-6\">\n\t\t<p><span class=\"wpcf7-form-control-wrap\" data-name=\"adresse\"><input size=\"40\" maxlength=\"400\" class=\"wpcf7-form-control wpcf7-text wpcf7-validates-as-required\" aria-required=\"true\" aria-invalid=\"false\" placeholder=\"Address*\" value=\"\" type=\"text\" name=\"adresse\" \/><\/span>\n\t\t<\/p>\n\t<\/div>\n<\/div>\n<div class=\"row\">\n\t<div class=\"col-12 col-md-6\">\n\t\t<p><span class=\"wpcf7-form-control-wrap\" data-name=\"plz-ort\"><input size=\"40\" maxlength=\"400\" class=\"wpcf7-form-control wpcf7-text wpcf7-validates-as-required\" aria-required=\"true\" aria-invalid=\"false\" placeholder=\"Postcode\/Place*\" value=\"\" type=\"text\" name=\"plz-ort\" \/><\/span>\n\t\t<\/p>\n\t<\/div>\n\t<div class=\"col-12 col-md-6\">\n\t\t<p><span class=\"wpcf7-form-control-wrap\" data-name=\"land\"><input size=\"40\" maxlength=\"400\" class=\"wpcf7-form-control wpcf7-text wpcf7-validates-as-required\" aria-required=\"true\" aria-invalid=\"false\" placeholder=\"Country*\" value=\"\" type=\"text\" name=\"land\" \/><\/span>\n\t\t<\/p>\n\t<\/div>\n<\/div>\n<div class=\"row\">\n\t<div class=\"col-12 col-md-6\">\n\t\t<p><span class=\"wpcf7-form-control-wrap\" data-name=\"email\"><input size=\"40\" maxlength=\"400\" class=\"wpcf7-form-control wpcf7-email wpcf7-validates-as-required wpcf7-text wpcf7-validates-as-email\" aria-required=\"true\" aria-invalid=\"false\" placeholder=\"Email*\" value=\"\" type=\"email\" name=\"email\" \/><\/span>\n\t\t<\/p>\n\t<\/div>\n\t<div class=\"col-12 col-md-6\">\n\t\t<p><span class=\"wpcf7-form-control-wrap\" data-name=\"telefon\"><input size=\"40\" maxlength=\"400\" class=\"wpcf7-form-control wpcf7-text wpcf7-validates-as-required\" aria-required=\"true\" aria-invalid=\"false\" placeholder=\"Phone*\" value=\"\" type=\"text\" name=\"telefon\" \/><\/span>\n\t\t<\/p>\n\t<\/div>\n<\/div>\n<div class=\"row\">\n\t<div class=\"col-12 \">\n\t\t<p><span class=\"wpcf7-form-control-wrap\" data-name=\"nachricht\"><textarea cols=\"40\" rows=\"10\" maxlength=\"2000\" class=\"wpcf7-form-control wpcf7-textarea\" aria-invalid=\"false\" placeholder=\"Message\" name=\"nachricht\"><\/textarea><\/span>\n\t\t<\/p>\n\t<\/div>\n<\/div>\n<div class=\"row\">\n\t<div class=\"col-4 col-lg-2 offset-sm-8 offset-lg-10\">\n\t\t<p><input class=\"wpcf7-form-control wpcf7-submit has-spinner\" type=\"submit\" value=\"Request\" \/>\n\t\t<\/p>\n\t<\/div>\n<\/div><div class=\"wpcf7-response-output\" aria-hidden=\"true\"><\/div>\n<\/form>\n<\/div>\n<\/div>\n<\/div>\n<\/div>\n<\/div><\/div>\n","protected":false},"excerpt":{"rendered":"<p>Direct booking gives you the best price&nbsp; We guarantee the best room rates and offers and packages if you book directly on our website. Your stay will be additionally attractive with the use of our Wellness &amp; Spa, free W-LAN Internet access and of course our rich breakfast buffet with Valais specialties. We are looking [&hellip;]<\/p>\n","protected":false},"author":1,"featured_media":0,"parent":0,"menu_order":0,"comment_status":"closed","ping_status":"closed","template":"","meta":{"_acf_changed":false,"inline_featured_image":false,"footnotes":""},"class_list":["post-3376","page","type-page","status-publish","hentry"],"acf":[],"yoast_head":"<!-- This site is optimized with the Yoast SEO plugin v27.4 - https:\/\/yoast.com\/product\/yoast-seo-wordpress\/ -->\n<title>Request room | Hotel G\u00e4di Gr\u00e4chen<\/title>\n<meta name=\"description\" content=\"We guarantee the best room rates and deals when you book directly on our Hotel G\u00e4di website. Request room now.\" \/>\n<meta name=\"robots\" content=\"index, follow, max-snippet:-1, max-image-preview:large, max-video-preview:-1\" \/>\n<link rel=\"canonical\" href=\"https:\/\/hotel-gaedi.ch\/en\/room-request\/\" \/>\n<meta property=\"og:locale\" content=\"en_US\" \/>\n<meta property=\"og:type\" content=\"article\" \/>\n<meta property=\"og:title\" content=\"Request room | Hotel G\u00e4di Gr\u00e4chen\" \/>\n<meta property=\"og:description\" content=\"We guarantee the best room rates and deals when you book directly on our Hotel G\u00e4di website. Request room now.\" \/>\n<meta property=\"og:url\" content=\"https:\/\/hotel-gaedi.ch\/en\/room-request\/\" \/>\n<meta property=\"og:site_name\" content=\"Hotel G\u00e4di\" \/>\n<meta property=\"article:modified_time\" content=\"2022-11-29T15:43:10+00:00\" \/>\n<meta property=\"og:image\" content=\"https:\/\/hotel-gaedi.ch\/wp-content\/uploads\/2022\/10\/zimmer-anfragen-1024x1024.jpg\" \/>\n<meta name=\"twitter:card\" content=\"summary_large_image\" \/>\n<script type=\"application\/ld+json\" class=\"yoast-schema-graph\">{\"@context\":\"https:\\\/\\\/schema.org\",\"@graph\":[{\"@type\":\"WebPage\",\"@id\":\"https:\\\/\\\/hotel-gaedi.ch\\\/en\\\/room-request\\\/\",\"url\":\"https:\\\/\\\/hotel-gaedi.ch\\\/en\\\/room-request\\\/\",\"name\":\"Request room | Hotel G\u00e4di Gr\u00e4chen\",\"isPartOf\":{\"@id\":\"https:\\\/\\\/hotel-gaedi.ch\\\/#website\"},\"primaryImageOfPage\":{\"@id\":\"https:\\\/\\\/hotel-gaedi.ch\\\/en\\\/room-request\\\/#primaryimage\"},\"image\":{\"@id\":\"https:\\\/\\\/hotel-gaedi.ch\\\/en\\\/room-request\\\/#primaryimage\"},\"thumbnailUrl\":\"https:\\\/\\\/hotel-gaedi.ch\\\/wp-content\\\/uploads\\\/2022\\\/10\\\/zimmer-anfragen-1024x1024.jpg\",\"datePublished\":\"2022-09-09T09:56:42+00:00\",\"dateModified\":\"2022-11-29T15:43:10+00:00\",\"description\":\"We guarantee the best room rates and deals when you book directly on our Hotel G\u00e4di website. Request room now.\",\"breadcrumb\":{\"@id\":\"https:\\\/\\\/hotel-gaedi.ch\\\/en\\\/room-request\\\/#breadcrumb\"},\"inLanguage\":\"en-US\",\"potentialAction\":[{\"@type\":\"ReadAction\",\"target\":[\"https:\\\/\\\/hotel-gaedi.ch\\\/en\\\/room-request\\\/\"]}]},{\"@type\":\"ImageObject\",\"inLanguage\":\"en-US\",\"@id\":\"https:\\\/\\\/hotel-gaedi.ch\\\/en\\\/room-request\\\/#primaryimage\",\"url\":\"https:\\\/\\\/hotel-gaedi.ch\\\/wp-content\\\/uploads\\\/2022\\\/10\\\/zimmer-anfragen-1024x1024.jpg\",\"contentUrl\":\"https:\\\/\\\/hotel-gaedi.ch\\\/wp-content\\\/uploads\\\/2022\\\/10\\\/zimmer-anfragen-1024x1024.jpg\"},{\"@type\":\"BreadcrumbList\",\"@id\":\"https:\\\/\\\/hotel-gaedi.ch\\\/en\\\/room-request\\\/#breadcrumb\",\"itemListElement\":[{\"@type\":\"ListItem\",\"position\":1,\"name\":\"Home\",\"item\":\"https:\\\/\\\/hotel-gaedi.ch\\\/en\\\/\"},{\"@type\":\"ListItem\",\"position\":2,\"name\":\"Room request\"}]},{\"@type\":\"WebSite\",\"@id\":\"https:\\\/\\\/hotel-gaedi.ch\\\/#website\",\"url\":\"https:\\\/\\\/hotel-gaedi.ch\\\/\",\"name\":\"Hotel G\u00e4di\",\"description\":\"Ferien im Hotel G\u00e4di - Gr\u00e4chen\",\"potentialAction\":[{\"@type\":\"SearchAction\",\"target\":{\"@type\":\"EntryPoint\",\"urlTemplate\":\"https:\\\/\\\/hotel-gaedi.ch\\\/?s={search_term_string}\"},\"query-input\":{\"@type\":\"PropertyValueSpecification\",\"valueRequired\":true,\"valueName\":\"search_term_string\"}}],\"inLanguage\":\"en-US\"}]}<\/script>\n<!-- \/ Yoast SEO plugin. -->","yoast_head_json":{"title":"Request room | Hotel G\u00e4di Gr\u00e4chen","description":"We guarantee the best room rates and deals when you book directly on our Hotel G\u00e4di website. Request room now.","robots":{"index":"index","follow":"follow","max-snippet":"max-snippet:-1","max-image-preview":"max-image-preview:large","max-video-preview":"max-video-preview:-1"},"canonical":"https:\/\/hotel-gaedi.ch\/en\/room-request\/","og_locale":"en_US","og_type":"article","og_title":"Request room | Hotel G\u00e4di Gr\u00e4chen","og_description":"We guarantee the best room rates and deals when you book directly on our Hotel G\u00e4di website. Request room now.","og_url":"https:\/\/hotel-gaedi.ch\/en\/room-request\/","og_site_name":"Hotel G\u00e4di","article_modified_time":"2022-11-29T15:43:10+00:00","og_image":[{"url":"https:\/\/hotel-gaedi.ch\/wp-content\/uploads\/2022\/10\/zimmer-anfragen-1024x1024.jpg","type":"","width":"","height":""}],"twitter_card":"summary_large_image","schema":{"@context":"https:\/\/schema.org","@graph":[{"@type":"WebPage","@id":"https:\/\/hotel-gaedi.ch\/en\/room-request\/","url":"https:\/\/hotel-gaedi.ch\/en\/room-request\/","name":"Request room | Hotel G\u00e4di Gr\u00e4chen","isPartOf":{"@id":"https:\/\/hotel-gaedi.ch\/#website"},"primaryImageOfPage":{"@id":"https:\/\/hotel-gaedi.ch\/en\/room-request\/#primaryimage"},"image":{"@id":"https:\/\/hotel-gaedi.ch\/en\/room-request\/#primaryimage"},"thumbnailUrl":"https:\/\/hotel-gaedi.ch\/wp-content\/uploads\/2022\/10\/zimmer-anfragen-1024x1024.jpg","datePublished":"2022-09-09T09:56:42+00:00","dateModified":"2022-11-29T15:43:10+00:00","description":"We guarantee the best room rates and deals when you book directly on our Hotel G\u00e4di website. Request room now.","breadcrumb":{"@id":"https:\/\/hotel-gaedi.ch\/en\/room-request\/#breadcrumb"},"inLanguage":"en-US","potentialAction":[{"@type":"ReadAction","target":["https:\/\/hotel-gaedi.ch\/en\/room-request\/"]}]},{"@type":"ImageObject","inLanguage":"en-US","@id":"https:\/\/hotel-gaedi.ch\/en\/room-request\/#primaryimage","url":"https:\/\/hotel-gaedi.ch\/wp-content\/uploads\/2022\/10\/zimmer-anfragen-1024x1024.jpg","contentUrl":"https:\/\/hotel-gaedi.ch\/wp-content\/uploads\/2022\/10\/zimmer-anfragen-1024x1024.jpg"},{"@type":"BreadcrumbList","@id":"https:\/\/hotel-gaedi.ch\/en\/room-request\/#breadcrumb","itemListElement":[{"@type":"ListItem","position":1,"name":"Home","item":"https:\/\/hotel-gaedi.ch\/en\/"},{"@type":"ListItem","position":2,"name":"Room request"}]},{"@type":"WebSite","@id":"https:\/\/hotel-gaedi.ch\/#website","url":"https:\/\/hotel-gaedi.ch\/","name":"Hotel G\u00e4di","description":"Ferien im Hotel G\u00e4di - Gr\u00e4chen","potentialAction":[{"@type":"SearchAction","target":{"@type":"EntryPoint","urlTemplate":"https:\/\/hotel-gaedi.ch\/?s={search_term_string}"},"query-input":{"@type":"PropertyValueSpecification","valueRequired":true,"valueName":"search_term_string"}}],"inLanguage":"en-US"}]}},"_links":{"self":[{"href":"https:\/\/hotel-gaedi.ch\/en\/wp-json\/wp\/v2\/pages\/3376","targetHints":{"allow":["GET"]}}],"collection":[{"href":"https:\/\/hotel-gaedi.ch\/en\/wp-json\/wp\/v2\/pages"}],"about":[{"href":"https:\/\/hotel-gaedi.ch\/en\/wp-json\/wp\/v2\/types\/page"}],"author":[{"embeddable":true,"href":"https:\/\/hotel-gaedi.ch\/en\/wp-json\/wp\/v2\/users\/1"}],"replies":[{"embeddable":true,"href":"https:\/\/hotel-gaedi.ch\/en\/wp-json\/wp\/v2\/comments?post=3376"}],"version-history":[{"count":1,"href":"https:\/\/hotel-gaedi.ch\/en\/wp-json\/wp\/v2\/pages\/3376\/revisions"}],"predecessor-version":[{"id":3377,"href":"https:\/\/hotel-gaedi.ch\/en\/wp-json\/wp\/v2\/pages\/3376\/revisions\/3377"}],"wp:attachment":[{"href":"https:\/\/hotel-gaedi.ch\/en\/wp-json\/wp\/v2\/media?parent=3376"}],"curies":[{"name":"wp","href":"https:\/\/api.w.org\/{rel}","templated":true}]}}