{"id":3378,"date":"2022-09-09T11:56:52","date_gmt":"2022-09-09T09:56:52","guid":{"rendered":"https:\/\/hotel-gaedi.ch\/book-room\/"},"modified":"2025-11-11T16:06:03","modified_gmt":"2025-11-11T15:06:03","slug":"book-room","status":"publish","type":"page","link":"https:\/\/hotel-gaedi.ch\/en\/book-room\/","title":{"rendered":"Book room"},"content":{"rendered":"\n<div class=\"wp-block-group container advantages-icons-grid-centered\"><div class=\"wp-block-group__inner-container is-layout-flow wp-block-group-is-layout-flow\">\n<div class=\"wp-block-columns row is-layout-flex wp-container-core-columns-is-layout-9d6595d7 wp-block-columns-is-layout-flex\">\n<div class=\"wp-block-column col-12 is-layout-flow wp-block-column-is-layout-flow\">\n<h2 class=\"wp-block-heading\">Book room<\/h2>\n\n\n\n<p>Book online here and benefit from the best price. We will send you the confirmation immediately.<\/p>\n<\/div>\n<\/div>\n\n\n\n<div class=\"wp-block-columns row icons-row is-layout-flex wp-container-core-columns-is-layout-9d6595d7 wp-block-columns-is-layout-flex\">\n<div class=\"wp-block-column col-12 is-layout-flow wp-block-column-is-layout-flow\">\n<div data-kbe-searchbar=\"BOOKINGWIDGET\"><\/div>\n\n\n\n\n<script>\n!function(t,e,n,s){t[\"kbe-widgets\"]=s,t[s]=t[s]||new Proxy({q:[]},{get:(e,n)=>n in e?e[n]:function(e){t[s].q.push([n,e])}});const o=e.createElement(n),r=e.getElementsByTagName(n)[0];o.id=s,o.src=\"https:\/\/widget-bf.seekda.com\/loader.js\",o.async=1,r.parentNode.insertBefore(o,r)}(window,document,\"script\",\"__KBE\");\n\n__KBE.settings({\n    \"propertyCode\": \"CH_VS_0335\",\n    \"language\": \"EN\",\n    \"id\": \"BOOKINGWIDGET\"\n});\n__KBE.searchbar({\n    \"id\": \"BOOKINGWIDGET\"\n});\n<\/script>\n<\/div>\n<\/div>\n<\/div><\/div>\n","protected":false},"excerpt":{"rendered":"<p>Book room Book online here and benefit from the best price. We will send you the confirmation immediately.<\/p>\n","protected":false},"author":1,"featured_media":0,"parent":0,"menu_order":0,"comment_status":"closed","ping_status":"closed","template":"","meta":{"_acf_changed":false,"inline_featured_image":false,"footnotes":""},"class_list":["post-3378","page","type-page","status-publish","hentry"],"acf":[],"yoast_head":"<!-- This site is optimized with the Yoast SEO plugin v27.4 - https:\/\/yoast.com\/product\/yoast-seo-wordpress\/ -->\n<title>Book room | Hotel G\u00e4di Gr\u00e4chen<\/title>\n<meta name=\"description\" content=\"Gaze at the sunrise on the Valais mountains from your bed? Book your room here and benefit from the best price guarantee.\" \/>\n<meta name=\"robots\" content=\"index, follow, max-snippet:-1, max-image-preview:large, max-video-preview:-1\" \/>\n<link rel=\"canonical\" href=\"https:\/\/hotel-gaedi.ch\/en\/book-room\/\" \/>\n<meta property=\"og:locale\" content=\"en_US\" \/>\n<meta property=\"og:type\" content=\"article\" \/>\n<meta property=\"og:title\" content=\"Book room | Hotel G\u00e4di Gr\u00e4chen\" \/>\n<meta property=\"og:description\" content=\"Gaze at the sunrise on the Valais mountains from your bed? Book your room here and benefit from the best price guarantee.\" \/>\n<meta property=\"og:url\" content=\"https:\/\/hotel-gaedi.ch\/en\/book-room\/\" \/>\n<meta property=\"og:site_name\" content=\"Hotel G\u00e4di\" \/>\n<meta property=\"article:modified_time\" content=\"2025-11-11T15:06:03+00:00\" \/>\n<meta name=\"twitter:card\" content=\"summary_large_image\" \/>\n<meta name=\"twitter:label1\" content=\"Est. reading time\" \/>\n\t<meta name=\"twitter:data1\" content=\"1 minute\" \/>\n<script type=\"application\/ld+json\" class=\"yoast-schema-graph\">{\"@context\":\"https:\\\/\\\/schema.org\",\"@graph\":[{\"@type\":\"WebPage\",\"@id\":\"https:\\\/\\\/hotel-gaedi.ch\\\/en\\\/book-room\\\/\",\"url\":\"https:\\\/\\\/hotel-gaedi.ch\\\/en\\\/book-room\\\/\",\"name\":\"Book room | Hotel G\u00e4di Gr\u00e4chen\",\"isPartOf\":{\"@id\":\"https:\\\/\\\/hotel-gaedi.ch\\\/#website\"},\"datePublished\":\"2022-09-09T09:56:52+00:00\",\"dateModified\":\"2025-11-11T15:06:03+00:00\",\"description\":\"Gaze at the sunrise on the Valais mountains from your bed? Book your room here and benefit from the best price guarantee.\",\"breadcrumb\":{\"@id\":\"https:\\\/\\\/hotel-gaedi.ch\\\/en\\\/book-room\\\/#breadcrumb\"},\"inLanguage\":\"en-US\",\"potentialAction\":[{\"@type\":\"ReadAction\",\"target\":[\"https:\\\/\\\/hotel-gaedi.ch\\\/en\\\/book-room\\\/\"]}]},{\"@type\":\"BreadcrumbList\",\"@id\":\"https:\\\/\\\/hotel-gaedi.ch\\\/en\\\/book-room\\\/#breadcrumb\",\"itemListElement\":[{\"@type\":\"ListItem\",\"position\":1,\"name\":\"Home\",\"item\":\"https:\\\/\\\/hotel-gaedi.ch\\\/en\\\/\"},{\"@type\":\"ListItem\",\"position\":2,\"name\":\"Book room\"}]},{\"@type\":\"WebSite\",\"@id\":\"https:\\\/\\\/hotel-gaedi.ch\\\/#website\",\"url\":\"https:\\\/\\\/hotel-gaedi.ch\\\/\",\"name\":\"Hotel G\u00e4di\",\"description\":\"Ferien im Hotel G\u00e4di - Gr\u00e4chen\",\"potentialAction\":[{\"@type\":\"SearchAction\",\"target\":{\"@type\":\"EntryPoint\",\"urlTemplate\":\"https:\\\/\\\/hotel-gaedi.ch\\\/?s={search_term_string}\"},\"query-input\":{\"@type\":\"PropertyValueSpecification\",\"valueRequired\":true,\"valueName\":\"search_term_string\"}}],\"inLanguage\":\"en-US\"}]}<\/script>\n<!-- \/ Yoast SEO plugin. -->","yoast_head_json":{"title":"Book room | Hotel G\u00e4di Gr\u00e4chen","description":"Gaze at the sunrise on the Valais mountains from your bed? Book your room here and benefit from the best price guarantee.","robots":{"index":"index","follow":"follow","max-snippet":"max-snippet:-1","max-image-preview":"max-image-preview:large","max-video-preview":"max-video-preview:-1"},"canonical":"https:\/\/hotel-gaedi.ch\/en\/book-room\/","og_locale":"en_US","og_type":"article","og_title":"Book room | Hotel G\u00e4di Gr\u00e4chen","og_description":"Gaze at the sunrise on the Valais mountains from your bed? Book your room here and benefit from the best price guarantee.","og_url":"https:\/\/hotel-gaedi.ch\/en\/book-room\/","og_site_name":"Hotel G\u00e4di","article_modified_time":"2025-11-11T15:06:03+00:00","twitter_card":"summary_large_image","twitter_misc":{"Est. reading time":"1 minute"},"schema":{"@context":"https:\/\/schema.org","@graph":[{"@type":"WebPage","@id":"https:\/\/hotel-gaedi.ch\/en\/book-room\/","url":"https:\/\/hotel-gaedi.ch\/en\/book-room\/","name":"Book room | Hotel G\u00e4di Gr\u00e4chen","isPartOf":{"@id":"https:\/\/hotel-gaedi.ch\/#website"},"datePublished":"2022-09-09T09:56:52+00:00","dateModified":"2025-11-11T15:06:03+00:00","description":"Gaze at the sunrise on the Valais mountains from your bed? Book your room here and benefit from the best price guarantee.","breadcrumb":{"@id":"https:\/\/hotel-gaedi.ch\/en\/book-room\/#breadcrumb"},"inLanguage":"en-US","potentialAction":[{"@type":"ReadAction","target":["https:\/\/hotel-gaedi.ch\/en\/book-room\/"]}]},{"@type":"BreadcrumbList","@id":"https:\/\/hotel-gaedi.ch\/en\/book-room\/#breadcrumb","itemListElement":[{"@type":"ListItem","position":1,"name":"Home","item":"https:\/\/hotel-gaedi.ch\/en\/"},{"@type":"ListItem","position":2,"name":"Book room"}]},{"@type":"WebSite","@id":"https:\/\/hotel-gaedi.ch\/#website","url":"https:\/\/hotel-gaedi.ch\/","name":"Hotel G\u00e4di","description":"Ferien im Hotel G\u00e4di - Gr\u00e4chen","potentialAction":[{"@type":"SearchAction","target":{"@type":"EntryPoint","urlTemplate":"https:\/\/hotel-gaedi.ch\/?s={search_term_string}"},"query-input":{"@type":"PropertyValueSpecification","valueRequired":true,"valueName":"search_term_string"}}],"inLanguage":"en-US"}]}},"_links":{"self":[{"href":"https:\/\/hotel-gaedi.ch\/en\/wp-json\/wp\/v2\/pages\/3378","targetHints":{"allow":["GET"]}}],"collection":[{"href":"https:\/\/hotel-gaedi.ch\/en\/wp-json\/wp\/v2\/pages"}],"about":[{"href":"https:\/\/hotel-gaedi.ch\/en\/wp-json\/wp\/v2\/types\/page"}],"author":[{"embeddable":true,"href":"https:\/\/hotel-gaedi.ch\/en\/wp-json\/wp\/v2\/users\/1"}],"replies":[{"embeddable":true,"href":"https:\/\/hotel-gaedi.ch\/en\/wp-json\/wp\/v2\/comments?post=3378"}],"version-history":[{"count":7,"href":"https:\/\/hotel-gaedi.ch\/en\/wp-json\/wp\/v2\/pages\/3378\/revisions"}],"predecessor-version":[{"id":4597,"href":"https:\/\/hotel-gaedi.ch\/en\/wp-json\/wp\/v2\/pages\/3378\/revisions\/4597"}],"wp:attachment":[{"href":"https:\/\/hotel-gaedi.ch\/en\/wp-json\/wp\/v2\/media?parent=3378"}],"curies":[{"name":"wp","href":"https:\/\/api.w.org\/{rel}","templated":true}]}}