{"id":3382,"date":"2022-09-09T12:17:52","date_gmt":"2022-09-09T10:17:52","guid":{"rendered":"https:\/\/hotel-gaedi.ch\/arrival-contact\/"},"modified":"2023-11-29T10:33:17","modified_gmt":"2023-11-29T09:33:17","slug":"arrival-contact","status":"publish","type":"page","link":"https:\/\/hotel-gaedi.ch\/en\/arrival-contact\/","title":{"rendered":"Arrival &amp; Contact"},"content":{"rendered":"\n<div class=\"wp-block-group container-fluid header-teaser iframe\"><div class=\"wp-block-group__inner-container is-layout-flow wp-block-group-is-layout-flow\">\n<div class=\"wp-block-columns row is-layout-flex wp-container-core-columns-is-layout-9d6595d7 wp-block-columns-is-layout-flex\">\n<div class=\"wp-block-column col-12 is-layout-flow wp-block-column-is-layout-flow\">\n<div class=\"wp-block-group container\"><div class=\"wp-block-group__inner-container is-layout-flow wp-block-group-is-layout-flow\">\n<div class=\"wp-block-columns row is-layout-flex wp-container-core-columns-is-layout-9d6595d7 wp-block-columns-is-layout-flex\">\n<div class=\"wp-block-column col-md-12 col-lg-6 order-2 order-lg-1 is-layout-flow wp-block-column-is-layout-flow\">\n<div class=\"wp-block-group\"><div class=\"wp-block-group__inner-container is-layout-flow wp-block-group-is-layout-flow\">\n<h1 class=\"wp-block-heading\">Arrival and contact<\/h1>\n\n\n\n<p>Martin Brigger &amp; M\u00e9lanie Williner  <\/p>\n\n\n\n<p>Hotel G\u00e4di  <br\/>at the Hannigalpbahn  <br\/>B\u00e4rgjistrasse 466 <br\/>3925 Gr\u00e4chen  <\/p>\n\n\n\n<p>Tel. +41 27 956 18 28<br\/><a href=\"mailto:info@hotel-gaedi.ch\"><\/a><a href=\"mailto:info@hotel-gaedi.ch\">info@hotel-gaedi.ch<\/a> <\/p>\n\n\n\n<a href=\"https:\/\/www.facebook.com\/hotel.gaedi.graechen\" target=\"_blank\" rel=\"noopener\"><svg xmlns=\"http:\/\/www.w3.org\/2000\/svg\" xmlns:xlink=\"http:\/\/www.w3.org\/1999\/xlink\" class=\"facebook\" version=\"1.1\" id=\"Capa_1\" x=\"0px\" y=\"0px\" viewbox=\"0 0 48.605 48.605\" style=\"enable-background:new 0 0 48.605 48.605;\" xml:space=\"preserve\">\n<g>\n\t<path d=\"M34.094,8.688h4.756V0.005h-8.643c-0.721-0.03-9.51-0.198-11.788,8.489c-0.033,0.091-0.761,2.157-0.761,6.983l-7.903,0.024 v9.107l7.913-0.023v24.021h12.087v-24h8v-9.131h-8v-2.873C29.755,10.816,30.508,8.688,34.094,8.688z M35.755,17.474v5.131h-8v24 h-8.087V22.579l-7.913,0.023v-5.107l7.934-0.023l-0.021-1.017c-0.104-5.112,0.625-7.262,0.658-7.365 c1.966-7.482,9.473-7.106,9.795-7.086l6.729,0.002v4.683h-2.756c-4.673,0-6.338,3.054-6.338,5.912v4.873L35.755,17.474 L35.755,17.474z\"><\/path>\n<\/g><\/svg><\/a>\n\n<a href=\"https:\/\/instagram.com\/hotelgaedi?igshid=YmMyMTA2M2Y=\" target=\"_blank\" rel=\"noopener\">\n<svg xmlns=\"http:\/\/www.w3.org\/2000\/svg\" class=\"insta\" width=\"64px\" height=\"64px\" viewbox=\"0 0 64 64\"><title><\/title><path d=\"M44,57H20A13,13,0,0,1,7,44V20A13,13,0,0,1,20,7H44A13,13,0,0,1,57,20V44A13,13,0,0,1,44,57ZM20,9A11,11,0,0,0,9,20V44A11,11,0,0,0,20,55H44A11,11,0,0,0,55,44V20A11,11,0,0,0,44,9Z\"><\/path><path d=\"M32,43.67A11.67,11.67,0,1,1,43.67,32,11.68,11.68,0,0,1,32,43.67Zm0-21.33A9.67,9.67,0,1,0,41.67,32,9.68,9.68,0,0,0,32,22.33Z\"><\/path><path d=\"M44.5,21A3.5,3.5,0,1,1,48,17.5,3.5,3.5,0,0,1,44.5,21Zm0-5A1.5,1.5,0,1,0,46,17.5,1.5,1.5,0,0,0,44.5,16Z\"><\/path><\/svg><\/a>\n<\/div><\/div>\n<\/div>\n\n\n\n<div class=\"wp-block-column col-md-12 col-lg-6 order-1 order-lg-2 is-layout-flow wp-block-column-is-layout-flow\">\n<iframe src=\"https:\/\/www.google.com\/maps\/embed?pb=!1m14!1m8!1m3!1d11046.619568786355!2d7.8419899!3d46.1974258!3m2!1i1024!2i768!4f13.1!3m3!1m2!1s0x0%3A0x98647199283b6ccc!2sHotel%20G%C3%A4di!5e0!3m2!1sde!2sch!4v1665148899106!5m2!1sde!2sch\" style=\"border:0;\" allowfullscreen=\"\" loading=\"lazy\" referrerpolicy=\"no-referrer-when-downgrade\" width=\"600\" height=\"450\"><\/iframe>\n<\/div>\n<\/div>\n<\/div><\/div>\n<\/div>\n<\/div>\n<\/div><\/div>\n\n<div class=\"wp-block-group container-fluid section-dark-bg-icons-text noBg\"><div class=\"wp-block-group__inner-container is-layout-flow wp-block-group-is-layout-flow\">\n<div class=\"wp-block-group container\"><div class=\"wp-block-group__inner-container is-layout-flow wp-block-group-is-layout-flow\">\n<div class=\"wp-block-columns row gx-6 is-layout-flex wp-container-core-columns-is-layout-9d6595d7 wp-block-columns-is-layout-flex\">\n<div class=\"wp-block-column col-12 col-lg-4 is-layout-flow wp-block-column-is-layout-flow\">\n<figure class=\"wp-block-image size-large\"><img decoding=\"async\" src=\"https:\/\/hotel-gaedi.ch\/wp-content\/uploads\/2022\/10\/001-car.svg\" alt=\"\" class=\"wp-image-1451\"\/><\/figure>\n\n\n\n<h4 class=\"wp-block-heading\">By car<\/h4>\n\n\n\n<p>Plan your trip to the resort of Gr\u00e4chen | Valais. Hotel G\u00e4di offers parking outside or in the garage.<\/p>\n<\/div>\n\n\n\n<div class=\"wp-block-column col-12 col-lg-4 is-layout-flow wp-block-column-is-layout-flow\">\n<figure class=\"wp-block-image size-large\"><img decoding=\"async\" src=\"https:\/\/hotel-gaedi.ch\/wp-content\/uploads\/2022\/10\/002-train.svg\" alt=\"\" class=\"wp-image-1453\"\/><\/figure>\n\n\n\n<h4 class=\"wp-block-heading\">By train<\/h4>\n\n\n\n<p>The journey by <a href=\"https:\/\/www.sbb.ch\/de\" target=\"_blank\" rel=\"noreferrer noopener\">SBB<\/a> is comfortable and attractive; at Visp station the journey continues with the Matterhorn Gotthard Bahn to St. Niklaus. Departures every half hour.<\/p>\n\n\n\n<p>Change to the bus. <\/p>\n\n\n\n<p>On weekends and holidays direct buses from Visp.<\/p>\n<\/div>\n\n\n\n<div class=\"wp-block-column col-12 col-lg-4 is-layout-flow wp-block-column-is-layout-flow\">\n<figure class=\"wp-block-image size-large\"><img decoding=\"async\" src=\"https:\/\/hotel-gaedi.ch\/wp-content\/uploads\/2022\/10\/003-departures.svg\" alt=\"\" class=\"wp-image-1454\"\/><\/figure>\n\n\n\n<h4 class=\"wp-block-heading\">By plane<\/h4>\n\n\n\n<p>Gr\u00e4chen can be reached by train from Geneva or Zurich airport. <\/p>\n<\/div>\n<\/div>\n\n\n\n<div class=\"wp-block-columns row gx-6 pt-5 is-layout-flex wp-container-core-columns-is-layout-9d6595d7 wp-block-columns-is-layout-flex\">\n<div class=\"wp-block-column col-12 col-lg-4 is-layout-flow wp-block-column-is-layout-flow\">\n<figure class=\"wp-block-image size-large\"><img decoding=\"async\" src=\"https:\/\/hotel-gaedi.ch\/wp-content\/uploads\/2022\/10\/zufuss.svg\" alt=\"\" class=\"wp-image-2123\"\/><\/figure>\n\n\n\n<h4 class=\"wp-block-heading\">On foot<\/h4>\n\n\n\n<p>Gr\u00e4chen in Valais is located on well-known hiking routes and can be easily reached on foot.<\/p>\n<\/div>\n\n\n\n<div class=\"wp-block-column col-12 col-lg-4 is-layout-flow wp-block-column-is-layout-flow\">\n<figure class=\"wp-block-image size-large\"><img decoding=\"async\" src=\"https:\/\/hotel-gaedi.ch\/wp-content\/uploads\/2022\/10\/veloraum.svg\" alt=\"\" class=\"wp-image-1308\"\/><\/figure>\n\n\n\n<h4 class=\"wp-block-heading\">With the bike<\/h4>\n\n\n\n<p>Gr\u00e4chen was the starting point of the Bike World Cup 2019. To and from Gr\u00e4chen there are routes and trails.<\/p>\n<\/div>\n<\/div>\n<\/div><\/div>\n<\/div><\/div>\n\n<div class=\"wp-block-group container gaedi-forms\"><div class=\"wp-block-group__inner-container is-layout-flow wp-block-group-is-layout-flow\">\n<div class=\"wp-block-columns row is-layout-flex wp-container-core-columns-is-layout-9d6595d7 wp-block-columns-is-layout-flex\">\n<div class=\"wp-block-column col-12 is-layout-flow wp-block-column-is-layout-flow\">\n<h2 class=\"wp-block-heading\">Your request: the first step to your happiness<\/h2>\n<\/div>\n<\/div>\n\n\n\n<div class=\"wp-block-columns row is-layout-flex wp-container-core-columns-is-layout-9d6595d7 wp-block-columns-is-layout-flex\">\n<div class=\"wp-block-column col-12 is-layout-flow wp-block-column-is-layout-flow\">\n<div class=\"wp-block-contact-form-7-contact-form-selector\">\n<div class=\"wpcf7 no-js\" id=\"wpcf7-f3400-o1\" lang=\"en-US\" dir=\"ltr\" data-wpcf7-id=\"3400\">\n<div class=\"screen-reader-response\"><p role=\"status\" aria-live=\"polite\" aria-atomic=\"true\"><\/p> <ul><\/ul><\/div>\n<form action=\"\/en\/wp-json\/wp\/v2\/pages\/3382#wpcf7-f3400-o1\" method=\"post\" class=\"wpcf7-form init\" aria-label=\"Contact form\" novalidate=\"novalidate\" data-status=\"init\">\n<fieldset class=\"hidden-fields-container\"><input type=\"hidden\" name=\"_wpcf7\" value=\"3400\" \/><input type=\"hidden\" name=\"_wpcf7_version\" value=\"6.1.5\" \/><input type=\"hidden\" name=\"_wpcf7_locale\" value=\"en_US\" \/><input type=\"hidden\" name=\"_wpcf7_unit_tag\" value=\"wpcf7-f3400-o1\" \/><input type=\"hidden\" name=\"_wpcf7_container_post\" value=\"0\" \/><input type=\"hidden\" name=\"_wpcf7_posted_data_hash\" value=\"\" \/><input type=\"hidden\" name=\"_wpcf7_recaptcha_response\" value=\"\" \/>\n<\/fieldset>\n<div class=\"row\">\n\t<div class=\"col-12 col-md-6\">\n\t\t<p><span class=\"wpcf7-form-control-wrap\" data-name=\"vorname-nachname\"><input size=\"40\" maxlength=\"400\" class=\"wpcf7-form-control wpcf7-text wpcf7-validates-as-required\" aria-required=\"true\" aria-invalid=\"false\" placeholder=\"First name \/ Surname*\" value=\"\" type=\"text\" name=\"vorname-nachname\" \/><\/span>\n\t\t<\/p>\n\t<\/div>\n\t<div class=\"col-12 col-md-6\">\n\t\t<p><span class=\"wpcf7-form-control-wrap\" data-name=\"adresse\"><input size=\"40\" maxlength=\"400\" class=\"wpcf7-form-control wpcf7-text wpcf7-validates-as-required\" aria-required=\"true\" aria-invalid=\"false\" placeholder=\"Address*\" value=\"\" type=\"text\" name=\"adresse\" \/><\/span>\n\t\t<\/p>\n\t<\/div>\n<\/div>\n<div class=\"row\">\n\t<div class=\"col-12 col-md-6\">\n\t\t<p><span class=\"wpcf7-form-control-wrap\" data-name=\"plz-ort\"><input size=\"40\" maxlength=\"400\" class=\"wpcf7-form-control wpcf7-text wpcf7-validates-as-required\" aria-required=\"true\" aria-invalid=\"false\" placeholder=\"Postcode\/Place*\" value=\"\" type=\"text\" name=\"plz-ort\" \/><\/span>\n\t\t<\/p>\n\t<\/div>\n\t<div class=\"col-12 col-md-6\">\n\t\t<p><span class=\"wpcf7-form-control-wrap\" data-name=\"land\"><input size=\"40\" maxlength=\"400\" class=\"wpcf7-form-control wpcf7-text wpcf7-validates-as-required\" aria-required=\"true\" aria-invalid=\"false\" placeholder=\"Country*\" value=\"\" type=\"text\" name=\"land\" \/><\/span>\n\t\t<\/p>\n\t<\/div>\n<\/div>\n<div class=\"row\">\n\t<div class=\"col-12 col-md-6\">\n\t\t<p><span class=\"wpcf7-form-control-wrap\" data-name=\"email\"><input size=\"40\" maxlength=\"400\" class=\"wpcf7-form-control wpcf7-email wpcf7-validates-as-required wpcf7-text wpcf7-validates-as-email\" aria-required=\"true\" aria-invalid=\"false\" placeholder=\"Email*\" value=\"\" type=\"email\" name=\"email\" \/><\/span>\n\t\t<\/p>\n\t<\/div>\n\t<div class=\"col-12 col-md-6\">\n\t\t<p><span class=\"wpcf7-form-control-wrap\" data-name=\"telefon\"><input size=\"40\" maxlength=\"400\" class=\"wpcf7-form-control wpcf7-text wpcf7-validates-as-required\" aria-required=\"true\" aria-invalid=\"false\" placeholder=\"Phone*\" value=\"\" type=\"text\" name=\"telefon\" \/><\/span>\n\t\t<\/p>\n\t<\/div>\n<\/div>\n<div class=\"row\">\n\t<div class=\"col-12\">\n\t\t<p><span class=\"wpcf7-form-control-wrap\" data-name=\"nachricht\"><textarea cols=\"40\" rows=\"10\" maxlength=\"2000\" class=\"wpcf7-form-control wpcf7-textarea\" aria-invalid=\"false\" placeholder=\"Message\" name=\"nachricht\"><\/textarea><\/span>\n\t\t<\/p>\n\t<\/div>\n<\/div>\n<div class=\"row\">\n\t<div class=\"col-4 col-lg-2 offset-sm-8 offset-lg-10\">\n\t\t<p><input class=\"wpcf7-form-control wpcf7-submit has-spinner\" type=\"submit\" value=\"Send\" \/>\n\t\t<\/p>\n\t<\/div>\n<\/div><div class=\"wpcf7-response-output\" aria-hidden=\"true\"><\/div>\n<\/form>\n<\/div>\n<\/div>\n<\/div>\n<\/div>\n<\/div><\/div>\n","protected":false},"excerpt":{"rendered":"<p>Arrival and contact Martin Brigger &amp; M\u00e9lanie Williner Hotel G\u00e4di at the Hannigalpbahn B\u00e4rgjistrasse 466 3925 Gr\u00e4chen Tel. +41 27 956 18 28info@hotel-gaedi.ch By car Plan your trip to the resort of Gr\u00e4chen | Valais. Hotel G\u00e4di offers parking outside or in the garage. By train The journey by SBB is comfortable and attractive; at [&hellip;]<\/p>\n","protected":false},"author":1,"featured_media":0,"parent":0,"menu_order":0,"comment_status":"closed","ping_status":"closed","template":"","meta":{"_acf_changed":false,"inline_featured_image":false,"footnotes":""},"class_list":["post-3382","page","type-page","status-publish","hentry"],"acf":[],"yoast_head":"<!-- This site is optimized with the Yoast SEO plugin v27.4 - https:\/\/yoast.com\/product\/yoast-seo-wordpress\/ -->\n<title>Arrival &amp; Contact | Hotel G\u00e4di Gr\u00e4chen<\/title>\n<meta name=\"description\" content=\"The Hotel G\u00e4di enjoys a central and sunny location in Gr\u00e4chen, right next to the ski slope and the fairy tale gondola.\" \/>\n<meta name=\"robots\" content=\"index, follow, max-snippet:-1, max-image-preview:large, max-video-preview:-1\" \/>\n<link rel=\"canonical\" href=\"https:\/\/hotel-gaedi.ch\/en\/arrival-contact\/\" \/>\n<meta property=\"og:locale\" content=\"en_US\" \/>\n<meta property=\"og:type\" content=\"article\" \/>\n<meta property=\"og:title\" content=\"Arrival &amp; Contact | Hotel G\u00e4di Gr\u00e4chen\" \/>\n<meta property=\"og:description\" content=\"The Hotel G\u00e4di enjoys a central and sunny location in Gr\u00e4chen, right next to the ski slope and the fairy tale gondola.\" \/>\n<meta property=\"og:url\" content=\"https:\/\/hotel-gaedi.ch\/en\/arrival-contact\/\" \/>\n<meta property=\"og:site_name\" content=\"Hotel G\u00e4di\" \/>\n<meta property=\"article:modified_time\" content=\"2023-11-29T09:33:17+00:00\" \/>\n<meta property=\"og:image\" content=\"https:\/\/hotel-gaedi.ch\/wp-content\/uploads\/2022\/10\/001-car.svg\" \/>\n<meta name=\"twitter:card\" content=\"summary_large_image\" \/>\n<meta name=\"twitter:label1\" content=\"Est. reading time\" \/>\n\t<meta name=\"twitter:data1\" content=\"1 minute\" \/>\n<script type=\"application\/ld+json\" class=\"yoast-schema-graph\">{\"@context\":\"https:\\\/\\\/schema.org\",\"@graph\":[{\"@type\":\"WebPage\",\"@id\":\"https:\\\/\\\/hotel-gaedi.ch\\\/en\\\/arrival-contact\\\/\",\"url\":\"https:\\\/\\\/hotel-gaedi.ch\\\/en\\\/arrival-contact\\\/\",\"name\":\"Arrival & Contact | Hotel G\u00e4di Gr\u00e4chen\",\"isPartOf\":{\"@id\":\"https:\\\/\\\/hotel-gaedi.ch\\\/#website\"},\"primaryImageOfPage\":{\"@id\":\"https:\\\/\\\/hotel-gaedi.ch\\\/en\\\/arrival-contact\\\/#primaryimage\"},\"image\":{\"@id\":\"https:\\\/\\\/hotel-gaedi.ch\\\/en\\\/arrival-contact\\\/#primaryimage\"},\"thumbnailUrl\":\"https:\\\/\\\/hotel-gaedi.ch\\\/wp-content\\\/uploads\\\/2022\\\/10\\\/001-car.svg\",\"datePublished\":\"2022-09-09T10:17:52+00:00\",\"dateModified\":\"2023-11-29T09:33:17+00:00\",\"description\":\"The Hotel G\u00e4di enjoys a central and sunny location in Gr\u00e4chen, right next to the ski slope and the fairy tale gondola.\",\"breadcrumb\":{\"@id\":\"https:\\\/\\\/hotel-gaedi.ch\\\/en\\\/arrival-contact\\\/#breadcrumb\"},\"inLanguage\":\"en-US\",\"potentialAction\":[{\"@type\":\"ReadAction\",\"target\":[\"https:\\\/\\\/hotel-gaedi.ch\\\/en\\\/arrival-contact\\\/\"]}]},{\"@type\":\"ImageObject\",\"inLanguage\":\"en-US\",\"@id\":\"https:\\\/\\\/hotel-gaedi.ch\\\/en\\\/arrival-contact\\\/#primaryimage\",\"url\":\"https:\\\/\\\/hotel-gaedi.ch\\\/wp-content\\\/uploads\\\/2022\\\/10\\\/001-car.svg\",\"contentUrl\":\"https:\\\/\\\/hotel-gaedi.ch\\\/wp-content\\\/uploads\\\/2022\\\/10\\\/001-car.svg\"},{\"@type\":\"BreadcrumbList\",\"@id\":\"https:\\\/\\\/hotel-gaedi.ch\\\/en\\\/arrival-contact\\\/#breadcrumb\",\"itemListElement\":[{\"@type\":\"ListItem\",\"position\":1,\"name\":\"Home\",\"item\":\"https:\\\/\\\/hotel-gaedi.ch\\\/en\\\/\"},{\"@type\":\"ListItem\",\"position\":2,\"name\":\"Arrival &amp; Contact\"}]},{\"@type\":\"WebSite\",\"@id\":\"https:\\\/\\\/hotel-gaedi.ch\\\/#website\",\"url\":\"https:\\\/\\\/hotel-gaedi.ch\\\/\",\"name\":\"Hotel G\u00e4di\",\"description\":\"Ferien im Hotel G\u00e4di - Gr\u00e4chen\",\"potentialAction\":[{\"@type\":\"SearchAction\",\"target\":{\"@type\":\"EntryPoint\",\"urlTemplate\":\"https:\\\/\\\/hotel-gaedi.ch\\\/?s={search_term_string}\"},\"query-input\":{\"@type\":\"PropertyValueSpecification\",\"valueRequired\":true,\"valueName\":\"search_term_string\"}}],\"inLanguage\":\"en-US\"}]}<\/script>\n<!-- \/ Yoast SEO plugin. -->","yoast_head_json":{"title":"Arrival & Contact | Hotel G\u00e4di Gr\u00e4chen","description":"The Hotel G\u00e4di enjoys a central and sunny location in Gr\u00e4chen, right next to the ski slope and the fairy tale gondola.","robots":{"index":"index","follow":"follow","max-snippet":"max-snippet:-1","max-image-preview":"max-image-preview:large","max-video-preview":"max-video-preview:-1"},"canonical":"https:\/\/hotel-gaedi.ch\/en\/arrival-contact\/","og_locale":"en_US","og_type":"article","og_title":"Arrival & Contact | Hotel G\u00e4di Gr\u00e4chen","og_description":"The Hotel G\u00e4di enjoys a central and sunny location in Gr\u00e4chen, right next to the ski slope and the fairy tale gondola.","og_url":"https:\/\/hotel-gaedi.ch\/en\/arrival-contact\/","og_site_name":"Hotel G\u00e4di","article_modified_time":"2023-11-29T09:33:17+00:00","og_image":[{"url":"https:\/\/hotel-gaedi.ch\/wp-content\/uploads\/2022\/10\/001-car.svg","type":"","width":"","height":""}],"twitter_card":"summary_large_image","twitter_misc":{"Est. reading time":"1 minute"},"schema":{"@context":"https:\/\/schema.org","@graph":[{"@type":"WebPage","@id":"https:\/\/hotel-gaedi.ch\/en\/arrival-contact\/","url":"https:\/\/hotel-gaedi.ch\/en\/arrival-contact\/","name":"Arrival & Contact | Hotel G\u00e4di Gr\u00e4chen","isPartOf":{"@id":"https:\/\/hotel-gaedi.ch\/#website"},"primaryImageOfPage":{"@id":"https:\/\/hotel-gaedi.ch\/en\/arrival-contact\/#primaryimage"},"image":{"@id":"https:\/\/hotel-gaedi.ch\/en\/arrival-contact\/#primaryimage"},"thumbnailUrl":"https:\/\/hotel-gaedi.ch\/wp-content\/uploads\/2022\/10\/001-car.svg","datePublished":"2022-09-09T10:17:52+00:00","dateModified":"2023-11-29T09:33:17+00:00","description":"The Hotel G\u00e4di enjoys a central and sunny location in Gr\u00e4chen, right next to the ski slope and the fairy tale gondola.","breadcrumb":{"@id":"https:\/\/hotel-gaedi.ch\/en\/arrival-contact\/#breadcrumb"},"inLanguage":"en-US","potentialAction":[{"@type":"ReadAction","target":["https:\/\/hotel-gaedi.ch\/en\/arrival-contact\/"]}]},{"@type":"ImageObject","inLanguage":"en-US","@id":"https:\/\/hotel-gaedi.ch\/en\/arrival-contact\/#primaryimage","url":"https:\/\/hotel-gaedi.ch\/wp-content\/uploads\/2022\/10\/001-car.svg","contentUrl":"https:\/\/hotel-gaedi.ch\/wp-content\/uploads\/2022\/10\/001-car.svg"},{"@type":"BreadcrumbList","@id":"https:\/\/hotel-gaedi.ch\/en\/arrival-contact\/#breadcrumb","itemListElement":[{"@type":"ListItem","position":1,"name":"Home","item":"https:\/\/hotel-gaedi.ch\/en\/"},{"@type":"ListItem","position":2,"name":"Arrival &amp; Contact"}]},{"@type":"WebSite","@id":"https:\/\/hotel-gaedi.ch\/#website","url":"https:\/\/hotel-gaedi.ch\/","name":"Hotel G\u00e4di","description":"Ferien im Hotel G\u00e4di - Gr\u00e4chen","potentialAction":[{"@type":"SearchAction","target":{"@type":"EntryPoint","urlTemplate":"https:\/\/hotel-gaedi.ch\/?s={search_term_string}"},"query-input":{"@type":"PropertyValueSpecification","valueRequired":true,"valueName":"search_term_string"}}],"inLanguage":"en-US"}]}},"_links":{"self":[{"href":"https:\/\/hotel-gaedi.ch\/en\/wp-json\/wp\/v2\/pages\/3382","targetHints":{"allow":["GET"]}}],"collection":[{"href":"https:\/\/hotel-gaedi.ch\/en\/wp-json\/wp\/v2\/pages"}],"about":[{"href":"https:\/\/hotel-gaedi.ch\/en\/wp-json\/wp\/v2\/types\/page"}],"author":[{"embeddable":true,"href":"https:\/\/hotel-gaedi.ch\/en\/wp-json\/wp\/v2\/users\/1"}],"replies":[{"embeddable":true,"href":"https:\/\/hotel-gaedi.ch\/en\/wp-json\/wp\/v2\/comments?post=3382"}],"version-history":[{"count":2,"href":"https:\/\/hotel-gaedi.ch\/en\/wp-json\/wp\/v2\/pages\/3382\/revisions"}],"predecessor-version":[{"id":4080,"href":"https:\/\/hotel-gaedi.ch\/en\/wp-json\/wp\/v2\/pages\/3382\/revisions\/4080"}],"wp:attachment":[{"href":"https:\/\/hotel-gaedi.ch\/en\/wp-json\/wp\/v2\/media?parent=3382"}],"curies":[{"name":"wp","href":"https:\/\/api.w.org\/{rel}","templated":true}]}}