{"id":3384,"date":"2022-09-10T13:04:04","date_gmt":"2022-09-10T11:04:04","guid":{"rendered":"https:\/\/hotel-gaedi.ch\/faq\/"},"modified":"2026-04-16T19:49:30","modified_gmt":"2026-04-16T17:49:30","slug":"faq","status":"publish","type":"page","link":"https:\/\/hotel-gaedi.ch\/en\/faq\/","title":{"rendered":"FAQ"},"content":{"rendered":"\n<div class=\"wp-block-group container introtext-centered-sun-icon-title\"><div class=\"wp-block-group__inner-container is-layout-flow wp-block-group-is-layout-flow\">\n<div class=\"wp-block-columns row is-layout-flex wp-container-core-columns-is-layout-9d6595d7 wp-block-columns-is-layout-flex\">\n<div class=\"wp-block-column col-12 is-layout-flow wp-block-column-is-layout-flow\">\n<h1 class=\"wp-block-heading\"><strong>FAQ | frequently asked questions<\/strong><\/h1>\n\n\n\n<p>Our hotel with a personal touch, is located directly next to the valley station of the Hannigalpbahn. In a few steps you are in the heart of Gr\u00e4chen. Our hospitality is lived, according to the motto &#8220;natural-personal&#8221;.<\/p>\n\n\n\n<p>Here you can find useful info:<\/p>\n<\/div>\n<\/div>\n<\/div><\/div>\n\n<div class=\"wp-block-group container accordion-items\"><div class=\"wp-block-group__inner-container is-layout-flow wp-block-group-is-layout-flow\">\n<div class=\"wp-block-columns row is-layout-flex wp-container-core-columns-is-layout-9d6595d7 wp-block-columns-is-layout-flex\">\n<div class=\"wp-block-column col-12 is-layout-flow wp-block-column-is-layout-flow\">\n<div class=\"wp-block-pb-accordion-item c-accordion__item js-accordion-item no-js\" data-initially-open=\"false\" data-click-to-close=\"true\" data-auto-close=\"true\" data-scroll=\"false\" data-scroll-offset=\"0\"><h4 id=\"at-1340\" class=\"c-accordion__title js-accordion-controller\" role=\"button\">Check in&nbsp;<\/h4><div id=\"ac-1340\" class=\"c-accordion__content\">\n<p>from 14.00 o&#8217;clock your room will be at your disposal.<\/p>\n<\/div><\/div>\n\n\n\n<div class=\"wp-block-pb-accordion-item c-accordion__item js-accordion-item no-js\" data-initially-open=\"false\" data-click-to-close=\"true\" data-auto-close=\"true\" data-scroll=\"false\" data-scroll-offset=\"0\"><h4 id=\"at-1341\" class=\"c-accordion__title js-accordion-controller\" role=\"button\">Gl\u00fccks-Halbpension<\/h4><div id=\"ac-1341\" class=\"c-accordion__content\">\n<p>We book the dinner as part of the lucky half board for you for your whole stay, not for individual evenings. You will definitely love our kitchen &#8211; we promise. M\u00e9lanie and Martin, your hosts and the small team conjure up for you every evening anew the finest and lightest dishes from our wonderful region and from the wide world.<\/p>\n\n\n\n<p>Price in summer per person:<br\/>for 1 overnight stay CHF 49.00<br\/>From 2 nights CHF 40.00<\/p>\n\n\n\n<p>Price in winter per person:<br\/>for 1 night: CHF 56.00<br\/>2 nights: CHF 50.00<br\/>From 3 nights: CHF 45.00<\/p>\n\n\n\n<p>Children receive a discount.<\/p>\n<\/div><\/div>\n\n\n\n<div class=\"wp-block-pb-accordion-item c-accordion__item js-accordion-item no-js\" data-initially-open=\"false\" data-click-to-close=\"true\" data-auto-close=\"true\" data-scroll=\"false\" data-scroll-offset=\"0\"><h4 id=\"at-1342\" class=\"c-accordion__title js-accordion-controller\" role=\"button\">A la carte<\/h4><div id=\"ac-1342\" class=\"c-accordion__content\">\n<p>The hosts and their team will conjure up for you the finest and lightest dishes from our region and from around the world. We are also happy to spoil you \u00e0 la carte. Reserve your table now &#8211; our cuisine is very popular and is considered an insider tip in Gr\u00e4chen! By appointment only, starting at 6:30 pm.<\/p>\n<\/div><\/div>\n\n\n\n<div class=\"wp-block-pb-accordion-item c-accordion__item js-accordion-item no-js\" data-initially-open=\"false\" data-click-to-close=\"true\" data-auto-close=\"true\" data-scroll=\"false\" data-scroll-offset=\"0\"><h4 id=\"at-1343\" class=\"c-accordion__title js-accordion-controller\" role=\"button\">Kitchen off Day w\u00e4hrend der Sommersaison<\/h4><div id=\"ac-1343\" class=\"c-accordion__content\">\n<p>During the summer season, we treat ourselves to a creative break in the kitchen and restaurant on Sunday evenings. We keep ready for you a list of friendly restaurants in Gr\u00e4chen and surroundings, which we gladly recommend. We look forward to spoiling you with culinary delights on all other days.<\/p>\n<\/div><\/div>\n\n\n\n<div class=\"wp-block-pb-accordion-item c-accordion__item js-accordion-item no-js\" data-initially-open=\"false\" data-click-to-close=\"true\" data-auto-close=\"true\" data-scroll=\"false\" data-scroll-offset=\"0\"><h4 id=\"at-1344\" class=\"c-accordion__title js-accordion-controller\" role=\"button\"><strong>Wellness<\/strong><\/h4><div id=\"ac-1344\" class=\"c-accordion__content\">\n<p>SPA &#8211; you are wonderful!<br\/>Since the winter season 2022 the new small, fine pool landscape in the wellness area is ready for you. From good we have created even better. The use of the pool landscape is free of charge, the Finnish sauna as well as the Vitarium can be booked as a private spa. You want a bathrobe and slippers? For the rent we charge CHF 12.00 per bathrobe &amp; stay. Our house guests receive a 10% discount on all treatments at Beauty Paradise &#8220;Casa Bella&#8221;.<br\/>Click here to go to our <strong><a href=\"https:\/\/hotel-gaedi.ch\/en\/wellness-spa\/\">wellness area.<\/a><\/strong><\/p>\n<\/div><\/div>\n\n\n\n<div class=\"wp-block-pb-accordion-item c-accordion__item js-accordion-item no-js\" data-initially-open=\"false\" data-click-to-close=\"true\" data-auto-close=\"true\" data-scroll=\"false\" data-scroll-offset=\"0\"><h4 id=\"at-1345\" class=\"c-accordion__title js-accordion-controller\" role=\"button\"><strong><strong>Internet<\/strong><\/strong><\/h4><div id=\"ac-1345\" class=\"c-accordion__content\">\n<p>Free WLAN in the whole house<\/p>\n<\/div><\/div>\n\n\n\n<div class=\"wp-block-pb-accordion-item c-accordion__item js-accordion-item no-js\" data-initially-open=\"false\" data-click-to-close=\"true\" data-auto-close=\"true\" data-scroll=\"false\" data-scroll-offset=\"0\"><h4 id=\"at-1346\" class=\"c-accordion__title js-accordion-controller\" role=\"button\"><strong><strong><strong>Skiraum<\/strong><\/strong><\/strong><\/h4><div id=\"ac-1346\" class=\"c-accordion__content\">\n<p>Our new heated ski room with boot warmers is located on the first floor next to the reception. It is only a 2-minute walk to the valley station.<\/p>\n<\/div><\/div>\n\n\n\n<div class=\"wp-block-pb-accordion-item c-accordion__item js-accordion-item no-js\" data-initially-open=\"false\" data-click-to-close=\"true\" data-auto-close=\"true\" data-scroll=\"false\" data-scroll-offset=\"0\"><h4 id=\"at-1347\" class=\"c-accordion__title js-accordion-controller\" role=\"button\"><strong><strong><strong><strong>Preise<\/strong><\/strong><\/strong><\/strong><\/h4><div id=\"ac-1347\" class=\"c-accordion__content\">\n<p>Our prices include breakfast buffet, service, use of the whirlpools, outdoor parking and VAT. Excluding visitor&#8217;s tax: adults CHF 3.80, children 6 &#8211; 16 years CHF 1.90 per night and person.<\/p>\n<\/div><\/div>\n\n\n\n<div class=\"wp-block-pb-accordion-item c-accordion__item js-accordion-item no-js\" data-initially-open=\"false\" data-click-to-close=\"true\" data-auto-close=\"true\" data-scroll=\"false\" data-scroll-offset=\"0\"><h4 id=\"at-1348\" class=\"c-accordion__title js-accordion-controller\" role=\"button\"><strong><strong><strong><strong><strong><strong>Zahlungsarten<\/strong><\/strong><\/strong><\/strong><\/strong><\/strong><\/h4><div id=\"ac-1348\" class=\"c-accordion__content\">\n<p>Cash, Visa, Maestro, Postcard and Mastercard<\/p>\n<\/div><\/div>\n\n\n\n<div class=\"wp-block-pb-accordion-item c-accordion__item js-accordion-item no-js\" data-initially-open=\"false\" data-click-to-close=\"true\" data-auto-close=\"true\" data-scroll=\"false\" data-scroll-offset=\"0\"><h4 id=\"at-1349\" class=\"c-accordion__title js-accordion-controller\" role=\"button\"><strong><strong><strong><strong><strong><strong><strong>Garage<\/strong><\/strong><\/strong><\/strong><\/strong><\/strong><\/strong><\/h4><div id=\"ac-1349\" class=\"c-accordion__content\">\n<p>In our parking hall: CHF 10.00 per night. Reservation required<\/p>\n<\/div><\/div>\n\n\n\n<div class=\"wp-block-pb-accordion-item c-accordion__item js-accordion-item no-js\" data-initially-open=\"false\" data-click-to-close=\"true\" data-auto-close=\"true\" data-scroll=\"false\" data-scroll-offset=\"0\"><h4 id=\"at-13410\" class=\"c-accordion__title js-accordion-controller\" role=\"button\"><strong><strong><strong><strong><strong><strong><strong><strong>Haustiere<\/strong><\/strong><\/strong><\/strong><\/strong><\/strong><\/strong><\/strong><\/h4><div id=\"ac-13410\" class=\"c-accordion__content\">\n<p>Pets are not allowed in our house.<\/p>\n<\/div><\/div>\n\n\n\n<div class=\"wp-block-pb-accordion-item c-accordion__item js-accordion-item no-js\" data-initially-open=\"false\" data-click-to-close=\"true\" data-auto-close=\"true\" data-scroll=\"false\" data-scroll-offset=\"0\"><h4 id=\"at-13411\" class=\"c-accordion__title js-accordion-controller\" role=\"button\">Check out<\/h4><div id=\"ac-13411\" class=\"c-accordion__content\">\n<p>Everything has an end, and so does your vacation. The check-out is until 10.00 am. Earlier departure we charge 100%.<\/p>\n<\/div><\/div>\n\n\n\n<div class=\"wp-block-pb-accordion-item c-accordion__item js-accordion-item no-js\" data-initially-open=\"false\" data-click-to-close=\"true\" data-auto-close=\"true\" data-scroll=\"false\" data-scroll-offset=\"0\"><h4 id=\"at-13412\" class=\"c-accordion__title js-accordion-controller\" role=\"button\"><strong><strong><strong><strong><strong><strong><strong><strong><strong><strong>Storno<\/strong><\/strong><\/strong><\/strong><\/strong><\/strong><\/strong><\/strong><\/strong><\/strong><\/h4><div id=\"ac-13412\" class=\"c-accordion__content\">\n<p>A few lines of small print<br\/>Our cancellation conditions:<br\/>Cancellations up to 30 days before arrival are accepted free of charge.<br\/>Cancellations 29 &#8211; 20 days before arrival 50% of the total price.<br\/>Cancellations 19 &#8211; 08 days before arrival 70% of the total price.<br\/>Cancellations 07 &#8211; 00 days before arrival and earlier departures will be charged at 100% of the total price.<br\/>We recommend that you take out travel cancellation insurance.<\/p>\n<\/div><\/div>\n<\/div>\n<\/div>\n<\/div><\/div>\n","protected":false},"excerpt":{"rendered":"<p>FAQ | frequently asked questions Our hotel with a personal touch, is located directly next to the valley station of the Hannigalpbahn. In a few steps you are in the heart of Gr\u00e4chen. Our hospitality is lived, according to the motto &#8220;natural-personal&#8221;. Here you can find useful info:<\/p>\n","protected":false},"author":1,"featured_media":0,"parent":0,"menu_order":0,"comment_status":"closed","ping_status":"closed","template":"","meta":{"_acf_changed":false,"inline_featured_image":false,"footnotes":""},"class_list":["post-3384","page","type-page","status-publish","hentry"],"acf":[],"yoast_head":"<!-- This site is optimized with the Yoast SEO plugin v27.4 - https:\/\/yoast.com\/product\/yoast-seo-wordpress\/ -->\n<title>FAQ Frequently Asked Questions | Hotel G\u00e4di Gr\u00e4chen<\/title>\n<meta name=\"description\" content=\"All answers to the most frequently asked questions about Hotel G\u00e4di in Gr\u00e4chen. More questions? Feel free to contact us.\" \/>\n<meta name=\"robots\" content=\"index, follow, max-snippet:-1, max-image-preview:large, max-video-preview:-1\" \/>\n<link rel=\"canonical\" href=\"https:\/\/hotel-gaedi.ch\/en\/faq\/\" \/>\n<meta property=\"og:locale\" content=\"en_US\" \/>\n<meta property=\"og:type\" content=\"article\" \/>\n<meta property=\"og:title\" content=\"FAQ Frequently Asked Questions | Hotel G\u00e4di Gr\u00e4chen\" \/>\n<meta property=\"og:description\" content=\"All answers to the most frequently asked questions about Hotel G\u00e4di in Gr\u00e4chen. More questions? Feel free to contact us.\" \/>\n<meta property=\"og:url\" content=\"https:\/\/hotel-gaedi.ch\/en\/faq\/\" \/>\n<meta property=\"og:site_name\" content=\"Hotel G\u00e4di\" \/>\n<meta property=\"article:modified_time\" content=\"2026-04-16T17:49:30+00:00\" \/>\n<meta name=\"twitter:card\" content=\"summary_large_image\" \/>\n<meta name=\"twitter:label1\" content=\"Est. reading time\" \/>\n\t<meta name=\"twitter:data1\" content=\"3 minutes\" \/>\n<script type=\"application\/ld+json\" class=\"yoast-schema-graph\">{\"@context\":\"https:\\\/\\\/schema.org\",\"@graph\":[{\"@type\":\"WebPage\",\"@id\":\"https:\\\/\\\/hotel-gaedi.ch\\\/en\\\/faq\\\/\",\"url\":\"https:\\\/\\\/hotel-gaedi.ch\\\/en\\\/faq\\\/\",\"name\":\"FAQ Frequently Asked Questions | Hotel G\u00e4di Gr\u00e4chen\",\"isPartOf\":{\"@id\":\"https:\\\/\\\/hotel-gaedi.ch\\\/#website\"},\"datePublished\":\"2022-09-10T11:04:04+00:00\",\"dateModified\":\"2026-04-16T17:49:30+00:00\",\"description\":\"All answers to the most frequently asked questions about Hotel G\u00e4di in Gr\u00e4chen. More questions? Feel free to contact us.\",\"breadcrumb\":{\"@id\":\"https:\\\/\\\/hotel-gaedi.ch\\\/en\\\/faq\\\/#breadcrumb\"},\"inLanguage\":\"en-US\",\"potentialAction\":[{\"@type\":\"ReadAction\",\"target\":[\"https:\\\/\\\/hotel-gaedi.ch\\\/en\\\/faq\\\/\"]}]},{\"@type\":\"BreadcrumbList\",\"@id\":\"https:\\\/\\\/hotel-gaedi.ch\\\/en\\\/faq\\\/#breadcrumb\",\"itemListElement\":[{\"@type\":\"ListItem\",\"position\":1,\"name\":\"Home\",\"item\":\"https:\\\/\\\/hotel-gaedi.ch\\\/en\\\/\"},{\"@type\":\"ListItem\",\"position\":2,\"name\":\"FAQ\"}]},{\"@type\":\"WebSite\",\"@id\":\"https:\\\/\\\/hotel-gaedi.ch\\\/#website\",\"url\":\"https:\\\/\\\/hotel-gaedi.ch\\\/\",\"name\":\"Hotel G\u00e4di\",\"description\":\"Ferien im Hotel G\u00e4di - Gr\u00e4chen\",\"potentialAction\":[{\"@type\":\"SearchAction\",\"target\":{\"@type\":\"EntryPoint\",\"urlTemplate\":\"https:\\\/\\\/hotel-gaedi.ch\\\/?s={search_term_string}\"},\"query-input\":{\"@type\":\"PropertyValueSpecification\",\"valueRequired\":true,\"valueName\":\"search_term_string\"}}],\"inLanguage\":\"en-US\"}]}<\/script>\n<!-- \/ Yoast SEO plugin. -->","yoast_head_json":{"title":"FAQ Frequently Asked Questions | Hotel G\u00e4di Gr\u00e4chen","description":"All answers to the most frequently asked questions about Hotel G\u00e4di in Gr\u00e4chen. More questions? Feel free to contact us.","robots":{"index":"index","follow":"follow","max-snippet":"max-snippet:-1","max-image-preview":"max-image-preview:large","max-video-preview":"max-video-preview:-1"},"canonical":"https:\/\/hotel-gaedi.ch\/en\/faq\/","og_locale":"en_US","og_type":"article","og_title":"FAQ Frequently Asked Questions | Hotel G\u00e4di Gr\u00e4chen","og_description":"All answers to the most frequently asked questions about Hotel G\u00e4di in Gr\u00e4chen. More questions? Feel free to contact us.","og_url":"https:\/\/hotel-gaedi.ch\/en\/faq\/","og_site_name":"Hotel G\u00e4di","article_modified_time":"2026-04-16T17:49:30+00:00","twitter_card":"summary_large_image","twitter_misc":{"Est. reading time":"3 minutes"},"schema":{"@context":"https:\/\/schema.org","@graph":[{"@type":"WebPage","@id":"https:\/\/hotel-gaedi.ch\/en\/faq\/","url":"https:\/\/hotel-gaedi.ch\/en\/faq\/","name":"FAQ Frequently Asked Questions | Hotel G\u00e4di Gr\u00e4chen","isPartOf":{"@id":"https:\/\/hotel-gaedi.ch\/#website"},"datePublished":"2022-09-10T11:04:04+00:00","dateModified":"2026-04-16T17:49:30+00:00","description":"All answers to the most frequently asked questions about Hotel G\u00e4di in Gr\u00e4chen. More questions? Feel free to contact us.","breadcrumb":{"@id":"https:\/\/hotel-gaedi.ch\/en\/faq\/#breadcrumb"},"inLanguage":"en-US","potentialAction":[{"@type":"ReadAction","target":["https:\/\/hotel-gaedi.ch\/en\/faq\/"]}]},{"@type":"BreadcrumbList","@id":"https:\/\/hotel-gaedi.ch\/en\/faq\/#breadcrumb","itemListElement":[{"@type":"ListItem","position":1,"name":"Home","item":"https:\/\/hotel-gaedi.ch\/en\/"},{"@type":"ListItem","position":2,"name":"FAQ"}]},{"@type":"WebSite","@id":"https:\/\/hotel-gaedi.ch\/#website","url":"https:\/\/hotel-gaedi.ch\/","name":"Hotel G\u00e4di","description":"Ferien im Hotel G\u00e4di - Gr\u00e4chen","potentialAction":[{"@type":"SearchAction","target":{"@type":"EntryPoint","urlTemplate":"https:\/\/hotel-gaedi.ch\/?s={search_term_string}"},"query-input":{"@type":"PropertyValueSpecification","valueRequired":true,"valueName":"search_term_string"}}],"inLanguage":"en-US"}]}},"_links":{"self":[{"href":"https:\/\/hotel-gaedi.ch\/en\/wp-json\/wp\/v2\/pages\/3384","targetHints":{"allow":["GET"]}}],"collection":[{"href":"https:\/\/hotel-gaedi.ch\/en\/wp-json\/wp\/v2\/pages"}],"about":[{"href":"https:\/\/hotel-gaedi.ch\/en\/wp-json\/wp\/v2\/types\/page"}],"author":[{"embeddable":true,"href":"https:\/\/hotel-gaedi.ch\/en\/wp-json\/wp\/v2\/users\/1"}],"replies":[{"embeddable":true,"href":"https:\/\/hotel-gaedi.ch\/en\/wp-json\/wp\/v2\/comments?post=3384"}],"version-history":[{"count":12,"href":"https:\/\/hotel-gaedi.ch\/en\/wp-json\/wp\/v2\/pages\/3384\/revisions"}],"predecessor-version":[{"id":4740,"href":"https:\/\/hotel-gaedi.ch\/en\/wp-json\/wp\/v2\/pages\/3384\/revisions\/4740"}],"wp:attachment":[{"href":"https:\/\/hotel-gaedi.ch\/en\/wp-json\/wp\/v2\/media?parent=3384"}],"curies":[{"name":"wp","href":"https:\/\/api.w.org\/{rel}","templated":true}]}}