{"id":3391,"date":"2022-10-06T10:32:09","date_gmt":"2022-10-06T08:32:09","guid":{"rendered":"https:\/\/hotel-gaedi.ch\/skiing\/"},"modified":"2022-11-29T16:46:49","modified_gmt":"2022-11-29T15:46:49","slug":"skiing","status":"publish","type":"page","link":"https:\/\/hotel-gaedi.ch\/en\/activities\/skiing\/","title":{"rendered":"Skiing"},"content":{"rendered":"\n<div class=\"wp-block-group container introtext-centered-sun-icon-title\"><div class=\"wp-block-group__inner-container is-layout-flow wp-block-group-is-layout-flow\">\n<div class=\"wp-block-columns row is-layout-flex wp-container-core-columns-is-layout-9d6595d7 wp-block-columns-is-layout-flex\">\n<div class=\"wp-block-column col-12 is-layout-flow wp-block-column-is-layout-flow\">\n<h1 class=\"wp-block-heading\">Our trump: directly at the gondola Hannigalp<\/h1>\n\n\n\n<p>Skiing, snowboarding, snowshoeing or sledding; with us at the Hotel G\u00e4di in Gr\u00e4chen | Valais you are at the right place if you want to be quickly on the slopes and trails. Our unique location (2 minutes walk) directly at the valley station of the gondola Hannigalp makes it possible.&nbsp;<\/p>\n<\/div>\n<\/div>\n<\/div><\/div>\n\n\n\n<div class=\"wp-block-group container teaser-2col-image-text multiple-images-horizontal\"><div class=\"wp-block-group__inner-container is-layout-flow wp-block-group-is-layout-flow\">\n<div class=\"wp-block-columns row is-layout-flex wp-container-core-columns-is-layout-9d6595d7 wp-block-columns-is-layout-flex\">\n<div class=\"wp-block-column col-lg-12 col-xl-7 is-layout-flow wp-block-column-is-layout-flow\">\n<div class=\"wp-block-columns row is-layout-flex wp-container-core-columns-is-layout-9d6595d7 wp-block-columns-is-layout-flex\">\n<div class=\"wp-block-column col-12 col-sm-6 is-layout-flow wp-block-column-is-layout-flow\">\n<figure class=\"wp-block-image size-full\"><img loading=\"lazy\" decoding=\"async\" width=\"835\" height=\"1024\" src=\"https:\/\/hotel-gaedi.ch\/wp-content\/uploads\/2022\/10\/snowboarden.jpg\" alt=\"\" class=\"wp-image-1852\" srcset=\"https:\/\/hotel-gaedi.ch\/wp-content\/uploads\/2022\/10\/snowboarden.jpg 835w, https:\/\/hotel-gaedi.ch\/wp-content\/uploads\/2022\/10\/snowboarden-408x500.jpg 408w, https:\/\/hotel-gaedi.ch\/wp-content\/uploads\/2022\/10\/snowboarden-768x942.jpg 768w\" sizes=\"auto, (max-width: 835px) 100vw, 835px\" \/><\/figure>\n<\/div>\n\n\n\n<div class=\"wp-block-column col-12 col-sm-6 is-layout-flow wp-block-column-is-layout-flow\">\n<figure class=\"wp-block-image size-full\"><img loading=\"lazy\" decoding=\"async\" width=\"835\" height=\"1024\" src=\"https:\/\/hotel-gaedi.ch\/wp-content\/uploads\/2022\/10\/skifahren.jpg\" alt=\"\" class=\"wp-image-1850\" srcset=\"https:\/\/hotel-gaedi.ch\/wp-content\/uploads\/2022\/10\/skifahren.jpg 835w, https:\/\/hotel-gaedi.ch\/wp-content\/uploads\/2022\/10\/skifahren-408x500.jpg 408w, https:\/\/hotel-gaedi.ch\/wp-content\/uploads\/2022\/10\/skifahren-768x942.jpg 768w\" sizes=\"auto, (max-width: 835px) 100vw, 835px\" \/><\/figure>\n<\/div>\n<\/div>\n<\/div>\n\n\n\n<div class=\"wp-block-column col-lg-12 col-xl-5 is-layout-flow wp-block-column-is-layout-flow\">\n<h2 class=\"wp-block-heading\">Comfortable: our modern heated ski room<\/h2>\n\n\n\n<p>On the first floor next to the reception is our ski room with boot warmers.<\/p>\n\n\n\n<div class=\"wp-block-buttons is-layout-flex wp-block-buttons-is-layout-flex\"><\/div>\n<\/div>\n<\/div>\n<\/div><\/div>\n\n\n\n<div class=\"wp-block-group container-fluid section-dark-bg-icons-text\"><div class=\"wp-block-group__inner-container is-layout-flow wp-block-group-is-layout-flow\">\n<div class=\"wp-block-columns row is-layout-flex wp-container-core-columns-is-layout-9d6595d7 wp-block-columns-is-layout-flex\">\n<div class=\"wp-block-column col-12 is-layout-flow wp-block-column-is-layout-flow\">\n<div class=\"wp-block-group container\"><div class=\"wp-block-group__inner-container is-layout-flow wp-block-group-is-layout-flow\">\n<div class=\"wp-block-columns row gx-6 is-layout-flex wp-container-core-columns-is-layout-9d6595d7 wp-block-columns-is-layout-flex\">\n<div class=\"wp-block-column col-12 col-lg-4 is-layout-flow wp-block-column-is-layout-flow\">\n<figure class=\"wp-block-image size-large\"><img decoding=\"async\" src=\"https:\/\/hotel-gaedi.ch\/wp-content\/uploads\/2022\/10\/weitwanderungen.svg\" alt=\"\" class=\"wp-image-1260\"><\/figure>\n\n\n\n<h4 class=\"wp-block-heading\">Slopes and trails for all demands<\/h4>\n<\/div>\n\n\n\n<div class=\"wp-block-column col-12 col-lg-4 is-layout-flow wp-block-column-is-layout-flow\">\n<figure class=\"wp-block-image size-large\"><img decoding=\"async\" src=\"https:\/\/hotel-gaedi.ch\/wp-content\/uploads\/2022\/10\/kurzwanderung.svg\" alt=\"\" class=\"wp-image-1257\"><\/figure>\n\n\n\n<h4 class=\"wp-block-heading\">Gondola Hannigalp (almost) in front of the door<\/h4>\n<\/div>\n\n\n\n<div class=\"wp-block-column col-12 col-lg-4 is-layout-flow wp-block-column-is-layout-flow\">\n<figure class=\"wp-block-image size-large\"><img decoding=\"async\" src=\"https:\/\/hotel-gaedi.ch\/wp-content\/uploads\/2022\/10\/skiraum-1.svg\" alt=\"\" class=\"wp-image-2103\"><\/figure>\n\n\n\n<h4 class=\"wp-block-heading\">Heated ski room<\/h4>\n<\/div>\n<\/div>\n<\/div><\/div>\n<\/div>\n<\/div>\n<\/div><\/div>\n\n\n\n<div id=\"HomeHeader\" class=\"wp-block-group container-fluid fullwidth-bg-image-overlay-text flowtext\"><div class=\"wp-block-group__inner-container is-layout-flow wp-block-group-is-layout-flow\">\n<div class=\"wp-block-columns row is-layout-flex wp-container-core-columns-is-layout-9d6595d7 wp-block-columns-is-layout-flex\">\n<div class=\"wp-block-column col-12 is-layout-flow wp-block-column-is-layout-flow\">\n<div class=\"wp-block-cover is-light\" style=\"min-height:772px;aspect-ratio:unset;\"><span aria-hidden=\"true\" class=\"wp-block-cover__background has-background-dim-0 has-background-dim\"><\/span><img loading=\"lazy\" decoding=\"async\" width=\"1920\" height=\"1169\" class=\"wp-block-cover__image-background wp-image-2423\" alt=\"\" src=\"https:\/\/hotel-gaedi.ch\/wp-content\/uploads\/2022\/11\/2016_Famille_Hiver_-c-Valais-Wallis-Promotion-Christian-Pfammatter_Grachen-25-2.jpg\" data-object-fit=\"cover\" srcset=\"https:\/\/hotel-gaedi.ch\/wp-content\/uploads\/2022\/11\/2016_Famille_Hiver_-c-Valais-Wallis-Promotion-Christian-Pfammatter_Grachen-25-2.jpg 1920w, https:\/\/hotel-gaedi.ch\/wp-content\/uploads\/2022\/11\/2016_Famille_Hiver_-c-Valais-Wallis-Promotion-Christian-Pfammatter_Grachen-25-2-500x304.jpg 500w, https:\/\/hotel-gaedi.ch\/wp-content\/uploads\/2022\/11\/2016_Famille_Hiver_-c-Valais-Wallis-Promotion-Christian-Pfammatter_Grachen-25-2-1024x623.jpg 1024w, https:\/\/hotel-gaedi.ch\/wp-content\/uploads\/2022\/11\/2016_Famille_Hiver_-c-Valais-Wallis-Promotion-Christian-Pfammatter_Grachen-25-2-768x468.jpg 768w, https:\/\/hotel-gaedi.ch\/wp-content\/uploads\/2022\/11\/2016_Famille_Hiver_-c-Valais-Wallis-Promotion-Christian-Pfammatter_Grachen-25-2-1536x935.jpg 1536w\" sizes=\"auto, (max-width: 1920px) 100vw, 1920px\" \/><div class=\"wp-block-cover__inner-container is-layout-flow wp-block-cover-is-layout-flow\">\n<div class=\"wp-block-group container\"><div class=\"wp-block-group__inner-container is-layout-flow wp-block-group-is-layout-flow\">\n<div class=\"wp-block-columns row is-layout-flex wp-container-core-columns-is-layout-9d6595d7 wp-block-columns-is-layout-flex\">\n<div class=\"wp-block-column col-12 col-lg-7 is-layout-flow wp-block-column-is-layout-flow\">\n<p>Ski and snowboard  <br>School Gr\u00e4chen<\/p>\n\n\n\n<p>Group lessons, private lessons or accompanied Early Bird lessons<\/p>\n\n\n\n<div class=\"wp-block-buttons is-layout-flex wp-block-buttons-is-layout-flex\">\n<div class=\"wp-block-button\"><a class=\"wp-block-button__link wp-element-button\" href=\"https:\/\/www.skischule-graechen.ch\/site\/de\" target=\"_blank\" rel=\"noreferrer noopener\">Learn more<\/a><\/div>\n<\/div>\n<\/div>\n<\/div>\n<\/div><\/div>\n<\/div><\/div>\n<\/div>\n<\/div>\n<\/div><\/div>\n\n\n\n<div class=\"wp-block-group container introtext-centered-sun-icon-title\"><div class=\"wp-block-group__inner-container is-layout-flow wp-block-group-is-layout-flow\">\n<div class=\"wp-block-columns row is-layout-flex wp-container-core-columns-is-layout-9d6595d7 wp-block-columns-is-layout-flex\">\n<div class=\"wp-block-column col-12 is-layout-flow wp-block-column-is-layout-flow\">\n<figure class=\"wp-block-image size-large is-resized\"><img decoding=\"async\" src=\"https:\/\/hotel-gaedi.ch\/wp-content\/uploads\/2022\/09\/sonne-logo.svg\" alt=\"\" class=\"wp-image-155\" width=\"100\"><\/figure>\n\n\n\n<blockquote class=\"wp-block-quote is-layout-flow wp-block-quote-is-layout-flow\">\n<p>&#8220;The ski room is very well organized. Ski racks and boot warmers provide additional convenience.&#8221;<\/p>\n<\/blockquote>\n<\/div>\n<\/div>\n<\/div><\/div>\n","protected":false},"excerpt":{"rendered":"<p>Our trump: directly at the gondola Hannigalp Skiing, snowboarding, snowshoeing or sledding; with us at the Hotel G\u00e4di in Gr\u00e4chen | Valais you are at the right place if you want to be quickly on the slopes and trails. Our unique location (2 minutes walk) directly at the valley station of the gondola Hannigalp makes [&hellip;]<\/p>\n","protected":false},"author":2,"featured_media":0,"parent":3394,"menu_order":0,"comment_status":"closed","ping_status":"closed","template":"","meta":{"_acf_changed":false,"inline_featured_image":false,"footnotes":""},"class_list":["post-3391","page","type-page","status-publish","hentry"],"acf":[],"yoast_head":"<!-- This site is optimized with the Yoast SEO plugin v27.4 - https:\/\/yoast.com\/product\/yoast-seo-wordpress\/ -->\n<title>Skiing in Valais | Hotel G\u00e4di Gr\u00e4chen<\/title>\n<meta name=\"description\" content=\"Unique location for skiing directly at the gondola Hannigalp. The Hotel G\u00e4di is the ideal starting point for your vacation in Valais.\" \/>\n<meta name=\"robots\" content=\"index, follow, max-snippet:-1, max-image-preview:large, max-video-preview:-1\" \/>\n<link rel=\"canonical\" href=\"https:\/\/hotel-gaedi.ch\/en\/skiing\/\" \/>\n<meta property=\"og:locale\" content=\"en_US\" \/>\n<meta property=\"og:type\" content=\"article\" \/>\n<meta property=\"og:title\" content=\"Skiing in Valais | Hotel G\u00e4di Gr\u00e4chen\" \/>\n<meta property=\"og:description\" content=\"Unique location for skiing directly at the gondola Hannigalp. The Hotel G\u00e4di is the ideal starting point for your vacation in Valais.\" \/>\n<meta property=\"og:url\" content=\"https:\/\/hotel-gaedi.ch\/en\/skiing\/\" \/>\n<meta property=\"og:site_name\" content=\"Hotel G\u00e4di\" \/>\n<meta property=\"article:modified_time\" content=\"2022-11-29T15:46:49+00:00\" \/>\n<meta property=\"og:image\" content=\"https:\/\/hotel-gaedi.ch\/wp-content\/uploads\/2022\/10\/snowboarden.jpg\" \/>\n<meta name=\"twitter:card\" content=\"summary_large_image\" \/>\n<meta name=\"twitter:label1\" content=\"Est. reading time\" \/>\n\t<meta name=\"twitter:data1\" content=\"1 minute\" \/>\n<script type=\"application\/ld+json\" class=\"yoast-schema-graph\">{\"@context\":\"https:\\\/\\\/schema.org\",\"@graph\":[{\"@type\":\"WebPage\",\"@id\":\"https:\\\/\\\/hotel-gaedi.ch\\\/en\\\/skiing\\\/\",\"url\":\"https:\\\/\\\/hotel-gaedi.ch\\\/en\\\/skiing\\\/\",\"name\":\"Skiing in Valais | Hotel G\u00e4di Gr\u00e4chen\",\"isPartOf\":{\"@id\":\"https:\\\/\\\/hotel-gaedi.ch\\\/#website\"},\"primaryImageOfPage\":{\"@id\":\"https:\\\/\\\/hotel-gaedi.ch\\\/en\\\/skiing\\\/#primaryimage\"},\"image\":{\"@id\":\"https:\\\/\\\/hotel-gaedi.ch\\\/en\\\/skiing\\\/#primaryimage\"},\"thumbnailUrl\":\"https:\\\/\\\/hotel-gaedi.ch\\\/wp-content\\\/uploads\\\/2022\\\/10\\\/snowboarden.jpg\",\"datePublished\":\"2022-10-06T08:32:09+00:00\",\"dateModified\":\"2022-11-29T15:46:49+00:00\",\"description\":\"Unique location for skiing directly at the gondola Hannigalp. The Hotel G\u00e4di is the ideal starting point for your vacation in Valais.\",\"breadcrumb\":{\"@id\":\"https:\\\/\\\/hotel-gaedi.ch\\\/en\\\/skiing\\\/#breadcrumb\"},\"inLanguage\":\"en-US\",\"potentialAction\":[{\"@type\":\"ReadAction\",\"target\":[\"https:\\\/\\\/hotel-gaedi.ch\\\/en\\\/skiing\\\/\"]}]},{\"@type\":\"ImageObject\",\"inLanguage\":\"en-US\",\"@id\":\"https:\\\/\\\/hotel-gaedi.ch\\\/en\\\/skiing\\\/#primaryimage\",\"url\":\"https:\\\/\\\/hotel-gaedi.ch\\\/wp-content\\\/uploads\\\/2022\\\/10\\\/snowboarden.jpg\",\"contentUrl\":\"https:\\\/\\\/hotel-gaedi.ch\\\/wp-content\\\/uploads\\\/2022\\\/10\\\/snowboarden.jpg\"},{\"@type\":\"BreadcrumbList\",\"@id\":\"https:\\\/\\\/hotel-gaedi.ch\\\/en\\\/skiing\\\/#breadcrumb\",\"itemListElement\":[{\"@type\":\"ListItem\",\"position\":1,\"name\":\"Home\",\"item\":\"https:\\\/\\\/hotel-gaedi.ch\\\/en\\\/\"},{\"@type\":\"ListItem\",\"position\":2,\"name\":\"Skiing\"}]},{\"@type\":\"WebSite\",\"@id\":\"https:\\\/\\\/hotel-gaedi.ch\\\/#website\",\"url\":\"https:\\\/\\\/hotel-gaedi.ch\\\/\",\"name\":\"Hotel G\u00e4di\",\"description\":\"Ferien im Hotel G\u00e4di - Gr\u00e4chen\",\"potentialAction\":[{\"@type\":\"SearchAction\",\"target\":{\"@type\":\"EntryPoint\",\"urlTemplate\":\"https:\\\/\\\/hotel-gaedi.ch\\\/?s={search_term_string}\"},\"query-input\":{\"@type\":\"PropertyValueSpecification\",\"valueRequired\":true,\"valueName\":\"search_term_string\"}}],\"inLanguage\":\"en-US\"}]}<\/script>\n<!-- \/ Yoast SEO plugin. -->","yoast_head_json":{"title":"Skiing in Valais | Hotel G\u00e4di Gr\u00e4chen","description":"Unique location for skiing directly at the gondola Hannigalp. The Hotel G\u00e4di is the ideal starting point for your vacation in Valais.","robots":{"index":"index","follow":"follow","max-snippet":"max-snippet:-1","max-image-preview":"max-image-preview:large","max-video-preview":"max-video-preview:-1"},"canonical":"https:\/\/hotel-gaedi.ch\/en\/skiing\/","og_locale":"en_US","og_type":"article","og_title":"Skiing in Valais | Hotel G\u00e4di Gr\u00e4chen","og_description":"Unique location for skiing directly at the gondola Hannigalp. The Hotel G\u00e4di is the ideal starting point for your vacation in Valais.","og_url":"https:\/\/hotel-gaedi.ch\/en\/skiing\/","og_site_name":"Hotel G\u00e4di","article_modified_time":"2022-11-29T15:46:49+00:00","og_image":[{"url":"https:\/\/hotel-gaedi.ch\/wp-content\/uploads\/2022\/10\/snowboarden.jpg","type":"","width":"","height":""}],"twitter_card":"summary_large_image","twitter_misc":{"Est. reading time":"1 minute"},"schema":{"@context":"https:\/\/schema.org","@graph":[{"@type":"WebPage","@id":"https:\/\/hotel-gaedi.ch\/en\/skiing\/","url":"https:\/\/hotel-gaedi.ch\/en\/skiing\/","name":"Skiing in Valais | Hotel G\u00e4di Gr\u00e4chen","isPartOf":{"@id":"https:\/\/hotel-gaedi.ch\/#website"},"primaryImageOfPage":{"@id":"https:\/\/hotel-gaedi.ch\/en\/skiing\/#primaryimage"},"image":{"@id":"https:\/\/hotel-gaedi.ch\/en\/skiing\/#primaryimage"},"thumbnailUrl":"https:\/\/hotel-gaedi.ch\/wp-content\/uploads\/2022\/10\/snowboarden.jpg","datePublished":"2022-10-06T08:32:09+00:00","dateModified":"2022-11-29T15:46:49+00:00","description":"Unique location for skiing directly at the gondola Hannigalp. The Hotel G\u00e4di is the ideal starting point for your vacation in Valais.","breadcrumb":{"@id":"https:\/\/hotel-gaedi.ch\/en\/skiing\/#breadcrumb"},"inLanguage":"en-US","potentialAction":[{"@type":"ReadAction","target":["https:\/\/hotel-gaedi.ch\/en\/skiing\/"]}]},{"@type":"ImageObject","inLanguage":"en-US","@id":"https:\/\/hotel-gaedi.ch\/en\/skiing\/#primaryimage","url":"https:\/\/hotel-gaedi.ch\/wp-content\/uploads\/2022\/10\/snowboarden.jpg","contentUrl":"https:\/\/hotel-gaedi.ch\/wp-content\/uploads\/2022\/10\/snowboarden.jpg"},{"@type":"BreadcrumbList","@id":"https:\/\/hotel-gaedi.ch\/en\/skiing\/#breadcrumb","itemListElement":[{"@type":"ListItem","position":1,"name":"Home","item":"https:\/\/hotel-gaedi.ch\/en\/"},{"@type":"ListItem","position":2,"name":"Skiing"}]},{"@type":"WebSite","@id":"https:\/\/hotel-gaedi.ch\/#website","url":"https:\/\/hotel-gaedi.ch\/","name":"Hotel G\u00e4di","description":"Ferien im Hotel G\u00e4di - Gr\u00e4chen","potentialAction":[{"@type":"SearchAction","target":{"@type":"EntryPoint","urlTemplate":"https:\/\/hotel-gaedi.ch\/?s={search_term_string}"},"query-input":{"@type":"PropertyValueSpecification","valueRequired":true,"valueName":"search_term_string"}}],"inLanguage":"en-US"}]}},"_links":{"self":[{"href":"https:\/\/hotel-gaedi.ch\/en\/wp-json\/wp\/v2\/pages\/3391","targetHints":{"allow":["GET"]}}],"collection":[{"href":"https:\/\/hotel-gaedi.ch\/en\/wp-json\/wp\/v2\/pages"}],"about":[{"href":"https:\/\/hotel-gaedi.ch\/en\/wp-json\/wp\/v2\/types\/page"}],"author":[{"embeddable":true,"href":"https:\/\/hotel-gaedi.ch\/en\/wp-json\/wp\/v2\/users\/2"}],"replies":[{"embeddable":true,"href":"https:\/\/hotel-gaedi.ch\/en\/wp-json\/wp\/v2\/comments?post=3391"}],"version-history":[{"count":1,"href":"https:\/\/hotel-gaedi.ch\/en\/wp-json\/wp\/v2\/pages\/3391\/revisions"}],"predecessor-version":[{"id":3392,"href":"https:\/\/hotel-gaedi.ch\/en\/wp-json\/wp\/v2\/pages\/3391\/revisions\/3392"}],"up":[{"embeddable":true,"href":"https:\/\/hotel-gaedi.ch\/en\/wp-json\/wp\/v2\/pages\/3394"}],"wp:attachment":[{"href":"https:\/\/hotel-gaedi.ch\/en\/wp-json\/wp\/v2\/media?parent=3391"}],"curies":[{"name":"wp","href":"https:\/\/api.w.org\/{rel}","templated":true}]}}