{"id":3394,"date":"2022-10-06T10:33:18","date_gmt":"2022-10-06T08:33:18","guid":{"rendered":"https:\/\/hotel-gaedi.ch\/activities\/"},"modified":"2023-06-26T10:26:27","modified_gmt":"2023-06-26T08:26:27","slug":"activities","status":"publish","type":"page","link":"https:\/\/hotel-gaedi.ch\/en\/activities\/","title":{"rendered":"Activities"},"content":{"rendered":"\n<div class=\"wp-block-group container-fluid header-teaser\"><div class=\"wp-block-group__inner-container is-layout-flow wp-block-group-is-layout-flow\">\n<div class=\"wp-block-columns row is-layout-flex wp-container-core-columns-is-layout-9d6595d7 wp-block-columns-is-layout-flex\">\n<div class=\"wp-block-column col-12 is-layout-flow wp-block-column-is-layout-flow\">\n<div class=\"wp-block-group container\"><div class=\"wp-block-group__inner-container is-layout-flow wp-block-group-is-layout-flow\">\n<div class=\"wp-block-columns row is-layout-flex wp-container-core-columns-is-layout-9d6595d7 wp-block-columns-is-layout-flex\">\n<div class=\"wp-block-column col-md-12 col-lg-6 order-2 order-lg-1 is-layout-flow wp-block-column-is-layout-flow\">\n<div class=\"wp-block-group\"><div class=\"wp-block-group__inner-container is-layout-flow wp-block-group-is-layout-flow\">\n<h1 class=\"wp-block-heading\">Activities<\/h1>\n\n\n\n<p>A stone&#8217;s throw &#8211; and you are already at the Hannigalp gondola, which starts directly in front of the house. The best conditions for active sports vacations in summer and winter.<\/p>\n\n\n\n<p>The fantastic view of the Valais mountains is guaranteed in summer and winter.<\/p>\n<\/div><\/div>\n<\/div>\n\n\n\n<div class=\"wp-block-column col-md-12 col-lg-6 order-1 order-lg-2 is-layout-flow wp-block-column-is-layout-flow\">\n<figure class=\"wp-block-image size-large\"><img decoding=\"async\" src=\"https:\/\/hotel-gaedi.ch\/wp-content\/uploads\/2022\/11\/2018_VTT_Grachen_24_&#xA9;Valais-Wallis-Promotion-Pascal-Gertschen-1024x1024.jpg\" alt=\"\" class=\"wp-image-2404\"\/><\/figure><\/div>\n<\/div>\n<\/div><\/div>\n<\/div>\n<\/div>\n<\/div><\/div>\n\n<div class=\"wp-block-group container teaser-2col-image-text even\"><div class=\"wp-block-group__inner-container is-layout-flow wp-block-group-is-layout-flow\">\n<div class=\"wp-block-columns row is-layout-flex wp-container-core-columns-is-layout-9d6595d7 wp-block-columns-is-layout-flex\">\n<div class=\"wp-block-column col-lg-12 col-xl-5 is-layout-flow wp-block-column-is-layout-flow\">\n<figure class=\"wp-block-image size-full\"><img loading=\"lazy\" decoding=\"async\" width=\"1024\" height=\"683\" src=\"https:\/\/hotel-gaedi.ch\/wp-content\/uploads\/2022\/11\/2017_Famille_Ete_-c-Valais-Wallis-Promotion-Pascal-Gertschen-120_Grachen_chasse-au-tresor.jpg\" alt=\"\" class=\"wp-image-2402\" srcset=\"https:\/\/hotel-gaedi.ch\/wp-content\/uploads\/2022\/11\/2017_Famille_Ete_-c-Valais-Wallis-Promotion-Pascal-Gertschen-120_Grachen_chasse-au-tresor.jpg 1024w, https:\/\/hotel-gaedi.ch\/wp-content\/uploads\/2022\/11\/2017_Famille_Ete_-c-Valais-Wallis-Promotion-Pascal-Gertschen-120_Grachen_chasse-au-tresor-500x333.jpg 500w, https:\/\/hotel-gaedi.ch\/wp-content\/uploads\/2022\/11\/2017_Famille_Ete_-c-Valais-Wallis-Promotion-Pascal-Gertschen-120_Grachen_chasse-au-tresor-768x512.jpg 768w\" sizes=\"auto, (max-width: 1024px) 100vw, 1024px\" \/><\/figure><\/div>\n\n\n\n<div class=\"wp-block-column col-lg-12 col-xl-7 is-layout-flow wp-block-column-is-layout-flow\">\n<h2 class=\"wp-block-heading\">Hiking<\/h2>\n\n\n\n<p>Would you like to make a side trip from Gr\u00e4chen to Zermatt at the foot of the Matterhorn? The train from St. Niklaus will take you to your destination in about 40 minutes.<\/p>\n\n\n\n<p>Whether in Gr\u00e4chen or elsewhere in the valley, the fantastic view of the Valais mountains is guaranteed. In summer and in winter.<\/p>\n\n\n\n<div class=\"wp-block-buttons is-layout-flex wp-block-buttons-is-layout-flex\">\n<div class=\"wp-block-button\"><a class=\"wp-block-button__link wp-element-button\" href=\"https:\/\/hotel-gaedi.ch\/en\/activities\/hiking\/\">Learn more<\/a><\/div>\n<\/div>\n<\/div>\n<\/div>\n<\/div><\/div>\n\n<div class=\"wp-block-group container teaser-2col-image-text odd\"><div class=\"wp-block-group__inner-container is-layout-flow wp-block-group-is-layout-flow\">\n<div class=\"wp-block-columns row is-layout-flex wp-container-core-columns-is-layout-9d6595d7 wp-block-columns-is-layout-flex\">\n<div class=\"wp-block-column col-lg-12 col-xl-5 is-layout-flow wp-block-column-is-layout-flow\">\n<figure class=\"wp-block-image size-full\"><img decoding=\"async\" src=\"https:\/\/hotel-gaedi.ch\/wp-content\/uploads\/2022\/11\/2018_VTT_GrachenMoosalp_27_&#xA9;Valais-Wallis-Promotion-Pascal-Gertschen.jpg\" alt=\"\" class=\"wp-image-2400\"\/><\/figure><\/div>\n\n\n\n<div class=\"wp-block-column col-lg-12 col-xl-7 is-layout-flow wp-block-column-is-layout-flow\">\n<h2 class=\"wp-block-heading\">Biking<\/h2>\n\n\n\n<p>If you are into biking, Gr\u00e4chen | Valais is also the right place. Because Gr\u00e4chen is a biker&#8217;s paradise with trails for every level.<\/p>\n\n\n\n<div class=\"wp-block-buttons is-layout-flex wp-block-buttons-is-layout-flex\">\n<div class=\"wp-block-button\"><a class=\"wp-block-button__link wp-element-button\" href=\"https:\/\/hotel-gaedi.ch\/en\/activities\/biking\/\">Learn more<\/a><\/div>\n<\/div>\n<\/div>\n<\/div>\n<\/div><\/div>\n\n<div class=\"wp-block-group container teaser-2col-image-text even\"><div class=\"wp-block-group__inner-container is-layout-flow wp-block-group-is-layout-flow\">\n<div class=\"wp-block-columns row is-layout-flex wp-container-core-columns-is-layout-9d6595d7 wp-block-columns-is-layout-flex\">\n<div class=\"wp-block-column col-lg-12 col-xl-5 is-layout-flow wp-block-column-is-layout-flow\">\n<figure class=\"wp-block-image size-full\"><img loading=\"lazy\" decoding=\"async\" width=\"1024\" height=\"683\" src=\"https:\/\/hotel-gaedi.ch\/wp-content\/uploads\/2022\/11\/2016_Famille_Hiver_-c-Valais-Wallis-Promotion-Christian-Pfammatter_Grachen-157.jpg\" alt=\"\" class=\"wp-image-2401\" srcset=\"https:\/\/hotel-gaedi.ch\/wp-content\/uploads\/2022\/11\/2016_Famille_Hiver_-c-Valais-Wallis-Promotion-Christian-Pfammatter_Grachen-157.jpg 1024w, https:\/\/hotel-gaedi.ch\/wp-content\/uploads\/2022\/11\/2016_Famille_Hiver_-c-Valais-Wallis-Promotion-Christian-Pfammatter_Grachen-157-500x333.jpg 500w, https:\/\/hotel-gaedi.ch\/wp-content\/uploads\/2022\/11\/2016_Famille_Hiver_-c-Valais-Wallis-Promotion-Christian-Pfammatter_Grachen-157-768x512.jpg 768w\" sizes=\"auto, (max-width: 1024px) 100vw, 1024px\" \/><\/figure><\/div>\n\n\n\n<div class=\"wp-block-column col-lg-12 col-xl-7 is-layout-flow wp-block-column-is-layout-flow\">\n<h2 class=\"wp-block-heading\">Skiing<\/h2>\n\n\n\n<p>In winter there is hardly a more pleasant starting point for skiing. The gondola Hannigalp starts right next to the Hotel G\u00e4di. The ski slope is also next to the house, so you can snowboard or ski (almost) into the ski room&#8230;<\/p>\n\n\n\n<div class=\"wp-block-buttons is-layout-flex wp-block-buttons-is-layout-flex\">\n<div class=\"wp-block-button\"><a class=\"wp-block-button__link wp-element-button\" href=\"https:\/\/hotel-gaedi.ch\/en\/activities\/skiing\/\">Learn more<\/a><\/div>\n<\/div>\n<\/div>\n<\/div>\n<\/div><\/div>\n\n<div class=\"wp-block-group container teaser-2col-image-text odd\"><div class=\"wp-block-group__inner-container is-layout-flow wp-block-group-is-layout-flow\">\n<div class=\"wp-block-columns row is-layout-flex wp-container-core-columns-is-layout-9d6595d7 wp-block-columns-is-layout-flex\">\n<div class=\"wp-block-column col-lg-12 col-xl-5 is-layout-flow wp-block-column-is-layout-flow\">\n<figure class=\"wp-block-image size-full\"><img loading=\"lazy\" decoding=\"async\" width=\"1024\" height=\"683\" src=\"https:\/\/hotel-gaedi.ch\/wp-content\/uploads\/2022\/11\/2016_Famille_Hiver_-c-Valais-Wallis-Promotion-Christian-Pfammatter_Grachen-157-1.jpg\" alt=\"\" class=\"wp-image-2403\" srcset=\"https:\/\/hotel-gaedi.ch\/wp-content\/uploads\/2022\/11\/2016_Famille_Hiver_-c-Valais-Wallis-Promotion-Christian-Pfammatter_Grachen-157-1.jpg 1024w, https:\/\/hotel-gaedi.ch\/wp-content\/uploads\/2022\/11\/2016_Famille_Hiver_-c-Valais-Wallis-Promotion-Christian-Pfammatter_Grachen-157-1-500x333.jpg 500w, https:\/\/hotel-gaedi.ch\/wp-content\/uploads\/2022\/11\/2016_Famille_Hiver_-c-Valais-Wallis-Promotion-Christian-Pfammatter_Grachen-157-1-768x512.jpg 768w\" sizes=\"auto, (max-width: 1024px) 100vw, 1024px\" \/><\/figure><\/div>\n\n\n\n<div class=\"wp-block-column col-lg-12 col-xl-7 is-layout-flow wp-block-column-is-layout-flow\">\n<h2 class=\"wp-block-heading\">Winter hiking and snowshoeing in Valais<\/h2>\n\n\n\n<p>The southern exposure of our beautiful village Gr\u00e4chen in the Valais invites you to long hikes in the snow. With 23 km of snowshoe trails and 38 km of winter hiking trails, the choice becomes torture. We will be happy to advise you. <\/p>\n\n\n\n<div class=\"wp-block-buttons is-layout-flex wp-block-buttons-is-layout-flex\">\n<div class=\"wp-block-button\"><a class=\"wp-block-button__link wp-element-button\" href=\"https:\/\/hotel-gaedi.ch\/en\/activities\/winter-hiking\/\">Learn more<\/a><\/div>\n<\/div>\n<\/div>\n<\/div>\n<\/div><\/div>\n\n<div class=\"wp-block-group container introtext-centered-sun-icon-title\"><div class=\"wp-block-group__inner-container is-layout-flow wp-block-group-is-layout-flow\">\n<div class=\"wp-block-columns row is-layout-flex wp-container-core-columns-is-layout-9d6595d7 wp-block-columns-is-layout-flex\">\n<div class=\"wp-block-column col-12 is-layout-flow wp-block-column-is-layout-flow\">\n<figure class=\"wp-block-image size-large is-resized\"><img decoding=\"async\" src=\"https:\/\/hotel-gaedi.ch\/wp-content\/uploads\/2022\/09\/sonne-logo.svg\" alt=\"\" class=\"wp-image-155\" width=\"100\"\/><\/figure>\n\n\n<h4 class=\"wp-block-heading\">&#8220;Pleasant, familiar ambiance, perfect food, high service orientation. The whole team is responsive to customer needs. In short, we felt completely at home and will be happy to come back!&#8221;<\/h4>\n<\/div>\n<\/div>\n<\/div><\/div>\n","protected":false},"excerpt":{"rendered":"<p>Activities A stone&#8217;s throw &#8211; and you are already at the Hannigalp gondola, which starts directly in front of the house. The best conditions for active sports vacations in summer and winter. The fantastic view of the Valais mountains is guaranteed in summer and winter. Hiking Would you like to make a side trip from [&hellip;]<\/p>\n","protected":false},"author":2,"featured_media":0,"parent":0,"menu_order":0,"comment_status":"closed","ping_status":"closed","template":"","meta":{"_acf_changed":false,"inline_featured_image":false,"footnotes":""},"class_list":["post-3394","page","type-page","status-publish","hentry"],"acf":[],"yoast_head":"<!-- This site is optimized with the Yoast SEO plugin v27.4 - https:\/\/yoast.com\/product\/yoast-seo-wordpress\/ -->\n<title>Activities | Hotel G\u00e4di Gr\u00e4chen<\/title>\n<meta name=\"description\" content=\"Hiking, biking, skiing, winter hiking &amp; snowshoeing. Hotel G\u00e4di is the ideal starting point for summer and winter activities.\" \/>\n<meta name=\"robots\" content=\"index, follow, max-snippet:-1, max-image-preview:large, max-video-preview:-1\" \/>\n<link rel=\"canonical\" href=\"https:\/\/hotel-gaedi.ch\/en\/activities\/\" \/>\n<meta property=\"og:locale\" content=\"en_US\" \/>\n<meta property=\"og:type\" content=\"article\" \/>\n<meta property=\"og:title\" content=\"Activities | Hotel G\u00e4di Gr\u00e4chen\" \/>\n<meta property=\"og:description\" content=\"Hiking, biking, skiing, winter hiking &amp; snowshoeing. Hotel G\u00e4di is the ideal starting point for summer and winter activities.\" \/>\n<meta property=\"og:url\" content=\"https:\/\/hotel-gaedi.ch\/en\/activities\/\" \/>\n<meta property=\"og:site_name\" content=\"Hotel G\u00e4di\" \/>\n<meta property=\"article:modified_time\" content=\"2023-06-26T08:26:27+00:00\" \/>\n<meta property=\"og:image\" content=\"https:\/\/hotel-gaedi.ch\/wp-content\/uploads\/2022\/11\/2018_VTT_Grachen_24_&#xA9;Valais-Wallis-Promotion-Pascal-Gertschen-1024x1024.jpg\" \/>\n<meta name=\"twitter:card\" content=\"summary_large_image\" \/>\n<meta name=\"twitter:label1\" content=\"Est. reading time\" \/>\n\t<meta name=\"twitter:data1\" content=\"1 minute\" \/>\n<script type=\"application\/ld+json\" class=\"yoast-schema-graph\">{\"@context\":\"https:\\\/\\\/schema.org\",\"@graph\":[{\"@type\":\"WebPage\",\"@id\":\"https:\\\/\\\/hotel-gaedi.ch\\\/en\\\/activities\\\/\",\"url\":\"https:\\\/\\\/hotel-gaedi.ch\\\/en\\\/activities\\\/\",\"name\":\"Activities | Hotel G\u00e4di Gr\u00e4chen\",\"isPartOf\":{\"@id\":\"https:\\\/\\\/hotel-gaedi.ch\\\/#website\"},\"primaryImageOfPage\":{\"@id\":\"https:\\\/\\\/hotel-gaedi.ch\\\/en\\\/activities\\\/#primaryimage\"},\"image\":{\"@id\":\"https:\\\/\\\/hotel-gaedi.ch\\\/en\\\/activities\\\/#primaryimage\"},\"thumbnailUrl\":\"https:\\\/\\\/hotel-gaedi.ch\\\/wp-content\\\/uploads\\\/2022\\\/11\\\/2018_VTT_Grachen_24_&#xA9;Valais-Wallis-Promotion-Pascal-Gertschen-1024x1024.jpg\",\"datePublished\":\"2022-10-06T08:33:18+00:00\",\"dateModified\":\"2023-06-26T08:26:27+00:00\",\"description\":\"Hiking, biking, skiing, winter hiking & snowshoeing. Hotel G\u00e4di is the ideal starting point for summer and winter activities.\",\"breadcrumb\":{\"@id\":\"https:\\\/\\\/hotel-gaedi.ch\\\/en\\\/activities\\\/#breadcrumb\"},\"inLanguage\":\"en-US\",\"potentialAction\":[{\"@type\":\"ReadAction\",\"target\":[\"https:\\\/\\\/hotel-gaedi.ch\\\/en\\\/activities\\\/\"]}]},{\"@type\":\"ImageObject\",\"inLanguage\":\"en-US\",\"@id\":\"https:\\\/\\\/hotel-gaedi.ch\\\/en\\\/activities\\\/#primaryimage\",\"url\":\"https:\\\/\\\/hotel-gaedi.ch\\\/wp-content\\\/uploads\\\/2022\\\/11\\\/2018_VTT_Grachen_24_&#xA9;Valais-Wallis-Promotion-Pascal-Gertschen-1024x1024.jpg\",\"contentUrl\":\"https:\\\/\\\/hotel-gaedi.ch\\\/wp-content\\\/uploads\\\/2022\\\/11\\\/2018_VTT_Grachen_24_&#xA9;Valais-Wallis-Promotion-Pascal-Gertschen-1024x1024.jpg\"},{\"@type\":\"BreadcrumbList\",\"@id\":\"https:\\\/\\\/hotel-gaedi.ch\\\/en\\\/activities\\\/#breadcrumb\",\"itemListElement\":[{\"@type\":\"ListItem\",\"position\":1,\"name\":\"Home\",\"item\":\"https:\\\/\\\/hotel-gaedi.ch\\\/en\\\/\"},{\"@type\":\"ListItem\",\"position\":2,\"name\":\"Activities\"}]},{\"@type\":\"WebSite\",\"@id\":\"https:\\\/\\\/hotel-gaedi.ch\\\/#website\",\"url\":\"https:\\\/\\\/hotel-gaedi.ch\\\/\",\"name\":\"Hotel G\u00e4di\",\"description\":\"Ferien im Hotel G\u00e4di - Gr\u00e4chen\",\"potentialAction\":[{\"@type\":\"SearchAction\",\"target\":{\"@type\":\"EntryPoint\",\"urlTemplate\":\"https:\\\/\\\/hotel-gaedi.ch\\\/?s={search_term_string}\"},\"query-input\":{\"@type\":\"PropertyValueSpecification\",\"valueRequired\":true,\"valueName\":\"search_term_string\"}}],\"inLanguage\":\"en-US\"}]}<\/script>\n<!-- \/ Yoast SEO plugin. -->","yoast_head_json":{"title":"Activities | Hotel G\u00e4di Gr\u00e4chen","description":"Hiking, biking, skiing, winter hiking & snowshoeing. Hotel G\u00e4di is the ideal starting point for summer and winter activities.","robots":{"index":"index","follow":"follow","max-snippet":"max-snippet:-1","max-image-preview":"max-image-preview:large","max-video-preview":"max-video-preview:-1"},"canonical":"https:\/\/hotel-gaedi.ch\/en\/activities\/","og_locale":"en_US","og_type":"article","og_title":"Activities | Hotel G\u00e4di Gr\u00e4chen","og_description":"Hiking, biking, skiing, winter hiking & snowshoeing. Hotel G\u00e4di is the ideal starting point for summer and winter activities.","og_url":"https:\/\/hotel-gaedi.ch\/en\/activities\/","og_site_name":"Hotel G\u00e4di","article_modified_time":"2023-06-26T08:26:27+00:00","og_image":[{"url":"https:\/\/hotel-gaedi.ch\/wp-content\/uploads\/2022\/11\/2018_VTT_Grachen_24_&#xA9;Valais-Wallis-Promotion-Pascal-Gertschen-1024x1024.jpg","type":"","width":"","height":""}],"twitter_card":"summary_large_image","twitter_misc":{"Est. reading time":"1 minute"},"schema":{"@context":"https:\/\/schema.org","@graph":[{"@type":"WebPage","@id":"https:\/\/hotel-gaedi.ch\/en\/activities\/","url":"https:\/\/hotel-gaedi.ch\/en\/activities\/","name":"Activities | Hotel G\u00e4di Gr\u00e4chen","isPartOf":{"@id":"https:\/\/hotel-gaedi.ch\/#website"},"primaryImageOfPage":{"@id":"https:\/\/hotel-gaedi.ch\/en\/activities\/#primaryimage"},"image":{"@id":"https:\/\/hotel-gaedi.ch\/en\/activities\/#primaryimage"},"thumbnailUrl":"https:\/\/hotel-gaedi.ch\/wp-content\/uploads\/2022\/11\/2018_VTT_Grachen_24_&#xA9;Valais-Wallis-Promotion-Pascal-Gertschen-1024x1024.jpg","datePublished":"2022-10-06T08:33:18+00:00","dateModified":"2023-06-26T08:26:27+00:00","description":"Hiking, biking, skiing, winter hiking & snowshoeing. Hotel G\u00e4di is the ideal starting point for summer and winter activities.","breadcrumb":{"@id":"https:\/\/hotel-gaedi.ch\/en\/activities\/#breadcrumb"},"inLanguage":"en-US","potentialAction":[{"@type":"ReadAction","target":["https:\/\/hotel-gaedi.ch\/en\/activities\/"]}]},{"@type":"ImageObject","inLanguage":"en-US","@id":"https:\/\/hotel-gaedi.ch\/en\/activities\/#primaryimage","url":"https:\/\/hotel-gaedi.ch\/wp-content\/uploads\/2022\/11\/2018_VTT_Grachen_24_&#xA9;Valais-Wallis-Promotion-Pascal-Gertschen-1024x1024.jpg","contentUrl":"https:\/\/hotel-gaedi.ch\/wp-content\/uploads\/2022\/11\/2018_VTT_Grachen_24_&#xA9;Valais-Wallis-Promotion-Pascal-Gertschen-1024x1024.jpg"},{"@type":"BreadcrumbList","@id":"https:\/\/hotel-gaedi.ch\/en\/activities\/#breadcrumb","itemListElement":[{"@type":"ListItem","position":1,"name":"Home","item":"https:\/\/hotel-gaedi.ch\/en\/"},{"@type":"ListItem","position":2,"name":"Activities"}]},{"@type":"WebSite","@id":"https:\/\/hotel-gaedi.ch\/#website","url":"https:\/\/hotel-gaedi.ch\/","name":"Hotel G\u00e4di","description":"Ferien im Hotel G\u00e4di - Gr\u00e4chen","potentialAction":[{"@type":"SearchAction","target":{"@type":"EntryPoint","urlTemplate":"https:\/\/hotel-gaedi.ch\/?s={search_term_string}"},"query-input":{"@type":"PropertyValueSpecification","valueRequired":true,"valueName":"search_term_string"}}],"inLanguage":"en-US"}]}},"_links":{"self":[{"href":"https:\/\/hotel-gaedi.ch\/en\/wp-json\/wp\/v2\/pages\/3394","targetHints":{"allow":["GET"]}}],"collection":[{"href":"https:\/\/hotel-gaedi.ch\/en\/wp-json\/wp\/v2\/pages"}],"about":[{"href":"https:\/\/hotel-gaedi.ch\/en\/wp-json\/wp\/v2\/types\/page"}],"author":[{"embeddable":true,"href":"https:\/\/hotel-gaedi.ch\/en\/wp-json\/wp\/v2\/users\/2"}],"replies":[{"embeddable":true,"href":"https:\/\/hotel-gaedi.ch\/en\/wp-json\/wp\/v2\/comments?post=3394"}],"version-history":[{"count":4,"href":"https:\/\/hotel-gaedi.ch\/en\/wp-json\/wp\/v2\/pages\/3394\/revisions"}],"predecessor-version":[{"id":3904,"href":"https:\/\/hotel-gaedi.ch\/en\/wp-json\/wp\/v2\/pages\/3394\/revisions\/3904"}],"wp:attachment":[{"href":"https:\/\/hotel-gaedi.ch\/en\/wp-json\/wp\/v2\/media?parent=3394"}],"curies":[{"name":"wp","href":"https:\/\/api.w.org\/{rel}","templated":true}]}}