{"id":4701,"date":"2022-10-09T17:33:06","date_gmt":"2022-10-09T15:33:06","guid":{"rendered":"https:\/\/hotel-gaedi.ch\/imprint\/"},"modified":"2026-04-16T19:48:56","modified_gmt":"2026-04-16T17:48:56","slug":"imprint","status":"publish","type":"page","link":"https:\/\/hotel-gaedi.ch\/en\/imprint\/","title":{"rendered":"Imprint"},"content":{"rendered":"\n<div class=\"wp-block-group container introtext-centered-sun-icon-title\"><div class=\"wp-block-group__inner-container is-layout-flow wp-block-group-is-layout-flow\">\n<div class=\"wp-block-columns row is-layout-flex wp-container-core-columns-is-layout-9d6595d7 wp-block-columns-is-layout-flex\">\n<div class=\"wp-block-column col-12 is-layout-flow wp-block-column-is-layout-flow\">\n<h1 class=\"wp-block-heading\">Imprint<\/h1>\n\n\n\n<p>The company is behind the &#8220;Hotel G\u00e4di&#8221; offer:<\/p>\n\n\n\n<p>Hotel G\u00e4di AG<\/p>\n\n\n\n<p>Martin Brigger &amp; M\u00e9lanie Williner<br\/>Hotel G\u00e4di<br\/>B\u00e4rglistrasse 466<br\/>3925 Gr\u00e4chen<br\/>Switzerland<\/p>\n\n\n\n<p><a href=\"mailto:info@hotel-gaedi.ch\">info@hotel-gaedi.ch<\/a><\/p>\n\n\n\n<p><strong>Commercial register entry<\/strong><\/p>\n\n\n\n<p>Registered company name: Hotel G\u00e4di AG<br\/>Number: CH-600.3.020.382-0<br\/>Commercial register office: Visp<br\/>VAT number CHE-275.649.616<\/p>\n\n\n\n<p><strong>Photos<\/strong><br\/><em>\u00a9 Valais\/Wallis Promotion<\/em><br\/><em>\u00a9 Hotel G\u00e4di Gr\u00e4chen<\/em><\/p>\n<\/div>\n<\/div>\n<\/div><\/div>\n","protected":false},"excerpt":{"rendered":"<p>Imprint The company is behind the &#8220;Hotel G\u00e4di&#8221; offer: Hotel G\u00e4di AG Martin Brigger &amp; M\u00e9lanie WillinerHotel G\u00e4diB\u00e4rglistrasse 4663925 Gr\u00e4chenSwitzerland info@hotel-gaedi.ch Commercial register entry Registered company name: Hotel G\u00e4di AGNumber: CH-600.3.020.382-0Commercial register office: VispVAT number CHE-275.649.616 Photos\u00a9 Valais\/Wallis Promotion\u00a9 Hotel G\u00e4di Gr\u00e4chen<\/p>\n","protected":false},"author":2,"featured_media":0,"parent":0,"menu_order":0,"comment_status":"closed","ping_status":"closed","template":"","meta":{"_acf_changed":false,"inline_featured_image":false,"footnotes":""},"class_list":["post-4701","page","type-page","status-publish","hentry"],"acf":[],"yoast_head":"<!-- This site is optimized with the Yoast SEO plugin v27.4 - https:\/\/yoast.com\/product\/yoast-seo-wordpress\/ -->\n<title>Imprint | Hotel G\u00e4di Gr\u00e4chen<\/title>\n<meta name=\"description\" content=\"Here you will find our imprint. If you have any questions, Martin Brigger, M\u00e9lanie Williner and the entire Hotel G\u00e4di team will be happy to help.\" \/>\n<meta name=\"robots\" content=\"index, follow, max-snippet:-1, max-image-preview:large, max-video-preview:-1\" \/>\n<link rel=\"canonical\" href=\"https:\/\/hotel-gaedi.ch\/en\/imprint\/\" \/>\n<meta property=\"og:locale\" content=\"en_US\" \/>\n<meta property=\"og:type\" content=\"article\" \/>\n<meta property=\"og:title\" content=\"Imprint | Hotel G\u00e4di Gr\u00e4chen\" \/>\n<meta property=\"og:description\" content=\"Here you will find our imprint. If you have any questions, Martin Brigger, M\u00e9lanie Williner and the entire Hotel G\u00e4di team will be happy to help.\" \/>\n<meta property=\"og:url\" content=\"https:\/\/hotel-gaedi.ch\/en\/imprint\/\" \/>\n<meta property=\"og:site_name\" content=\"Hotel G\u00e4di\" \/>\n<meta property=\"article:modified_time\" content=\"2026-04-16T17:48:56+00:00\" \/>\n<meta name=\"twitter:card\" content=\"summary_large_image\" \/>\n<script type=\"application\/ld+json\" class=\"yoast-schema-graph\">{\"@context\":\"https:\\\/\\\/schema.org\",\"@graph\":[{\"@type\":\"WebPage\",\"@id\":\"https:\\\/\\\/hotel-gaedi.ch\\\/en\\\/imprint\\\/\",\"url\":\"https:\\\/\\\/hotel-gaedi.ch\\\/en\\\/imprint\\\/\",\"name\":\"Imprint | Hotel G\u00e4di Gr\u00e4chen\",\"isPartOf\":{\"@id\":\"https:\\\/\\\/hotel-gaedi.ch\\\/#website\"},\"datePublished\":\"2022-10-09T15:33:06+00:00\",\"dateModified\":\"2026-04-16T17:48:56+00:00\",\"description\":\"Here you will find our imprint. If you have any questions, Martin Brigger, M\u00e9lanie Williner and the entire Hotel G\u00e4di team will be happy to help.\",\"breadcrumb\":{\"@id\":\"https:\\\/\\\/hotel-gaedi.ch\\\/en\\\/imprint\\\/#breadcrumb\"},\"inLanguage\":\"en-US\",\"potentialAction\":[{\"@type\":\"ReadAction\",\"target\":[\"https:\\\/\\\/hotel-gaedi.ch\\\/en\\\/imprint\\\/\"]}]},{\"@type\":\"BreadcrumbList\",\"@id\":\"https:\\\/\\\/hotel-gaedi.ch\\\/en\\\/imprint\\\/#breadcrumb\",\"itemListElement\":[{\"@type\":\"ListItem\",\"position\":1,\"name\":\"Home\",\"item\":\"https:\\\/\\\/hotel-gaedi.ch\\\/en\\\/\"},{\"@type\":\"ListItem\",\"position\":2,\"name\":\"Imprint\"}]},{\"@type\":\"WebSite\",\"@id\":\"https:\\\/\\\/hotel-gaedi.ch\\\/#website\",\"url\":\"https:\\\/\\\/hotel-gaedi.ch\\\/\",\"name\":\"Hotel G\u00e4di\",\"description\":\"Ferien im Hotel G\u00e4di - Gr\u00e4chen\",\"potentialAction\":[{\"@type\":\"SearchAction\",\"target\":{\"@type\":\"EntryPoint\",\"urlTemplate\":\"https:\\\/\\\/hotel-gaedi.ch\\\/?s={search_term_string}\"},\"query-input\":{\"@type\":\"PropertyValueSpecification\",\"valueRequired\":true,\"valueName\":\"search_term_string\"}}],\"inLanguage\":\"en-US\"}]}<\/script>\n<!-- \/ Yoast SEO plugin. -->","yoast_head_json":{"title":"Imprint | Hotel G\u00e4di Gr\u00e4chen","description":"Here you will find our imprint. If you have any questions, Martin Brigger, M\u00e9lanie Williner and the entire Hotel G\u00e4di team will be happy to help.","robots":{"index":"index","follow":"follow","max-snippet":"max-snippet:-1","max-image-preview":"max-image-preview:large","max-video-preview":"max-video-preview:-1"},"canonical":"https:\/\/hotel-gaedi.ch\/en\/imprint\/","og_locale":"en_US","og_type":"article","og_title":"Imprint | Hotel G\u00e4di Gr\u00e4chen","og_description":"Here you will find our imprint. If you have any questions, Martin Brigger, M\u00e9lanie Williner and the entire Hotel G\u00e4di team will be happy to help.","og_url":"https:\/\/hotel-gaedi.ch\/en\/imprint\/","og_site_name":"Hotel G\u00e4di","article_modified_time":"2026-04-16T17:48:56+00:00","twitter_card":"summary_large_image","schema":{"@context":"https:\/\/schema.org","@graph":[{"@type":"WebPage","@id":"https:\/\/hotel-gaedi.ch\/en\/imprint\/","url":"https:\/\/hotel-gaedi.ch\/en\/imprint\/","name":"Imprint | Hotel G\u00e4di Gr\u00e4chen","isPartOf":{"@id":"https:\/\/hotel-gaedi.ch\/#website"},"datePublished":"2022-10-09T15:33:06+00:00","dateModified":"2026-04-16T17:48:56+00:00","description":"Here you will find our imprint. If you have any questions, Martin Brigger, M\u00e9lanie Williner and the entire Hotel G\u00e4di team will be happy to help.","breadcrumb":{"@id":"https:\/\/hotel-gaedi.ch\/en\/imprint\/#breadcrumb"},"inLanguage":"en-US","potentialAction":[{"@type":"ReadAction","target":["https:\/\/hotel-gaedi.ch\/en\/imprint\/"]}]},{"@type":"BreadcrumbList","@id":"https:\/\/hotel-gaedi.ch\/en\/imprint\/#breadcrumb","itemListElement":[{"@type":"ListItem","position":1,"name":"Home","item":"https:\/\/hotel-gaedi.ch\/en\/"},{"@type":"ListItem","position":2,"name":"Imprint"}]},{"@type":"WebSite","@id":"https:\/\/hotel-gaedi.ch\/#website","url":"https:\/\/hotel-gaedi.ch\/","name":"Hotel G\u00e4di","description":"Ferien im Hotel G\u00e4di - Gr\u00e4chen","potentialAction":[{"@type":"SearchAction","target":{"@type":"EntryPoint","urlTemplate":"https:\/\/hotel-gaedi.ch\/?s={search_term_string}"},"query-input":{"@type":"PropertyValueSpecification","valueRequired":true,"valueName":"search_term_string"}}],"inLanguage":"en-US"}]}},"_links":{"self":[{"href":"https:\/\/hotel-gaedi.ch\/en\/wp-json\/wp\/v2\/pages\/4701","targetHints":{"allow":["GET"]}}],"collection":[{"href":"https:\/\/hotel-gaedi.ch\/en\/wp-json\/wp\/v2\/pages"}],"about":[{"href":"https:\/\/hotel-gaedi.ch\/en\/wp-json\/wp\/v2\/types\/page"}],"author":[{"embeddable":true,"href":"https:\/\/hotel-gaedi.ch\/en\/wp-json\/wp\/v2\/users\/2"}],"replies":[{"embeddable":true,"href":"https:\/\/hotel-gaedi.ch\/en\/wp-json\/wp\/v2\/comments?post=4701"}],"version-history":[{"count":1,"href":"https:\/\/hotel-gaedi.ch\/en\/wp-json\/wp\/v2\/pages\/4701\/revisions"}],"predecessor-version":[{"id":4703,"href":"https:\/\/hotel-gaedi.ch\/en\/wp-json\/wp\/v2\/pages\/4701\/revisions\/4703"}],"wp:attachment":[{"href":"https:\/\/hotel-gaedi.ch\/en\/wp-json\/wp\/v2\/media?parent=4701"}],"curies":[{"name":"wp","href":"https:\/\/api.w.org\/{rel}","templated":true}]}}