{"id":3428,"date":"2022-09-10T13:05:43","date_gmt":"2022-09-10T11:05:43","guid":{"rendered":"https:\/\/hotel-gaedi.ch\/avantage-de-la-reservation-directe\/"},"modified":"2022-11-29T19:51:16","modified_gmt":"2022-11-29T18:51:16","slug":"avantage-de-la-reservation-directe","status":"publish","type":"page","link":"https:\/\/hotel-gaedi.ch\/fr\/avantage-de-la-reservation-directe\/","title":{"rendered":"Avantage de la r\u00e9servation directe"},"content":{"rendered":"\n<div class=\"wp-block-group container introtext-centered-sun-icon-title\"><div class=\"wp-block-group__inner-container is-layout-flow wp-block-group-is-layout-flow\">\n<div class=\"wp-block-columns row is-layout-flex wp-container-core-columns-is-layout-9d6595d7 wp-block-columns-is-layout-flex\">\n<div class=\"wp-block-column col-12 is-layout-flow wp-block-column-is-layout-flow\">\n<h1 class=\"wp-block-heading\">Nous vous le garantissons : R\u00e9server directement en vaut la peine.<\/h1>\n\n\n\n<p>R\u00e9servez votre chambre directement sur notre site web et profitez ainsi de la GARANTIE MEILLEUR PRIX.<br>Nous proposons les meilleures offres et les meilleurs forfaits en exclusivit\u00e9 sur notre site web. Uniquement pour les r\u00e9servations directes. L&rsquo;utilisation de notre wellness et de notre spa, l&rsquo;acc\u00e8s gratuit \u00e0 Internet sans fil ainsi que notre copieux buffet de petit-d\u00e9jeuner avec des sp\u00e9cialit\u00e9s valaisannes rendent votre s\u00e9jour encore plus attrayant.&nbsp;<\/p>\n\n\n\n<p>Vous avez des questions ? Appelez-nous, nous vous consacrerons volontiers du temps.&nbsp;<\/p>\n<\/div>\n<\/div>\n<\/div><\/div>\n\n\n\n<div id=\"HomeHeader\" class=\"wp-block-group container-fluid fullwidth-bg-image-overlay-text flowtext\"><div class=\"wp-block-group__inner-container is-layout-flow wp-block-group-is-layout-flow\">\n<div class=\"wp-block-columns row is-layout-flex wp-container-core-columns-is-layout-9d6595d7 wp-block-columns-is-layout-flex\">\n<div class=\"wp-block-column col-12 is-layout-flow wp-block-column-is-layout-flow\">\n<div class=\"wp-block-cover\" style=\"min-height:772px;aspect-ratio:unset;\"><span aria-hidden=\"true\" class=\"wp-block-cover__background has-background-dim-0 has-background-dim\"><\/span><img decoding=\"async\" class=\"wp-block-cover__image-background wp-image-1706\" alt=\"\" src=\"https:\/\/hotel-gaedi.ch\/wp-content\/uploads\/2022\/09\/Ga%CC%88di_186.jpg\" style=\"object-position:48% 56%\" data-object-fit=\"cover\" data-object-position=\"48% 56%\"><div class=\"wp-block-cover__inner-container is-layout-flow wp-block-cover-is-layout-flow\">\n<div class=\"wp-block-group container\"><div class=\"wp-block-group__inner-container is-layout-flow wp-block-group-is-layout-flow\">\n<div class=\"wp-block-columns row is-layout-flex wp-container-core-columns-is-layout-9d6595d7 wp-block-columns-is-layout-flex\">\n<div class=\"wp-block-column col-12 col-lg-7 is-layout-flow wp-block-column-is-layout-flow\">\n<p>Nos chambres<\/p>\n\n\n\n<p>Nos h\u00f4tes adorent nos chambres. Tous sont clairs, spacieux et agr\u00e9ables, certains ont \u00e9t\u00e9 r\u00e9cemment r\u00e9nov\u00e9s. Gr\u00e2ce \u00e0 sa magnifique exposition sud, elle est inond\u00e9e de lumi\u00e8re et offre une vue sur les magnifiques montagnes valaisannes.&nbsp;<\/p>\n\n\n\n<div class=\"wp-block-buttons is-layout-flex wp-block-buttons-is-layout-flex\">\n<div class=\"wp-block-button\"><a class=\"wp-block-button__link wp-element-button\" href=\"https:\/\/hotel-gaedi.ch\/hotel\/zimmer-preise\/\">En savoir plus<\/a><\/div>\n<\/div>\n<\/div>\n<\/div>\n<\/div><\/div>\n<\/div><\/div>\n<\/div>\n<\/div>\n<\/div><\/div>\n","protected":false},"excerpt":{"rendered":"<p>Nous vous le garantissons : R\u00e9server directement en vaut la peine. R\u00e9servez votre chambre directement sur notre site web et profitez ainsi de la GARANTIE MEILLEUR PRIX.Nous proposons les meilleures offres et les meilleurs forfaits en exclusivit\u00e9 sur notre site web. Uniquement pour les r\u00e9servations directes. L&rsquo;utilisation de notre wellness et de notre spa, l&rsquo;acc\u00e8s [&hellip;]<\/p>\n","protected":false},"author":1,"featured_media":0,"parent":0,"menu_order":0,"comment_status":"closed","ping_status":"closed","template":"","meta":{"_acf_changed":false,"inline_featured_image":false,"footnotes":""},"class_list":["post-3428","page","type-page","status-publish","hentry"],"acf":[],"yoast_head":"<!-- This site is optimized with the Yoast SEO plugin v27.5 - https:\/\/yoast.com\/product\/yoast-seo-wordpress\/ -->\n<title>Avantage de la r\u00e9servation directe | H\u00f4tel G\u00e4di Gr\u00e4chen<\/title>\n<meta name=\"description\" content=\"R\u00e9servez directement via notre site web H\u00f4tel G\u00e4di et profitez de la garantie du meilleur prix avec les meilleures offres et packages.\" \/>\n<meta name=\"robots\" content=\"index, follow, max-snippet:-1, max-image-preview:large, max-video-preview:-1\" \/>\n<link rel=\"canonical\" href=\"https:\/\/hotel-gaedi.ch\/fr\/avantage-de-la-reservation-directe\/\" \/>\n<meta property=\"og:locale\" content=\"fr_FR\" \/>\n<meta property=\"og:type\" content=\"article\" \/>\n<meta property=\"og:title\" content=\"Avantage de la r\u00e9servation directe | H\u00f4tel G\u00e4di Gr\u00e4chen\" \/>\n<meta property=\"og:description\" content=\"R\u00e9servez directement via notre site web H\u00f4tel G\u00e4di et profitez de la garantie du meilleur prix avec les meilleures offres et packages.\" \/>\n<meta property=\"og:url\" content=\"https:\/\/hotel-gaedi.ch\/fr\/avantage-de-la-reservation-directe\/\" \/>\n<meta property=\"og:site_name\" content=\"Hotel G\u00e4di\" \/>\n<meta property=\"article:modified_time\" content=\"2022-11-29T18:51:16+00:00\" \/>\n<meta property=\"og:image\" content=\"https:\/\/hotel-gaedi.ch\/wp-content\/uploads\/2022\/09\/Ga%CC%88di_186.jpg\" \/>\n<meta name=\"twitter:card\" content=\"summary_large_image\" \/>\n<meta name=\"twitter:label1\" content=\"Dur\u00e9e de lecture estim\u00e9e\" \/>\n\t<meta name=\"twitter:data1\" content=\"1 minute\" \/>\n<script type=\"application\/ld+json\" class=\"yoast-schema-graph\">{\"@context\":\"https:\\\/\\\/schema.org\",\"@graph\":[{\"@type\":\"WebPage\",\"@id\":\"https:\\\/\\\/hotel-gaedi.ch\\\/fr\\\/avantage-de-la-reservation-directe\\\/\",\"url\":\"https:\\\/\\\/hotel-gaedi.ch\\\/fr\\\/avantage-de-la-reservation-directe\\\/\",\"name\":\"Avantage de la r\u00e9servation directe | H\u00f4tel G\u00e4di Gr\u00e4chen\",\"isPartOf\":{\"@id\":\"https:\\\/\\\/hotel-gaedi.ch\\\/#website\"},\"primaryImageOfPage\":{\"@id\":\"https:\\\/\\\/hotel-gaedi.ch\\\/fr\\\/avantage-de-la-reservation-directe\\\/#primaryimage\"},\"image\":{\"@id\":\"https:\\\/\\\/hotel-gaedi.ch\\\/fr\\\/avantage-de-la-reservation-directe\\\/#primaryimage\"},\"thumbnailUrl\":\"https:\\\/\\\/hotel-gaedi.ch\\\/wp-content\\\/uploads\\\/2022\\\/09\\\/Ga%CC%88di_186.jpg\",\"datePublished\":\"2022-09-10T11:05:43+00:00\",\"dateModified\":\"2022-11-29T18:51:16+00:00\",\"description\":\"R\u00e9servez directement via notre site web H\u00f4tel G\u00e4di et profitez de la garantie du meilleur prix avec les meilleures offres et packages.\",\"breadcrumb\":{\"@id\":\"https:\\\/\\\/hotel-gaedi.ch\\\/fr\\\/avantage-de-la-reservation-directe\\\/#breadcrumb\"},\"inLanguage\":\"fr-FR\",\"potentialAction\":[{\"@type\":\"ReadAction\",\"target\":[\"https:\\\/\\\/hotel-gaedi.ch\\\/fr\\\/avantage-de-la-reservation-directe\\\/\"]}]},{\"@type\":\"ImageObject\",\"inLanguage\":\"fr-FR\",\"@id\":\"https:\\\/\\\/hotel-gaedi.ch\\\/fr\\\/avantage-de-la-reservation-directe\\\/#primaryimage\",\"url\":\"https:\\\/\\\/hotel-gaedi.ch\\\/wp-content\\\/uploads\\\/2022\\\/09\\\/Ga%CC%88di_186.jpg\",\"contentUrl\":\"https:\\\/\\\/hotel-gaedi.ch\\\/wp-content\\\/uploads\\\/2022\\\/09\\\/Ga%CC%88di_186.jpg\"},{\"@type\":\"BreadcrumbList\",\"@id\":\"https:\\\/\\\/hotel-gaedi.ch\\\/fr\\\/avantage-de-la-reservation-directe\\\/#breadcrumb\",\"itemListElement\":[{\"@type\":\"ListItem\",\"position\":1,\"name\":\"Home\",\"item\":\"https:\\\/\\\/hotel-gaedi.ch\\\/fr\\\/\"},{\"@type\":\"ListItem\",\"position\":2,\"name\":\"Avantage de la r\u00e9servation directe\"}]},{\"@type\":\"WebSite\",\"@id\":\"https:\\\/\\\/hotel-gaedi.ch\\\/#website\",\"url\":\"https:\\\/\\\/hotel-gaedi.ch\\\/\",\"name\":\"Hotel G\u00e4di\",\"description\":\"Ferien im Hotel G\u00e4di - Gr\u00e4chen\",\"potentialAction\":[{\"@type\":\"SearchAction\",\"target\":{\"@type\":\"EntryPoint\",\"urlTemplate\":\"https:\\\/\\\/hotel-gaedi.ch\\\/?s={search_term_string}\"},\"query-input\":{\"@type\":\"PropertyValueSpecification\",\"valueRequired\":true,\"valueName\":\"search_term_string\"}}],\"inLanguage\":\"fr-FR\"}]}<\/script>\n<!-- \/ Yoast SEO plugin. -->","yoast_head_json":{"title":"Avantage de la r\u00e9servation directe | H\u00f4tel G\u00e4di Gr\u00e4chen","description":"R\u00e9servez directement via notre site web H\u00f4tel G\u00e4di et profitez de la garantie du meilleur prix avec les meilleures offres et packages.","robots":{"index":"index","follow":"follow","max-snippet":"max-snippet:-1","max-image-preview":"max-image-preview:large","max-video-preview":"max-video-preview:-1"},"canonical":"https:\/\/hotel-gaedi.ch\/fr\/avantage-de-la-reservation-directe\/","og_locale":"fr_FR","og_type":"article","og_title":"Avantage de la r\u00e9servation directe | H\u00f4tel G\u00e4di Gr\u00e4chen","og_description":"R\u00e9servez directement via notre site web H\u00f4tel G\u00e4di et profitez de la garantie du meilleur prix avec les meilleures offres et packages.","og_url":"https:\/\/hotel-gaedi.ch\/fr\/avantage-de-la-reservation-directe\/","og_site_name":"Hotel G\u00e4di","article_modified_time":"2022-11-29T18:51:16+00:00","og_image":[{"url":"https:\/\/hotel-gaedi.ch\/wp-content\/uploads\/2022\/09\/Ga%CC%88di_186.jpg","type":"","width":"","height":""}],"twitter_card":"summary_large_image","twitter_misc":{"Dur\u00e9e de lecture estim\u00e9e":"1 minute"},"schema":{"@context":"https:\/\/schema.org","@graph":[{"@type":"WebPage","@id":"https:\/\/hotel-gaedi.ch\/fr\/avantage-de-la-reservation-directe\/","url":"https:\/\/hotel-gaedi.ch\/fr\/avantage-de-la-reservation-directe\/","name":"Avantage de la r\u00e9servation directe | H\u00f4tel G\u00e4di Gr\u00e4chen","isPartOf":{"@id":"https:\/\/hotel-gaedi.ch\/#website"},"primaryImageOfPage":{"@id":"https:\/\/hotel-gaedi.ch\/fr\/avantage-de-la-reservation-directe\/#primaryimage"},"image":{"@id":"https:\/\/hotel-gaedi.ch\/fr\/avantage-de-la-reservation-directe\/#primaryimage"},"thumbnailUrl":"https:\/\/hotel-gaedi.ch\/wp-content\/uploads\/2022\/09\/Ga%CC%88di_186.jpg","datePublished":"2022-09-10T11:05:43+00:00","dateModified":"2022-11-29T18:51:16+00:00","description":"R\u00e9servez directement via notre site web H\u00f4tel G\u00e4di et profitez de la garantie du meilleur prix avec les meilleures offres et packages.","breadcrumb":{"@id":"https:\/\/hotel-gaedi.ch\/fr\/avantage-de-la-reservation-directe\/#breadcrumb"},"inLanguage":"fr-FR","potentialAction":[{"@type":"ReadAction","target":["https:\/\/hotel-gaedi.ch\/fr\/avantage-de-la-reservation-directe\/"]}]},{"@type":"ImageObject","inLanguage":"fr-FR","@id":"https:\/\/hotel-gaedi.ch\/fr\/avantage-de-la-reservation-directe\/#primaryimage","url":"https:\/\/hotel-gaedi.ch\/wp-content\/uploads\/2022\/09\/Ga%CC%88di_186.jpg","contentUrl":"https:\/\/hotel-gaedi.ch\/wp-content\/uploads\/2022\/09\/Ga%CC%88di_186.jpg"},{"@type":"BreadcrumbList","@id":"https:\/\/hotel-gaedi.ch\/fr\/avantage-de-la-reservation-directe\/#breadcrumb","itemListElement":[{"@type":"ListItem","position":1,"name":"Home","item":"https:\/\/hotel-gaedi.ch\/fr\/"},{"@type":"ListItem","position":2,"name":"Avantage de la r\u00e9servation directe"}]},{"@type":"WebSite","@id":"https:\/\/hotel-gaedi.ch\/#website","url":"https:\/\/hotel-gaedi.ch\/","name":"Hotel G\u00e4di","description":"Ferien im Hotel G\u00e4di - Gr\u00e4chen","potentialAction":[{"@type":"SearchAction","target":{"@type":"EntryPoint","urlTemplate":"https:\/\/hotel-gaedi.ch\/?s={search_term_string}"},"query-input":{"@type":"PropertyValueSpecification","valueRequired":true,"valueName":"search_term_string"}}],"inLanguage":"fr-FR"}]}},"_links":{"self":[{"href":"https:\/\/hotel-gaedi.ch\/fr\/wp-json\/wp\/v2\/pages\/3428","targetHints":{"allow":["GET"]}}],"collection":[{"href":"https:\/\/hotel-gaedi.ch\/fr\/wp-json\/wp\/v2\/pages"}],"about":[{"href":"https:\/\/hotel-gaedi.ch\/fr\/wp-json\/wp\/v2\/types\/page"}],"author":[{"embeddable":true,"href":"https:\/\/hotel-gaedi.ch\/fr\/wp-json\/wp\/v2\/users\/1"}],"replies":[{"embeddable":true,"href":"https:\/\/hotel-gaedi.ch\/fr\/wp-json\/wp\/v2\/comments?post=3428"}],"version-history":[{"count":1,"href":"https:\/\/hotel-gaedi.ch\/fr\/wp-json\/wp\/v2\/pages\/3428\/revisions"}],"predecessor-version":[{"id":3429,"href":"https:\/\/hotel-gaedi.ch\/fr\/wp-json\/wp\/v2\/pages\/3428\/revisions\/3429"}],"wp:attachment":[{"href":"https:\/\/hotel-gaedi.ch\/fr\/wp-json\/wp\/v2\/media?parent=3428"}],"curies":[{"name":"wp","href":"https:\/\/api.w.org\/{rel}","templated":true}]}}