{"id":3450,"date":"2022-09-09T12:12:52","date_gmt":"2022-09-09T10:12:52","guid":{"rendered":"https:\/\/hotel-gaedi.ch\/hotel\/services\/"},"modified":"2022-11-29T19:56:14","modified_gmt":"2022-11-29T18:56:14","slug":"services","status":"publish","type":"page","link":"https:\/\/hotel-gaedi.ch\/fr\/hotel\/services\/","title":{"rendered":"Services"},"content":{"rendered":"\n<div class=\"wp-block-group container-fluid header-teaser\"><div class=\"wp-block-group__inner-container is-layout-flow wp-block-group-is-layout-flow\">\n<div class=\"wp-block-columns row is-layout-flex wp-container-core-columns-is-layout-9d6595d7 wp-block-columns-is-layout-flex\">\n<div class=\"wp-block-column col-12 is-layout-flow wp-block-column-is-layout-flow\">\n<div class=\"wp-block-group container\"><div class=\"wp-block-group__inner-container is-layout-flow wp-block-group-is-layout-flow\">\n<div class=\"wp-block-columns row is-layout-flex wp-container-core-columns-is-layout-9d6595d7 wp-block-columns-is-layout-flex\">\n<div class=\"wp-block-column col-md-12 col-lg-6 order-2 order-lg-1 is-layout-flow wp-block-column-is-layout-flow\">\n<div class=\"wp-block-group\"><div class=\"wp-block-group__inner-container is-layout-flow wp-block-group-is-layout-flow\">\n<h1 class=\"wp-block-heading\">Nos services<\/h1>\n\n\n\n<p>\u00c0 l&rsquo;h\u00f4tel G\u00e4di Gr\u00e4chen, l&rsquo;offre de demi-pension de fortune est tellement appr\u00e9ci\u00e9e que tous nos clients en parlent avec enthousiasme. Martin, l&rsquo;h\u00f4te, propose chaque jour un menu \u00e0 quatre plats soigneusement s\u00e9lectionn\u00e9s. M\u00e9lanie et son \u00e9quipe assurent l&rsquo;accueil le plus chaleureux au restaurant. L&rsquo;acc\u00e8s au Wellness &amp; Spa nouvellement am\u00e9nag\u00e9 est exclusivement r\u00e9serv\u00e9 aux clients de l&rsquo;h\u00f4tel.<\/p>\n<\/div><\/div>\n<\/div>\n\n\n\n<div class=\"wp-block-column col-md-12 col-lg-6 order-1 order-lg-2 is-layout-flow wp-block-column-is-layout-flow\">\n<figure class=\"wp-block-image size-large\"><img loading=\"lazy\" decoding=\"async\" width=\"1024\" height=\"1024\" src=\"https:\/\/hotel-gaedi.ch\/wp-content\/uploads\/2022\/09\/doppelzimmer-happy-hotel-graechen-wallis-zimmer-03-quadratisch-1024x1024.jpg\" alt=\"\" class=\"wp-image-591\" srcset=\"https:\/\/hotel-gaedi.ch\/wp-content\/uploads\/2022\/09\/doppelzimmer-happy-hotel-graechen-wallis-zimmer-03-quadratisch-1024x1024.jpg 1024w, https:\/\/hotel-gaedi.ch\/wp-content\/uploads\/2022\/09\/doppelzimmer-happy-hotel-graechen-wallis-zimmer-03-quadratisch-500x500.jpg 500w, https:\/\/hotel-gaedi.ch\/wp-content\/uploads\/2022\/09\/doppelzimmer-happy-hotel-graechen-wallis-zimmer-03-quadratisch-400x400.jpg 400w, https:\/\/hotel-gaedi.ch\/wp-content\/uploads\/2022\/09\/doppelzimmer-happy-hotel-graechen-wallis-zimmer-03-quadratisch-768x768.jpg 768w, https:\/\/hotel-gaedi.ch\/wp-content\/uploads\/2022\/09\/doppelzimmer-happy-hotel-graechen-wallis-zimmer-03-quadratisch.jpg 1065w\" sizes=\"auto, (max-width: 1024px) 100vw, 1024px\" \/><\/figure>\n<\/div>\n<\/div>\n<\/div><\/div>\n<\/div>\n<\/div>\n<\/div><\/div>\n\n\n\n<div class=\"wp-block-group container teaser-2col-image-text even\"><div class=\"wp-block-group__inner-container is-layout-flow wp-block-group-is-layout-flow\">\n<div class=\"wp-block-columns row is-layout-flex wp-container-core-columns-is-layout-9d6595d7 wp-block-columns-is-layout-flex\">\n<div class=\"wp-block-column col-lg-12 col-xl-5 is-layout-flow wp-block-column-is-layout-flow\">\n<figure class=\"wp-block-image size-medium\"><img decoding=\"async\" src=\"https:\/\/hotel-gaedi.ch\/wp-content\/uploads\/2022\/09\/sonne-logo.svg\" alt=\"\" class=\"wp-image-155\"><\/figure>\n<\/div>\n\n\n\n<div class=\"wp-block-column col-lg-12 col-xl-7 is-layout-flow wp-block-column-is-layout-flow\">\n<blockquote class=\"wp-block-quote is-layout-flow wp-block-quote-is-layout-flow\">\n<p>\u00ab\u00a0Un vrai plaisir de se d\u00e9tendre dans l&rsquo;espace bien-\u00eatre apr\u00e8s des randonn\u00e9es de r\u00eave par monts et par vaux et de se laisser surprendre le soir par les cr\u00e9ations culinaires vari\u00e9es de la cuisine\u00a0\u00bb.&nbsp;<\/p>\n<\/blockquote>\n<\/div>\n<\/div>\n<\/div><\/div>\n\n\n\n<div class=\"wp-block-group container gaedi-carousel teaser-image-text\"><div class=\"wp-block-group__inner-container is-layout-flow wp-block-group-is-layout-flow\">\n<div class=\"wp-block-columns row is-layout-flex wp-container-core-columns-is-layout-9d6595d7 wp-block-columns-is-layout-flex\">\n<div class=\"wp-block-column col-12 is-layout-flow wp-block-column-is-layout-flow\">\n<h2 class=\"wp-block-heading\">Offres et services pour vous \u00e0 l&rsquo;h\u00f4tel G\u00e4di Gr\u00e4chen | Valais<\/h2>\n<\/div>\n<\/div>\n\n\n\n<div class=\"wp-block-columns row is-layout-flex wp-container-core-columns-is-layout-9d6595d7 wp-block-columns-is-layout-flex\">\n<div class=\"wp-block-column col-12 carousel slide is-layout-flow wp-block-column-is-layout-flow\" id=\"serviceVorortCarousel\" data-perSlideItems=\"5\" data-bs-ride=\"carousel\" data-bs-interval=\"false\">\n<div class=\"wp-block-group carousel-inner\" role=\"listbox\"><div class=\"wp-block-group__inner-container is-layout-flow wp-block-group-is-layout-flow\">\n<div class=\"wp-block-group carousel-item active\"><div class=\"wp-block-group__inner-container is-layout-flow wp-block-group-is-layout-flow\">\n<figure class=\"wp-block-image size-full\"><img loading=\"lazy\" decoding=\"async\" width=\"798\" height=\"528\" src=\"https:\/\/hotel-gaedi.ch\/wp-content\/uploads\/2022\/10\/sauna.jpg\" alt=\"\" class=\"wp-image-1141\" srcset=\"https:\/\/hotel-gaedi.ch\/wp-content\/uploads\/2022\/10\/sauna.jpg 798w, https:\/\/hotel-gaedi.ch\/wp-content\/uploads\/2022\/10\/sauna-500x331.jpg 500w, https:\/\/hotel-gaedi.ch\/wp-content\/uploads\/2022\/10\/sauna-768x508.jpg 768w\" sizes=\"auto, (max-width: 798px) 100vw, 798px\" \/><figcaption class=\"wp-element-caption\"><strong>Bien-\u00eatre<\/strong><br>Tout simplement une oasis de bien-\u00eatre ! Le nouvel espace piscine, petit et tr\u00e8s raffin\u00e9, de l&rsquo;espace bien-\u00eatre de l&rsquo;h\u00f4tel G\u00e4di va vous enthousiasmer.<\/figcaption><\/figure>\n<\/div><\/div>\n\n\n\n<div class=\"wp-block-group carousel-item\"><div class=\"wp-block-group__inner-container is-layout-flow wp-block-group-is-layout-flow\">\n<figure class=\"wp-block-image size-full\"><img loading=\"lazy\" decoding=\"async\" width=\"798\" height=\"528\" src=\"https:\/\/hotel-gaedi.ch\/wp-content\/uploads\/2022\/10\/Restaurant-wallis.jpg\" alt=\"\" class=\"wp-image-1181\" srcset=\"https:\/\/hotel-gaedi.ch\/wp-content\/uploads\/2022\/10\/Restaurant-wallis.jpg 798w, https:\/\/hotel-gaedi.ch\/wp-content\/uploads\/2022\/10\/Restaurant-wallis-500x331.jpg 500w, https:\/\/hotel-gaedi.ch\/wp-content\/uploads\/2022\/10\/Restaurant-wallis-768x508.jpg 768w\" sizes=\"auto, (max-width: 798px) 100vw, 798px\" \/><figcaption class=\"wp-element-caption\"><strong>Restaurant<\/strong><br>Demi-pension de fortune et repas \u00e0 la carte au restaurant G\u00e4di. Cuisin\u00e9 avec amour par Martin et servi dans les r\u00e8gles de l&rsquo;art de l&rsquo;hospitalit\u00e9.<\/figcaption><\/figure>\n<\/div><\/div>\n\n\n\n<div class=\"wp-block-group carousel-item\"><div class=\"wp-block-group__inner-container is-layout-flow wp-block-group-is-layout-flow\">\n<figure class=\"wp-block-image size-full\"><img loading=\"lazy\" decoding=\"async\" width=\"798\" height=\"528\" src=\"https:\/\/hotel-gaedi.ch\/wp-content\/uploads\/2022\/10\/geschenke-gaedi.jpg\" alt=\"\" class=\"wp-image-1185\" srcset=\"https:\/\/hotel-gaedi.ch\/wp-content\/uploads\/2022\/10\/geschenke-gaedi.jpg 798w, https:\/\/hotel-gaedi.ch\/wp-content\/uploads\/2022\/10\/geschenke-gaedi-500x331.jpg 500w, https:\/\/hotel-gaedi.ch\/wp-content\/uploads\/2022\/10\/geschenke-gaedi-768x508.jpg 768w\" sizes=\"auto, (max-width: 798px) 100vw, 798px\" \/><figcaption class=\"wp-element-caption\"><strong>Cadeaux &#8211; Cadeaux faits maison<\/strong><br>Conserves \u00e0 acheter. Confitures, herbes pour salades, \u00e9pices pour viande et poisson.&nbsp;  Ces d\u00e9lices sont disponibles dans la petite boutique.<\/figcaption><\/figure>\n<\/div><\/div>\n\n\n\n<div class=\"wp-block-group carousel-item\"><div class=\"wp-block-group__inner-container is-layout-flow wp-block-group-is-layout-flow\">\n<figure class=\"wp-block-image size-full\"><img loading=\"lazy\" decoding=\"async\" width=\"798\" height=\"528\" src=\"https:\/\/hotel-gaedi.ch\/wp-content\/uploads\/2022\/10\/gaedi-aktivitaeten.jpg\" alt=\"\" class=\"wp-image-1130\" srcset=\"https:\/\/hotel-gaedi.ch\/wp-content\/uploads\/2022\/10\/gaedi-aktivitaeten.jpg 798w, https:\/\/hotel-gaedi.ch\/wp-content\/uploads\/2022\/10\/gaedi-aktivitaeten-500x331.jpg 500w, https:\/\/hotel-gaedi.ch\/wp-content\/uploads\/2022\/10\/gaedi-aktivitaeten-768x508.jpg 768w\" sizes=\"auto, (max-width: 798px) 100vw, 798px\" \/><figcaption class=\"wp-element-caption\"><strong>Activit\u00e9s<\/strong><br>La t\u00e9l\u00e9cabine Hannigalp juste devant l&rsquo;h\u00f4tel G\u00e4di. Les meilleures conditions pour des vacances actives en \u00e9t\u00e9 et en hiver.<\/figcaption><\/figure>\n<\/div><\/div>\n\n\n\n<div class=\"wp-block-group carousel-item\"><div class=\"wp-block-group__inner-container is-layout-flow wp-block-group-is-layout-flow\">\n<figure class=\"wp-block-image size-full\"><img loading=\"lazy\" decoding=\"async\" width=\"798\" height=\"528\" src=\"https:\/\/hotel-gaedi.ch\/wp-content\/uploads\/2022\/10\/chemiee-zimmer-hotel-gaedi.jpg\" alt=\"\" class=\"wp-image-1135\" srcset=\"https:\/\/hotel-gaedi.ch\/wp-content\/uploads\/2022\/10\/chemiee-zimmer-hotel-gaedi.jpg 798w, https:\/\/hotel-gaedi.ch\/wp-content\/uploads\/2022\/10\/chemiee-zimmer-hotel-gaedi-500x331.jpg 500w, https:\/\/hotel-gaedi.ch\/wp-content\/uploads\/2022\/10\/chemiee-zimmer-hotel-gaedi-768x508.jpg 768w\" sizes=\"auto, (max-width: 798px) 100vw, 798px\" \/><figcaption class=\"wp-element-caption\"><strong>Salle de chemin\u00e9e<\/strong><br>S\u00e9journer et savourer. Prenez place dans la salle de la chemin\u00e9e avec son feu ouvert. On y trouve du caf\u00e9, un petit verre de vin valaisan ou un jeu pour toute la famille.<\/figcaption><\/figure>\n<\/div><\/div>\n<\/div><\/div>\n<\/div>\n<\/div>\n<\/div><\/div>\n\n\n\n<div id=\"HomeHeader\" class=\"wp-block-group container-fluid fullwidth-bg-image-overlay-text flowtext\"><div class=\"wp-block-group__inner-container is-layout-flow wp-block-group-is-layout-flow\">\n<div class=\"wp-block-columns row is-layout-flex wp-container-core-columns-is-layout-9d6595d7 wp-block-columns-is-layout-flex\">\n<div class=\"wp-block-column col-12 is-layout-flow wp-block-column-is-layout-flow\">\n<div class=\"wp-block-cover is-light\" style=\"min-height:772px;aspect-ratio:unset;\"><span aria-hidden=\"true\" class=\"wp-block-cover__background has-background-dim-0 has-background-dim\"><\/span><img loading=\"lazy\" decoding=\"async\" width=\"800\" height=\"600\" class=\"wp-block-cover__image-background wp-image-550\" alt=\"\" src=\"https:\/\/hotel-gaedi.ch\/wp-content\/uploads\/2022\/09\/feinschmecker-kueche-graechen-hotel-gaedi-4.jpeg\" style=\"object-position:48% 56%\" data-object-fit=\"cover\" data-object-position=\"48% 56%\" srcset=\"https:\/\/hotel-gaedi.ch\/wp-content\/uploads\/2022\/09\/feinschmecker-kueche-graechen-hotel-gaedi-4.jpeg 800w, https:\/\/hotel-gaedi.ch\/wp-content\/uploads\/2022\/09\/feinschmecker-kueche-graechen-hotel-gaedi-4-500x375.jpeg 500w, https:\/\/hotel-gaedi.ch\/wp-content\/uploads\/2022\/09\/feinschmecker-kueche-graechen-hotel-gaedi-4-768x576.jpeg 768w\" sizes=\"auto, (max-width: 800px) 100vw, 800px\" \/><div class=\"wp-block-cover__inner-container is-layout-flow wp-block-cover-is-layout-flow\">\n<div class=\"wp-block-group container\"><div class=\"wp-block-group__inner-container is-layout-flow wp-block-group-is-layout-flow\">\n<div class=\"wp-block-columns row is-layout-flex wp-container-core-columns-is-layout-9d6595d7 wp-block-columns-is-layout-flex\">\n<div class=\"wp-block-column col-12 col-lg-7 is-layout-flow wp-block-column-is-layout-flow\">\n<p>Offrir des bons d&rsquo;achat<\/p>\n\n\n\n<p>Offrir des moments de bonheur ? Vous \u00eates au bon endroit. Il suffit de choisir le bon qui te convient et de nous le faire personnaliser. Que ce soit pour un anniversaire ou la Saint-Valentin, pour No\u00ebl ou P\u00e2ques. Avec un bon de valeur pour l&rsquo;h\u00f4tel G\u00e4di \u00e0 Gr\u00e4chen, vous faites le bon choix.<\/p>\n\n\n\n<div class=\"wp-block-buttons is-layout-flex wp-block-buttons-is-layout-flex\">\n<div class=\"wp-block-button\"><a class=\"wp-block-button__link wp-element-button\" href=\"https:\/\/hotel-gaedi.ch\/gutscheine\/\">En savoir plus<\/a><\/div>\n<\/div>\n<\/div>\n<\/div>\n<\/div><\/div>\n<\/div><\/div>\n<\/div>\n<\/div>\n<\/div><\/div>\n","protected":false},"excerpt":{"rendered":"<p>Nos services \u00c0 l&rsquo;h\u00f4tel G\u00e4di Gr\u00e4chen, l&rsquo;offre de demi-pension de fortune est tellement appr\u00e9ci\u00e9e que tous nos clients en parlent avec enthousiasme. Martin, l&rsquo;h\u00f4te, propose chaque jour un menu \u00e0 quatre plats soigneusement s\u00e9lectionn\u00e9s. M\u00e9lanie et son \u00e9quipe assurent l&rsquo;accueil le plus chaleureux au restaurant. L&rsquo;acc\u00e8s au Wellness &amp; Spa nouvellement am\u00e9nag\u00e9 est exclusivement r\u00e9serv\u00e9 [&hellip;]<\/p>\n","protected":false},"author":1,"featured_media":0,"parent":3350,"menu_order":0,"comment_status":"closed","ping_status":"closed","template":"","meta":{"_acf_changed":false,"inline_featured_image":false,"footnotes":""},"class_list":["post-3450","page","type-page","status-publish","hentry"],"acf":[],"yoast_head":"<!-- This site is optimized with the Yoast SEO plugin v27.4 - https:\/\/yoast.com\/product\/yoast-seo-wordpress\/ -->\n<title>Nos services | H\u00f4tel G\u00e4di Gr\u00e4chen<\/title>\n<meta name=\"description\" content=\"L&#039;h\u00f4tel G\u00e4di est le point de d\u00e9part id\u00e9al pour vos vacances en Valais. D\u00e9couvrez nos offres et services comme le bien-\u00eatre et le restaurant.\" \/>\n<meta name=\"robots\" content=\"index, follow, max-snippet:-1, max-image-preview:large, max-video-preview:-1\" \/>\n<link rel=\"canonical\" href=\"https:\/\/hotel-gaedi.ch\/fr\/hotel\/services\/\" \/>\n<meta property=\"og:locale\" content=\"fr_FR\" \/>\n<meta property=\"og:type\" content=\"article\" \/>\n<meta property=\"og:title\" content=\"Nos services | H\u00f4tel G\u00e4di Gr\u00e4chen\" \/>\n<meta property=\"og:description\" content=\"L&#039;h\u00f4tel G\u00e4di est le point de d\u00e9part id\u00e9al pour vos vacances en Valais. D\u00e9couvrez nos offres et services comme le bien-\u00eatre et le restaurant.\" \/>\n<meta property=\"og:url\" content=\"https:\/\/hotel-gaedi.ch\/fr\/hotel\/services\/\" \/>\n<meta property=\"og:site_name\" content=\"Hotel G\u00e4di\" \/>\n<meta property=\"article:modified_time\" content=\"2022-11-29T18:56:14+00:00\" \/>\n<meta property=\"og:image\" content=\"https:\/\/hotel-gaedi.ch\/wp-content\/uploads\/2022\/09\/doppelzimmer-happy-hotel-graechen-wallis-zimmer-03-quadratisch-1024x1024.jpg\" \/>\n<meta name=\"twitter:card\" content=\"summary_large_image\" \/>\n<meta name=\"twitter:label1\" content=\"Dur\u00e9e de lecture estim\u00e9e\" \/>\n\t<meta name=\"twitter:data1\" content=\"2 minutes\" \/>\n<script type=\"application\/ld+json\" class=\"yoast-schema-graph\">{\"@context\":\"https:\\\/\\\/schema.org\",\"@graph\":[{\"@type\":\"WebPage\",\"@id\":\"https:\\\/\\\/hotel-gaedi.ch\\\/fr\\\/hotel\\\/services\\\/\",\"url\":\"https:\\\/\\\/hotel-gaedi.ch\\\/fr\\\/hotel\\\/services\\\/\",\"name\":\"Nos services | H\u00f4tel G\u00e4di Gr\u00e4chen\",\"isPartOf\":{\"@id\":\"https:\\\/\\\/hotel-gaedi.ch\\\/#website\"},\"primaryImageOfPage\":{\"@id\":\"https:\\\/\\\/hotel-gaedi.ch\\\/fr\\\/hotel\\\/services\\\/#primaryimage\"},\"image\":{\"@id\":\"https:\\\/\\\/hotel-gaedi.ch\\\/fr\\\/hotel\\\/services\\\/#primaryimage\"},\"thumbnailUrl\":\"https:\\\/\\\/hotel-gaedi.ch\\\/wp-content\\\/uploads\\\/2022\\\/09\\\/doppelzimmer-happy-hotel-graechen-wallis-zimmer-03-quadratisch-1024x1024.jpg\",\"datePublished\":\"2022-09-09T10:12:52+00:00\",\"dateModified\":\"2022-11-29T18:56:14+00:00\",\"description\":\"L'h\u00f4tel G\u00e4di est le point de d\u00e9part id\u00e9al pour vos vacances en Valais. D\u00e9couvrez nos offres et services comme le bien-\u00eatre et le restaurant.\",\"breadcrumb\":{\"@id\":\"https:\\\/\\\/hotel-gaedi.ch\\\/fr\\\/hotel\\\/services\\\/#breadcrumb\"},\"inLanguage\":\"fr-FR\",\"potentialAction\":[{\"@type\":\"ReadAction\",\"target\":[\"https:\\\/\\\/hotel-gaedi.ch\\\/fr\\\/hotel\\\/services\\\/\"]}]},{\"@type\":\"ImageObject\",\"inLanguage\":\"fr-FR\",\"@id\":\"https:\\\/\\\/hotel-gaedi.ch\\\/fr\\\/hotel\\\/services\\\/#primaryimage\",\"url\":\"https:\\\/\\\/hotel-gaedi.ch\\\/wp-content\\\/uploads\\\/2022\\\/09\\\/doppelzimmer-happy-hotel-graechen-wallis-zimmer-03-quadratisch-1024x1024.jpg\",\"contentUrl\":\"https:\\\/\\\/hotel-gaedi.ch\\\/wp-content\\\/uploads\\\/2022\\\/09\\\/doppelzimmer-happy-hotel-graechen-wallis-zimmer-03-quadratisch-1024x1024.jpg\"},{\"@type\":\"BreadcrumbList\",\"@id\":\"https:\\\/\\\/hotel-gaedi.ch\\\/fr\\\/hotel\\\/services\\\/#breadcrumb\",\"itemListElement\":[{\"@type\":\"ListItem\",\"position\":1,\"name\":\"Home\",\"item\":\"https:\\\/\\\/hotel-gaedi.ch\\\/fr\\\/\"},{\"@type\":\"ListItem\",\"position\":2,\"name\":\"H\u00f4tel\",\"item\":\"https:\\\/\\\/hotel-gaedi.ch\\\/fr\\\/\"},{\"@type\":\"ListItem\",\"position\":3,\"name\":\"Services\"}]},{\"@type\":\"WebSite\",\"@id\":\"https:\\\/\\\/hotel-gaedi.ch\\\/#website\",\"url\":\"https:\\\/\\\/hotel-gaedi.ch\\\/\",\"name\":\"Hotel G\u00e4di\",\"description\":\"Ferien im Hotel G\u00e4di - Gr\u00e4chen\",\"potentialAction\":[{\"@type\":\"SearchAction\",\"target\":{\"@type\":\"EntryPoint\",\"urlTemplate\":\"https:\\\/\\\/hotel-gaedi.ch\\\/?s={search_term_string}\"},\"query-input\":{\"@type\":\"PropertyValueSpecification\",\"valueRequired\":true,\"valueName\":\"search_term_string\"}}],\"inLanguage\":\"fr-FR\"}]}<\/script>\n<!-- \/ Yoast SEO plugin. -->","yoast_head_json":{"title":"Nos services | H\u00f4tel G\u00e4di Gr\u00e4chen","description":"L'h\u00f4tel G\u00e4di est le point de d\u00e9part id\u00e9al pour vos vacances en Valais. D\u00e9couvrez nos offres et services comme le bien-\u00eatre et le restaurant.","robots":{"index":"index","follow":"follow","max-snippet":"max-snippet:-1","max-image-preview":"max-image-preview:large","max-video-preview":"max-video-preview:-1"},"canonical":"https:\/\/hotel-gaedi.ch\/fr\/hotel\/services\/","og_locale":"fr_FR","og_type":"article","og_title":"Nos services | H\u00f4tel G\u00e4di Gr\u00e4chen","og_description":"L'h\u00f4tel G\u00e4di est le point de d\u00e9part id\u00e9al pour vos vacances en Valais. D\u00e9couvrez nos offres et services comme le bien-\u00eatre et le restaurant.","og_url":"https:\/\/hotel-gaedi.ch\/fr\/hotel\/services\/","og_site_name":"Hotel G\u00e4di","article_modified_time":"2022-11-29T18:56:14+00:00","og_image":[{"url":"https:\/\/hotel-gaedi.ch\/wp-content\/uploads\/2022\/09\/doppelzimmer-happy-hotel-graechen-wallis-zimmer-03-quadratisch-1024x1024.jpg","type":"","width":"","height":""}],"twitter_card":"summary_large_image","twitter_misc":{"Dur\u00e9e de lecture estim\u00e9e":"2 minutes"},"schema":{"@context":"https:\/\/schema.org","@graph":[{"@type":"WebPage","@id":"https:\/\/hotel-gaedi.ch\/fr\/hotel\/services\/","url":"https:\/\/hotel-gaedi.ch\/fr\/hotel\/services\/","name":"Nos services | H\u00f4tel G\u00e4di Gr\u00e4chen","isPartOf":{"@id":"https:\/\/hotel-gaedi.ch\/#website"},"primaryImageOfPage":{"@id":"https:\/\/hotel-gaedi.ch\/fr\/hotel\/services\/#primaryimage"},"image":{"@id":"https:\/\/hotel-gaedi.ch\/fr\/hotel\/services\/#primaryimage"},"thumbnailUrl":"https:\/\/hotel-gaedi.ch\/wp-content\/uploads\/2022\/09\/doppelzimmer-happy-hotel-graechen-wallis-zimmer-03-quadratisch-1024x1024.jpg","datePublished":"2022-09-09T10:12:52+00:00","dateModified":"2022-11-29T18:56:14+00:00","description":"L'h\u00f4tel G\u00e4di est le point de d\u00e9part id\u00e9al pour vos vacances en Valais. D\u00e9couvrez nos offres et services comme le bien-\u00eatre et le restaurant.","breadcrumb":{"@id":"https:\/\/hotel-gaedi.ch\/fr\/hotel\/services\/#breadcrumb"},"inLanguage":"fr-FR","potentialAction":[{"@type":"ReadAction","target":["https:\/\/hotel-gaedi.ch\/fr\/hotel\/services\/"]}]},{"@type":"ImageObject","inLanguage":"fr-FR","@id":"https:\/\/hotel-gaedi.ch\/fr\/hotel\/services\/#primaryimage","url":"https:\/\/hotel-gaedi.ch\/wp-content\/uploads\/2022\/09\/doppelzimmer-happy-hotel-graechen-wallis-zimmer-03-quadratisch-1024x1024.jpg","contentUrl":"https:\/\/hotel-gaedi.ch\/wp-content\/uploads\/2022\/09\/doppelzimmer-happy-hotel-graechen-wallis-zimmer-03-quadratisch-1024x1024.jpg"},{"@type":"BreadcrumbList","@id":"https:\/\/hotel-gaedi.ch\/fr\/hotel\/services\/#breadcrumb","itemListElement":[{"@type":"ListItem","position":1,"name":"Home","item":"https:\/\/hotel-gaedi.ch\/fr\/"},{"@type":"ListItem","position":2,"name":"H\u00f4tel","item":"https:\/\/hotel-gaedi.ch\/fr\/"},{"@type":"ListItem","position":3,"name":"Services"}]},{"@type":"WebSite","@id":"https:\/\/hotel-gaedi.ch\/#website","url":"https:\/\/hotel-gaedi.ch\/","name":"Hotel G\u00e4di","description":"Ferien im Hotel G\u00e4di - Gr\u00e4chen","potentialAction":[{"@type":"SearchAction","target":{"@type":"EntryPoint","urlTemplate":"https:\/\/hotel-gaedi.ch\/?s={search_term_string}"},"query-input":{"@type":"PropertyValueSpecification","valueRequired":true,"valueName":"search_term_string"}}],"inLanguage":"fr-FR"}]}},"_links":{"self":[{"href":"https:\/\/hotel-gaedi.ch\/fr\/wp-json\/wp\/v2\/pages\/3450","targetHints":{"allow":["GET"]}}],"collection":[{"href":"https:\/\/hotel-gaedi.ch\/fr\/wp-json\/wp\/v2\/pages"}],"about":[{"href":"https:\/\/hotel-gaedi.ch\/fr\/wp-json\/wp\/v2\/types\/page"}],"author":[{"embeddable":true,"href":"https:\/\/hotel-gaedi.ch\/fr\/wp-json\/wp\/v2\/users\/1"}],"replies":[{"embeddable":true,"href":"https:\/\/hotel-gaedi.ch\/fr\/wp-json\/wp\/v2\/comments?post=3450"}],"version-history":[{"count":1,"href":"https:\/\/hotel-gaedi.ch\/fr\/wp-json\/wp\/v2\/pages\/3450\/revisions"}],"predecessor-version":[{"id":3451,"href":"https:\/\/hotel-gaedi.ch\/fr\/wp-json\/wp\/v2\/pages\/3450\/revisions\/3451"}],"up":[{"embeddable":true,"href":"https:\/\/hotel-gaedi.ch\/fr\/wp-json\/wp\/v2\/pages\/3350"}],"wp:attachment":[{"href":"https:\/\/hotel-gaedi.ch\/fr\/wp-json\/wp\/v2\/media?parent=3450"}],"curies":[{"name":"wp","href":"https:\/\/api.w.org\/{rel}","templated":true}]}}