{"id":3459,"date":"2022-09-09T12:14:03","date_gmt":"2022-09-09T10:14:03","guid":{"rendered":"https:\/\/hotel-gaedi.ch\/restaurant\/demi-pension-du-bonheur\/"},"modified":"2026-04-16T19:49:26","modified_gmt":"2026-04-16T17:49:26","slug":"demi-pension-du-bonheur","status":"publish","type":"page","link":"https:\/\/hotel-gaedi.ch\/fr\/restaurant\/demi-pension-du-bonheur\/","title":{"rendered":"Demi-pension du bonheur"},"content":{"rendered":"\n<div class=\"wp-block-group container introtext-centered-sun-icon-title\"><div class=\"wp-block-group__inner-container is-layout-flow wp-block-group-is-layout-flow\">\n<div class=\"wp-block-columns row is-layout-flex wp-container-core-columns-is-layout-9d6595d7 wp-block-columns-is-layout-flex\">\n<div class=\"wp-block-column col-12 is-layout-flow wp-block-column-is-layout-flow\">\n<h1 class=\"wp-block-heading\">Demi-pension du bonheur<\/h1>\n\n\n\n<p>R\u00e9jouissez-vous de l&rsquo;ambiance chaleureuse qui r\u00e8gne dans notre \u00e9l\u00e9gante salle \u00e0 manger. Nous vous pr\u00e9parons un d\u00e9licieux menu \u00e0 4 plats&#8230;<br\/>Chez nous, c&rsquo;est le chef qui cuisine ! Martin, votre h\u00f4te, et sa petite \u00e9quipe vous concoctent chaque soir de nouveaux plats l\u00e9gers et raffin\u00e9s, issus de notre magnifique r\u00e9gion et du monde entier. Les enfants b\u00e9n\u00e9ficient d&rsquo;une r\u00e9duction. Nous r\u00e9servons pour vous le d\u00eener dans le cadre de la demi-pension du bonheur pour l&rsquo;ensemble de votre s\u00e9jour, et non pour des soir\u00e9es individuelles.<\/p>\n\n\n\n<p>Prix en \u00e9t\u00e9 par personne :<br\/>pour 1 nuit CHF 49.00<br\/>A partir de 2 nuits CHF 40.00<br\/><\/p>\n\n\n\n<p>Prix en hiver par personne :<br\/>pour 1 nuit : CHF 56.00<br\/>2 nuits : CHF 50.00<br\/>A partir de 3 nuits : CHF 45.00<br\/><\/p>\n\n\n\n<p>Les enfants b\u00e9n\u00e9ficient d&rsquo;une r\u00e9duction.<br\/>Nous r\u00e9servons pour vous le d\u00eener dans le cadre de la demi-pension du bonheur pour l&rsquo;ensemble de votre s\u00e9jour, et non pour des soir\u00e9es individuelles.<\/p>\n\n\n\n<div class=\"wp-block-buttons is-layout-flex wp-block-buttons-is-layout-flex\">\n<div class=\"wp-block-button\"><a class=\"wp-block-button__link wp-element-button\" href=\"https:\/\/hotel-gaedi.ch\/fr\/hotel\/chambres-prix\/\">Nos chambres<\/a><\/div>\n<\/div>\n<\/div>\n<\/div>\n<\/div><\/div>\n\n<div class=\"wp-block-group container-fluid gaedi-carousel three-items-fullwidth\"><div class=\"wp-block-group__inner-container is-layout-flow wp-block-group-is-layout-flow\">\n<div class=\"wp-block-columns row is-layout-flex wp-container-core-columns-is-layout-9d6595d7 wp-block-columns-is-layout-flex\">\n<div class=\"wp-block-column col-12 carousel slide is-layout-flow wp-block-column-is-layout-flow\" id=\"imagesCarousel\" data-pause=\"true\" data-wrap=\"false\" data-keyboard=\"true\" data-perSlideItems=\"3\" data-bs-ride=\"carousel\" data-bs-interval=\"false\">\n<div class=\"wp-block-group carousel-inner\" role=\"listbox\"><div class=\"wp-block-group__inner-container is-layout-flow wp-block-group-is-layout-flow\">\n<div class=\"wp-block-group carousel-item active\"><div class=\"wp-block-group__inner-container is-layout-flow wp-block-group-is-layout-flow\">\n<figure class=\"wp-block-image size-full\"><img loading=\"lazy\" decoding=\"async\" width=\"1770\" height=\"1180\" src=\"https:\/\/hotel-gaedi.ch\/wp-content\/uploads\/2023\/03\/hotel-gaedi-halbpension-01.jpg\" alt=\"H&#xF4;tel G&#xE4;di demi-pension\" class=\"wp-image-3656\" srcset=\"https:\/\/hotel-gaedi.ch\/wp-content\/uploads\/2023\/03\/hotel-gaedi-halbpension-01.jpg 1770w, https:\/\/hotel-gaedi.ch\/wp-content\/uploads\/2023\/03\/hotel-gaedi-halbpension-01-500x333.jpg 500w, https:\/\/hotel-gaedi.ch\/wp-content\/uploads\/2023\/03\/hotel-gaedi-halbpension-01-1024x683.jpg 1024w, https:\/\/hotel-gaedi.ch\/wp-content\/uploads\/2023\/03\/hotel-gaedi-halbpension-01-768x512.jpg 768w, https:\/\/hotel-gaedi.ch\/wp-content\/uploads\/2023\/03\/hotel-gaedi-halbpension-01-1536x1024.jpg 1536w\" sizes=\"auto, (max-width: 1770px) 100vw, 1770px\" \/><\/figure>\n<\/div><\/div>\n\n\n\n<div class=\"wp-block-group carousel-item\"><div class=\"wp-block-group__inner-container is-layout-flow wp-block-group-is-layout-flow\">\n<figure class=\"wp-block-image size-full\"><img loading=\"lazy\" decoding=\"async\" width=\"1770\" height=\"1180\" src=\"https:\/\/hotel-gaedi.ch\/wp-content\/uploads\/2023\/03\/hotel-gaedi-halbpension-02.jpg\" alt=\"\" class=\"wp-image-3659\" srcset=\"https:\/\/hotel-gaedi.ch\/wp-content\/uploads\/2023\/03\/hotel-gaedi-halbpension-02.jpg 1770w, https:\/\/hotel-gaedi.ch\/wp-content\/uploads\/2023\/03\/hotel-gaedi-halbpension-02-500x333.jpg 500w, https:\/\/hotel-gaedi.ch\/wp-content\/uploads\/2023\/03\/hotel-gaedi-halbpension-02-1024x683.jpg 1024w, https:\/\/hotel-gaedi.ch\/wp-content\/uploads\/2023\/03\/hotel-gaedi-halbpension-02-768x512.jpg 768w, https:\/\/hotel-gaedi.ch\/wp-content\/uploads\/2023\/03\/hotel-gaedi-halbpension-02-1536x1024.jpg 1536w\" sizes=\"auto, (max-width: 1770px) 100vw, 1770px\" \/><\/figure>\n<\/div><\/div>\n\n\n\n<div class=\"wp-block-group carousel-item\"><div class=\"wp-block-group__inner-container is-layout-flow wp-block-group-is-layout-flow\">\n<figure class=\"wp-block-image size-full\"><img loading=\"lazy\" decoding=\"async\" width=\"1770\" height=\"1180\" src=\"https:\/\/hotel-gaedi.ch\/wp-content\/uploads\/2023\/03\/hotel-gaedi-halbpension-03.jpg\" alt=\"Restaurant G&#xE4;di Gr&#xE4;chen - Demi-pension du bonheur\" class=\"wp-image-3663\" srcset=\"https:\/\/hotel-gaedi.ch\/wp-content\/uploads\/2023\/03\/hotel-gaedi-halbpension-03.jpg 1770w, https:\/\/hotel-gaedi.ch\/wp-content\/uploads\/2023\/03\/hotel-gaedi-halbpension-03-500x333.jpg 500w, https:\/\/hotel-gaedi.ch\/wp-content\/uploads\/2023\/03\/hotel-gaedi-halbpension-03-1024x683.jpg 1024w, https:\/\/hotel-gaedi.ch\/wp-content\/uploads\/2023\/03\/hotel-gaedi-halbpension-03-768x512.jpg 768w, https:\/\/hotel-gaedi.ch\/wp-content\/uploads\/2023\/03\/hotel-gaedi-halbpension-03-1536x1024.jpg 1536w\" sizes=\"auto, (max-width: 1770px) 100vw, 1770px\" \/><\/figure>\n<\/div><\/div>\n\n\n\n<div class=\"wp-block-group carousel-item\"><div class=\"wp-block-group__inner-container is-layout-flow wp-block-group-is-layout-flow\">\n<figure class=\"wp-block-image size-full\"><img loading=\"lazy\" decoding=\"async\" width=\"1770\" height=\"1180\" src=\"https:\/\/hotel-gaedi.ch\/wp-content\/uploads\/2023\/03\/hotel-gaedi-halbpension-04.jpg\" alt=\"Restaurant G&#xE4;di Gr&#xE4;chen - Demi-pension du bonheur\" class=\"wp-image-3670\" srcset=\"https:\/\/hotel-gaedi.ch\/wp-content\/uploads\/2023\/03\/hotel-gaedi-halbpension-04.jpg 1770w, https:\/\/hotel-gaedi.ch\/wp-content\/uploads\/2023\/03\/hotel-gaedi-halbpension-04-500x333.jpg 500w, https:\/\/hotel-gaedi.ch\/wp-content\/uploads\/2023\/03\/hotel-gaedi-halbpension-04-1024x683.jpg 1024w, https:\/\/hotel-gaedi.ch\/wp-content\/uploads\/2023\/03\/hotel-gaedi-halbpension-04-768x512.jpg 768w, https:\/\/hotel-gaedi.ch\/wp-content\/uploads\/2023\/03\/hotel-gaedi-halbpension-04-1536x1024.jpg 1536w\" sizes=\"auto, (max-width: 1770px) 100vw, 1770px\" \/><\/figure>\n<\/div><\/div>\n\n\n\n<div class=\"wp-block-group carousel-item\"><div class=\"wp-block-group__inner-container is-layout-flow wp-block-group-is-layout-flow\">\n<figure class=\"wp-block-image size-full\"><img loading=\"lazy\" decoding=\"async\" width=\"1770\" height=\"1180\" src=\"https:\/\/hotel-gaedi.ch\/wp-content\/uploads\/2023\/03\/hotel-gaedi-halbpension-05.jpg\" alt=\"\" class=\"wp-image-3673\" srcset=\"https:\/\/hotel-gaedi.ch\/wp-content\/uploads\/2023\/03\/hotel-gaedi-halbpension-05.jpg 1770w, https:\/\/hotel-gaedi.ch\/wp-content\/uploads\/2023\/03\/hotel-gaedi-halbpension-05-500x333.jpg 500w, https:\/\/hotel-gaedi.ch\/wp-content\/uploads\/2023\/03\/hotel-gaedi-halbpension-05-1024x683.jpg 1024w, https:\/\/hotel-gaedi.ch\/wp-content\/uploads\/2023\/03\/hotel-gaedi-halbpension-05-768x512.jpg 768w, https:\/\/hotel-gaedi.ch\/wp-content\/uploads\/2023\/03\/hotel-gaedi-halbpension-05-1536x1024.jpg 1536w\" sizes=\"auto, (max-width: 1770px) 100vw, 1770px\" \/><\/figure>\n<\/div><\/div>\n\n\n\n<div class=\"wp-block-group carousel-item\"><div class=\"wp-block-group__inner-container is-layout-flow wp-block-group-is-layout-flow\">\n<figure class=\"wp-block-image size-full\"><img loading=\"lazy\" decoding=\"async\" width=\"1770\" height=\"1180\" src=\"https:\/\/hotel-gaedi.ch\/wp-content\/uploads\/2023\/03\/hotel-gaedi-halbpension-06.jpg\" alt=\"Restaurant G&#xE4;di Gr&#xE4;chen - Demi-pension du bonheur\" class=\"wp-image-3676\" srcset=\"https:\/\/hotel-gaedi.ch\/wp-content\/uploads\/2023\/03\/hotel-gaedi-halbpension-06.jpg 1770w, https:\/\/hotel-gaedi.ch\/wp-content\/uploads\/2023\/03\/hotel-gaedi-halbpension-06-500x333.jpg 500w, https:\/\/hotel-gaedi.ch\/wp-content\/uploads\/2023\/03\/hotel-gaedi-halbpension-06-1024x683.jpg 1024w, https:\/\/hotel-gaedi.ch\/wp-content\/uploads\/2023\/03\/hotel-gaedi-halbpension-06-768x512.jpg 768w, https:\/\/hotel-gaedi.ch\/wp-content\/uploads\/2023\/03\/hotel-gaedi-halbpension-06-1536x1024.jpg 1536w\" sizes=\"auto, (max-width: 1770px) 100vw, 1770px\" \/><\/figure>\n<\/div><\/div>\n\n\n\n<div class=\"wp-block-group carousel-item\"><div class=\"wp-block-group__inner-container is-layout-flow wp-block-group-is-layout-flow\">\n<figure class=\"wp-block-image size-full\"><img loading=\"lazy\" decoding=\"async\" width=\"1770\" height=\"1180\" src=\"https:\/\/hotel-gaedi.ch\/wp-content\/uploads\/2023\/03\/hotel-gaedi-halbpension-07.jpg\" alt=\"Restaurant G&#xE4;di Gr&#xE4;chen - Demi-pension du bonheur\" class=\"wp-image-3679\" srcset=\"https:\/\/hotel-gaedi.ch\/wp-content\/uploads\/2023\/03\/hotel-gaedi-halbpension-07.jpg 1770w, https:\/\/hotel-gaedi.ch\/wp-content\/uploads\/2023\/03\/hotel-gaedi-halbpension-07-500x333.jpg 500w, https:\/\/hotel-gaedi.ch\/wp-content\/uploads\/2023\/03\/hotel-gaedi-halbpension-07-1024x683.jpg 1024w, https:\/\/hotel-gaedi.ch\/wp-content\/uploads\/2023\/03\/hotel-gaedi-halbpension-07-768x512.jpg 768w, https:\/\/hotel-gaedi.ch\/wp-content\/uploads\/2023\/03\/hotel-gaedi-halbpension-07-1536x1024.jpg 1536w\" sizes=\"auto, (max-width: 1770px) 100vw, 1770px\" \/><\/figure>\n<\/div><\/div>\n\n\n\n<div class=\"wp-block-group carousel-item\"><div class=\"wp-block-group__inner-container is-layout-flow wp-block-group-is-layout-flow\">\n<figure class=\"wp-block-image size-full\"><img loading=\"lazy\" decoding=\"async\" width=\"1770\" height=\"1180\" src=\"https:\/\/hotel-gaedi.ch\/wp-content\/uploads\/2023\/03\/hotel-gaedi-halbpension-08.jpg\" alt=\"Restaurant G&#xE4;di Gr&#xE4;chen - Demi-pension du bonheur\" class=\"wp-image-3682\" srcset=\"https:\/\/hotel-gaedi.ch\/wp-content\/uploads\/2023\/03\/hotel-gaedi-halbpension-08.jpg 1770w, https:\/\/hotel-gaedi.ch\/wp-content\/uploads\/2023\/03\/hotel-gaedi-halbpension-08-500x333.jpg 500w, https:\/\/hotel-gaedi.ch\/wp-content\/uploads\/2023\/03\/hotel-gaedi-halbpension-08-1024x683.jpg 1024w, https:\/\/hotel-gaedi.ch\/wp-content\/uploads\/2023\/03\/hotel-gaedi-halbpension-08-768x512.jpg 768w, https:\/\/hotel-gaedi.ch\/wp-content\/uploads\/2023\/03\/hotel-gaedi-halbpension-08-1536x1024.jpg 1536w\" sizes=\"auto, (max-width: 1770px) 100vw, 1770px\" \/><\/figure>\n<\/div><\/div>\n\n\n\n<div class=\"wp-block-group carousel-item\"><div class=\"wp-block-group__inner-container is-layout-flow wp-block-group-is-layout-flow\">\n<figure class=\"wp-block-image size-full\"><img loading=\"lazy\" decoding=\"async\" width=\"1770\" height=\"1180\" src=\"https:\/\/hotel-gaedi.ch\/wp-content\/uploads\/2023\/03\/hotel-gaedi-halbpension-09.jpg\" alt=\"Restaurant G&#xE4;di Gr&#xE4;chen - Demi-pension du bonheur\" class=\"wp-image-3685\" srcset=\"https:\/\/hotel-gaedi.ch\/wp-content\/uploads\/2023\/03\/hotel-gaedi-halbpension-09.jpg 1770w, https:\/\/hotel-gaedi.ch\/wp-content\/uploads\/2023\/03\/hotel-gaedi-halbpension-09-500x333.jpg 500w, https:\/\/hotel-gaedi.ch\/wp-content\/uploads\/2023\/03\/hotel-gaedi-halbpension-09-1024x683.jpg 1024w, https:\/\/hotel-gaedi.ch\/wp-content\/uploads\/2023\/03\/hotel-gaedi-halbpension-09-768x512.jpg 768w, https:\/\/hotel-gaedi.ch\/wp-content\/uploads\/2023\/03\/hotel-gaedi-halbpension-09-1536x1024.jpg 1536w\" sizes=\"auto, (max-width: 1770px) 100vw, 1770px\" \/><\/figure>\n<\/div><\/div>\n\n\n\n<div class=\"wp-block-group carousel-item\"><div class=\"wp-block-group__inner-container is-layout-flow wp-block-group-is-layout-flow\">\n<figure class=\"wp-block-image size-full\"><img loading=\"lazy\" decoding=\"async\" width=\"1770\" height=\"1180\" src=\"https:\/\/hotel-gaedi.ch\/wp-content\/uploads\/2023\/03\/hotel-gaedi-halbpension-10.jpg\" alt=\"Restaurant G&#xE4;di Gr&#xE4;chen - Demi-pension du bonheur\" class=\"wp-image-3688\" srcset=\"https:\/\/hotel-gaedi.ch\/wp-content\/uploads\/2023\/03\/hotel-gaedi-halbpension-10.jpg 1770w, https:\/\/hotel-gaedi.ch\/wp-content\/uploads\/2023\/03\/hotel-gaedi-halbpension-10-500x333.jpg 500w, https:\/\/hotel-gaedi.ch\/wp-content\/uploads\/2023\/03\/hotel-gaedi-halbpension-10-1024x683.jpg 1024w, https:\/\/hotel-gaedi.ch\/wp-content\/uploads\/2023\/03\/hotel-gaedi-halbpension-10-768x512.jpg 768w, https:\/\/hotel-gaedi.ch\/wp-content\/uploads\/2023\/03\/hotel-gaedi-halbpension-10-1536x1024.jpg 1536w\" sizes=\"auto, (max-width: 1770px) 100vw, 1770px\" \/><\/figure>\n<\/div><\/div>\n<\/div><\/div>\n<\/div>\n<\/div>\n<\/div><\/div>\n\n<div class=\"wp-block-group container introtext-centered-sun-icon-title\"><div class=\"wp-block-group__inner-container is-layout-flow wp-block-group-is-layout-flow\">\n<div class=\"wp-block-columns row is-layout-flex wp-container-core-columns-is-layout-9d6595d7 wp-block-columns-is-layout-flex\">\n<div class=\"wp-block-column col-12 is-layout-flow wp-block-column-is-layout-flow\">\n<figure class=\"wp-block-image size-large is-resized\"><img decoding=\"async\" src=\"https:\/\/hotel-gaedi.ch\/wp-content\/uploads\/2022\/09\/sonne-logo.svg\" alt=\"\" class=\"wp-image-155\" style=\"width:100px\"\/><\/figure>\n\n\n\n<blockquote class=\"wp-block-quote is-layout-flow wp-block-quote-is-layout-flow\">\n<p>\u00ab\u00a0Le d\u00eener est un grand moment culinaire. Un service efficace et attentif, un choix de plats convaincant et des repas au top du go\u00fbt\u00a0\u00bb.<\/p>\n<\/blockquote>\n<\/div>\n<\/div>\n<\/div><\/div>\n","protected":false},"excerpt":{"rendered":"<p>Demi-pension du bonheur R\u00e9jouissez-vous de l&rsquo;ambiance chaleureuse qui r\u00e8gne dans notre \u00e9l\u00e9gante salle \u00e0 manger. Nous vous pr\u00e9parons un d\u00e9licieux menu \u00e0 4 plats&#8230;Chez nous, c&rsquo;est le chef qui cuisine ! Martin, votre h\u00f4te, et sa petite \u00e9quipe vous concoctent chaque soir de nouveaux plats l\u00e9gers et raffin\u00e9s, issus de notre magnifique r\u00e9gion et du [&hellip;]<\/p>\n","protected":false},"author":1,"featured_media":0,"parent":3453,"menu_order":0,"comment_status":"closed","ping_status":"closed","template":"","meta":{"_acf_changed":false,"inline_featured_image":false,"footnotes":""},"class_list":["post-3459","page","type-page","status-publish","hentry"],"acf":[],"yoast_head":"<!-- This site is optimized with the Yoast SEO plugin v27.5 - https:\/\/yoast.com\/product\/yoast-seo-wordpress\/ -->\n<title>Demi-pension au restaurant G\u00e4di | H\u00f4tel G\u00e4di Gr\u00e4chen<\/title>\n<meta name=\"description\" content=\"Le chef de cuisine Martin et son \u00e9quipe vous pr\u00e9parent chaque soir un menu \u00e0 quatre plats. R\u00e9servez votre s\u00e9jour avec la demi-pension de fortune.\" \/>\n<meta name=\"robots\" content=\"index, follow, max-snippet:-1, max-image-preview:large, max-video-preview:-1\" \/>\n<link rel=\"canonical\" href=\"https:\/\/hotel-gaedi.ch\/fr\/restaurant\/demi-pension-du-bonheur\/\" \/>\n<meta property=\"og:locale\" content=\"fr_FR\" \/>\n<meta property=\"og:type\" content=\"article\" \/>\n<meta property=\"og:title\" content=\"Demi-pension au restaurant G\u00e4di | H\u00f4tel G\u00e4di Gr\u00e4chen\" \/>\n<meta property=\"og:description\" content=\"Le chef de cuisine Martin et son \u00e9quipe vous pr\u00e9parent chaque soir un menu \u00e0 quatre plats. R\u00e9servez votre s\u00e9jour avec la demi-pension de fortune.\" \/>\n<meta property=\"og:url\" content=\"https:\/\/hotel-gaedi.ch\/fr\/restaurant\/demi-pension-du-bonheur\/\" \/>\n<meta property=\"og:site_name\" content=\"Hotel G\u00e4di\" \/>\n<meta property=\"article:modified_time\" content=\"2026-04-16T17:49:26+00:00\" \/>\n<meta property=\"og:image\" content=\"https:\/\/hotel-gaedi.ch\/wp-content\/uploads\/2023\/03\/hotel-gaedi-halbpension-01.jpg\" \/>\n\t<meta property=\"og:image:width\" content=\"1770\" \/>\n\t<meta property=\"og:image:height\" content=\"1180\" \/>\n\t<meta property=\"og:image:type\" content=\"image\/jpeg\" \/>\n<meta name=\"twitter:card\" content=\"summary_large_image\" \/>\n<meta name=\"twitter:label1\" content=\"Dur\u00e9e de lecture estim\u00e9e\" \/>\n\t<meta name=\"twitter:data1\" content=\"1 minute\" \/>\n<script type=\"application\/ld+json\" class=\"yoast-schema-graph\">{\"@context\":\"https:\\\/\\\/schema.org\",\"@graph\":[{\"@type\":\"WebPage\",\"@id\":\"https:\\\/\\\/hotel-gaedi.ch\\\/fr\\\/restaurant\\\/demi-pension-du-bonheur\\\/\",\"url\":\"https:\\\/\\\/hotel-gaedi.ch\\\/fr\\\/restaurant\\\/demi-pension-du-bonheur\\\/\",\"name\":\"Demi-pension au restaurant G\u00e4di | H\u00f4tel G\u00e4di Gr\u00e4chen\",\"isPartOf\":{\"@id\":\"https:\\\/\\\/hotel-gaedi.ch\\\/#website\"},\"primaryImageOfPage\":{\"@id\":\"https:\\\/\\\/hotel-gaedi.ch\\\/fr\\\/restaurant\\\/demi-pension-du-bonheur\\\/#primaryimage\"},\"image\":{\"@id\":\"https:\\\/\\\/hotel-gaedi.ch\\\/fr\\\/restaurant\\\/demi-pension-du-bonheur\\\/#primaryimage\"},\"thumbnailUrl\":\"https:\\\/\\\/hotel-gaedi.ch\\\/wp-content\\\/uploads\\\/2023\\\/03\\\/hotel-gaedi-halbpension-01.jpg\",\"datePublished\":\"2022-09-09T10:14:03+00:00\",\"dateModified\":\"2026-04-16T17:49:26+00:00\",\"description\":\"Le chef de cuisine Martin et son \u00e9quipe vous pr\u00e9parent chaque soir un menu \u00e0 quatre plats. R\u00e9servez votre s\u00e9jour avec la demi-pension de fortune.\",\"breadcrumb\":{\"@id\":\"https:\\\/\\\/hotel-gaedi.ch\\\/fr\\\/restaurant\\\/demi-pension-du-bonheur\\\/#breadcrumb\"},\"inLanguage\":\"fr-FR\",\"potentialAction\":[{\"@type\":\"ReadAction\",\"target\":[\"https:\\\/\\\/hotel-gaedi.ch\\\/fr\\\/restaurant\\\/demi-pension-du-bonheur\\\/\"]}]},{\"@type\":\"ImageObject\",\"inLanguage\":\"fr-FR\",\"@id\":\"https:\\\/\\\/hotel-gaedi.ch\\\/fr\\\/restaurant\\\/demi-pension-du-bonheur\\\/#primaryimage\",\"url\":\"https:\\\/\\\/hotel-gaedi.ch\\\/wp-content\\\/uploads\\\/2023\\\/03\\\/hotel-gaedi-halbpension-01.jpg\",\"contentUrl\":\"https:\\\/\\\/hotel-gaedi.ch\\\/wp-content\\\/uploads\\\/2023\\\/03\\\/hotel-gaedi-halbpension-01.jpg\"},{\"@type\":\"BreadcrumbList\",\"@id\":\"https:\\\/\\\/hotel-gaedi.ch\\\/fr\\\/restaurant\\\/demi-pension-du-bonheur\\\/#breadcrumb\",\"itemListElement\":[{\"@type\":\"ListItem\",\"position\":1,\"name\":\"Home\",\"item\":\"https:\\\/\\\/hotel-gaedi.ch\\\/fr\\\/\"},{\"@type\":\"ListItem\",\"position\":2,\"name\":\"Restaurant\",\"item\":\"https:\\\/\\\/hotel-gaedi.ch\\\/fr\\\/restaurant\\\/\"},{\"@type\":\"ListItem\",\"position\":3,\"name\":\"Demi-pension du bonheur\"}]},{\"@type\":\"WebSite\",\"@id\":\"https:\\\/\\\/hotel-gaedi.ch\\\/#website\",\"url\":\"https:\\\/\\\/hotel-gaedi.ch\\\/\",\"name\":\"Hotel G\u00e4di\",\"description\":\"Ferien im Hotel G\u00e4di - Gr\u00e4chen\",\"potentialAction\":[{\"@type\":\"SearchAction\",\"target\":{\"@type\":\"EntryPoint\",\"urlTemplate\":\"https:\\\/\\\/hotel-gaedi.ch\\\/?s={search_term_string}\"},\"query-input\":{\"@type\":\"PropertyValueSpecification\",\"valueRequired\":true,\"valueName\":\"search_term_string\"}}],\"inLanguage\":\"fr-FR\"}]}<\/script>\n<!-- \/ Yoast SEO plugin. -->","yoast_head_json":{"title":"Demi-pension au restaurant G\u00e4di | H\u00f4tel G\u00e4di Gr\u00e4chen","description":"Le chef de cuisine Martin et son \u00e9quipe vous pr\u00e9parent chaque soir un menu \u00e0 quatre plats. R\u00e9servez votre s\u00e9jour avec la demi-pension de fortune.","robots":{"index":"index","follow":"follow","max-snippet":"max-snippet:-1","max-image-preview":"max-image-preview:large","max-video-preview":"max-video-preview:-1"},"canonical":"https:\/\/hotel-gaedi.ch\/fr\/restaurant\/demi-pension-du-bonheur\/","og_locale":"fr_FR","og_type":"article","og_title":"Demi-pension au restaurant G\u00e4di | H\u00f4tel G\u00e4di Gr\u00e4chen","og_description":"Le chef de cuisine Martin et son \u00e9quipe vous pr\u00e9parent chaque soir un menu \u00e0 quatre plats. R\u00e9servez votre s\u00e9jour avec la demi-pension de fortune.","og_url":"https:\/\/hotel-gaedi.ch\/fr\/restaurant\/demi-pension-du-bonheur\/","og_site_name":"Hotel G\u00e4di","article_modified_time":"2026-04-16T17:49:26+00:00","og_image":[{"width":1770,"height":1180,"url":"https:\/\/hotel-gaedi.ch\/wp-content\/uploads\/2023\/03\/hotel-gaedi-halbpension-01.jpg","type":"image\/jpeg"}],"twitter_card":"summary_large_image","twitter_misc":{"Dur\u00e9e de lecture estim\u00e9e":"1 minute"},"schema":{"@context":"https:\/\/schema.org","@graph":[{"@type":"WebPage","@id":"https:\/\/hotel-gaedi.ch\/fr\/restaurant\/demi-pension-du-bonheur\/","url":"https:\/\/hotel-gaedi.ch\/fr\/restaurant\/demi-pension-du-bonheur\/","name":"Demi-pension au restaurant G\u00e4di | H\u00f4tel G\u00e4di Gr\u00e4chen","isPartOf":{"@id":"https:\/\/hotel-gaedi.ch\/#website"},"primaryImageOfPage":{"@id":"https:\/\/hotel-gaedi.ch\/fr\/restaurant\/demi-pension-du-bonheur\/#primaryimage"},"image":{"@id":"https:\/\/hotel-gaedi.ch\/fr\/restaurant\/demi-pension-du-bonheur\/#primaryimage"},"thumbnailUrl":"https:\/\/hotel-gaedi.ch\/wp-content\/uploads\/2023\/03\/hotel-gaedi-halbpension-01.jpg","datePublished":"2022-09-09T10:14:03+00:00","dateModified":"2026-04-16T17:49:26+00:00","description":"Le chef de cuisine Martin et son \u00e9quipe vous pr\u00e9parent chaque soir un menu \u00e0 quatre plats. R\u00e9servez votre s\u00e9jour avec la demi-pension de fortune.","breadcrumb":{"@id":"https:\/\/hotel-gaedi.ch\/fr\/restaurant\/demi-pension-du-bonheur\/#breadcrumb"},"inLanguage":"fr-FR","potentialAction":[{"@type":"ReadAction","target":["https:\/\/hotel-gaedi.ch\/fr\/restaurant\/demi-pension-du-bonheur\/"]}]},{"@type":"ImageObject","inLanguage":"fr-FR","@id":"https:\/\/hotel-gaedi.ch\/fr\/restaurant\/demi-pension-du-bonheur\/#primaryimage","url":"https:\/\/hotel-gaedi.ch\/wp-content\/uploads\/2023\/03\/hotel-gaedi-halbpension-01.jpg","contentUrl":"https:\/\/hotel-gaedi.ch\/wp-content\/uploads\/2023\/03\/hotel-gaedi-halbpension-01.jpg"},{"@type":"BreadcrumbList","@id":"https:\/\/hotel-gaedi.ch\/fr\/restaurant\/demi-pension-du-bonheur\/#breadcrumb","itemListElement":[{"@type":"ListItem","position":1,"name":"Home","item":"https:\/\/hotel-gaedi.ch\/fr\/"},{"@type":"ListItem","position":2,"name":"Restaurant","item":"https:\/\/hotel-gaedi.ch\/fr\/restaurant\/"},{"@type":"ListItem","position":3,"name":"Demi-pension du bonheur"}]},{"@type":"WebSite","@id":"https:\/\/hotel-gaedi.ch\/#website","url":"https:\/\/hotel-gaedi.ch\/","name":"Hotel G\u00e4di","description":"Ferien im Hotel G\u00e4di - Gr\u00e4chen","potentialAction":[{"@type":"SearchAction","target":{"@type":"EntryPoint","urlTemplate":"https:\/\/hotel-gaedi.ch\/?s={search_term_string}"},"query-input":{"@type":"PropertyValueSpecification","valueRequired":true,"valueName":"search_term_string"}}],"inLanguage":"fr-FR"}]}},"_links":{"self":[{"href":"https:\/\/hotel-gaedi.ch\/fr\/wp-json\/wp\/v2\/pages\/3459","targetHints":{"allow":["GET"]}}],"collection":[{"href":"https:\/\/hotel-gaedi.ch\/fr\/wp-json\/wp\/v2\/pages"}],"about":[{"href":"https:\/\/hotel-gaedi.ch\/fr\/wp-json\/wp\/v2\/types\/page"}],"author":[{"embeddable":true,"href":"https:\/\/hotel-gaedi.ch\/fr\/wp-json\/wp\/v2\/users\/1"}],"replies":[{"embeddable":true,"href":"https:\/\/hotel-gaedi.ch\/fr\/wp-json\/wp\/v2\/comments?post=3459"}],"version-history":[{"count":9,"href":"https:\/\/hotel-gaedi.ch\/fr\/wp-json\/wp\/v2\/pages\/3459\/revisions"}],"predecessor-version":[{"id":4737,"href":"https:\/\/hotel-gaedi.ch\/fr\/wp-json\/wp\/v2\/pages\/3459\/revisions\/4737"}],"up":[{"embeddable":true,"href":"https:\/\/hotel-gaedi.ch\/fr\/wp-json\/wp\/v2\/pages\/3453"}],"wp:attachment":[{"href":"https:\/\/hotel-gaedi.ch\/fr\/wp-json\/wp\/v2\/media?parent=3459"}],"curies":[{"name":"wp","href":"https:\/\/api.w.org\/{rel}","templated":true}]}}